	
{"id":32018,"date":"2021-09-27T10:41:48","date_gmt":"2021-09-27T07:41:48","guid":{"rendered":"https:\/\/isriga.lv\/?page_id=32018"},"modified":"2025-08-13T15:37:47","modified_gmt":"2025-08-13T12:37:47","slug":"iepirkumi","status":"publish","type":"page","link":"https:\/\/isriga.lv\/lv\/par-rss\/iepirkumi\/","title":{"rendered":"Iepirkumi"},"content":{"rendered":"<div id='av_section_1'  class='avia-section main_color avia-section-default avia-no-border-styling  av-parallax-section av-section-color-overlay-active avia-bg-style-parallax  avia-builder-el-0  el_before_av_one_full  avia-builder-el-first  title-color-section  av-minimum-height av-minimum-height-25  container_wrap fullsize' style=' '  data-section-bg-repeat='no-repeat' data-av_minimum_height_pc='25'><div class='av-parallax' data-avia-parallax-ratio='0.3' ><div class='av-parallax-inner main_color  avia-full-stretch' style = 'background-repeat: no-repeat; background-image: url(https:\/\/isriga.lv\/wp-content\/uploads\/2025\/02\/Skanstes-eeka.jpg);background-attachment: scroll; background-position: bottom left; ' ><\/div><\/div><div class='av-section-color-overlay-wrap'><div class='av-section-color-overlay' style='opacity: 0.1; background-color: #0a0a0a; '><\/div><div class='container' ><main  role=\"main\" itemprop=\"mainContentOfPage\"  class='template-page content  av-content-full alpha units'><div class='post-entry post-entry-type-page post-entry-32018'><div class='entry-content-wrapper clearfix'>\n<div  style='padding-bottom:0px; color:#ffffff;font-size:60px;' class='av-special-heading av-special-heading-h1 custom-color-heading blockquote modern-quote  avia-builder-el-1  avia-builder-el-no-sibling  av-inherit-size '><h1 class='av-special-heading-tag  av-mini-font-size-overwrite av-mini-font-size-38'  itemprop=\"headline\"  >ISR Iepirkumi<\/h1><div class='special-heading-border'><div class='special-heading-inner-border' style='border-color:#ffffff'><\/div><\/div><\/div>\n<\/div><\/div><\/main><!-- close content main element --><\/div><\/div><\/div><div id='after_section_1'  class='main_color av_default_container_wrap container_wrap fullsize' style=' '  ><div class='container' ><div class='template-page content  av-content-full alpha units'><div class='post-entry post-entry-type-page post-entry-32018'><div class='entry-content-wrapper clearfix'>\n<div class=\"flex_column av_one_full  flex_column_div av-zero-column-padding first  avia-builder-el-2  el_after_av_section  el_before_av_one_half  avia-builder-el-first  \" style='border-radius:0px; '><p><div  style='padding-bottom:10px; ' class='av-special-heading av-special-heading-h2  blockquote modern-quote  avia-builder-el-3  el_before_av_textblock  avia-builder-el-first  '><h2 class='av-special-heading-tag '  itemprop=\"headline\"  >Zin\u0101\u0161anai<\/h2><div class='special-heading-border'><div class='special-heading-inner-border' ><\/div><\/div><\/div><br \/>\n<section class=\"av_textblock_section \"  itemscope=\"itemscope\" itemtype=\"https:\/\/schema.org\/CreativeWork\" ><div class='avia_textblock  '  style='font-size:17px; '  itemprop=\"text\" ><p class=\"whitespace-pre-wrap break-words\"><strong>R\u012bgas Starptautisk\u0101 skola<\/strong> (ISR) veic iepirkumus saska\u0146\u0101 ar Latvijas Republikas likumdo\u0161anu un skolas iek\u0161\u0113jiem noteikumiem. \u0160aj\u0101 sada\u013c\u0101 tiek public\u0113ta inform\u0101cija par aktu\u0101lajiem un nosl\u0113gtajiem iepirkumiem.<\/p>\n<h2 class=\"text-xl font-bold text-text-200 mt-1 -mb-0.5\">Par iepirkumiem<\/h2>\n<p class=\"whitespace-pre-wrap break-words\">ISR k\u0101 starptautiska izgl\u012bt\u012bbas iest\u0101de cen\u0161as nodro\u0161in\u0101t visaugst\u0101k\u0101s kvalit\u0101tes pakalpojumus un materi\u0101lus m\u016bsu skol\u0113niem un darbiniekiem. M\u0113s iev\u0113rojam god\u012bgas konkurences, caurskat\u0101m\u012bbas un efekt\u012bvas resursu izmanto\u0161anas principus.<\/p>\n<p class=\"whitespace-pre-wrap break-words\">Piedaloties ISR iepirkumos, pretendentiem ir iesp\u0113ja k\u013c\u016bt par da\u013cu no m\u016bsu starptautisk\u0101s kopienas un sniegt ieguld\u012bjumu kvalitat\u012bvas izgl\u012bt\u012bbas nodro\u0161in\u0101\u0161an\u0101.<\/p>\n<\/div><\/section><\/p><\/div>\n<div class=\"flex_column av_one_half  flex_column_div av-zero-column-padding first  avia-builder-el-5  el_after_av_one_full  el_before_av_one_half  column-top-margin\" style='border-radius:0px; '><p><div  style='padding-bottom:10px; ' class='av-special-heading av-special-heading-h2  blockquote modern-quote  avia-builder-el-6  el_before_av_textblock  avia-builder-el-first  '><h2 class='av-special-heading-tag '  itemprop=\"headline\"  >Inform\u0101cija sekos<\/h2><div class='special-heading-border'><div class='special-heading-inner-border' ><\/div><\/div><\/div><br \/>\n<section class=\"av_textblock_section \"  itemscope=\"itemscope\" itemtype=\"https:\/\/schema.org\/CreativeWork\" ><div class='avia_textblock  '  style='font-size:17px; '  itemprop=\"text\" ><h2 class=\"text-xl font-bold text-text-200 mt-1 -mb-0.5\">Iepirkuma priek\u0161mets<\/h2>\n<\/div><\/section><\/p><\/div><div class=\"flex_column av_one_half  flex_column_div av-zero-column-padding   avia-builder-el-8  el_after_av_one_half  avia-builder-el-last  column-top-margin\" style='border-radius:0px; '><p><div  style='padding-bottom:10px; ' class='av-special-heading av-special-heading-h2  blockquote modern-quote  avia-builder-el-9  el_before_av_textblock  avia-builder-el-first  '><h2 class='av-special-heading-tag '  itemprop=\"headline\"  >Inform\u0101cija sekos<\/h2><div class='special-heading-border'><div class='special-heading-inner-border' ><\/div><\/div><\/div><br \/>\n<section class=\"av_textblock_section \"  itemscope=\"itemscope\" itemtype=\"https:\/\/schema.org\/CreativeWork\" ><div class='avia_textblock  '  style='font-size:17px; '  itemprop=\"text\" ><h2 class=\"text-xl font-bold text-text-200 mt-1 -mb-0.5\">Iepirkuma priek\u0161mets<\/h2>\n<\/div><\/section><\/p><\/div><\/p>\n","protected":false},"excerpt":{"rendered":"","protected":false},"author":16,"featured_media":0,"parent":29437,"menu_order":5,"comment_status":"closed","ping_status":"closed","template":"","meta":{"_acf_changed":false,"footnotes":""},"class_list":["post-32018","page","type-page","status-publish","hentry"],"acf":[],"yoast_head":"<!-- This site is optimized with the Yoast SEO plugin v27.1.1 - https:\/\/yoast.com\/product\/yoast-seo-wordpress\/ -->\n<title>Iepirkumi | Par ISR | International School of Riga: Private IB School in Latvia<\/title>\n<meta name=\"robots\" content=\"index, follow, max-snippet:-1, max-image-preview:large, max-video-preview:-1\" \/>\n<link rel=\"canonical\" href=\"https:\/\/isriga.lv\/lv\/par-rss\/iepirkumi\/\" \/>\n<meta property=\"og:locale\" content=\"lv_LV\" \/>\n<meta property=\"og:type\" content=\"article\" \/>\n<meta property=\"og:title\" content=\"Iepirkumi | Par ISR | International School of Riga: Private IB School in Latvia\" \/>\n<meta property=\"og:url\" content=\"https:\/\/isriga.lv\/lv\/par-rss\/iepirkumi\/\" \/>\n<meta property=\"og:site_name\" content=\"International School of Riga: Private IB School in Latvia\" \/>\n<meta property=\"article:publisher\" content=\"https:\/\/www.facebook.com\/isriga\" \/>\n<meta property=\"article:modified_time\" content=\"2025-08-13T12:37:47+00:00\" \/>\n<meta name=\"twitter:card\" content=\"summary_large_image\" \/>\n<meta name=\"twitter:label1\" content=\"Est. reading time\" \/>\n\t<meta name=\"twitter:data1\" content=\"3 minutes\" \/>\n<script type=\"application\/ld+json\" class=\"yoast-schema-graph\">{\"@context\":\"https:\/\/schema.org\",\"@graph\":[{\"@type\":\"WebPage\",\"@id\":\"https:\/\/isriga.lv\/lv\/par-rss\/iepirkumi\/\",\"url\":\"https:\/\/isriga.lv\/lv\/par-rss\/iepirkumi\/\",\"name\":\"Iepirkumi | Par ISR | International School of Riga: Private IB School in Latvia\",\"isPartOf\":{\"@id\":\"https:\/\/isriga.lv\/#website\"},\"datePublished\":\"2021-09-27T07:41:48+00:00\",\"dateModified\":\"2025-08-13T12:37:47+00:00\",\"breadcrumb\":{\"@id\":\"https:\/\/isriga.lv\/lv\/par-rss\/iepirkumi\/#breadcrumb\"},\"inLanguage\":\"lv-LV\",\"potentialAction\":[{\"@type\":\"ReadAction\",\"target\":[\"https:\/\/isriga.lv\/lv\/par-rss\/iepirkumi\/\"]}]},{\"@type\":\"BreadcrumbList\",\"@id\":\"https:\/\/isriga.lv\/lv\/par-rss\/iepirkumi\/#breadcrumb\",\"itemListElement\":[{\"@type\":\"ListItem\",\"position\":1,\"name\":\"Home\",\"item\":\"https:\/\/isriga.lv\/lv\/sakums\/\"},{\"@type\":\"ListItem\",\"position\":2,\"name\":\"Par ISR\",\"item\":\"https:\/\/isriga.lv\/lv\/par-rss\/\"},{\"@type\":\"ListItem\",\"position\":3,\"name\":\"Iepirkumi\"}]},{\"@type\":\"WebSite\",\"@id\":\"https:\/\/isriga.lv\/#website\",\"url\":\"https:\/\/isriga.lv\/\",\"name\":\"International School of Riga: Private IB School in Latvia\",\"description\":\"International School of Riga. Latvia.\",\"publisher\":{\"@id\":\"https:\/\/isriga.lv\/#organization\"},\"potentialAction\":[{\"@type\":\"SearchAction\",\"target\":{\"@type\":\"EntryPoint\",\"urlTemplate\":\"https:\/\/isriga.lv\/?s={search_term_string}\"},\"query-input\":{\"@type\":\"PropertyValueSpecification\",\"valueRequired\":true,\"valueName\":\"search_term_string\"}}],\"inLanguage\":\"lv-LV\"},{\"@type\":\"Organization\",\"@id\":\"https:\/\/isriga.lv\/#organization\",\"name\":\"International School of Riga: Private IB School in Riga\",\"url\":\"https:\/\/isriga.lv\/\",\"logo\":{\"@type\":\"ImageObject\",\"inLanguage\":\"lv-LV\",\"@id\":\"https:\/\/isriga.lv\/#\/schema\/logo\/image\/\",\"url\":\"https:\/\/isriga.lv\/wp-content\/uploads\/2017\/08\/isr-logo.png\",\"contentUrl\":\"https:\/\/isriga.lv\/wp-content\/uploads\/2017\/08\/isr-logo.png\",\"width\":628,\"height\":136,\"caption\":\"International School of Riga: Private IB School in Riga\"},\"image\":{\"@id\":\"https:\/\/isriga.lv\/#\/schema\/logo\/image\/\"},\"sameAs\":[\"https:\/\/www.facebook.com\/isriga\",\"https:\/\/www.instagram.com\/loveisriga\/\",\"https:\/\/www.youtube.com\/user\/isriga\"]}]}<\/script>\n<!-- \/ Yoast SEO plugin. -->","yoast_head_json":{"title":"Iepirkumi | Par ISR | International School of Riga: Private IB School in Latvia","robots":{"index":"index","follow":"follow","max-snippet":"max-snippet:-1","max-image-preview":"max-image-preview:large","max-video-preview":"max-video-preview:-1"},"canonical":"https:\/\/isriga.lv\/lv\/par-rss\/iepirkumi\/","og_locale":"lv_LV","og_type":"article","og_title":"Iepirkumi | Par ISR | International School of Riga: Private IB School in Latvia","og_url":"https:\/\/isriga.lv\/lv\/par-rss\/iepirkumi\/","og_site_name":"International School of Riga: Private IB School in Latvia","article_publisher":"https:\/\/www.facebook.com\/isriga","article_modified_time":"2025-08-13T12:37:47+00:00","twitter_card":"summary_large_image","twitter_misc":{"Est. reading time":"3 minutes"},"schema":{"@context":"https:\/\/schema.org","@graph":[{"@type":"WebPage","@id":"https:\/\/isriga.lv\/lv\/par-rss\/iepirkumi\/","url":"https:\/\/isriga.lv\/lv\/par-rss\/iepirkumi\/","name":"Iepirkumi | Par ISR | International School of Riga: Private IB School in Latvia","isPartOf":{"@id":"https:\/\/isriga.lv\/#website"},"datePublished":"2021-09-27T07:41:48+00:00","dateModified":"2025-08-13T12:37:47+00:00","breadcrumb":{"@id":"https:\/\/isriga.lv\/lv\/par-rss\/iepirkumi\/#breadcrumb"},"inLanguage":"lv-LV","potentialAction":[{"@type":"ReadAction","target":["https:\/\/isriga.lv\/lv\/par-rss\/iepirkumi\/"]}]},{"@type":"BreadcrumbList","@id":"https:\/\/isriga.lv\/lv\/par-rss\/iepirkumi\/#breadcrumb","itemListElement":[{"@type":"ListItem","position":1,"name":"Home","item":"https:\/\/isriga.lv\/lv\/sakums\/"},{"@type":"ListItem","position":2,"name":"Par ISR","item":"https:\/\/isriga.lv\/lv\/par-rss\/"},{"@type":"ListItem","position":3,"name":"Iepirkumi"}]},{"@type":"WebSite","@id":"https:\/\/isriga.lv\/#website","url":"https:\/\/isriga.lv\/","name":"International School of Riga: Private IB School in Latvia","description":"International School of Riga. Latvia.","publisher":{"@id":"https:\/\/isriga.lv\/#organization"},"potentialAction":[{"@type":"SearchAction","target":{"@type":"EntryPoint","urlTemplate":"https:\/\/isriga.lv\/?s={search_term_string}"},"query-input":{"@type":"PropertyValueSpecification","valueRequired":true,"valueName":"search_term_string"}}],"inLanguage":"lv-LV"},{"@type":"Organization","@id":"https:\/\/isriga.lv\/#organization","name":"International School of Riga: Private IB School in Riga","url":"https:\/\/isriga.lv\/","logo":{"@type":"ImageObject","inLanguage":"lv-LV","@id":"https:\/\/isriga.lv\/#\/schema\/logo\/image\/","url":"https:\/\/isriga.lv\/wp-content\/uploads\/2017\/08\/isr-logo.png","contentUrl":"https:\/\/isriga.lv\/wp-content\/uploads\/2017\/08\/isr-logo.png","width":628,"height":136,"caption":"International School of Riga: Private IB School in Riga"},"image":{"@id":"https:\/\/isriga.lv\/#\/schema\/logo\/image\/"},"sameAs":["https:\/\/www.facebook.com\/isriga","https:\/\/www.instagram.com\/loveisriga\/","https:\/\/www.youtube.com\/user\/isriga"]}]}},"_links":{"self":[{"href":"https:\/\/isriga.lv\/lv\/wp-json\/wp\/v2\/pages\/32018","targetHints":{"allow":["GET"]}}],"collection":[{"href":"https:\/\/isriga.lv\/lv\/wp-json\/wp\/v2\/pages"}],"about":[{"href":"https:\/\/isriga.lv\/lv\/wp-json\/wp\/v2\/types\/page"}],"author":[{"embeddable":true,"href":"https:\/\/isriga.lv\/lv\/wp-json\/wp\/v2\/users\/16"}],"replies":[{"embeddable":true,"href":"https:\/\/isriga.lv\/lv\/wp-json\/wp\/v2\/comments?post=32018"}],"version-history":[{"count":22,"href":"https:\/\/isriga.lv\/lv\/wp-json\/wp\/v2\/pages\/32018\/revisions"}],"predecessor-version":[{"id":44612,"href":"https:\/\/isriga.lv\/lv\/wp-json\/wp\/v2\/pages\/32018\/revisions\/44612"}],"up":[{"embeddable":true,"href":"https:\/\/isriga.lv\/lv\/wp-json\/wp\/v2\/pages\/29437"}],"wp:attachment":[{"href":"https:\/\/isriga.lv\/lv\/wp-json\/wp\/v2\/media?parent=32018"}],"curies":[{"name":"wp","href":"https:\/\/api.w.org\/{rel}","templated":true}]}}