	
{"id":30316,"date":"2021-08-26T20:43:14","date_gmt":"2021-08-26T17:43:14","guid":{"rendered":"https:\/\/isriga.lv\/?page_id=30316"},"modified":"2025-08-05T15:43:05","modified_gmt":"2025-08-05T12:43:05","slug":"pusdienas","status":"publish","type":"page","link":"https:\/\/isriga.lv\/lv\/pakalpojumi\/pusdienas\/","title":{"rendered":"Pusdienas"},"content":{"rendered":"<div id='av_section_1'  class='avia-section main_color avia-section-default avia-no-border-styling  av-parallax-section avia-bg-style-parallax  avia-builder-el-0  el_before_av_submenu  avia-builder-el-first  title-color-section  av-minimum-height av-minimum-height-50  container_wrap fullsize' style=' '  data-section-bg-repeat='no-repeat' data-av_minimum_height_pc='50'><div class='av-parallax' data-avia-parallax-ratio='0.3' ><div class='av-parallax-inner main_color  avia-full-stretch' style = 'background-repeat: no-repeat; background-image: url(https:\/\/isriga.lv\/wp-content\/uploads\/2019\/10\/lunch-1.png);background-attachment: scroll; background-position: top left; ' ><\/div><\/div><div class='container' ><main  role=\"main\" itemprop=\"mainContentOfPage\"  class='template-page content  av-content-full alpha units'><div class='post-entry post-entry-type-page post-entry-30316'><div class='entry-content-wrapper clearfix'>\n<div  style='padding-bottom:0px; color:#ffffff;font-size:60px;' class='av-special-heading av-special-heading-h6 custom-color-heading blockquote modern-quote  avia-builder-el-1  avia-builder-el-no-sibling  av-inherit-size '><h6 class='av-special-heading-tag  av-mini-font-size-overwrite av-mini-font-size-38'  itemprop=\"headline\"  >PUSDIENAS<\/h6><div class='special-heading-border'><div class='special-heading-inner-border' style='border-color:#ffffff'><\/div><\/div><\/div>\n\n<\/div><\/div><\/main><!-- close content main element --><\/div><\/div><div id='sub_menu1'  class='av-submenu-container alternate_color  avia-builder-el-2  el_after_av_section  el_before_av_section  menu-below-headliner  submenu-not-first container_wrap fullsize' style='  z-index:301' ><div class='container av-menu-mobile-disabled '><ul id=\"menu-services-menu-en-lv\" class=\"av-subnav-menu av-submenu-pos-center\"><li id=\"menu-item-31200\" class=\"menu-item menu-item-type-post_type menu-item-object-page menu-item-top-level menu-item-top-level-1\"><a href=\"https:\/\/isriga.lv\/lv\/pakalpojumi\/maksla-sports-zinatne-un-vieglatletika-asaa\/\" itemprop=\"url\"><span class=\"avia-bullet\"><\/span><span class=\"avia-menu-text\">\u0100rpusstundu nodarb\u012bbas (ASAA)<\/span><span class=\"avia-menu-fx\"><span class=\"avia-arrow-wrap\"><span class=\"avia-arrow\"><\/span><\/span><\/span><\/a><\/li>\n<li id=\"menu-item-31202\" class=\"menu-item menu-item-type-post_type menu-item-object-page menu-item-top-level menu-item-top-level-2\"><a href=\"https:\/\/isriga.lv\/lv\/pakalpojumi\/autobuss\/\" itemprop=\"url\"><span class=\"avia-bullet\"><\/span><span class=\"avia-menu-text\">Autobuss<\/span><span class=\"avia-menu-fx\"><span class=\"avia-arrow-wrap\"><span class=\"avia-arrow\"><\/span><\/span><\/span><\/a><\/li>\n<li id=\"menu-item-31203\" class=\"menu-item menu-item-type-post_type menu-item-object-page menu-item-top-level menu-item-top-level-3\"><a href=\"https:\/\/isriga.lv\/lv\/pakalpojumi\/pusdienas\/\" itemprop=\"url\"><span class=\"avia-bullet\"><\/span><span class=\"avia-menu-text\">Pusdienas<\/span><span class=\"avia-menu-fx\"><span class=\"avia-arrow-wrap\"><span class=\"avia-arrow\"><\/span><\/span><\/span><\/a><\/li>\n<li id=\"menu-item-42104\" class=\"menu-item menu-item-type-post_type menu-item-object-page menu-item-top-level menu-item-top-level-4\"><a href=\"https:\/\/isriga.lv\/lv\/pakalpojumi\/skolas-veikals\/\" itemprop=\"url\"><span class=\"avia-bullet\"><\/span><span class=\"avia-menu-text\">Skolas veikals<\/span><span class=\"avia-menu-fx\"><span class=\"avia-arrow-wrap\"><span class=\"avia-arrow\"><\/span><\/span><\/span><\/a><\/li>\n<\/ul><\/div><\/div>\n<div id='av_section_2'  class='avia-section main_color avia-section-default avia-no-border-styling  avia-bg-style-scroll  avia-builder-el-3  el_after_av_submenu  avia-builder-el-last   container_wrap fullsize' style=' '  ><div class='container' ><div class='template-page content  av-content-full alpha units'><div class='post-entry post-entry-type-page post-entry-30316'><div class='entry-content-wrapper clearfix'>\n<div class='flex_column_table av-equal-height-column-flextable -flextable' ><div class=\"flex_column av_one_full  flex_column_table_cell av-equal-height-column av-align-middle av-zero-column-padding first  avia-builder-el-4  avia-builder-el-no-sibling  \" style='border-radius:0px; '><section class=\"av_textblock_section \"  itemscope=\"itemscope\" itemtype=\"https:\/\/schema.org\/CreativeWork\" ><div class='avia_textblock  '  style='font-size:17px; '  itemprop=\"text\" ><h2>\u0112DIN\u0100\u0160ANA<\/h2>\n<p data-start=\"125\" data-end=\"158\"><strong data-start=\"125\" data-end=\"158\">Svaigi. Sabalans\u0113ti. Gar\u0161\u012bgi.<\/strong><\/p>\n<p data-start=\"160\" data-end=\"363\">Visas ISR pusdienas tagad tiek gatavotas m\u016bsu <strong data-start=\"206\" data-end=\"253\">jaunaj\u0101, modernaj\u0101 virtuv\u0113 Skanstes iel\u0101 27<\/strong>, kur \u0113din\u0101\u0161anas pakalpojumu sniedz\u0113js <strong data-start=\"292\" data-end=\"334\">ik dienu gatavo uzturv\u0113rt\u012bgas malt\u012btes<\/strong> no kvalitat\u012bv\u0101m sast\u0101vda\u013c\u0101m.<\/p>\n<p data-start=\"365\" data-end=\"522\"><strong data-start=\"365\" data-end=\"436\">S\u0101kumskolas skol\u0113ni sa\u0146em t\u0101s pa\u0161as svaigi gatavot\u0101s pusdienas<\/strong>, kuras tiek <strong data-start=\"447\" data-end=\"522\">pieg\u0101d\u0101tas tie\u0161i no m\u016bsu virtuves \u2013 karstas, gardas un gatavas baud\u012b\u0161anai!<\/strong><\/p>\n<p data-start=\"524\" data-end=\"638\">Ikdienas izv\u0113le \u2013 ga\u013ca, zivis vai ve\u0123et\u0101rs \u0113diens<br data-start=\"576\" data-end=\"579\" \/>Svaigi d\u0101rze\u0146i un sal\u0101tu b\u0101rs<br data-start=\"611\" data-end=\"614\" \/>Pa\u0161gatavoti deserti<\/p>\n<p data-start=\"640\" data-end=\"769\">M\u016bsu pusdienu m\u0113r\u0137is ir nodro\u0161in\u0101t ne tikai sabalans\u0113tas un vesel\u012bgas, bet ar\u012b <strong data-start=\"719\" data-end=\"768\">gar\u0161\u012bgas un s\u0101t\u012bgas malt\u012btes augo\u0161iem b\u0113rniem<\/strong>.<\/p>\n<hr data-start=\"771\" data-end=\"774\" \/>\n<h3 data-start=\"776\" data-end=\"792\"><strong data-start=\"780\" data-end=\"790\">Cenas:<\/strong><\/h3>\n<p data-start=\"793\" data-end=\"934\"><strong data-start=\"793\" data-end=\"810\">S\u0101kumskola (Kalnciema iel\u0101 118)<\/strong>\u00a0\u2013 6,50 \u20ac \/ dien\u0101<br data-start=\"827\" data-end=\"830\" \/><strong data-start=\"830\" data-end=\"849\">Pamatskola un vidusskola (Skanstes iel\u0101 27)<\/strong> \u2013 7,50 \u20ac \/ dien\u0101<\/p>\n<p data-start=\"793\" data-end=\"934\"><br data-start=\"866\" data-end=\"869\" \/>R\u0113\u0137ini tiek izrakst\u012bti <strong data-start=\"892\" data-end=\"913\">divas reizes gad\u0101<\/strong> \u2013 novembr\u012b un maij\u0101.<\/p>\n<hr data-start=\"936\" data-end=\"939\" \/>\n<h3 data-start=\"941\" data-end=\"969\"><strong data-start=\"945\" data-end=\"967\">Izlases \u0113dienkarte<\/strong><\/h3>\n<p data-start=\"970\" data-end=\"1021\">\ud83d\udccc<a href=\"https:\/\/isriga.lv\/wp-content\/uploads\/2025\/08\/ISR-Hot-Lunch-Sample-Menu.pdf\">Spied \u0161eit, lai apskat\u012btu izlases \u0113dienkarti<\/a><\/p>\n<hr data-start=\"1023\" data-end=\"1026\" \/>\n<h3 data-start=\"1028\" data-end=\"1064\"><strong data-start=\"1032\" data-end=\"1062\">V\u0113lies pieteikt pusdienas?<\/strong><\/h3>\n<p data-start=\"1065\" data-end=\"1100\">\ud83d\udc49 <a href=\"https:\/\/forms.gle\/7iPDMUhVzEp3xTBa8\" target=\"_blank\" rel=\"noopener\"><em data-start=\"1068\" data-end=\"1100\">Aizpildi pieteikuma formu \u0161eit<\/em><\/a><\/p>\n<hr data-start=\"1102\" data-end=\"1105\" \/>\n<h3 data-start=\"1107\" data-end=\"1124\"><strong data-start=\"1111\" data-end=\"1122\">Papildus inform\u0101cija<\/strong><\/h3>\n<p data-start=\"1125\" data-end=\"1256\">Papildu inform\u0101cijai vai jaut\u0101jumiem par ISR pusdien\u0101m, l\u016bdzu, sazinieties ar mums:<br data-start=\"1208\" data-end=\"1211\" \/>\ud83d\udce7 <strong data-start=\"1214\" data-end=\"1232\"><a class=\"cursor-pointer\" rel=\"noopener\" data-start=\"1216\" data-end=\"1230\">&#x69;&#x6e;&#102;o&#64;&#x69;&#x73;&#114;&#105;g&#x61;&#x2e;&#108;&#118;<\/a><\/strong><br data-start=\"1232\" data-end=\"1235\" \/>\ud83d\udcde <strong data-start=\"1238\" data-end=\"1256\">+371 6762 4622<\/strong><\/p>\n<\/div><\/section><\/div><\/div><!--close column table wrapper. Autoclose: 1 -->\n","protected":false},"excerpt":{"rendered":"","protected":false},"author":16,"featured_media":14757,"parent":30243,"menu_order":3,"comment_status":"closed","ping_status":"closed","template":"","meta":{"_acf_changed":false,"footnotes":""},"class_list":["post-30316","page","type-page","status-publish","has-post-thumbnail","hentry"],"acf":[],"yoast_head":"<!-- This site is optimized with the Yoast SEO plugin v27.1.1 - https:\/\/yoast.com\/product\/yoast-seo-wordpress\/ -->\n<title>Pusdienas | Skol\u0113nu Dz\u012bve | International School of Riga: Private IB School in Latvia<\/title>\n<meta name=\"robots\" content=\"index, follow, max-snippet:-1, max-image-preview:large, max-video-preview:-1\" \/>\n<link rel=\"canonical\" href=\"https:\/\/isriga.lv\/lv\/pakalpojumi\/pusdienas\/\" \/>\n<meta property=\"og:locale\" content=\"lv_LV\" \/>\n<meta property=\"og:type\" content=\"article\" \/>\n<meta property=\"og:title\" content=\"Pusdienas | Skol\u0113nu Dz\u012bve | International School of Riga: Private IB School in Latvia\" \/>\n<meta property=\"og:url\" content=\"https:\/\/isriga.lv\/lv\/pakalpojumi\/pusdienas\/\" \/>\n<meta property=\"og:site_name\" content=\"International School of Riga: Private IB School in Latvia\" \/>\n<meta property=\"article:publisher\" content=\"https:\/\/www.facebook.com\/isriga\" \/>\n<meta property=\"article:modified_time\" content=\"2025-08-05T12:43:05+00:00\" \/>\n<meta property=\"og:image\" content=\"https:\/\/isriga.lv\/wp-content\/uploads\/2019\/09\/ISR-featured-a1-1.png\" \/>\n\t<meta property=\"og:image:width\" content=\"1030\" \/>\n\t<meta property=\"og:image:height\" content=\"629\" \/>\n\t<meta property=\"og:image:type\" content=\"image\/png\" \/>\n<meta name=\"twitter:card\" content=\"summary_large_image\" \/>\n<meta name=\"twitter:label1\" content=\"Est. reading time\" \/>\n\t<meta name=\"twitter:data1\" content=\"2 minutes\" \/>\n<script type=\"application\/ld+json\" class=\"yoast-schema-graph\">{\"@context\":\"https:\/\/schema.org\",\"@graph\":[{\"@type\":\"WebPage\",\"@id\":\"https:\/\/isriga.lv\/lv\/pakalpojumi\/pusdienas\/\",\"url\":\"https:\/\/isriga.lv\/lv\/pakalpojumi\/pusdienas\/\",\"name\":\"Pusdienas | Skol\u0113nu Dz\u012bve | International School of Riga: Private IB School in Latvia\",\"isPartOf\":{\"@id\":\"https:\/\/isriga.lv\/#website\"},\"primaryImageOfPage\":{\"@id\":\"https:\/\/isriga.lv\/lv\/pakalpojumi\/pusdienas\/#primaryimage\"},\"image\":{\"@id\":\"https:\/\/isriga.lv\/lv\/pakalpojumi\/pusdienas\/#primaryimage\"},\"thumbnailUrl\":\"https:\/\/isriga.lv\/wp-content\/uploads\/2019\/09\/ISR-featured-a1-1.png\",\"datePublished\":\"2021-08-26T17:43:14+00:00\",\"dateModified\":\"2025-08-05T12:43:05+00:00\",\"breadcrumb\":{\"@id\":\"https:\/\/isriga.lv\/lv\/pakalpojumi\/pusdienas\/#breadcrumb\"},\"inLanguage\":\"lv-LV\",\"potentialAction\":[{\"@type\":\"ReadAction\",\"target\":[\"https:\/\/isriga.lv\/lv\/pakalpojumi\/pusdienas\/\"]}]},{\"@type\":\"ImageObject\",\"inLanguage\":\"lv-LV\",\"@id\":\"https:\/\/isriga.lv\/lv\/pakalpojumi\/pusdienas\/#primaryimage\",\"url\":\"https:\/\/isriga.lv\/wp-content\/uploads\/2019\/09\/ISR-featured-a1-1.png\",\"contentUrl\":\"https:\/\/isriga.lv\/wp-content\/uploads\/2019\/09\/ISR-featured-a1-1.png\",\"width\":1030,\"height\":629},{\"@type\":\"BreadcrumbList\",\"@id\":\"https:\/\/isriga.lv\/lv\/pakalpojumi\/pusdienas\/#breadcrumb\",\"itemListElement\":[{\"@type\":\"ListItem\",\"position\":1,\"name\":\"Home\",\"item\":\"https:\/\/isriga.lv\/lv\/sakums\/\"},{\"@type\":\"ListItem\",\"position\":2,\"name\":\"Skol\u0113nu Dz\u012bve\",\"item\":\"https:\/\/isriga.lv\/lv\/pakalpojumi\/\"},{\"@type\":\"ListItem\",\"position\":3,\"name\":\"Pusdienas\"}]},{\"@type\":\"WebSite\",\"@id\":\"https:\/\/isriga.lv\/#website\",\"url\":\"https:\/\/isriga.lv\/\",\"name\":\"International School of Riga: Private IB School in Latvia\",\"description\":\"International School of Riga. Latvia.\",\"publisher\":{\"@id\":\"https:\/\/isriga.lv\/#organization\"},\"potentialAction\":[{\"@type\":\"SearchAction\",\"target\":{\"@type\":\"EntryPoint\",\"urlTemplate\":\"https:\/\/isriga.lv\/?s={search_term_string}\"},\"query-input\":{\"@type\":\"PropertyValueSpecification\",\"valueRequired\":true,\"valueName\":\"search_term_string\"}}],\"inLanguage\":\"lv-LV\"},{\"@type\":\"Organization\",\"@id\":\"https:\/\/isriga.lv\/#organization\",\"name\":\"International School of Riga: Private IB School in Riga\",\"url\":\"https:\/\/isriga.lv\/\",\"logo\":{\"@type\":\"ImageObject\",\"inLanguage\":\"lv-LV\",\"@id\":\"https:\/\/isriga.lv\/#\/schema\/logo\/image\/\",\"url\":\"https:\/\/isriga.lv\/wp-content\/uploads\/2017\/08\/isr-logo.png\",\"contentUrl\":\"https:\/\/isriga.lv\/wp-content\/uploads\/2017\/08\/isr-logo.png\",\"width\":628,\"height\":136,\"caption\":\"International School of Riga: Private IB School in Riga\"},\"image\":{\"@id\":\"https:\/\/isriga.lv\/#\/schema\/logo\/image\/\"},\"sameAs\":[\"https:\/\/www.facebook.com\/isriga\",\"https:\/\/www.instagram.com\/loveisriga\/\",\"https:\/\/www.youtube.com\/user\/isriga\"]}]}<\/script>\n<!-- \/ Yoast SEO plugin. -->","yoast_head_json":{"title":"Pusdienas | Skol\u0113nu Dz\u012bve | International School of Riga: Private IB School in Latvia","robots":{"index":"index","follow":"follow","max-snippet":"max-snippet:-1","max-image-preview":"max-image-preview:large","max-video-preview":"max-video-preview:-1"},"canonical":"https:\/\/isriga.lv\/lv\/pakalpojumi\/pusdienas\/","og_locale":"lv_LV","og_type":"article","og_title":"Pusdienas | Skol\u0113nu Dz\u012bve | International School of Riga: Private IB School in Latvia","og_url":"https:\/\/isriga.lv\/lv\/pakalpojumi\/pusdienas\/","og_site_name":"International School of Riga: Private IB School in Latvia","article_publisher":"https:\/\/www.facebook.com\/isriga","article_modified_time":"2025-08-05T12:43:05+00:00","og_image":[{"width":1030,"height":629,"url":"https:\/\/isriga.lv\/wp-content\/uploads\/2019\/09\/ISR-featured-a1-1.png","type":"image\/png"}],"twitter_card":"summary_large_image","twitter_misc":{"Est. reading time":"2 minutes"},"schema":{"@context":"https:\/\/schema.org","@graph":[{"@type":"WebPage","@id":"https:\/\/isriga.lv\/lv\/pakalpojumi\/pusdienas\/","url":"https:\/\/isriga.lv\/lv\/pakalpojumi\/pusdienas\/","name":"Pusdienas | Skol\u0113nu Dz\u012bve | International School of Riga: Private IB School in Latvia","isPartOf":{"@id":"https:\/\/isriga.lv\/#website"},"primaryImageOfPage":{"@id":"https:\/\/isriga.lv\/lv\/pakalpojumi\/pusdienas\/#primaryimage"},"image":{"@id":"https:\/\/isriga.lv\/lv\/pakalpojumi\/pusdienas\/#primaryimage"},"thumbnailUrl":"https:\/\/isriga.lv\/wp-content\/uploads\/2019\/09\/ISR-featured-a1-1.png","datePublished":"2021-08-26T17:43:14+00:00","dateModified":"2025-08-05T12:43:05+00:00","breadcrumb":{"@id":"https:\/\/isriga.lv\/lv\/pakalpojumi\/pusdienas\/#breadcrumb"},"inLanguage":"lv-LV","potentialAction":[{"@type":"ReadAction","target":["https:\/\/isriga.lv\/lv\/pakalpojumi\/pusdienas\/"]}]},{"@type":"ImageObject","inLanguage":"lv-LV","@id":"https:\/\/isriga.lv\/lv\/pakalpojumi\/pusdienas\/#primaryimage","url":"https:\/\/isriga.lv\/wp-content\/uploads\/2019\/09\/ISR-featured-a1-1.png","contentUrl":"https:\/\/isriga.lv\/wp-content\/uploads\/2019\/09\/ISR-featured-a1-1.png","width":1030,"height":629},{"@type":"BreadcrumbList","@id":"https:\/\/isriga.lv\/lv\/pakalpojumi\/pusdienas\/#breadcrumb","itemListElement":[{"@type":"ListItem","position":1,"name":"Home","item":"https:\/\/isriga.lv\/lv\/sakums\/"},{"@type":"ListItem","position":2,"name":"Skol\u0113nu Dz\u012bve","item":"https:\/\/isriga.lv\/lv\/pakalpojumi\/"},{"@type":"ListItem","position":3,"name":"Pusdienas"}]},{"@type":"WebSite","@id":"https:\/\/isriga.lv\/#website","url":"https:\/\/isriga.lv\/","name":"International School of Riga: Private IB School in Latvia","description":"International School of Riga. Latvia.","publisher":{"@id":"https:\/\/isriga.lv\/#organization"},"potentialAction":[{"@type":"SearchAction","target":{"@type":"EntryPoint","urlTemplate":"https:\/\/isriga.lv\/?s={search_term_string}"},"query-input":{"@type":"PropertyValueSpecification","valueRequired":true,"valueName":"search_term_string"}}],"inLanguage":"lv-LV"},{"@type":"Organization","@id":"https:\/\/isriga.lv\/#organization","name":"International School of Riga: Private IB School in Riga","url":"https:\/\/isriga.lv\/","logo":{"@type":"ImageObject","inLanguage":"lv-LV","@id":"https:\/\/isriga.lv\/#\/schema\/logo\/image\/","url":"https:\/\/isriga.lv\/wp-content\/uploads\/2017\/08\/isr-logo.png","contentUrl":"https:\/\/isriga.lv\/wp-content\/uploads\/2017\/08\/isr-logo.png","width":628,"height":136,"caption":"International School of Riga: Private IB School in Riga"},"image":{"@id":"https:\/\/isriga.lv\/#\/schema\/logo\/image\/"},"sameAs":["https:\/\/www.facebook.com\/isriga","https:\/\/www.instagram.com\/loveisriga\/","https:\/\/www.youtube.com\/user\/isriga"]}]}},"_links":{"self":[{"href":"https:\/\/isriga.lv\/lv\/wp-json\/wp\/v2\/pages\/30316","targetHints":{"allow":["GET"]}}],"collection":[{"href":"https:\/\/isriga.lv\/lv\/wp-json\/wp\/v2\/pages"}],"about":[{"href":"https:\/\/isriga.lv\/lv\/wp-json\/wp\/v2\/types\/page"}],"author":[{"embeddable":true,"href":"https:\/\/isriga.lv\/lv\/wp-json\/wp\/v2\/users\/16"}],"replies":[{"embeddable":true,"href":"https:\/\/isriga.lv\/lv\/wp-json\/wp\/v2\/comments?post=30316"}],"version-history":[{"count":9,"href":"https:\/\/isriga.lv\/lv\/wp-json\/wp\/v2\/pages\/30316\/revisions"}],"predecessor-version":[{"id":44549,"href":"https:\/\/isriga.lv\/lv\/wp-json\/wp\/v2\/pages\/30316\/revisions\/44549"}],"up":[{"embeddable":true,"href":"https:\/\/isriga.lv\/lv\/wp-json\/wp\/v2\/pages\/30243"}],"wp:featuredmedia":[{"embeddable":true,"href":"https:\/\/isriga.lv\/lv\/wp-json\/wp\/v2\/media\/14757"}],"wp:attachment":[{"href":"https:\/\/isriga.lv\/lv\/wp-json\/wp\/v2\/media?parent=30316"}],"curies":[{"name":"wp","href":"https:\/\/api.w.org\/{rel}","templated":true}]}}