	
{"id":30265,"date":"2021-08-26T20:42:34","date_gmt":"2021-08-26T17:42:34","guid":{"rendered":"https:\/\/isriga.lv\/?page_id=30265"},"modified":"2025-07-28T12:46:20","modified_gmt":"2025-07-28T09:46:20","slug":"autobuss","status":"publish","type":"page","link":"https:\/\/isriga.lv\/lv\/pakalpojumi\/autobuss\/","title":{"rendered":"Autobuss"},"content":{"rendered":"<div id='av_section_1'  class='avia-section main_color avia-section-default avia-no-border-styling  av-parallax-section avia-bg-style-parallax  avia-builder-el-0  el_before_av_submenu  avia-builder-el-first  title-color-section  av-minimum-height av-minimum-height-50  container_wrap fullsize' style=' '  data-section-bg-repeat='no-repeat' data-av_minimum_height_pc='50'><div class='av-parallax' data-avia-parallax-ratio='0.3' ><div class='av-parallax-inner main_color  avia-full-stretch' style = 'background-repeat: no-repeat; background-image: url(https:\/\/isriga.lv\/wp-content\/uploads\/2019\/10\/bus.png);background-attachment: scroll; background-position: top right; ' ><\/div><\/div><div class='container' ><main  role=\"main\" itemprop=\"mainContentOfPage\"  class='template-page content  av-content-full alpha units'><div class='post-entry post-entry-type-page post-entry-30265'><div class='entry-content-wrapper clearfix'>\n<div  style='padding-bottom:0px; color:#ffffff;font-size:60px;' class='av-special-heading av-special-heading-h6 custom-color-heading blockquote modern-quote  avia-builder-el-1  avia-builder-el-no-sibling  av-inherit-size '><h6 class='av-special-heading-tag  av-mini-font-size-overwrite av-mini-font-size-38'  itemprop=\"headline\"  >AUTOBUSS<\/h6><div class='special-heading-border'><div class='special-heading-inner-border' style='border-color:#ffffff'><\/div><\/div><\/div>\n\n<\/div><\/div><\/main><!-- close content main element --><\/div><\/div><div id='sub_menu1'  class='av-submenu-container alternate_color  avia-builder-el-2  el_after_av_section  el_before_av_section  menu-below-headliner  submenu-not-first container_wrap fullsize' style='  z-index:301' ><div class='container av-menu-mobile-disabled '><ul id=\"menu-services-menu-en-lv\" class=\"av-subnav-menu av-submenu-pos-center\"><li id=\"menu-item-31200\" class=\"menu-item menu-item-type-post_type menu-item-object-page menu-item-top-level menu-item-top-level-1\"><a href=\"https:\/\/isriga.lv\/lv\/pakalpojumi\/maksla-sports-zinatne-un-vieglatletika-asaa\/\" itemprop=\"url\"><span class=\"avia-bullet\"><\/span><span class=\"avia-menu-text\">\u0100rpusstundu nodarb\u012bbas (ASAA)<\/span><span class=\"avia-menu-fx\"><span class=\"avia-arrow-wrap\"><span class=\"avia-arrow\"><\/span><\/span><\/span><\/a><\/li>\n<li id=\"menu-item-31202\" class=\"menu-item menu-item-type-post_type menu-item-object-page menu-item-top-level menu-item-top-level-2\"><a href=\"https:\/\/isriga.lv\/lv\/pakalpojumi\/autobuss\/\" itemprop=\"url\"><span class=\"avia-bullet\"><\/span><span class=\"avia-menu-text\">Autobuss<\/span><span class=\"avia-menu-fx\"><span class=\"avia-arrow-wrap\"><span class=\"avia-arrow\"><\/span><\/span><\/span><\/a><\/li>\n<li id=\"menu-item-31203\" class=\"menu-item menu-item-type-post_type menu-item-object-page menu-item-top-level menu-item-top-level-3\"><a href=\"https:\/\/isriga.lv\/lv\/pakalpojumi\/pusdienas\/\" itemprop=\"url\"><span class=\"avia-bullet\"><\/span><span class=\"avia-menu-text\">Pusdienas<\/span><span class=\"avia-menu-fx\"><span class=\"avia-arrow-wrap\"><span class=\"avia-arrow\"><\/span><\/span><\/span><\/a><\/li>\n<li id=\"menu-item-42104\" class=\"menu-item menu-item-type-post_type menu-item-object-page menu-item-top-level menu-item-top-level-4\"><a href=\"https:\/\/isriga.lv\/lv\/pakalpojumi\/skolas-veikals\/\" itemprop=\"url\"><span class=\"avia-bullet\"><\/span><span class=\"avia-menu-text\">Skolas veikals<\/span><span class=\"avia-menu-fx\"><span class=\"avia-arrow-wrap\"><span class=\"avia-arrow\"><\/span><\/span><\/span><\/a><\/li>\n<\/ul><\/div><\/div>\n<div id='av_section_2'  class='avia-section main_color avia-section-default avia-no-border-styling  avia-bg-style-scroll  avia-builder-el-3  el_after_av_submenu  avia-builder-el-last   container_wrap fullsize' style=' '  ><div class='container' ><div class='template-page content  av-content-full alpha units'><div class='post-entry post-entry-type-page post-entry-30265'><div class='entry-content-wrapper clearfix'>\n<div class='flex_column_table av-equal-height-column-flextable -flextable' ><div class=\"flex_column av_one_full  flex_column_table_cell av-equal-height-column av-align-middle av-zero-column-padding first  avia-builder-el-4  avia-builder-el-no-sibling  \" style='border-radius:0px; '><section class=\"av_textblock_section \"  itemscope=\"itemscope\" itemtype=\"https:\/\/schema.org\/CreativeWork\" ><div class='avia_textblock  '  style='font-size:17px; '  itemprop=\"text\" ><h1>Inform\u0101cija par transporta iesp\u0113j\u0101m 2025.\/2026. m\u0101c\u012bbu gad\u0101<\/h1>\n<hr \/>\n<h2>Autobuss<\/h2>\n<p><strong>ISR nodro\u0161ina skol\u0113niem autobusu satiksmes pakalpojumus uz\/no ab\u0101m skol\u0101m.<\/strong><\/p>\n<p>Autobusi ir pieejami visiem skol\u0113niem vecum\u0101 no 3 gadiem. Pieteikuma forma \u0161eit.<\/p>\n<p>Autobusa izmaksas tiek apr\u0113\u0137in\u0101tas par semestri. ISR \u0123imenes var izv\u0113l\u0113ties izmantot autobusa pakalpojumus:<\/p>\n<p><strong>Mar\u0161rut\u0101 Centrs &#8211; Kalnciema 118 un atpaka\u013c<\/strong><\/p>\n<table dir=\"ltr\" border=\"1\" cellspacing=\"0\" cellpadding=\"0\" data-sheets-root=\"1\" data-sheets-baot=\"1\">\n<colgroup>\n<col width=\"100\" \/>\n<col width=\"100\" \/><\/colgroup>\n<tbody>\n<tr>\n<td>Aug-Dec<\/td>\n<td>Jan-J\u016bnijs<\/td>\n<\/tr>\n<tr>\n<td>780<\/td>\n<td>940<\/td>\n<\/tr>\n<\/tbody>\n<\/table>\n<p><strong>Mar\u0161rut\u0101 Pi\u0146\u0137i &#8211; Jaunm\u0101rupe &#8211; M\u0101rupe &#8211; Skanstes 27 un atpaka\u013c<\/strong><\/p>\n<table dir=\"ltr\" border=\"1\" cellspacing=\"0\" cellpadding=\"0\" data-sheets-root=\"1\" data-sheets-baot=\"1\">\n<colgroup>\n<col width=\"100\" \/>\n<col width=\"100\" \/><\/colgroup>\n<tbody>\n<tr>\n<td>Aug-Dec<\/td>\n<td>Jan-J\u016bnijs<\/td>\n<\/tr>\n<tr>\n<td>1150<\/td>\n<td>1380<\/td>\n<\/tr>\n<\/tbody>\n<\/table>\n<p><strong>Mar\u0161rut\u0101 Me\u017eaparks &#8211; Skanstes 27 un atpaka\u013c<\/strong><\/p>\n<table dir=\"ltr\" border=\"1\" cellspacing=\"0\" cellpadding=\"0\" data-sheets-root=\"1\" data-sheets-baot=\"1\">\n<colgroup>\n<col width=\"100\" \/>\n<col width=\"100\" \/><\/colgroup>\n<tbody>\n<tr>\n<td>Aug-Dec<\/td>\n<td>Jan-June<\/td>\n<\/tr>\n<tr>\n<td>990<\/td>\n<td>1180<\/td>\n<\/tr>\n<\/tbody>\n<\/table>\n<p>L\u016bdzu, skat. autobusu mar\u0161rutus, prec\u012bzu grafiku un autobusu pieturu atra\u0161an\u0101s vietas <a href=\"https:\/\/isriga.lv\/services\/bus\/\">ISR <strong>\u0161eit<\/strong>.<\/a><\/p>\n<p>Lai ieg\u016btu pla\u0161\u0101ku inform\u0101ciju vai pieteiktos autobusa pakalpojumiem, l\u016bdzu, sazinieties ar skolu pa e-pastu &#x69;n&#x66;&#111;&#x40;&#x69;s&#x72;&#105;&#x67;&#x61;&#46;&#x6c;&#118; vai +371 6762 4622.<\/p>\n<\/div><\/section><\/div><\/div><!--close column table wrapper. Autoclose: 1 -->\n","protected":false},"excerpt":{"rendered":"","protected":false},"author":16,"featured_media":14757,"parent":30243,"menu_order":2,"comment_status":"closed","ping_status":"closed","template":"","meta":{"_acf_changed":false,"footnotes":""},"class_list":["post-30265","page","type-page","status-publish","has-post-thumbnail","hentry"],"acf":[],"yoast_head":"<!-- This site is optimized with the Yoast SEO plugin v27.4 - https:\/\/yoast.com\/product\/yoast-seo-wordpress\/ -->\n<title>Autobuss | Skol\u0113nu Dz\u012bve | International School of Riga: Private IB School in Latvia<\/title>\n<meta name=\"robots\" content=\"index, follow, max-snippet:-1, max-image-preview:large, max-video-preview:-1\" \/>\n<link rel=\"canonical\" href=\"https:\/\/isriga.lv\/lv\/pakalpojumi\/autobuss\/\" \/>\n<meta property=\"og:locale\" content=\"lv_LV\" \/>\n<meta property=\"og:type\" content=\"article\" \/>\n<meta property=\"og:title\" content=\"Autobuss | Skol\u0113nu Dz\u012bve | International School of Riga: Private IB School in Latvia\" \/>\n<meta property=\"og:url\" content=\"https:\/\/isriga.lv\/lv\/pakalpojumi\/autobuss\/\" \/>\n<meta property=\"og:site_name\" content=\"International School of Riga: Private IB School in Latvia\" \/>\n<meta property=\"article:publisher\" content=\"https:\/\/www.facebook.com\/isriga\" \/>\n<meta property=\"article:modified_time\" content=\"2025-07-28T09:46:20+00:00\" \/>\n<meta property=\"og:image\" content=\"https:\/\/isriga.lv\/wp-content\/uploads\/2019\/09\/ISR-featured-a1-1.png\" \/>\n\t<meta property=\"og:image:width\" content=\"1030\" \/>\n\t<meta property=\"og:image:height\" content=\"629\" \/>\n\t<meta property=\"og:image:type\" content=\"image\/png\" \/>\n<meta name=\"twitter:card\" content=\"summary_large_image\" \/>\n<meta name=\"twitter:label1\" content=\"Est. reading time\" \/>\n\t<meta name=\"twitter:data1\" content=\"2 minutes\" \/>\n<script type=\"application\/ld+json\" class=\"yoast-schema-graph\">{\"@context\":\"https:\\\/\\\/schema.org\",\"@graph\":[{\"@type\":\"WebPage\",\"@id\":\"https:\\\/\\\/isriga.lv\\\/lv\\\/pakalpojumi\\\/autobuss\\\/\",\"url\":\"https:\\\/\\\/isriga.lv\\\/lv\\\/pakalpojumi\\\/autobuss\\\/\",\"name\":\"Autobuss | Skol\u0113nu Dz\u012bve | International School of Riga: Private IB School in Latvia\",\"isPartOf\":{\"@id\":\"https:\\\/\\\/isriga.lv\\\/#website\"},\"primaryImageOfPage\":{\"@id\":\"https:\\\/\\\/isriga.lv\\\/lv\\\/pakalpojumi\\\/autobuss\\\/#primaryimage\"},\"image\":{\"@id\":\"https:\\\/\\\/isriga.lv\\\/lv\\\/pakalpojumi\\\/autobuss\\\/#primaryimage\"},\"thumbnailUrl\":\"https:\\\/\\\/isriga.lv\\\/wp-content\\\/uploads\\\/2019\\\/09\\\/ISR-featured-a1-1.png\",\"datePublished\":\"2021-08-26T17:42:34+00:00\",\"dateModified\":\"2025-07-28T09:46:20+00:00\",\"breadcrumb\":{\"@id\":\"https:\\\/\\\/isriga.lv\\\/lv\\\/pakalpojumi\\\/autobuss\\\/#breadcrumb\"},\"inLanguage\":\"lv-LV\",\"potentialAction\":[{\"@type\":\"ReadAction\",\"target\":[\"https:\\\/\\\/isriga.lv\\\/lv\\\/pakalpojumi\\\/autobuss\\\/\"]}]},{\"@type\":\"ImageObject\",\"inLanguage\":\"lv-LV\",\"@id\":\"https:\\\/\\\/isriga.lv\\\/lv\\\/pakalpojumi\\\/autobuss\\\/#primaryimage\",\"url\":\"https:\\\/\\\/isriga.lv\\\/wp-content\\\/uploads\\\/2019\\\/09\\\/ISR-featured-a1-1.png\",\"contentUrl\":\"https:\\\/\\\/isriga.lv\\\/wp-content\\\/uploads\\\/2019\\\/09\\\/ISR-featured-a1-1.png\",\"width\":1030,\"height\":629},{\"@type\":\"BreadcrumbList\",\"@id\":\"https:\\\/\\\/isriga.lv\\\/lv\\\/pakalpojumi\\\/autobuss\\\/#breadcrumb\",\"itemListElement\":[{\"@type\":\"ListItem\",\"position\":1,\"name\":\"Home\",\"item\":\"https:\\\/\\\/isriga.lv\\\/lv\\\/sakums\\\/\"},{\"@type\":\"ListItem\",\"position\":2,\"name\":\"Skol\u0113nu Dz\u012bve\",\"item\":\"https:\\\/\\\/isriga.lv\\\/lv\\\/pakalpojumi\\\/\"},{\"@type\":\"ListItem\",\"position\":3,\"name\":\"Autobuss\"}]},{\"@type\":\"WebSite\",\"@id\":\"https:\\\/\\\/isriga.lv\\\/#website\",\"url\":\"https:\\\/\\\/isriga.lv\\\/\",\"name\":\"International School of Riga: Private IB School in Latvia\",\"description\":\"International School of Riga. Latvia.\",\"publisher\":{\"@id\":\"https:\\\/\\\/isriga.lv\\\/#organization\"},\"potentialAction\":[{\"@type\":\"SearchAction\",\"target\":{\"@type\":\"EntryPoint\",\"urlTemplate\":\"https:\\\/\\\/isriga.lv\\\/?s={search_term_string}\"},\"query-input\":{\"@type\":\"PropertyValueSpecification\",\"valueRequired\":true,\"valueName\":\"search_term_string\"}}],\"inLanguage\":\"lv-LV\"},{\"@type\":\"Organization\",\"@id\":\"https:\\\/\\\/isriga.lv\\\/#organization\",\"name\":\"International School of Riga: Private IB School in Riga\",\"url\":\"https:\\\/\\\/isriga.lv\\\/\",\"logo\":{\"@type\":\"ImageObject\",\"inLanguage\":\"lv-LV\",\"@id\":\"https:\\\/\\\/isriga.lv\\\/#\\\/schema\\\/logo\\\/image\\\/\",\"url\":\"https:\\\/\\\/isriga.lv\\\/wp-content\\\/uploads\\\/2017\\\/08\\\/isr-logo.png\",\"contentUrl\":\"https:\\\/\\\/isriga.lv\\\/wp-content\\\/uploads\\\/2017\\\/08\\\/isr-logo.png\",\"width\":628,\"height\":136,\"caption\":\"International School of Riga: Private IB School in Riga\"},\"image\":{\"@id\":\"https:\\\/\\\/isriga.lv\\\/#\\\/schema\\\/logo\\\/image\\\/\"},\"sameAs\":[\"https:\\\/\\\/www.facebook.com\\\/isriga\",\"https:\\\/\\\/www.instagram.com\\\/loveisriga\\\/\",\"https:\\\/\\\/www.youtube.com\\\/user\\\/isriga\"]}]}<\/script>\n<!-- \/ Yoast SEO plugin. -->","yoast_head_json":{"title":"Autobuss | Skol\u0113nu Dz\u012bve | International School of Riga: Private IB School in Latvia","robots":{"index":"index","follow":"follow","max-snippet":"max-snippet:-1","max-image-preview":"max-image-preview:large","max-video-preview":"max-video-preview:-1"},"canonical":"https:\/\/isriga.lv\/lv\/pakalpojumi\/autobuss\/","og_locale":"lv_LV","og_type":"article","og_title":"Autobuss | Skol\u0113nu Dz\u012bve | International School of Riga: Private IB School in Latvia","og_url":"https:\/\/isriga.lv\/lv\/pakalpojumi\/autobuss\/","og_site_name":"International School of Riga: Private IB School in Latvia","article_publisher":"https:\/\/www.facebook.com\/isriga","article_modified_time":"2025-07-28T09:46:20+00:00","og_image":[{"width":1030,"height":629,"url":"https:\/\/isriga.lv\/wp-content\/uploads\/2019\/09\/ISR-featured-a1-1.png","type":"image\/png"}],"twitter_card":"summary_large_image","twitter_misc":{"Est. reading time":"2 minutes"},"schema":{"@context":"https:\/\/schema.org","@graph":[{"@type":"WebPage","@id":"https:\/\/isriga.lv\/lv\/pakalpojumi\/autobuss\/","url":"https:\/\/isriga.lv\/lv\/pakalpojumi\/autobuss\/","name":"Autobuss | Skol\u0113nu Dz\u012bve | International School of Riga: Private IB School in Latvia","isPartOf":{"@id":"https:\/\/isriga.lv\/#website"},"primaryImageOfPage":{"@id":"https:\/\/isriga.lv\/lv\/pakalpojumi\/autobuss\/#primaryimage"},"image":{"@id":"https:\/\/isriga.lv\/lv\/pakalpojumi\/autobuss\/#primaryimage"},"thumbnailUrl":"https:\/\/isriga.lv\/wp-content\/uploads\/2019\/09\/ISR-featured-a1-1.png","datePublished":"2021-08-26T17:42:34+00:00","dateModified":"2025-07-28T09:46:20+00:00","breadcrumb":{"@id":"https:\/\/isriga.lv\/lv\/pakalpojumi\/autobuss\/#breadcrumb"},"inLanguage":"lv-LV","potentialAction":[{"@type":"ReadAction","target":["https:\/\/isriga.lv\/lv\/pakalpojumi\/autobuss\/"]}]},{"@type":"ImageObject","inLanguage":"lv-LV","@id":"https:\/\/isriga.lv\/lv\/pakalpojumi\/autobuss\/#primaryimage","url":"https:\/\/isriga.lv\/wp-content\/uploads\/2019\/09\/ISR-featured-a1-1.png","contentUrl":"https:\/\/isriga.lv\/wp-content\/uploads\/2019\/09\/ISR-featured-a1-1.png","width":1030,"height":629},{"@type":"BreadcrumbList","@id":"https:\/\/isriga.lv\/lv\/pakalpojumi\/autobuss\/#breadcrumb","itemListElement":[{"@type":"ListItem","position":1,"name":"Home","item":"https:\/\/isriga.lv\/lv\/sakums\/"},{"@type":"ListItem","position":2,"name":"Skol\u0113nu Dz\u012bve","item":"https:\/\/isriga.lv\/lv\/pakalpojumi\/"},{"@type":"ListItem","position":3,"name":"Autobuss"}]},{"@type":"WebSite","@id":"https:\/\/isriga.lv\/#website","url":"https:\/\/isriga.lv\/","name":"International School of Riga: Private IB School in Latvia","description":"International School of Riga. Latvia.","publisher":{"@id":"https:\/\/isriga.lv\/#organization"},"potentialAction":[{"@type":"SearchAction","target":{"@type":"EntryPoint","urlTemplate":"https:\/\/isriga.lv\/?s={search_term_string}"},"query-input":{"@type":"PropertyValueSpecification","valueRequired":true,"valueName":"search_term_string"}}],"inLanguage":"lv-LV"},{"@type":"Organization","@id":"https:\/\/isriga.lv\/#organization","name":"International School of Riga: Private IB School in Riga","url":"https:\/\/isriga.lv\/","logo":{"@type":"ImageObject","inLanguage":"lv-LV","@id":"https:\/\/isriga.lv\/#\/schema\/logo\/image\/","url":"https:\/\/isriga.lv\/wp-content\/uploads\/2017\/08\/isr-logo.png","contentUrl":"https:\/\/isriga.lv\/wp-content\/uploads\/2017\/08\/isr-logo.png","width":628,"height":136,"caption":"International School of Riga: Private IB School in Riga"},"image":{"@id":"https:\/\/isriga.lv\/#\/schema\/logo\/image\/"},"sameAs":["https:\/\/www.facebook.com\/isriga","https:\/\/www.instagram.com\/loveisriga\/","https:\/\/www.youtube.com\/user\/isriga"]}]}},"_links":{"self":[{"href":"https:\/\/isriga.lv\/lv\/wp-json\/wp\/v2\/pages\/30265","targetHints":{"allow":["GET"]}}],"collection":[{"href":"https:\/\/isriga.lv\/lv\/wp-json\/wp\/v2\/pages"}],"about":[{"href":"https:\/\/isriga.lv\/lv\/wp-json\/wp\/v2\/types\/page"}],"author":[{"embeddable":true,"href":"https:\/\/isriga.lv\/lv\/wp-json\/wp\/v2\/users\/16"}],"replies":[{"embeddable":true,"href":"https:\/\/isriga.lv\/lv\/wp-json\/wp\/v2\/comments?post=30265"}],"version-history":[{"count":12,"href":"https:\/\/isriga.lv\/lv\/wp-json\/wp\/v2\/pages\/30265\/revisions"}],"predecessor-version":[{"id":44449,"href":"https:\/\/isriga.lv\/lv\/wp-json\/wp\/v2\/pages\/30265\/revisions\/44449"}],"up":[{"embeddable":true,"href":"https:\/\/isriga.lv\/lv\/wp-json\/wp\/v2\/pages\/30243"}],"wp:featuredmedia":[{"embeddable":true,"href":"https:\/\/isriga.lv\/lv\/wp-json\/wp\/v2\/media\/14757"}],"wp:attachment":[{"href":"https:\/\/isriga.lv\/lv\/wp-json\/wp\/v2\/media?parent=30265"}],"curies":[{"name":"wp","href":"https:\/\/api.w.org\/{rel}","templated":true}]}}