	
{"id":30229,"date":"2021-08-26T20:39:16","date_gmt":"2021-08-26T17:39:16","guid":{"rendered":"https:\/\/isriga.lv\/?page_id=30229"},"modified":"2026-04-14T15:31:53","modified_gmt":"2026-04-14T12:31:53","slug":"uznemsana-klase","status":"publish","type":"page","link":"https:\/\/isriga.lv\/lv\/uznemsana\/uznemsana-klase\/","title":{"rendered":"Uz\u0146em\u0161ana klas\u0113"},"content":{"rendered":"<div id='av_section_1'  class='avia-section main_color avia-section-default avia-no-border-styling  av-parallax-section avia-bg-style-parallax  avia-builder-el-0  el_before_av_submenu  avia-builder-el-first  title-color-section  av-minimum-height av-minimum-height-50  container_wrap fullsize' style=' '  data-section-bg-repeat='no-repeat' data-av_minimum_height_pc='50'><div class='av-parallax' data-avia-parallax-ratio='0.3' ><div class='av-parallax-inner main_color  avia-full-stretch' style = 'background-repeat: no-repeat; background-image: url(https:\/\/isriga.lv\/wp-content\/uploads\/2019\/10\/grade-placement.png);background-attachment: scroll; background-position: top left; ' ><\/div><\/div><div class='container' ><main  role=\"main\" itemprop=\"mainContentOfPage\"  class='template-page content  av-content-full alpha units'><div class='post-entry post-entry-type-page post-entry-30229'><div class='entry-content-wrapper clearfix'>\n<div  style='padding-bottom:0px; color:#ffffff;font-size:60px;' class='av-special-heading av-special-heading-h6 custom-color-heading blockquote modern-quote  avia-builder-el-1  avia-builder-el-no-sibling  av-inherit-size '><h6 class='av-special-heading-tag  av-mini-font-size-overwrite av-mini-font-size-38'  itemprop=\"headline\"  >UZ\u0145EM\u0160ANA<br \/>\nKLAS\u0112<\/h6><div class='special-heading-border'><div class='special-heading-inner-border' style='border-color:#ffffff'><\/div><\/div><\/div>\n\n<\/div><\/div><\/main><!-- close content main element --><\/div><\/div><div id='sub_menu1'  class='av-submenu-container alternate_color  avia-builder-el-2  el_after_av_section  el_before_av_section  menu-below-headliner  submenu-not-first container_wrap fullsize' style='  z-index:301' ><div class='container av-menu-mobile-disabled '><ul id=\"menu-admissions-menu-lv\" class=\"av-subnav-menu av-submenu-pos-center\"><li id=\"menu-item-31184\" class=\"menu-item menu-item-type-post_type menu-item-object-page menu-item-top-level menu-item-top-level-1\"><a href=\"https:\/\/isriga.lv\/lv\/uznemsana\/laipni-ludzam\/\" itemprop=\"url\"><span class=\"avia-bullet\"><\/span><span class=\"avia-menu-text\">Laipni l\u016bdzam<\/span><span class=\"avia-menu-fx\"><span class=\"avia-arrow-wrap\"><span class=\"avia-arrow\"><\/span><\/span><\/span><\/a><\/li>\n<li id=\"menu-item-31185\" class=\"menu-item menu-item-type-post_type menu-item-object-page menu-item-top-level menu-item-top-level-2\"><a href=\"https:\/\/isriga.lv\/lv\/uznemsana\/open-house\/\" itemprop=\"url\"><span class=\"avia-bullet\"><\/span><span class=\"avia-menu-text\">Atv\u0113rto durvju dienas<\/span><span class=\"avia-menu-fx\"><span class=\"avia-arrow-wrap\"><span class=\"avia-arrow\"><\/span><\/span><\/span><\/a><\/li>\n<li id=\"menu-item-31186\" class=\"menu-item menu-item-type-post_type menu-item-object-page menu-item-top-level menu-item-top-level-3\"><a href=\"https:\/\/isriga.lv\/lv\/uznemsana\/why-isr\/\" itemprop=\"url\"><span class=\"avia-bullet\"><\/span><span class=\"avia-menu-text\">10 iemesli, k\u0101p\u0113c izv\u0113l\u0113ties ISR<\/span><span class=\"avia-menu-fx\"><span class=\"avia-arrow-wrap\"><span class=\"avia-arrow\"><\/span><\/span><\/span><\/a><\/li>\n<li id=\"menu-item-31187\" class=\"menu-item menu-item-type-post_type menu-item-object-page menu-item-top-level menu-item-top-level-4\"><a href=\"https:\/\/isriga.lv\/lv\/uznemsana\/rss-uznemsanas-politika\/\" itemprop=\"url\"><span class=\"avia-bullet\"><\/span><span class=\"avia-menu-text\">ISR uz\u0146em\u0161anas noteikumi<\/span><span class=\"avia-menu-fx\"><span class=\"avia-arrow-wrap\"><span class=\"avia-arrow\"><\/span><\/span><\/span><\/a><\/li>\n<li id=\"menu-item-31188\" class=\"menu-item menu-item-type-post_type menu-item-object-page menu-item-top-level menu-item-top-level-5\"><a href=\"https:\/\/isriga.lv\/lv\/uznemsana\/ka-pieteikties\/\" itemprop=\"url\"><span class=\"avia-bullet\"><\/span><span class=\"avia-menu-text\">K\u0101 pieteikties<\/span><span class=\"avia-menu-fx\"><span class=\"avia-arrow-wrap\"><span class=\"avia-arrow\"><\/span><\/span><\/span><\/a><\/li>\n<li id=\"menu-item-31189\" class=\"menu-item menu-item-type-post_type menu-item-object-page menu-item-top-level menu-item-top-level-6\"><a href=\"https:\/\/isriga.lv\/lv\/uznemsana\/studiju-maksa-un-citi-maksajumi\/\" itemprop=\"url\"><span class=\"avia-bullet\"><\/span><span class=\"avia-menu-text\">M\u0101c\u012bbu maksa un citi maks\u0101jumi<\/span><span class=\"avia-menu-fx\"><span class=\"avia-arrow-wrap\"><span class=\"avia-arrow\"><\/span><\/span><\/span><\/a><\/li>\n<li id=\"menu-item-31190\" class=\"menu-item menu-item-type-post_type menu-item-object-page menu-item-top-level menu-item-top-level-7\"><a href=\"https:\/\/isriga.lv\/lv\/uznemsana\/uznemsana-klase\/\" itemprop=\"url\"><span class=\"avia-bullet\"><\/span><span class=\"avia-menu-text\">Uz\u0146em\u0161ana klas\u0113<\/span><span class=\"avia-menu-fx\"><span class=\"avia-arrow-wrap\"><span class=\"avia-arrow\"><\/span><\/span><\/span><\/a><\/li>\n<li id=\"menu-item-31191\" class=\"menu-item menu-item-type-post_type menu-item-object-page menu-item-top-level menu-item-top-level-8\"><a href=\"https:\/\/isriga.lv\/lv\/uznemsana\/pieteikties-tiessaiste\/\" itemprop=\"url\"><span class=\"avia-bullet\"><\/span><span class=\"avia-menu-text\">Pieteikties tie\u0161saist\u0113<\/span><span class=\"avia-menu-fx\"><span class=\"avia-arrow-wrap\"><span class=\"avia-arrow\"><\/span><\/span><\/span><\/a><\/li>\n<\/ul><\/div><\/div>\n<div id='av_section_2'  class='avia-section main_color avia-section-default avia-no-border-styling  avia-bg-style-scroll  avia-builder-el-3  el_after_av_submenu  avia-builder-el-last   container_wrap fullsize' style=' '  ><div class='container' ><div class='template-page content  av-content-full alpha units'><div class='post-entry post-entry-type-page post-entry-30229'><div class='entry-content-wrapper clearfix'>\n<div class='flex_column_table av-equal-height-column-flextable -flextable' ><div class=\"flex_column av_one_full  flex_column_table_cell av-equal-height-column av-align-middle av-zero-column-padding first  avia-builder-el-4  avia-builder-el-no-sibling  \" style='border-radius:0px; '><p><section class=\"av_textblock_section \"  itemscope=\"itemscope\" itemtype=\"https:\/\/schema.org\/CreativeWork\" ><div class='avia_textblock  '  style='font-size:17px; '  itemprop=\"text\" ><p>M\u0113s uz\u0146emam skol\u0113nus atbilsto\u0161aj\u0101 klas\u0113, pamatojoties uz vi\u0146u vecumu vi\u0146u iest\u0101\u0161an\u0101s gada 1.\u00a0septembr\u012b, k\u0101 nor\u0101d\u012bts zem\u0101k eso\u0161aj\u0101 m\u016bsu <strong>vecuma pak\u0101pes izvietojumu<\/strong> tabul\u0101.<\/p>\n<p>Gad\u012bjumos, kad pretendenti piesak\u0101s no citas izgl\u012bt\u012bbas sist\u0113mas vai valsts, uz\u0146em\u0161ana klas\u0113 tiks v\u0113rt\u0113ta sec\u012bgi un atbilsto\u0161i programmai, kur\u0101 vi\u0146i pa\u0161laik ir iest\u0101ju\u0161ies vai pabeigu\u0161i p\u0113d\u0113jo.<\/p>\n<p>Iz\u0146\u0113muma gad\u012bjumos izskat\u0101m citas klases, ja skol\u0113ns ir kav\u0113jis skolu ilgsto\u0161i slim\u012bbas vai citu apsv\u0113rmumu d\u0113\u013c.<\/p>\n<p>Skol\u0113ns var tikt uz\u0146emts\u00a0 augst\u0101k\u0101 klas\u0113 nek\u0101 vi\u0146a vecuma grupa tikai iz\u0146\u0113muma gad\u012bjumos. Faktori, uz kuriem attiecas \u0161\u0101ds iz\u0146\u0113mums, var\u0113tu b\u016bt:<\/p>\n<ul>\n<li>Iek\u013cau\u0161anas datums vecumam atbilsto\u0161\u0101 klas\u0113 b\u0113rna izcelsmes valst\u012b<\/li>\n<li>B\u0113rna sekm\u012bga l\u012bdzv\u0113rt\u012bgas klases pabeig\u0161ana citur<\/li>\n<li>Iepriek\u0161\u0113jo gadu liec\u012bbas, kas demonstr\u0113 izcilu akad\u0113misko sniegumu un soci\u0101l\u0101s prasmes.<\/li>\n<\/ul>\n<p>L\u016bdzu, \u0146emiet v\u0113r\u0101, ka pirmsskolas vecuma skol\u0113niem netiek pie\u0161\u0137irti iz\u0146\u0113mumi, pamatojoties uz vecumu vai iepriek\u0161\u0113ju pieredzi skol\u0101.<\/p>\n<p>Gal\u012bgo l\u0113mumu par uz\u0146em\u0161anu klas\u0113 pie\u0146em skola, pamatojoties uz visu pieteik\u0161an\u0101s proces\u0101 sav\u0101kto inform\u0101ciju.<\/p>\n<p>Skol\u0113ni no pirmsskolas l\u012bdz 5. klasei apmekl\u0113 m\u016bsu s\u0101kumskolu (Kalnciema iela 118), bet skol\u0113ni no 6. l\u012bdz 12. klasei apmekl\u0113 m\u016bsu vidusskolu (Skanstes 27).<\/p>\n<\/div><\/section><br \/>\n<section class=\"av_textblock_section \"  itemscope=\"itemscope\" itemtype=\"https:\/\/schema.org\/CreativeWork\" ><div class='avia_textblock  '  style='font-size:17px; '  itemprop=\"text\" ><p><span style=\"color: #ffffff;\">.<\/span><\/p>\n<\/div><\/section><br \/>\n<div class='avia-data-table-wrap avia_responsive_table'><table  class='avia-table avia-data-table avia-table-1  avia-builder-el-7  el_after_av_textblock  el_before_av_table  avia_pricing_minimal '  itemscope=\"itemscope\" itemtype=\"https:\/\/schema.org\/Table\" ><caption>Age-Grade Placement Table<\/caption><tbody><tr class='avia-heading-row'><th class=''>Klase<\/th><th class=''>Dzim\u0161anas datums &#8211; 2026\/2027 m\u0101c\u012bbu gads<\/th><th class=''>Vecums 1. septembr\u012b<\/th><\/tr><tr class=''><td class=''>B\u0113rns<\/td><td class=''>2024. gada 1. marts \u2013 2025. gada 28. febru\u0101ris<\/td><td class=''>1.5-2.5\u00a0gadi<\/td><\/tr><tr class=''><td class=''>Pirmsskola<\/td><td class=''>2021. gada 1. septembris \u2013 2024. gada 29. febru\u0101ris<\/td><td class=''>2.5-4 gadi<\/td><\/tr><tr class=''><td class=''>B\u0113rnud\u0101rzs<\/td><td class=''>2020. gada 1. septembris \u2013 2021. gada 31. augusts<\/td><td class=''>5 gadi<\/td><\/tr><tr class=''><td class=''>1.\u00a0klase<\/td><td class=''>2019. gada 1. septembris \u2013 2020. gada 31. augusts<\/td><td class=''>6 gadi<\/td><\/tr><tr class=''><td class=''>2. klase<\/td><td class=''>2018. gada 1. septembris \u2013 2019. gada 31. augusts<\/td><td class=''>7 gadi<\/td><\/tr><tr class=''><td class=''>3. klase<\/td><td class=''>2017. gada 1. septembris \u2013 2018. gada 31. augusts<\/td><td class=''>8 gadi<\/td><\/tr><tr class=''><td class=''>4. klase<\/td><td class=''>2016. gada 1. septembris \u2013 2017. gada 31. augusts<\/td><td class=''>9 gadi<\/td><\/tr><tr class=''><td class=''>5. klase<\/td><td class=''>2015. gada 1. septembris \u2013 2016. gada 31. augusts<\/td><td class=''>10 gadi<\/td><\/tr><tr class=''><td class=''>6. klase<\/td><td class=''>2014. gada 1. septembris \u2013 2015. gada 31. augusts<\/td><td class=''>11 gadi<\/td><\/tr><tr class=''><td class=''>7. klase<\/td><td class=''>2013. gada 1. septembris \u2013 2014. gada 31. augusts<\/td><td class=''>12 gadi<\/td><\/tr><tr class=''><td class=''>8. klase<\/td><td class=''>2012. gada 1. septembris \u2013 2013. gada 31. augusts<\/td><td class=''>13 gadi<\/td><\/tr><tr class=''><td class=''>9. klase<\/td><td class=''>2011. gada 1. septembris \u2013 2012. gada 31. augusts<\/td><td class=''>14 gadi<\/td><\/tr><tr class=''><td class=''>10. klase<\/td><td class=''>2010. gada 1. septembris \u2013 2011. gada 31. augusts<\/td><td class=''>15 gadi<\/td><\/tr><tr class=''><td class=''>11. klase<\/td><td class=''>2009. gada 1. septembris \u2013 2010. gada 31. augusts<\/td><td class=''>16 gadi<\/td><\/tr><tr class=''><td class=''>12. klase<\/td><td class=''>2008. gada 1. septembris \u2013 2009. gada 31. augusts<\/td><td class=''>17 gadi<\/td><\/tr><\/tbody><\/table><\/div><style type='text\/css'>.avia-table-1 td:nth-of-type(1):before { content: 'Klase'; } .avia-table-1 td:nth-of-type(2):before { content: 'Dzim\u0161anas datums \u2013 2026\/2027 m\u0101c\u012bbu gads'; } .avia-table-1 td:nth-of-type(3):before { content: 'Vecums 1. septembr\u012b'; } <\/style><br \/>\n<div class='avia-data-table-wrap avia_responsive_table'><table  class='avia-table avia-data-table avia-table-2  avia-builder-el-8  el_after_av_table  el_before_av_textblock  avia_pricing_default '  itemscope=\"itemscope\" itemtype=\"https:\/\/schema.org\/Table\" ><tbody><tr class='avia-heading-row'><th class=''>Izgl\u012bt\u012bbas programmas nosaukums<\/th><th class=''>Izgl\u012bt\u012bbas programmas kods<br \/>\n<\/th><th class=''>Latvijas valsts izgl\u012bt\u012bbas pak\u0101pe<br \/>\n<\/th><th class=''>Klases<br \/>\n<\/th><\/tr><tr class=''><td class=''>International Baccalaureate Primary Years Programme (pirmsskola)<br \/>\n<\/td><td class=''>01019131<br \/>\n<\/td><td class=''>Pirmsskolas izgl\u012bt\u012bba<br \/>\n<\/td><td class=''>2-5 gadus veci b\u0113rni<br \/>\n<\/td><\/tr><tr class=''><td class=''>International Baccalaureate Primary Years Programme<br \/>\n<\/td><td class=''>11019131<br \/>\n<\/td><td class=''>Pamatizgl\u012bt\u012bba<br \/>\n<\/td><td class=''>1.-5. klase<br \/>\n<\/td><\/tr><tr class=''><td class=''>International Middle Years Curriculum *L\u012bdz 2023.\/2024. m\u0101c\u012bbu gada beig\u0101m<\/p>\n<p><\/td><td class=''>23018131<br \/>\n<\/td><td class=''>Pamatizgl\u012bt\u012bba<br \/>\n<\/td><td class=''>6.-8. klase<br \/>\n<\/td><\/tr><tr class=''><td class=''>International General Certificate of Secondary Education <b>** L\u012bdz 2024.\/2025. m\u0101c\u012bbu gada beig\u0101m (tikai 10.klase)<\/b><br \/>\n<\/td><td class=''>31018031<br \/>\n<\/td><td class=''>Pamatizgl\u012bt\u012bba<br \/>\n<\/td><td class=''>9.-10.klase<br \/>\n<\/td><\/tr><tr class=''><td class=''>International Baccalaureate Middle Years Programme <b>*** No 2024.\/2025. m\u0101c\u012bbu gada<\/b><br \/>\n<\/td><td class=''>23019131<br \/>\n<\/td><td class=''>Pamatizgl\u012bt\u012bba<br \/>\n<\/td><td class=''>6.-9. klase<br \/>\n<\/td><\/tr><tr class=''><td class=''>International Baccalaureate Middle Years Programme <b>**** No 2024.\/2025. m\u0101c\u012bbu gada<\/b><\/p>\n<p><\/td><td class=''>31019031<br \/>\n<\/td><td class=''>Vid\u0113j\u0101 izgl\u012bt\u012bba<br \/>\n<\/td><td class=''>10. klase<br \/>\n<\/td><\/tr><tr class=''><td class=''>International Baccalaureate Diploma Programme<\/td><td class=''>31019031<\/td><td class=''>Vid\u0113j\u0101 izgl\u012bt\u012bba <\/td><td class=''>11.-12. klase<\/td><\/tr><\/tbody><\/table><\/div><style type='text\/css'>.avia-table-2 td:nth-of-type(1):before { content: 'Izgl\u012bt\u012bbas programmas nosaukums'; } .avia-table-2 td:nth-of-type(2):before { content: 'Izgl\u012bt\u012bbas programmas kods\n'; } .avia-table-2 td:nth-of-type(3):before { content: 'Latvijas valsts izgl\u012bt\u012bbas pak\u0101pe\n'; } .avia-table-2 td:nth-of-type(4):before { content: 'Klases\n'; } <\/style><br \/>\n<section class=\"av_textblock_section \"  itemscope=\"itemscope\" itemtype=\"https:\/\/schema.org\/CreativeWork\" ><div class='avia_textblock  '  style='font-size:17px; '  itemprop=\"text\" ><\/div><\/section><\/p><\/div><\/div><!--close column table wrapper. Autoclose: 1 -->\n","protected":false},"excerpt":{"rendered":"","protected":false},"author":16,"featured_media":14757,"parent":30166,"menu_order":6,"comment_status":"closed","ping_status":"closed","template":"","meta":{"_acf_changed":false,"footnotes":""},"class_list":["post-30229","page","type-page","status-publish","has-post-thumbnail","hentry"],"acf":[],"yoast_head":"<!-- This site is optimized with the Yoast SEO plugin v27.4 - https:\/\/yoast.com\/product\/yoast-seo-wordpress\/ -->\n<title>Uz\u0146em\u0161ana klas\u0113 | Uz\u0146em\u0161ana | International School of Riga: Private IB School in Latvia<\/title>\n<meta name=\"robots\" content=\"index, follow, max-snippet:-1, max-image-preview:large, max-video-preview:-1\" \/>\n<link rel=\"canonical\" href=\"https:\/\/isriga.lv\/lv\/uznemsana\/uznemsana-klase\/\" \/>\n<meta property=\"og:locale\" content=\"lv_LV\" \/>\n<meta property=\"og:type\" content=\"article\" \/>\n<meta property=\"og:title\" content=\"Uz\u0146em\u0161ana klas\u0113 | Uz\u0146em\u0161ana | International School of Riga: Private IB School in Latvia\" \/>\n<meta property=\"og:url\" content=\"https:\/\/isriga.lv\/lv\/uznemsana\/uznemsana-klase\/\" \/>\n<meta property=\"og:site_name\" content=\"International School of Riga: Private IB School in Latvia\" \/>\n<meta property=\"article:publisher\" content=\"https:\/\/www.facebook.com\/isriga\" \/>\n<meta property=\"article:modified_time\" content=\"2026-04-14T12:31:53+00:00\" \/>\n<meta property=\"og:image\" content=\"https:\/\/isriga.lv\/wp-content\/uploads\/2019\/09\/ISR-featured-a1-1.png\" \/>\n\t<meta property=\"og:image:width\" content=\"1030\" \/>\n\t<meta property=\"og:image:height\" content=\"629\" \/>\n\t<meta property=\"og:image:type\" content=\"image\/png\" \/>\n<meta name=\"twitter:card\" content=\"summary_large_image\" \/>\n<meta name=\"twitter:label1\" content=\"Est. reading time\" \/>\n\t<meta name=\"twitter:data1\" content=\"4 minutes\" \/>\n<script type=\"application\/ld+json\" class=\"yoast-schema-graph\">{\"@context\":\"https:\\\/\\\/schema.org\",\"@graph\":[{\"@type\":\"WebPage\",\"@id\":\"https:\\\/\\\/isriga.lv\\\/lv\\\/uznemsana\\\/uznemsana-klase\\\/\",\"url\":\"https:\\\/\\\/isriga.lv\\\/lv\\\/uznemsana\\\/uznemsana-klase\\\/\",\"name\":\"Uz\u0146em\u0161ana klas\u0113 | Uz\u0146em\u0161ana | International School of Riga: Private IB School in Latvia\",\"isPartOf\":{\"@id\":\"https:\\\/\\\/isriga.lv\\\/#website\"},\"primaryImageOfPage\":{\"@id\":\"https:\\\/\\\/isriga.lv\\\/lv\\\/uznemsana\\\/uznemsana-klase\\\/#primaryimage\"},\"image\":{\"@id\":\"https:\\\/\\\/isriga.lv\\\/lv\\\/uznemsana\\\/uznemsana-klase\\\/#primaryimage\"},\"thumbnailUrl\":\"https:\\\/\\\/isriga.lv\\\/wp-content\\\/uploads\\\/2019\\\/09\\\/ISR-featured-a1-1.png\",\"datePublished\":\"2021-08-26T17:39:16+00:00\",\"dateModified\":\"2026-04-14T12:31:53+00:00\",\"breadcrumb\":{\"@id\":\"https:\\\/\\\/isriga.lv\\\/lv\\\/uznemsana\\\/uznemsana-klase\\\/#breadcrumb\"},\"inLanguage\":\"lv-LV\",\"potentialAction\":[{\"@type\":\"ReadAction\",\"target\":[\"https:\\\/\\\/isriga.lv\\\/lv\\\/uznemsana\\\/uznemsana-klase\\\/\"]}]},{\"@type\":\"ImageObject\",\"inLanguage\":\"lv-LV\",\"@id\":\"https:\\\/\\\/isriga.lv\\\/lv\\\/uznemsana\\\/uznemsana-klase\\\/#primaryimage\",\"url\":\"https:\\\/\\\/isriga.lv\\\/wp-content\\\/uploads\\\/2019\\\/09\\\/ISR-featured-a1-1.png\",\"contentUrl\":\"https:\\\/\\\/isriga.lv\\\/wp-content\\\/uploads\\\/2019\\\/09\\\/ISR-featured-a1-1.png\",\"width\":1030,\"height\":629},{\"@type\":\"BreadcrumbList\",\"@id\":\"https:\\\/\\\/isriga.lv\\\/lv\\\/uznemsana\\\/uznemsana-klase\\\/#breadcrumb\",\"itemListElement\":[{\"@type\":\"ListItem\",\"position\":1,\"name\":\"Home\",\"item\":\"https:\\\/\\\/isriga.lv\\\/lv\\\/sakums\\\/\"},{\"@type\":\"ListItem\",\"position\":2,\"name\":\"Uz\u0146em\u0161ana\",\"item\":\"https:\\\/\\\/isriga.lv\\\/lv\\\/uznemsana\\\/\"},{\"@type\":\"ListItem\",\"position\":3,\"name\":\"Uz\u0146em\u0161ana klas\u0113\"}]},{\"@type\":\"WebSite\",\"@id\":\"https:\\\/\\\/isriga.lv\\\/#website\",\"url\":\"https:\\\/\\\/isriga.lv\\\/\",\"name\":\"International School of Riga: Private IB School in Latvia\",\"description\":\"International School of Riga. Latvia.\",\"publisher\":{\"@id\":\"https:\\\/\\\/isriga.lv\\\/#organization\"},\"potentialAction\":[{\"@type\":\"SearchAction\",\"target\":{\"@type\":\"EntryPoint\",\"urlTemplate\":\"https:\\\/\\\/isriga.lv\\\/?s={search_term_string}\"},\"query-input\":{\"@type\":\"PropertyValueSpecification\",\"valueRequired\":true,\"valueName\":\"search_term_string\"}}],\"inLanguage\":\"lv-LV\"},{\"@type\":\"Organization\",\"@id\":\"https:\\\/\\\/isriga.lv\\\/#organization\",\"name\":\"International School of Riga: Private IB School in Riga\",\"url\":\"https:\\\/\\\/isriga.lv\\\/\",\"logo\":{\"@type\":\"ImageObject\",\"inLanguage\":\"lv-LV\",\"@id\":\"https:\\\/\\\/isriga.lv\\\/#\\\/schema\\\/logo\\\/image\\\/\",\"url\":\"https:\\\/\\\/isriga.lv\\\/wp-content\\\/uploads\\\/2017\\\/08\\\/isr-logo.png\",\"contentUrl\":\"https:\\\/\\\/isriga.lv\\\/wp-content\\\/uploads\\\/2017\\\/08\\\/isr-logo.png\",\"width\":628,\"height\":136,\"caption\":\"International School of Riga: Private IB School in Riga\"},\"image\":{\"@id\":\"https:\\\/\\\/isriga.lv\\\/#\\\/schema\\\/logo\\\/image\\\/\"},\"sameAs\":[\"https:\\\/\\\/www.facebook.com\\\/isriga\",\"https:\\\/\\\/www.instagram.com\\\/loveisriga\\\/\",\"https:\\\/\\\/www.youtube.com\\\/user\\\/isriga\"]}]}<\/script>\n<!-- \/ Yoast SEO plugin. -->","yoast_head_json":{"title":"Uz\u0146em\u0161ana klas\u0113 | Uz\u0146em\u0161ana | International School of Riga: Private IB School in Latvia","robots":{"index":"index","follow":"follow","max-snippet":"max-snippet:-1","max-image-preview":"max-image-preview:large","max-video-preview":"max-video-preview:-1"},"canonical":"https:\/\/isriga.lv\/lv\/uznemsana\/uznemsana-klase\/","og_locale":"lv_LV","og_type":"article","og_title":"Uz\u0146em\u0161ana klas\u0113 | Uz\u0146em\u0161ana | International School of Riga: Private IB School in Latvia","og_url":"https:\/\/isriga.lv\/lv\/uznemsana\/uznemsana-klase\/","og_site_name":"International School of Riga: Private IB School in Latvia","article_publisher":"https:\/\/www.facebook.com\/isriga","article_modified_time":"2026-04-14T12:31:53+00:00","og_image":[{"width":1030,"height":629,"url":"https:\/\/isriga.lv\/wp-content\/uploads\/2019\/09\/ISR-featured-a1-1.png","type":"image\/png"}],"twitter_card":"summary_large_image","twitter_misc":{"Est. reading time":"4 minutes"},"schema":{"@context":"https:\/\/schema.org","@graph":[{"@type":"WebPage","@id":"https:\/\/isriga.lv\/lv\/uznemsana\/uznemsana-klase\/","url":"https:\/\/isriga.lv\/lv\/uznemsana\/uznemsana-klase\/","name":"Uz\u0146em\u0161ana klas\u0113 | Uz\u0146em\u0161ana | International School of Riga: Private IB School in Latvia","isPartOf":{"@id":"https:\/\/isriga.lv\/#website"},"primaryImageOfPage":{"@id":"https:\/\/isriga.lv\/lv\/uznemsana\/uznemsana-klase\/#primaryimage"},"image":{"@id":"https:\/\/isriga.lv\/lv\/uznemsana\/uznemsana-klase\/#primaryimage"},"thumbnailUrl":"https:\/\/isriga.lv\/wp-content\/uploads\/2019\/09\/ISR-featured-a1-1.png","datePublished":"2021-08-26T17:39:16+00:00","dateModified":"2026-04-14T12:31:53+00:00","breadcrumb":{"@id":"https:\/\/isriga.lv\/lv\/uznemsana\/uznemsana-klase\/#breadcrumb"},"inLanguage":"lv-LV","potentialAction":[{"@type":"ReadAction","target":["https:\/\/isriga.lv\/lv\/uznemsana\/uznemsana-klase\/"]}]},{"@type":"ImageObject","inLanguage":"lv-LV","@id":"https:\/\/isriga.lv\/lv\/uznemsana\/uznemsana-klase\/#primaryimage","url":"https:\/\/isriga.lv\/wp-content\/uploads\/2019\/09\/ISR-featured-a1-1.png","contentUrl":"https:\/\/isriga.lv\/wp-content\/uploads\/2019\/09\/ISR-featured-a1-1.png","width":1030,"height":629},{"@type":"BreadcrumbList","@id":"https:\/\/isriga.lv\/lv\/uznemsana\/uznemsana-klase\/#breadcrumb","itemListElement":[{"@type":"ListItem","position":1,"name":"Home","item":"https:\/\/isriga.lv\/lv\/sakums\/"},{"@type":"ListItem","position":2,"name":"Uz\u0146em\u0161ana","item":"https:\/\/isriga.lv\/lv\/uznemsana\/"},{"@type":"ListItem","position":3,"name":"Uz\u0146em\u0161ana klas\u0113"}]},{"@type":"WebSite","@id":"https:\/\/isriga.lv\/#website","url":"https:\/\/isriga.lv\/","name":"International School of Riga: Private IB School in Latvia","description":"International School of Riga. Latvia.","publisher":{"@id":"https:\/\/isriga.lv\/#organization"},"potentialAction":[{"@type":"SearchAction","target":{"@type":"EntryPoint","urlTemplate":"https:\/\/isriga.lv\/?s={search_term_string}"},"query-input":{"@type":"PropertyValueSpecification","valueRequired":true,"valueName":"search_term_string"}}],"inLanguage":"lv-LV"},{"@type":"Organization","@id":"https:\/\/isriga.lv\/#organization","name":"International School of Riga: Private IB School in Riga","url":"https:\/\/isriga.lv\/","logo":{"@type":"ImageObject","inLanguage":"lv-LV","@id":"https:\/\/isriga.lv\/#\/schema\/logo\/image\/","url":"https:\/\/isriga.lv\/wp-content\/uploads\/2017\/08\/isr-logo.png","contentUrl":"https:\/\/isriga.lv\/wp-content\/uploads\/2017\/08\/isr-logo.png","width":628,"height":136,"caption":"International School of Riga: Private IB School in Riga"},"image":{"@id":"https:\/\/isriga.lv\/#\/schema\/logo\/image\/"},"sameAs":["https:\/\/www.facebook.com\/isriga","https:\/\/www.instagram.com\/loveisriga\/","https:\/\/www.youtube.com\/user\/isriga"]}]}},"_links":{"self":[{"href":"https:\/\/isriga.lv\/lv\/wp-json\/wp\/v2\/pages\/30229","targetHints":{"allow":["GET"]}}],"collection":[{"href":"https:\/\/isriga.lv\/lv\/wp-json\/wp\/v2\/pages"}],"about":[{"href":"https:\/\/isriga.lv\/lv\/wp-json\/wp\/v2\/types\/page"}],"author":[{"embeddable":true,"href":"https:\/\/isriga.lv\/lv\/wp-json\/wp\/v2\/users\/16"}],"replies":[{"embeddable":true,"href":"https:\/\/isriga.lv\/lv\/wp-json\/wp\/v2\/comments?post=30229"}],"version-history":[{"count":26,"href":"https:\/\/isriga.lv\/lv\/wp-json\/wp\/v2\/pages\/30229\/revisions"}],"predecessor-version":[{"id":45777,"href":"https:\/\/isriga.lv\/lv\/wp-json\/wp\/v2\/pages\/30229\/revisions\/45777"}],"up":[{"embeddable":true,"href":"https:\/\/isriga.lv\/lv\/wp-json\/wp\/v2\/pages\/30166"}],"wp:featuredmedia":[{"embeddable":true,"href":"https:\/\/isriga.lv\/lv\/wp-json\/wp\/v2\/media\/14757"}],"wp:attachment":[{"href":"https:\/\/isriga.lv\/lv\/wp-json\/wp\/v2\/media?parent=30229"}],"curies":[{"name":"wp","href":"https:\/\/api.w.org\/{rel}","templated":true}]}}