	
{"id":30206,"date":"2021-08-26T20:36:55","date_gmt":"2021-08-26T17:36:55","guid":{"rendered":"https:\/\/isriga.lv\/?page_id=30206"},"modified":"2026-02-06T11:11:15","modified_gmt":"2026-02-06T09:11:15","slug":"rss-uznemsanas-politika","status":"publish","type":"page","link":"https:\/\/isriga.lv\/lv\/uznemsana\/rss-uznemsanas-politika\/","title":{"rendered":"ISR uz\u0146em\u0161anas noteikumi"},"content":{"rendered":"<div id='av_section_1'  class='avia-section main_color avia-section-default avia-no-border-styling  av-parallax-section avia-bg-style-parallax  avia-builder-el-0  el_before_av_submenu  avia-builder-el-first  title-color-section  av-minimum-height av-minimum-height-50  container_wrap fullsize' style=' '  data-section-bg-repeat='no-repeat' data-av_minimum_height_pc='50'><div class='av-parallax' data-avia-parallax-ratio='0.3' ><div class='av-parallax-inner main_color  avia-full-stretch' style = 'background-repeat: no-repeat; background-image: url(https:\/\/isriga.lv\/wp-content\/uploads\/2019\/10\/Admissions-policy.png);background-attachment: scroll; background-position: top center; ' ><\/div><\/div><div class='container' ><main  role=\"main\" itemprop=\"mainContentOfPage\"  class='template-page content  av-content-full alpha units'><div class='post-entry post-entry-type-page post-entry-30206'><div class='entry-content-wrapper clearfix'>\n<div  style='padding-bottom:0px; color:#ffffff;font-size:60px;' class='av-special-heading av-special-heading-h6 custom-color-heading blockquote modern-quote  avia-builder-el-1  avia-builder-el-no-sibling  av-inherit-size '><h6 class='av-special-heading-tag  av-mini-font-size-overwrite av-mini-font-size-38'  itemprop=\"headline\"  >ISR<br \/>\nUZ\u0145EM\u0160ANAS<br \/>\nNOTEIKUMI<\/h6><div class='special-heading-border'><div class='special-heading-inner-border' style='border-color:#ffffff'><\/div><\/div><\/div>\n\n<\/div><\/div><\/main><!-- close content main element --><\/div><\/div><div id='sub_menu1'  class='av-submenu-container alternate_color  avia-builder-el-2  el_after_av_section  el_before_av_section  menu-below-headliner  submenu-not-first container_wrap fullsize' style='  z-index:301' ><div class='container av-menu-mobile-disabled '><ul id=\"menu-admissions-menu-lv\" class=\"av-subnav-menu av-submenu-pos-center\"><li id=\"menu-item-31184\" class=\"menu-item menu-item-type-post_type menu-item-object-page menu-item-top-level menu-item-top-level-1\"><a href=\"https:\/\/isriga.lv\/lv\/uznemsana\/laipni-ludzam\/\" itemprop=\"url\"><span class=\"avia-bullet\"><\/span><span class=\"avia-menu-text\">Laipni l\u016bdzam<\/span><span class=\"avia-menu-fx\"><span class=\"avia-arrow-wrap\"><span class=\"avia-arrow\"><\/span><\/span><\/span><\/a><\/li>\n<li id=\"menu-item-31185\" class=\"menu-item menu-item-type-post_type menu-item-object-page menu-item-top-level menu-item-top-level-2\"><a href=\"https:\/\/isriga.lv\/lv\/uznemsana\/open-house\/\" itemprop=\"url\"><span class=\"avia-bullet\"><\/span><span class=\"avia-menu-text\">Atv\u0113rto durvju dienas<\/span><span class=\"avia-menu-fx\"><span class=\"avia-arrow-wrap\"><span class=\"avia-arrow\"><\/span><\/span><\/span><\/a><\/li>\n<li id=\"menu-item-31186\" class=\"menu-item menu-item-type-post_type menu-item-object-page menu-item-top-level menu-item-top-level-3\"><a href=\"https:\/\/isriga.lv\/lv\/uznemsana\/why-isr\/\" itemprop=\"url\"><span class=\"avia-bullet\"><\/span><span class=\"avia-menu-text\">10 iemesli, k\u0101p\u0113c izv\u0113l\u0113ties ISR<\/span><span class=\"avia-menu-fx\"><span class=\"avia-arrow-wrap\"><span class=\"avia-arrow\"><\/span><\/span><\/span><\/a><\/li>\n<li id=\"menu-item-31187\" class=\"menu-item menu-item-type-post_type menu-item-object-page menu-item-top-level menu-item-top-level-4\"><a href=\"https:\/\/isriga.lv\/lv\/uznemsana\/rss-uznemsanas-politika\/\" itemprop=\"url\"><span class=\"avia-bullet\"><\/span><span class=\"avia-menu-text\">ISR uz\u0146em\u0161anas noteikumi<\/span><span class=\"avia-menu-fx\"><span class=\"avia-arrow-wrap\"><span class=\"avia-arrow\"><\/span><\/span><\/span><\/a><\/li>\n<li id=\"menu-item-31188\" class=\"menu-item menu-item-type-post_type menu-item-object-page menu-item-top-level menu-item-top-level-5\"><a href=\"https:\/\/isriga.lv\/lv\/uznemsana\/ka-pieteikties\/\" itemprop=\"url\"><span class=\"avia-bullet\"><\/span><span class=\"avia-menu-text\">K\u0101 pieteikties<\/span><span class=\"avia-menu-fx\"><span class=\"avia-arrow-wrap\"><span class=\"avia-arrow\"><\/span><\/span><\/span><\/a><\/li>\n<li id=\"menu-item-31189\" class=\"menu-item menu-item-type-post_type menu-item-object-page menu-item-top-level menu-item-top-level-6\"><a href=\"https:\/\/isriga.lv\/lv\/uznemsana\/studiju-maksa-un-citi-maksajumi\/\" itemprop=\"url\"><span class=\"avia-bullet\"><\/span><span class=\"avia-menu-text\">M\u0101c\u012bbu maksa un citi maks\u0101jumi<\/span><span class=\"avia-menu-fx\"><span class=\"avia-arrow-wrap\"><span class=\"avia-arrow\"><\/span><\/span><\/span><\/a><\/li>\n<li id=\"menu-item-31190\" class=\"menu-item menu-item-type-post_type menu-item-object-page menu-item-top-level menu-item-top-level-7\"><a href=\"https:\/\/isriga.lv\/lv\/uznemsana\/uznemsana-klase\/\" itemprop=\"url\"><span class=\"avia-bullet\"><\/span><span class=\"avia-menu-text\">Uz\u0146em\u0161ana klas\u0113<\/span><span class=\"avia-menu-fx\"><span class=\"avia-arrow-wrap\"><span class=\"avia-arrow\"><\/span><\/span><\/span><\/a><\/li>\n<li id=\"menu-item-31191\" class=\"menu-item menu-item-type-post_type menu-item-object-page menu-item-top-level menu-item-top-level-8\"><a href=\"https:\/\/isriga.lv\/lv\/uznemsana\/pieteikties-tiessaiste\/\" itemprop=\"url\"><span class=\"avia-bullet\"><\/span><span class=\"avia-menu-text\">Pieteikties tie\u0161saist\u0113<\/span><span class=\"avia-menu-fx\"><span class=\"avia-arrow-wrap\"><span class=\"avia-arrow\"><\/span><\/span><\/span><\/a><\/li>\n<\/ul><\/div><\/div>\n<div id='av_section_2'  class='avia-section main_color avia-section-default avia-no-border-styling  avia-bg-style-scroll  avia-builder-el-3  el_after_av_submenu  avia-builder-el-last   container_wrap fullsize' style=' '  ><div class='container' ><div class='template-page content  av-content-full alpha units'><div class='post-entry post-entry-type-page post-entry-30206'><div class='entry-content-wrapper clearfix'>\n<div class='flex_column_table av-equal-height-column-flextable -flextable' ><div class=\"flex_column av_one_full  flex_column_table_cell av-equal-height-column av-align-middle av-zero-column-padding first  avia-builder-el-4  avia-builder-el-no-sibling  \" style='border-radius:0px; '><section class=\"av_textblock_section \"  itemscope=\"itemscope\" itemtype=\"https:\/\/schema.org\/CreativeWork\" ><div class='avia_textblock  '  style='font-size:17px; '  itemprop=\"text\" ><p>M\u0113s esam cie\u0146pilna, uz m\u0101c\u012bb\u0101m v\u0113rsta kopiena, kur\u0101 katrs skol\u0113ns tiek iedvesmots sasniegt savu potenci\u0101lu un k\u013c\u016bt par \u0113tisku, p\u0101rliecin\u0101tu un starptautiski dom\u0101jo\u0161u r\u012btdienas pilsoni. ISR kopienu vieno kop\u012bga ap\u0146em\u0161an\u0101s pild\u012bt \u0161o misiju. Tas virza visus skolas dz\u012bves aspektus, ieskaitot skolas uz\u0146em\u0161anas k\u0101rt\u012bbu.<\/p>\n<p>R\u012bgas Starptautisk\u0101 skola ir bezpe\u013c\u0146as, visp\u0101rizgl\u012btojo\u0161a skola b\u0113rniem vecum\u0101 no 2 gadiem lidz 12. klasei. Visi pretendenti, kuri atbilst uz\u0146em\u0161anas politikas pras\u012bb\u0101m, tiks izskat\u012bti uz\u0146em\u0161anai vien\u0101di neatkar\u012bgi no vi\u0146u vecuma vai vec\u0101ku vecuma, dzimuma, seksu\u0101l\u0101s orient\u0101cijas, nacion\u0101l\u0101s izcelsmes, rases, \u0101das kr\u0101sas, reli\u0123ijas vai invalidit\u0101tes. K\u0101 starptautiski dom\u0101jo\u0161a kopiena m\u0113s paturam ties\u012bbas pie\u0146emt l\u0113mumus par katra b\u0113rna uz\u0146em\u0161anu, lai vairotu m\u016bsu m\u016bltikultur\u0101lo vidi. Skola nav apr\u012bkota, lai izgl\u012btotu b\u0113rnus ar vid\u0113ji smagiem vai smagiem m\u0101c\u012b\u0161an\u0101s vai fiziskajiem trauc\u0113jumiem.<\/p>\n<p><strong>Uz\u0146em\u0161ana ISR balst\u0101s uz augstiem m\u0101c\u012bbu sasniegumiem. Pieteik\u0161an\u0101s ir atv\u0113rta visiem skol\u0113niem, kuri g\u016btu labumu no sp\u0113c\u012bgas akad\u0113misk\u0101s un \u0101rpusskolas aktivit\u0101\u0161u programmas starptautisk\u0101 izgl\u012bt\u012bbs sist\u0113m\u0101. Veiksm\u012bgie pretendenti demonstr\u0113 augstu motiv\u0101cijas un neatlaid\u012bbas l\u012bmeni, tas jo \u012bpa\u0161i attiecas uz uz\u0146em\u0161anu vec\u0101kaj\u0101s klas\u0113s, k\u0101 ar\u012b, ja skol\u0113ns p\u0101riet uz ang\u013cu valodu no citas m\u0101c\u012bbu valodas.<\/strong><\/p>\n<p>M\u0113s mekl\u0113jam dinamiskus, atv\u0113rtus un atbild\u012bgus skol\u0113nus, kuri sniegs ieguld\u012bjumu m\u016bsu daudzveid\u012bgaj\u0101 skolas kopien\u0101 un kuru v\u0113lme m\u0101c\u012bties atbilst vi\u0146u entuziasma pilnai sadarb\u012bbai ar vienaud\u017eiem, skolas pasniedz\u0113jiem un darbiniekiem. M\u016bsu m\u0101c\u012bbu programma apzin\u0101ti aptver starptautisku perspekt\u012bvu, un m\u0113s aicin\u0101m skol\u0113nus piln\u012bb\u0101 izmantot iesp\u0113jas, kas vi\u0146iem pieejamas akad\u0113misko zin\u0101\u0161anu, \u0101rpusskolas aktivit\u0101\u0161u programmas, sabiedrisk\u0101 darba iesp\u0113jas kop\u0101 ar citiem skol\u0113niem no visas pasaules.<\/p>\n<p>K\u0101 <strong>sp\u0113c\u012bga un iek\u013caujo\u0161a kopiena<\/strong> m\u0113s sagaid\u0101m, ka \u0123imenes iesaist\u012bsies skolas dz\u012bv\u0113, atbalstot gan t\u0101s izgl\u012bt\u012bbas filozofiju, gan kopienas garu, gan sava b\u0113rna centienus. Pretendenta uz\u0146em\u0161ana ISR ir atkar\u012bga no atlases procesa atbilsto\u0161ajai vecuma grupai un vietu pieejam\u012bbai \u0161aj\u0101 grup\u0101\/klas\u0113. Prec\u012bzas inform\u0101cijas nesnieg\u0161ana vai zin\u0101mu m\u0101c\u012b\u0161an\u0101s trauc\u0113jumu neizpau\u0161ana var novest pie uz\u0146em\u0161anas atteikuma.<\/p>\n<p>Lai izskat\u012btu skol\u0113na pieteikumu, j\u0101iesniedz aizpild\u012bta <a href=\"https:\/\/isriga.lv\/lv\/uznemsana\/pieteikties-tiessaiste\/\">pieteikuma forma<\/a> un citi apliecino\u0161ie dokumenti, k\u0101 to pieprasa uz\u0146em\u0161anas noteikumi (skatiet <a href=\"https:\/\/isriga.lv\/admissions\/how-to-apply\/\">K\u0101 pieteikties<\/a>)<\/p>\n<p>Pretendentiem no 2. l\u012bdz 12. klasei j\u0101veic ar\u012b iest\u0101jp\u0101rbaud\u012bjums.<\/p>\n<p>Visi l\u0113mumi par skol\u0113nu uz\u0146em\u0161anu tiek pie\u0146emti kop\u0113j\u0101 Uz\u0146em\u0161anas komitejas sapulc\u0113, kas sast\u0101v no skolas administr\u0101cijas, skolot\u0101jiem un uz\u0146em\u0161anas noda\u013cas darbiniekiem. Visos jaut\u0101jumos, kas attiecas uz uz\u0146em\u0161anu, gal\u012bgais ir skolas direktora l\u0113mums.<\/p>\n<p>Gad\u012bjumos, kad tiek p\u0101rk\u0101pti un\/vai neiev\u0113roti skolas darb\u012bbu reglament\u0113jo\u0161ie akti, k\u0101 piem\u0113ram, Stat\u016bti un Skolas Rokasgr\u0101mata, ISR ir ties\u012bga lemt par biedru izsl\u0113g\u0161anu. Saska\u0146\u0101 ar ISR stat\u016btiem, biedr\u012bbas biedrs ir ikviens skolas skolnieks, kuru l\u012bdz 18 gadu vecumam p\u0101rst\u0101v t\u0101 vec\u0101ks\/-i vai likumiskais aizbildnis\/-i.<\/p>\n<p>L\u016bdzu, skat\u012bt: <a href=\"https:\/\/isriga.lv\/wp-content\/uploads\/2026\/02\/26-27-Admissions-Policy.pdf\">uz\u0146em\u0161anas noteikumi<\/a><\/p>\n<\/div><\/section><\/div><\/div><!--close column table wrapper. Autoclose: 1 -->\n","protected":false},"excerpt":{"rendered":"","protected":false},"author":16,"featured_media":14757,"parent":30166,"menu_order":3,"comment_status":"closed","ping_status":"closed","template":"","meta":{"_acf_changed":false,"footnotes":""},"class_list":["post-30206","page","type-page","status-publish","has-post-thumbnail","hentry"],"acf":[],"yoast_head":"<!-- This site is optimized with the Yoast SEO plugin v27.4 - https:\/\/yoast.com\/product\/yoast-seo-wordpress\/ -->\n<title>ISR uz\u0146em\u0161anas noteikumi | Uz\u0146em\u0161ana | International School of Riga: Private IB School in Latvia<\/title>\n<meta name=\"robots\" content=\"index, follow, max-snippet:-1, max-image-preview:large, max-video-preview:-1\" \/>\n<link rel=\"canonical\" href=\"https:\/\/isriga.lv\/lv\/uznemsana\/rss-uznemsanas-politika\/\" \/>\n<meta property=\"og:locale\" content=\"lv_LV\" \/>\n<meta property=\"og:type\" content=\"article\" \/>\n<meta property=\"og:title\" content=\"ISR uz\u0146em\u0161anas noteikumi | Uz\u0146em\u0161ana | International School of Riga: Private IB School in Latvia\" \/>\n<meta property=\"og:url\" content=\"https:\/\/isriga.lv\/lv\/uznemsana\/rss-uznemsanas-politika\/\" \/>\n<meta property=\"og:site_name\" content=\"International School of Riga: Private IB School in Latvia\" \/>\n<meta property=\"article:publisher\" content=\"https:\/\/www.facebook.com\/isriga\" \/>\n<meta property=\"article:modified_time\" content=\"2026-02-06T09:11:15+00:00\" \/>\n<meta property=\"og:image\" content=\"https:\/\/isriga.lv\/wp-content\/uploads\/2019\/09\/ISR-featured-a1-1.png\" \/>\n\t<meta property=\"og:image:width\" content=\"1030\" \/>\n\t<meta property=\"og:image:height\" content=\"629\" \/>\n\t<meta property=\"og:image:type\" content=\"image\/png\" \/>\n<meta name=\"twitter:card\" content=\"summary_large_image\" \/>\n<meta name=\"twitter:label1\" content=\"Est. reading time\" \/>\n\t<meta name=\"twitter:data1\" content=\"3 minutes\" \/>\n<script type=\"application\/ld+json\" class=\"yoast-schema-graph\">{\"@context\":\"https:\\\/\\\/schema.org\",\"@graph\":[{\"@type\":\"WebPage\",\"@id\":\"https:\\\/\\\/isriga.lv\\\/lv\\\/uznemsana\\\/rss-uznemsanas-politika\\\/\",\"url\":\"https:\\\/\\\/isriga.lv\\\/lv\\\/uznemsana\\\/rss-uznemsanas-politika\\\/\",\"name\":\"ISR uz\u0146em\u0161anas noteikumi | Uz\u0146em\u0161ana | International School of Riga: Private IB School in Latvia\",\"isPartOf\":{\"@id\":\"https:\\\/\\\/isriga.lv\\\/#website\"},\"primaryImageOfPage\":{\"@id\":\"https:\\\/\\\/isriga.lv\\\/lv\\\/uznemsana\\\/rss-uznemsanas-politika\\\/#primaryimage\"},\"image\":{\"@id\":\"https:\\\/\\\/isriga.lv\\\/lv\\\/uznemsana\\\/rss-uznemsanas-politika\\\/#primaryimage\"},\"thumbnailUrl\":\"https:\\\/\\\/isriga.lv\\\/wp-content\\\/uploads\\\/2019\\\/09\\\/ISR-featured-a1-1.png\",\"datePublished\":\"2021-08-26T17:36:55+00:00\",\"dateModified\":\"2026-02-06T09:11:15+00:00\",\"breadcrumb\":{\"@id\":\"https:\\\/\\\/isriga.lv\\\/lv\\\/uznemsana\\\/rss-uznemsanas-politika\\\/#breadcrumb\"},\"inLanguage\":\"lv-LV\",\"potentialAction\":[{\"@type\":\"ReadAction\",\"target\":[\"https:\\\/\\\/isriga.lv\\\/lv\\\/uznemsana\\\/rss-uznemsanas-politika\\\/\"]}]},{\"@type\":\"ImageObject\",\"inLanguage\":\"lv-LV\",\"@id\":\"https:\\\/\\\/isriga.lv\\\/lv\\\/uznemsana\\\/rss-uznemsanas-politika\\\/#primaryimage\",\"url\":\"https:\\\/\\\/isriga.lv\\\/wp-content\\\/uploads\\\/2019\\\/09\\\/ISR-featured-a1-1.png\",\"contentUrl\":\"https:\\\/\\\/isriga.lv\\\/wp-content\\\/uploads\\\/2019\\\/09\\\/ISR-featured-a1-1.png\",\"width\":1030,\"height\":629},{\"@type\":\"BreadcrumbList\",\"@id\":\"https:\\\/\\\/isriga.lv\\\/lv\\\/uznemsana\\\/rss-uznemsanas-politika\\\/#breadcrumb\",\"itemListElement\":[{\"@type\":\"ListItem\",\"position\":1,\"name\":\"Home\",\"item\":\"https:\\\/\\\/isriga.lv\\\/lv\\\/sakums\\\/\"},{\"@type\":\"ListItem\",\"position\":2,\"name\":\"Uz\u0146em\u0161ana\",\"item\":\"https:\\\/\\\/isriga.lv\\\/lv\\\/uznemsana\\\/\"},{\"@type\":\"ListItem\",\"position\":3,\"name\":\"ISR uz\u0146em\u0161anas noteikumi\"}]},{\"@type\":\"WebSite\",\"@id\":\"https:\\\/\\\/isriga.lv\\\/#website\",\"url\":\"https:\\\/\\\/isriga.lv\\\/\",\"name\":\"International School of Riga: Private IB School in Latvia\",\"description\":\"International School of Riga. Latvia.\",\"publisher\":{\"@id\":\"https:\\\/\\\/isriga.lv\\\/#organization\"},\"potentialAction\":[{\"@type\":\"SearchAction\",\"target\":{\"@type\":\"EntryPoint\",\"urlTemplate\":\"https:\\\/\\\/isriga.lv\\\/?s={search_term_string}\"},\"query-input\":{\"@type\":\"PropertyValueSpecification\",\"valueRequired\":true,\"valueName\":\"search_term_string\"}}],\"inLanguage\":\"lv-LV\"},{\"@type\":\"Organization\",\"@id\":\"https:\\\/\\\/isriga.lv\\\/#organization\",\"name\":\"International School of Riga: Private IB School in Riga\",\"url\":\"https:\\\/\\\/isriga.lv\\\/\",\"logo\":{\"@type\":\"ImageObject\",\"inLanguage\":\"lv-LV\",\"@id\":\"https:\\\/\\\/isriga.lv\\\/#\\\/schema\\\/logo\\\/image\\\/\",\"url\":\"https:\\\/\\\/isriga.lv\\\/wp-content\\\/uploads\\\/2017\\\/08\\\/isr-logo.png\",\"contentUrl\":\"https:\\\/\\\/isriga.lv\\\/wp-content\\\/uploads\\\/2017\\\/08\\\/isr-logo.png\",\"width\":628,\"height\":136,\"caption\":\"International School of Riga: Private IB School in Riga\"},\"image\":{\"@id\":\"https:\\\/\\\/isriga.lv\\\/#\\\/schema\\\/logo\\\/image\\\/\"},\"sameAs\":[\"https:\\\/\\\/www.facebook.com\\\/isriga\",\"https:\\\/\\\/www.instagram.com\\\/loveisriga\\\/\",\"https:\\\/\\\/www.youtube.com\\\/user\\\/isriga\"]}]}<\/script>\n<!-- \/ Yoast SEO plugin. -->","yoast_head_json":{"title":"ISR uz\u0146em\u0161anas noteikumi | Uz\u0146em\u0161ana | International School of Riga: Private IB School in Latvia","robots":{"index":"index","follow":"follow","max-snippet":"max-snippet:-1","max-image-preview":"max-image-preview:large","max-video-preview":"max-video-preview:-1"},"canonical":"https:\/\/isriga.lv\/lv\/uznemsana\/rss-uznemsanas-politika\/","og_locale":"lv_LV","og_type":"article","og_title":"ISR uz\u0146em\u0161anas noteikumi | Uz\u0146em\u0161ana | International School of Riga: Private IB School in Latvia","og_url":"https:\/\/isriga.lv\/lv\/uznemsana\/rss-uznemsanas-politika\/","og_site_name":"International School of Riga: Private IB School in Latvia","article_publisher":"https:\/\/www.facebook.com\/isriga","article_modified_time":"2026-02-06T09:11:15+00:00","og_image":[{"width":1030,"height":629,"url":"https:\/\/isriga.lv\/wp-content\/uploads\/2019\/09\/ISR-featured-a1-1.png","type":"image\/png"}],"twitter_card":"summary_large_image","twitter_misc":{"Est. reading time":"3 minutes"},"schema":{"@context":"https:\/\/schema.org","@graph":[{"@type":"WebPage","@id":"https:\/\/isriga.lv\/lv\/uznemsana\/rss-uznemsanas-politika\/","url":"https:\/\/isriga.lv\/lv\/uznemsana\/rss-uznemsanas-politika\/","name":"ISR uz\u0146em\u0161anas noteikumi | Uz\u0146em\u0161ana | International School of Riga: Private IB School in Latvia","isPartOf":{"@id":"https:\/\/isriga.lv\/#website"},"primaryImageOfPage":{"@id":"https:\/\/isriga.lv\/lv\/uznemsana\/rss-uznemsanas-politika\/#primaryimage"},"image":{"@id":"https:\/\/isriga.lv\/lv\/uznemsana\/rss-uznemsanas-politika\/#primaryimage"},"thumbnailUrl":"https:\/\/isriga.lv\/wp-content\/uploads\/2019\/09\/ISR-featured-a1-1.png","datePublished":"2021-08-26T17:36:55+00:00","dateModified":"2026-02-06T09:11:15+00:00","breadcrumb":{"@id":"https:\/\/isriga.lv\/lv\/uznemsana\/rss-uznemsanas-politika\/#breadcrumb"},"inLanguage":"lv-LV","potentialAction":[{"@type":"ReadAction","target":["https:\/\/isriga.lv\/lv\/uznemsana\/rss-uznemsanas-politika\/"]}]},{"@type":"ImageObject","inLanguage":"lv-LV","@id":"https:\/\/isriga.lv\/lv\/uznemsana\/rss-uznemsanas-politika\/#primaryimage","url":"https:\/\/isriga.lv\/wp-content\/uploads\/2019\/09\/ISR-featured-a1-1.png","contentUrl":"https:\/\/isriga.lv\/wp-content\/uploads\/2019\/09\/ISR-featured-a1-1.png","width":1030,"height":629},{"@type":"BreadcrumbList","@id":"https:\/\/isriga.lv\/lv\/uznemsana\/rss-uznemsanas-politika\/#breadcrumb","itemListElement":[{"@type":"ListItem","position":1,"name":"Home","item":"https:\/\/isriga.lv\/lv\/sakums\/"},{"@type":"ListItem","position":2,"name":"Uz\u0146em\u0161ana","item":"https:\/\/isriga.lv\/lv\/uznemsana\/"},{"@type":"ListItem","position":3,"name":"ISR uz\u0146em\u0161anas noteikumi"}]},{"@type":"WebSite","@id":"https:\/\/isriga.lv\/#website","url":"https:\/\/isriga.lv\/","name":"International School of Riga: Private IB School in Latvia","description":"International School of Riga. Latvia.","publisher":{"@id":"https:\/\/isriga.lv\/#organization"},"potentialAction":[{"@type":"SearchAction","target":{"@type":"EntryPoint","urlTemplate":"https:\/\/isriga.lv\/?s={search_term_string}"},"query-input":{"@type":"PropertyValueSpecification","valueRequired":true,"valueName":"search_term_string"}}],"inLanguage":"lv-LV"},{"@type":"Organization","@id":"https:\/\/isriga.lv\/#organization","name":"International School of Riga: Private IB School in Riga","url":"https:\/\/isriga.lv\/","logo":{"@type":"ImageObject","inLanguage":"lv-LV","@id":"https:\/\/isriga.lv\/#\/schema\/logo\/image\/","url":"https:\/\/isriga.lv\/wp-content\/uploads\/2017\/08\/isr-logo.png","contentUrl":"https:\/\/isriga.lv\/wp-content\/uploads\/2017\/08\/isr-logo.png","width":628,"height":136,"caption":"International School of Riga: Private IB School in Riga"},"image":{"@id":"https:\/\/isriga.lv\/#\/schema\/logo\/image\/"},"sameAs":["https:\/\/www.facebook.com\/isriga","https:\/\/www.instagram.com\/loveisriga\/","https:\/\/www.youtube.com\/user\/isriga"]}]}},"_links":{"self":[{"href":"https:\/\/isriga.lv\/lv\/wp-json\/wp\/v2\/pages\/30206","targetHints":{"allow":["GET"]}}],"collection":[{"href":"https:\/\/isriga.lv\/lv\/wp-json\/wp\/v2\/pages"}],"about":[{"href":"https:\/\/isriga.lv\/lv\/wp-json\/wp\/v2\/types\/page"}],"author":[{"embeddable":true,"href":"https:\/\/isriga.lv\/lv\/wp-json\/wp\/v2\/users\/16"}],"replies":[{"embeddable":true,"href":"https:\/\/isriga.lv\/lv\/wp-json\/wp\/v2\/comments?post=30206"}],"version-history":[{"count":8,"href":"https:\/\/isriga.lv\/lv\/wp-json\/wp\/v2\/pages\/30206\/revisions"}],"predecessor-version":[{"id":45456,"href":"https:\/\/isriga.lv\/lv\/wp-json\/wp\/v2\/pages\/30206\/revisions\/45456"}],"up":[{"embeddable":true,"href":"https:\/\/isriga.lv\/lv\/wp-json\/wp\/v2\/pages\/30166"}],"wp:featuredmedia":[{"embeddable":true,"href":"https:\/\/isriga.lv\/lv\/wp-json\/wp\/v2\/media\/14757"}],"wp:attachment":[{"href":"https:\/\/isriga.lv\/lv\/wp-json\/wp\/v2\/media?parent=30206"}],"curies":[{"name":"wp","href":"https:\/\/api.w.org\/{rel}","templated":true}]}}