	
{"id":30179,"date":"2021-02-23T13:18:31","date_gmt":"2021-02-23T11:18:31","guid":{"rendered":"https:\/\/isriga.lv\/?page_id=30179"},"modified":"2026-04-02T13:26:32","modified_gmt":"2026-04-02T10:26:32","slug":"open-house","status":"publish","type":"page","link":"https:\/\/isriga.lv\/lv\/uznemsana\/open-house\/","title":{"rendered":"Atv\u0113rto durvju dienas"},"content":{"rendered":"<div id='av_section_1'  class='avia-section main_color avia-section-default avia-no-border-styling  av-parallax-section av-section-color-overlay-active avia-bg-style-parallax  avia-builder-el-0  el_before_av_submenu  avia-builder-el-first  title-color-section  av-minimum-height av-minimum-height-50  container_wrap fullsize' style=' '  data-section-bg-repeat='no-repeat' data-av_minimum_height_pc='50'><div class='av-parallax' data-avia-parallax-ratio='0.3' ><div class='av-parallax-inner main_color  avia-full-stretch' style = 'background-repeat: no-repeat; background-image: url(https:\/\/isriga.lv\/wp-content\/uploads\/2021\/02\/banner.jpg);background-attachment: scroll; background-position: top left; ' ><\/div><\/div><div class='av-section-color-overlay-wrap'><div class='av-section-color-overlay' style='opacity: 0.1; background-color: #0a0a0a; '><\/div><div class='container' ><main  role=\"main\" itemprop=\"mainContentOfPage\"  class='template-page content  av-content-full alpha units'><div class='post-entry post-entry-type-page post-entry-30179'><div class='entry-content-wrapper clearfix'>\n<div  style='padding-bottom:0px; color:#ffffff;font-size:60px;' class='av-special-heading av-special-heading-h3 custom-color-heading blockquote modern-quote  avia-builder-el-1  avia-builder-el-no-sibling  av-inherit-size '><h3 class='av-special-heading-tag  av-mini-font-size-overwrite av-mini-font-size-38'  itemprop=\"headline\"  >ATV\u0112RTO<br \/>\nDURVJU<br \/>\nDIENAS<\/h3><div class='special-heading-border'><div class='special-heading-inner-border' style='border-color:#ffffff'><\/div><\/div><\/div>\n\n<\/div><\/div><\/main><!-- close content main element --><\/div><\/div><\/div><div id='sub_menu1'  class='av-submenu-container alternate_color  avia-builder-el-2  el_after_av_section  el_before_av_one_full  menu-below-headliner  submenu-not-first container_wrap fullsize' style='  z-index:301' ><div class='container av-menu-mobile-disabled '><ul id=\"menu-admissions-menu-lv\" class=\"av-subnav-menu av-submenu-pos-center\"><li id=\"menu-item-31184\" class=\"menu-item menu-item-type-post_type menu-item-object-page menu-item-top-level menu-item-top-level-1\"><a href=\"https:\/\/isriga.lv\/lv\/uznemsana\/laipni-ludzam\/\" itemprop=\"url\"><span class=\"avia-bullet\"><\/span><span class=\"avia-menu-text\">Laipni l\u016bdzam<\/span><span class=\"avia-menu-fx\"><span class=\"avia-arrow-wrap\"><span class=\"avia-arrow\"><\/span><\/span><\/span><\/a><\/li>\n<li id=\"menu-item-31185\" class=\"menu-item menu-item-type-post_type menu-item-object-page menu-item-top-level menu-item-top-level-2\"><a href=\"https:\/\/isriga.lv\/lv\/uznemsana\/open-house\/\" itemprop=\"url\"><span class=\"avia-bullet\"><\/span><span class=\"avia-menu-text\">Atv\u0113rto durvju dienas<\/span><span class=\"avia-menu-fx\"><span class=\"avia-arrow-wrap\"><span class=\"avia-arrow\"><\/span><\/span><\/span><\/a><\/li>\n<li id=\"menu-item-31186\" class=\"menu-item menu-item-type-post_type menu-item-object-page menu-item-top-level menu-item-top-level-3\"><a href=\"https:\/\/isriga.lv\/lv\/uznemsana\/why-isr\/\" itemprop=\"url\"><span class=\"avia-bullet\"><\/span><span class=\"avia-menu-text\">10 iemesli, k\u0101p\u0113c izv\u0113l\u0113ties ISR<\/span><span class=\"avia-menu-fx\"><span class=\"avia-arrow-wrap\"><span class=\"avia-arrow\"><\/span><\/span><\/span><\/a><\/li>\n<li id=\"menu-item-31187\" class=\"menu-item menu-item-type-post_type menu-item-object-page menu-item-top-level menu-item-top-level-4\"><a href=\"https:\/\/isriga.lv\/lv\/uznemsana\/rss-uznemsanas-politika\/\" itemprop=\"url\"><span class=\"avia-bullet\"><\/span><span class=\"avia-menu-text\">ISR uz\u0146em\u0161anas noteikumi<\/span><span class=\"avia-menu-fx\"><span class=\"avia-arrow-wrap\"><span class=\"avia-arrow\"><\/span><\/span><\/span><\/a><\/li>\n<li id=\"menu-item-31188\" class=\"menu-item menu-item-type-post_type menu-item-object-page menu-item-top-level menu-item-top-level-5\"><a href=\"https:\/\/isriga.lv\/lv\/uznemsana\/ka-pieteikties\/\" itemprop=\"url\"><span class=\"avia-bullet\"><\/span><span class=\"avia-menu-text\">K\u0101 pieteikties<\/span><span class=\"avia-menu-fx\"><span class=\"avia-arrow-wrap\"><span class=\"avia-arrow\"><\/span><\/span><\/span><\/a><\/li>\n<li id=\"menu-item-31189\" class=\"menu-item menu-item-type-post_type menu-item-object-page menu-item-top-level menu-item-top-level-6\"><a href=\"https:\/\/isriga.lv\/lv\/uznemsana\/studiju-maksa-un-citi-maksajumi\/\" itemprop=\"url\"><span class=\"avia-bullet\"><\/span><span class=\"avia-menu-text\">M\u0101c\u012bbu maksa un citi maks\u0101jumi<\/span><span class=\"avia-menu-fx\"><span class=\"avia-arrow-wrap\"><span class=\"avia-arrow\"><\/span><\/span><\/span><\/a><\/li>\n<li id=\"menu-item-31190\" class=\"menu-item menu-item-type-post_type menu-item-object-page menu-item-top-level menu-item-top-level-7\"><a href=\"https:\/\/isriga.lv\/lv\/uznemsana\/uznemsana-klase\/\" itemprop=\"url\"><span class=\"avia-bullet\"><\/span><span class=\"avia-menu-text\">Uz\u0146em\u0161ana klas\u0113<\/span><span class=\"avia-menu-fx\"><span class=\"avia-arrow-wrap\"><span class=\"avia-arrow\"><\/span><\/span><\/span><\/a><\/li>\n<li id=\"menu-item-31191\" class=\"menu-item menu-item-type-post_type menu-item-object-page menu-item-top-level menu-item-top-level-8\"><a href=\"https:\/\/isriga.lv\/lv\/uznemsana\/pieteikties-tiessaiste\/\" itemprop=\"url\"><span class=\"avia-bullet\"><\/span><span class=\"avia-menu-text\">Pieteikties tie\u0161saist\u0113<\/span><span class=\"avia-menu-fx\"><span class=\"avia-arrow-wrap\"><span class=\"avia-arrow\"><\/span><\/span><\/span><\/a><\/li>\n<\/ul><\/div><\/div><div id='after_submenu'  class='main_color av_default_container_wrap container_wrap fullsize' style=' '  ><div class='container' ><div class='template-page content  av-content-full alpha units'><div class='post-entry post-entry-type-page post-entry-30179'><div class='entry-content-wrapper clearfix'>\n<div class='flex_column_table av-equal-height-column-flextable -flextable' ><div class=\"flex_column av_one_full  flex_column_table_cell av-equal-height-column av-align-top av-zero-column-padding first  avia-builder-el-3  el_after_av_submenu  el_before_av_section  avia-builder-el-no-sibling  \" style='border-radius:0px; '><section class=\"av_textblock_section \"  itemscope=\"itemscope\" itemtype=\"https:\/\/schema.org\/CreativeWork\" ><div class='avia_textblock staff-content-name-box '   itemprop=\"text\" ><h2><strong>ATV\u0112RTO DURVJU DIENAS<\/strong><\/h2>\n<p><span style=\"font-weight: 400;\">R\u012bgas Starptautiskaj\u0101 skol\u0101 (ISR) m\u0113s saprotam, ka <strong>pareiz\u0101s skolas izv\u0113le ir viens no svar\u012bg\u0101kajiem l\u0113mumiem,<\/strong>\u00a0ko pie\u0146ems \u0123imene, un t\u0101d\u0113\u013c m\u0113\u0123inam atbalst\u012bt visas m\u016bsu \u0123imenes \u0161aj\u0101 proces\u0101 pied\u0101v\u0101jot ieskat\u012bties skolas ikdien\u0101.\u00a0<\/span><\/p>\n<p><span style=\"font-weight: 400;\">Lai pal\u012bdz\u0113tu \u0123imen\u0113m pie\u0146emt \u0161o iz\u0161\u0137iro\u0161o l\u0113mumu, <strong>ISR bie\u017ei organiz\u0113 virtu\u0101l\u0101s atv\u0113rto durvju dienas<\/strong>, kur\u0101s \u0123imenes var satikt akad\u0113misk\u0101s komandas locek\u013cus, skol\u0113nus un vec\u0101kus, uzzin\u0101t vair\u0101k par m\u016bsu izgl\u012bt\u012bbas programm\u0101m, m\u016bsu fantastisko kopienu un to, kas padara ISR tik \u012bpa\u0161u vietu skol\u0113niem.<\/span><\/p>\n<h2><strong>Atv\u0113rto durvju dienas kl\u0101tien\u0113 Skanstes iel\u0101 27:<\/strong><\/h2>\n<ul>\n<li>23. apr\u012blis, 8:30-10:30\u00a0 &#8211; <a href=\"https:\/\/docs.google.com\/forms\/d\/e\/1FAIpQLSepLm7V3WisBCLy_U8LF7O4dSp9UgNM-VcvmY2i1zI33svFOA\/viewform?usp=dialog\">RE\u0122ISTR\u0112JIES \u0160EIT<\/a><\/li>\n<li>9. maijs, 10:00-12:00\u00a0 &#8211; <a href=\"https:\/\/docs.google.com\/forms\/d\/e\/1FAIpQLSepLm7V3WisBCLy_U8LF7O4dSp9UgNM-VcvmY2i1zI33svFOA\/viewform?usp=dialog\">RE\u0122ISTR\u0112JIES \u0160EIT<\/a><\/li>\n<\/ul>\n<h2><strong>Virtu\u0101l\u0101s atv\u0113rto durvju dienas<\/strong>:<\/h2>\n<ul>\n<li>Inform\u0101cija sekos<\/li>\n<\/ul>\n<p><span style=\"font-weight: 400;\">Papildu inform\u0101cijai l\u016bdzam sazin\u0101ties ar m\u016bsu uz\u0146em\u0161anas noda\u013cu: <\/span><i><span style=\"font-weight: 400;\">a&#100;&#109;&#x69;&#x73;si&#111;&#110;&#x73;&#x40;is&#114;&#105;&#x67;&#x61;&#46;l&#118; vai\u00a0+371 2511 9337<\/span><\/i><\/p>\n<\/div><\/section><\/div><\/div><!--close column table wrapper. Autoclose: 1 --><\/div><\/div><\/div><!-- close content main div --><\/div><\/div><div id='column-push-pull-mobile'  class='avia-section main_color avia-section-default avia-no-border-styling  avia-bg-style-scroll  avia-builder-el-5  el_after_av_one_full  avia-builder-el-last   av-desktop-hide av-medium-hide av-small-hide av-mini-hide container_wrap fullsize' style=' '  ><div class='container' ><div class='template-page content  av-content-full alpha units'><div class='post-entry post-entry-type-page post-entry-30179'><div class='entry-content-wrapper clearfix'>\n<div class='flex_column_table av-equal-height-column-flextable -flextable' ><div class=\"flex_column av_one_half  flex_column_table_cell av-equal-height-column av-align-middle av-zero-column-padding first  avia-builder-el-6  el_before_av_one_half  avia-builder-el-first  \" style='border-radius:0px; '><section class=\"av_textblock_section \"  itemscope=\"itemscope\" itemtype=\"https:\/\/schema.org\/CreativeWork\" ><div class='avia_textblock  '  style='font-size:17px; '  itemprop=\"text\" ><div class='avia-iframe-wrap'><iframe loading=\"lazy\" title=\"LVcaptionns SKspeach\" width=\"1500\" height=\"844\" src=\"https:\/\/www.youtube.com\/embed\/TD3_AxLGsFQ?feature=oembed\" frameborder=\"0\" allow=\"accelerometer; autoplay; clipboard-write; encrypted-media; gyroscope; picture-in-picture; web-share\" referrerpolicy=\"strict-origin-when-cross-origin\" allowfullscreen><\/iframe><\/div>\n<h3><b>Direktora uzruna<\/b><\/h3>\n<\/div><\/section><\/div><div class='av-flex-placeholder'><\/div><div class=\"flex_column av_one_half  flex_column_table_cell av-equal-height-column av-align-middle av-zero-column-padding   avia-builder-el-8  el_after_av_one_half  el_before_av_one_half  \" style='border-radius:0px; '><section class=\"av_textblock_section \"  itemscope=\"itemscope\" itemtype=\"https:\/\/schema.org\/CreativeWork\" ><div class='avia_textblock  '  style='font-size:17px; '  itemprop=\"text\" ><div class='avia-iframe-wrap'><iframe loading=\"lazy\" title=\"LVcaptions schoolInfo\" width=\"1500\" height=\"844\" src=\"https:\/\/www.youtube.com\/embed\/UCdPNtQ9EUg?feature=oembed\" frameborder=\"0\" allow=\"accelerometer; autoplay; clipboard-write; encrypted-media; gyroscope; picture-in-picture; web-share\" referrerpolicy=\"strict-origin-when-cross-origin\" allowfullscreen><\/iframe><\/div>\n<h3><b>\u012asum\u0101 par ISR<\/b><\/h3>\n<h3><\/h3>\n<\/div><\/section><\/div><\/div><!--close column table wrapper. Autoclose: 1 --><div class='flex_column_table av-equal-height-column-flextable -flextable' ><div class=\"flex_column av_one_half  flex_column_table_cell av-equal-height-column av-align-middle av-zero-column-padding first  avia-builder-el-10  el_after_av_one_half  el_before_av_one_half  column-top-margin\" style='border-radius:0px; '><section class=\"av_textblock_section \"  itemscope=\"itemscope\" itemtype=\"https:\/\/schema.org\/CreativeWork\" ><div class='avia_textblock  '  style='font-size:17px; '  itemprop=\"text\" ><div class='avia-iframe-wrap'><iframe loading=\"lazy\" title=\"LVcaptions primary\" width=\"1500\" height=\"844\" src=\"https:\/\/www.youtube.com\/embed\/2GvVSol4gHw?feature=oembed\" frameborder=\"0\" allow=\"accelerometer; autoplay; clipboard-write; encrypted-media; gyroscope; picture-in-picture; web-share\" referrerpolicy=\"strict-origin-when-cross-origin\" allowfullscreen><\/iframe><\/div>\n<h3><b>Pirmsskolas un s\u0101kumskolas prezent\u0101cija<\/b><\/h3>\n<\/div><\/section><\/div><div class='av-flex-placeholder'><\/div><div class=\"flex_column av_one_half  flex_column_table_cell av-equal-height-column av-align-middle av-zero-column-padding   avia-builder-el-12  el_after_av_one_half  el_before_av_one_half  column-top-margin\" style='border-radius:0px; '><section class=\"av_textblock_section \"  itemscope=\"itemscope\" itemtype=\"https:\/\/schema.org\/CreativeWork\" ><div class='avia_textblock  '  style='font-size:17px; '  itemprop=\"text\" ><div class='avia-iframe-wrap'><iframe loading=\"lazy\" title=\"LVcaptions Secondary\" width=\"1500\" height=\"844\" src=\"https:\/\/www.youtube.com\/embed\/nJjgxASL9uo?feature=oembed\" frameborder=\"0\" allow=\"accelerometer; autoplay; clipboard-write; encrypted-media; gyroscope; picture-in-picture; web-share\" referrerpolicy=\"strict-origin-when-cross-origin\" allowfullscreen><\/iframe><\/div>\n<h3><b>Pamatskolas un vidusskolas prezent\u0101cija<\/b><\/h3>\n<\/div><\/section><\/div><\/div><!--close column table wrapper. Autoclose: 1 --><div class='flex_column_table av-equal-height-column-flextable -flextable' ><div class=\"flex_column av_one_half  flex_column_table_cell av-equal-height-column av-align-middle av-zero-column-padding first  avia-builder-el-14  el_after_av_one_half  el_before_av_one_half  column-top-margin\" style='border-radius:0px; '><section class=\"av_textblock_section \"  itemscope=\"itemscope\" itemtype=\"https:\/\/schema.org\/CreativeWork\" ><div class='avia_textblock  '  style='font-size:17px; '  itemprop=\"text\" ><div class='avia-iframe-wrap'><iframe loading=\"lazy\" title=\"LVcaptions students life\" width=\"1500\" height=\"844\" src=\"https:\/\/www.youtube.com\/embed\/z_0DpgKlQAE?feature=oembed\" frameborder=\"0\" allow=\"accelerometer; autoplay; clipboard-write; encrypted-media; gyroscope; picture-in-picture; web-share\" referrerpolicy=\"strict-origin-when-cross-origin\" allowfullscreen><\/iframe><\/div>\n<h3><b>Skol\u0113nu dz\u012bve<\/b><\/h3>\n<\/div><\/section><\/div><div class='av-flex-placeholder'><\/div><div class=\"flex_column av_one_half  flex_column_table_cell av-equal-height-column av-align-middle av-zero-column-padding   avia-builder-el-16  el_after_av_one_half  el_before_av_one_half  column-top-margin\" style='border-radius:0px; '><section class=\"av_textblock_section \"  itemscope=\"itemscope\" itemtype=\"https:\/\/schema.org\/CreativeWork\" ><div class='avia_textblock  '  style='font-size:17px; '  itemprop=\"text\" ><div class='avia-iframe-wrap'><iframe loading=\"lazy\" title=\"LVcaptions students life\" width=\"1500\" height=\"844\" src=\"https:\/\/www.youtube.com\/embed\/z_0DpgKlQAE?feature=oembed\" frameborder=\"0\" allow=\"accelerometer; autoplay; clipboard-write; encrypted-media; gyroscope; picture-in-picture; web-share\" referrerpolicy=\"strict-origin-when-cross-origin\" allowfullscreen><\/iframe><\/div>\n<h3><b>Skol\u0113nu, absolventu un vec\u0101ku perspekt\u012bva<\/b><\/h3>\n<\/div><\/section><\/div><\/div><!--close column table wrapper. Autoclose: 1 --><div class='flex_column_table av-equal-height-column-flextable -flextable' ><div class=\"flex_column av_one_half  flex_column_table_cell av-equal-height-column av-align-middle av-zero-column-padding first  avia-builder-el-18  el_after_av_one_half  el_before_av_one_half  column-top-margin\" style='border-radius:0px; '><section class=\"av_textblock_section \"  itemscope=\"itemscope\" itemtype=\"https:\/\/schema.org\/CreativeWork\" ><div class='avia_textblock  '  style='font-size:17px; '  itemprop=\"text\" ><div class='avia-iframe-wrap'><iframe loading=\"lazy\" title=\"LVcaptions admissions\" width=\"1500\" height=\"844\" src=\"https:\/\/www.youtube.com\/embed\/Ql9EovB7PBU?feature=oembed\" frameborder=\"0\" allow=\"accelerometer; autoplay; clipboard-write; encrypted-media; gyroscope; picture-in-picture; web-share\" referrerpolicy=\"strict-origin-when-cross-origin\" allowfullscreen><\/iframe><\/div>\n<h3><b>Uz\u0146em\u0161anas k\u0101rt\u012bba<\/b><\/h3>\n<\/div><\/section><\/div><div class='av-flex-placeholder'><\/div><div class=\"flex_column av_one_half  flex_column_table_cell av-equal-height-column av-align-middle av-zero-column-padding   avia-builder-el-20  el_after_av_one_half  avia-builder-el-last  column-top-margin\" style='border-radius:0px; '><section class=\"av_textblock_section \"  itemscope=\"itemscope\" itemtype=\"https:\/\/schema.org\/CreativeWork\" ><div class='avia_textblock  '  style='font-size:17px; '  itemprop=\"text\" ><div class='avia-iframe-wrap'><iframe loading=\"lazy\" title=\"LVcaptions Q A\" width=\"1500\" height=\"844\" src=\"https:\/\/www.youtube.com\/embed\/jp0Wof8P6Xs?feature=oembed\" frameborder=\"0\" allow=\"accelerometer; autoplay; clipboard-write; encrypted-media; gyroscope; picture-in-picture; web-share\" referrerpolicy=\"strict-origin-when-cross-origin\" allowfullscreen><\/iframe><\/div>\n<h3><b>Jaut\u0101jumi &amp; atbildes <\/b><\/h3>\n<\/div><\/section><\/div><\/div><!--close column table wrapper. Autoclose: 1 -->\n<\/p>\n","protected":false},"excerpt":{"rendered":"","protected":false},"author":16,"featured_media":0,"parent":30166,"menu_order":6,"comment_status":"closed","ping_status":"closed","template":"","meta":{"_acf_changed":false,"footnotes":""},"class_list":["post-30179","page","type-page","status-publish","hentry"],"acf":[],"yoast_head":"<!-- This site is optimized with the Yoast SEO plugin v27.1.1 - https:\/\/yoast.com\/product\/yoast-seo-wordpress\/ -->\n<title>Atv\u0113rto durvju dienas R\u012bgas Starptautiskaj\u0101 skol\u0101, piesakies<\/title>\n<meta name=\"description\" content=\"Atv\u0113rto durvju dienas R\u012bgas Starptautiskaj\u0101 skol\u0101 t\u0101 ir iesp\u0113ja iepaz\u012bties ar skolu, akad\u0113misko sast\u0101vu un uzzin\u0101t par izgl\u012bt\u012bbas programmu.\" \/>\n<meta name=\"robots\" content=\"index, follow, max-snippet:-1, max-image-preview:large, max-video-preview:-1\" \/>\n<link rel=\"canonical\" href=\"https:\/\/isriga.lv\/lv\/uznemsana\/open-house\/\" \/>\n<meta property=\"og:locale\" content=\"lv_LV\" \/>\n<meta property=\"og:type\" content=\"article\" \/>\n<meta property=\"og:title\" content=\"Atv\u0113rto durvju dienas R\u012bgas Starptautiskaj\u0101 skol\u0101, piesakies\" \/>\n<meta property=\"og:description\" content=\"Atv\u0113rto durvju dienas R\u012bgas Starptautiskaj\u0101 skol\u0101 t\u0101 ir iesp\u0113ja iepaz\u012bties ar skolu, akad\u0113misko sast\u0101vu un uzzin\u0101t par izgl\u012bt\u012bbas programmu.\" \/>\n<meta property=\"og:url\" content=\"https:\/\/isriga.lv\/lv\/uznemsana\/open-house\/\" \/>\n<meta property=\"og:site_name\" content=\"International School of Riga: Private IB School in Latvia\" \/>\n<meta property=\"article:publisher\" content=\"https:\/\/www.facebook.com\/isriga\" \/>\n<meta property=\"article:modified_time\" content=\"2026-04-02T10:26:32+00:00\" \/>\n<meta name=\"twitter:card\" content=\"summary_large_image\" \/>\n<meta name=\"twitter:label1\" content=\"Est. reading time\" \/>\n\t<meta name=\"twitter:data1\" content=\"3 minutes\" \/>\n<script type=\"application\/ld+json\" class=\"yoast-schema-graph\">{\"@context\":\"https:\/\/schema.org\",\"@graph\":[{\"@type\":\"WebPage\",\"@id\":\"https:\/\/isriga.lv\/lv\/uznemsana\/open-house\/\",\"url\":\"https:\/\/isriga.lv\/lv\/uznemsana\/open-house\/\",\"name\":\"Atv\u0113rto durvju dienas R\u012bgas Starptautiskaj\u0101 skol\u0101, piesakies\",\"isPartOf\":{\"@id\":\"https:\/\/isriga.lv\/#website\"},\"datePublished\":\"2021-02-23T11:18:31+00:00\",\"dateModified\":\"2026-04-02T10:26:32+00:00\",\"description\":\"Atv\u0113rto durvju dienas R\u012bgas Starptautiskaj\u0101 skol\u0101 t\u0101 ir iesp\u0113ja iepaz\u012bties ar skolu, akad\u0113misko sast\u0101vu un uzzin\u0101t par izgl\u012bt\u012bbas programmu.\",\"breadcrumb\":{\"@id\":\"https:\/\/isriga.lv\/lv\/uznemsana\/open-house\/#breadcrumb\"},\"inLanguage\":\"lv-LV\",\"potentialAction\":[{\"@type\":\"ReadAction\",\"target\":[\"https:\/\/isriga.lv\/lv\/uznemsana\/open-house\/\"]}]},{\"@type\":\"BreadcrumbList\",\"@id\":\"https:\/\/isriga.lv\/lv\/uznemsana\/open-house\/#breadcrumb\",\"itemListElement\":[{\"@type\":\"ListItem\",\"position\":1,\"name\":\"Home\",\"item\":\"https:\/\/isriga.lv\/lv\/sakums\/\"},{\"@type\":\"ListItem\",\"position\":2,\"name\":\"Uz\u0146em\u0161ana\",\"item\":\"https:\/\/isriga.lv\/lv\/uznemsana\/\"},{\"@type\":\"ListItem\",\"position\":3,\"name\":\"Atv\u0113rto durvju dienas\"}]},{\"@type\":\"WebSite\",\"@id\":\"https:\/\/isriga.lv\/#website\",\"url\":\"https:\/\/isriga.lv\/\",\"name\":\"International School of Riga: Private IB School in Latvia\",\"description\":\"International School of Riga. Latvia.\",\"publisher\":{\"@id\":\"https:\/\/isriga.lv\/#organization\"},\"potentialAction\":[{\"@type\":\"SearchAction\",\"target\":{\"@type\":\"EntryPoint\",\"urlTemplate\":\"https:\/\/isriga.lv\/?s={search_term_string}\"},\"query-input\":{\"@type\":\"PropertyValueSpecification\",\"valueRequired\":true,\"valueName\":\"search_term_string\"}}],\"inLanguage\":\"lv-LV\"},{\"@type\":\"Organization\",\"@id\":\"https:\/\/isriga.lv\/#organization\",\"name\":\"International School of Riga: Private IB School in Riga\",\"url\":\"https:\/\/isriga.lv\/\",\"logo\":{\"@type\":\"ImageObject\",\"inLanguage\":\"lv-LV\",\"@id\":\"https:\/\/isriga.lv\/#\/schema\/logo\/image\/\",\"url\":\"https:\/\/isriga.lv\/wp-content\/uploads\/2017\/08\/isr-logo.png\",\"contentUrl\":\"https:\/\/isriga.lv\/wp-content\/uploads\/2017\/08\/isr-logo.png\",\"width\":628,\"height\":136,\"caption\":\"International School of Riga: Private IB School in Riga\"},\"image\":{\"@id\":\"https:\/\/isriga.lv\/#\/schema\/logo\/image\/\"},\"sameAs\":[\"https:\/\/www.facebook.com\/isriga\",\"https:\/\/www.instagram.com\/loveisriga\/\",\"https:\/\/www.youtube.com\/user\/isriga\"]}]}<\/script>\n<!-- \/ Yoast SEO plugin. -->","yoast_head_json":{"title":"Atv\u0113rto durvju dienas R\u012bgas Starptautiskaj\u0101 skol\u0101, piesakies","description":"Atv\u0113rto durvju dienas R\u012bgas Starptautiskaj\u0101 skol\u0101 t\u0101 ir iesp\u0113ja iepaz\u012bties ar skolu, akad\u0113misko sast\u0101vu un uzzin\u0101t par izgl\u012bt\u012bbas programmu.","robots":{"index":"index","follow":"follow","max-snippet":"max-snippet:-1","max-image-preview":"max-image-preview:large","max-video-preview":"max-video-preview:-1"},"canonical":"https:\/\/isriga.lv\/lv\/uznemsana\/open-house\/","og_locale":"lv_LV","og_type":"article","og_title":"Atv\u0113rto durvju dienas R\u012bgas Starptautiskaj\u0101 skol\u0101, piesakies","og_description":"Atv\u0113rto durvju dienas R\u012bgas Starptautiskaj\u0101 skol\u0101 t\u0101 ir iesp\u0113ja iepaz\u012bties ar skolu, akad\u0113misko sast\u0101vu un uzzin\u0101t par izgl\u012bt\u012bbas programmu.","og_url":"https:\/\/isriga.lv\/lv\/uznemsana\/open-house\/","og_site_name":"International School of Riga: Private IB School in Latvia","article_publisher":"https:\/\/www.facebook.com\/isriga","article_modified_time":"2026-04-02T10:26:32+00:00","twitter_card":"summary_large_image","twitter_misc":{"Est. reading time":"3 minutes"},"schema":{"@context":"https:\/\/schema.org","@graph":[{"@type":"WebPage","@id":"https:\/\/isriga.lv\/lv\/uznemsana\/open-house\/","url":"https:\/\/isriga.lv\/lv\/uznemsana\/open-house\/","name":"Atv\u0113rto durvju dienas R\u012bgas Starptautiskaj\u0101 skol\u0101, piesakies","isPartOf":{"@id":"https:\/\/isriga.lv\/#website"},"datePublished":"2021-02-23T11:18:31+00:00","dateModified":"2026-04-02T10:26:32+00:00","description":"Atv\u0113rto durvju dienas R\u012bgas Starptautiskaj\u0101 skol\u0101 t\u0101 ir iesp\u0113ja iepaz\u012bties ar skolu, akad\u0113misko sast\u0101vu un uzzin\u0101t par izgl\u012bt\u012bbas programmu.","breadcrumb":{"@id":"https:\/\/isriga.lv\/lv\/uznemsana\/open-house\/#breadcrumb"},"inLanguage":"lv-LV","potentialAction":[{"@type":"ReadAction","target":["https:\/\/isriga.lv\/lv\/uznemsana\/open-house\/"]}]},{"@type":"BreadcrumbList","@id":"https:\/\/isriga.lv\/lv\/uznemsana\/open-house\/#breadcrumb","itemListElement":[{"@type":"ListItem","position":1,"name":"Home","item":"https:\/\/isriga.lv\/lv\/sakums\/"},{"@type":"ListItem","position":2,"name":"Uz\u0146em\u0161ana","item":"https:\/\/isriga.lv\/lv\/uznemsana\/"},{"@type":"ListItem","position":3,"name":"Atv\u0113rto durvju dienas"}]},{"@type":"WebSite","@id":"https:\/\/isriga.lv\/#website","url":"https:\/\/isriga.lv\/","name":"International School of Riga: Private IB School in Latvia","description":"International School of Riga. Latvia.","publisher":{"@id":"https:\/\/isriga.lv\/#organization"},"potentialAction":[{"@type":"SearchAction","target":{"@type":"EntryPoint","urlTemplate":"https:\/\/isriga.lv\/?s={search_term_string}"},"query-input":{"@type":"PropertyValueSpecification","valueRequired":true,"valueName":"search_term_string"}}],"inLanguage":"lv-LV"},{"@type":"Organization","@id":"https:\/\/isriga.lv\/#organization","name":"International School of Riga: Private IB School in Riga","url":"https:\/\/isriga.lv\/","logo":{"@type":"ImageObject","inLanguage":"lv-LV","@id":"https:\/\/isriga.lv\/#\/schema\/logo\/image\/","url":"https:\/\/isriga.lv\/wp-content\/uploads\/2017\/08\/isr-logo.png","contentUrl":"https:\/\/isriga.lv\/wp-content\/uploads\/2017\/08\/isr-logo.png","width":628,"height":136,"caption":"International School of Riga: Private IB School in Riga"},"image":{"@id":"https:\/\/isriga.lv\/#\/schema\/logo\/image\/"},"sameAs":["https:\/\/www.facebook.com\/isriga","https:\/\/www.instagram.com\/loveisriga\/","https:\/\/www.youtube.com\/user\/isriga"]}]}},"_links":{"self":[{"href":"https:\/\/isriga.lv\/lv\/wp-json\/wp\/v2\/pages\/30179","targetHints":{"allow":["GET"]}}],"collection":[{"href":"https:\/\/isriga.lv\/lv\/wp-json\/wp\/v2\/pages"}],"about":[{"href":"https:\/\/isriga.lv\/lv\/wp-json\/wp\/v2\/types\/page"}],"author":[{"embeddable":true,"href":"https:\/\/isriga.lv\/lv\/wp-json\/wp\/v2\/users\/16"}],"replies":[{"embeddable":true,"href":"https:\/\/isriga.lv\/lv\/wp-json\/wp\/v2\/comments?post=30179"}],"version-history":[{"count":26,"href":"https:\/\/isriga.lv\/lv\/wp-json\/wp\/v2\/pages\/30179\/revisions"}],"predecessor-version":[{"id":45736,"href":"https:\/\/isriga.lv\/lv\/wp-json\/wp\/v2\/pages\/30179\/revisions\/45736"}],"up":[{"embeddable":true,"href":"https:\/\/isriga.lv\/lv\/wp-json\/wp\/v2\/pages\/30166"}],"wp:attachment":[{"href":"https:\/\/isriga.lv\/lv\/wp-json\/wp\/v2\/media?parent=30179"}],"curies":[{"name":"wp","href":"https:\/\/api.w.org\/{rel}","templated":true}]}}