	
{"id":30152,"date":"2021-08-26T20:31:06","date_gmt":"2021-08-26T17:31:06","guid":{"rendered":"https:\/\/isriga.lv\/?page_id=30152"},"modified":"2024-03-04T10:02:30","modified_gmt":"2024-03-04T08:02:30","slug":"macibu-atbalsts","status":"publish","type":"page","link":"https:\/\/isriga.lv\/lv\/macisanas\/macibu-atbalsts\/","title":{"rendered":"M\u0101c\u012bbu atbalsts"},"content":{"rendered":"<div id='av_section_1'  class='avia-section main_color avia-section-default avia-no-border-styling  av-parallax-section avia-bg-style-parallax  avia-builder-el-0  el_before_av_submenu  avia-builder-el-first  title-color-section  av-minimum-height av-minimum-height-50  container_wrap fullsize' style=' '  data-section-bg-repeat='no-repeat' data-av_minimum_height_pc='50'><div class='av-parallax' data-avia-parallax-ratio='0.3' ><div class='av-parallax-inner main_color  avia-full-stretch' style = 'background-repeat: no-repeat; background-image: url(https:\/\/isriga.lv\/wp-content\/uploads\/2019\/10\/learning-support-1.png);background-attachment: scroll; background-position: top left; ' ><\/div><\/div><div class='container' ><main  role=\"main\" itemprop=\"mainContentOfPage\"  class='template-page content  av-content-full alpha units'><div class='post-entry post-entry-type-page post-entry-30152'><div class='entry-content-wrapper clearfix'>\n<div  style='padding-bottom:0px; color:#ffffff;font-size:60px;' class='av-special-heading av-special-heading-h6 custom-color-heading blockquote modern-quote  avia-builder-el-1  avia-builder-el-no-sibling  av-inherit-size '><h6 class='av-special-heading-tag  av-mini-font-size-overwrite av-mini-font-size-38'  itemprop=\"headline\"  >M\u0100C\u012aBU<br \/>\nATBALSTS<\/h6><div class='special-heading-border'><div class='special-heading-inner-border' style='border-color:#ffffff'><\/div><\/div><\/div>\n\n<\/div><\/div><\/main><!-- close content main element --><\/div><\/div><div id='sub_menu1'  class='av-submenu-container alternate_color  avia-builder-el-2  el_after_av_section  el_before_av_section  menu-below-headliner  submenu-not-first container_wrap fullsize' style='  z-index:301' ><div class='container av-menu-mobile-disabled '><ul id=\"menu-learning-menu-lv\" class=\"av-subnav-menu av-submenu-pos-center\"><li id=\"menu-item-31158\" class=\"menu-item menu-item-type-post_type menu-item-object-page menu-item-top-level menu-item-top-level-1\"><a href=\"https:\/\/isriga.lv\/lv\/macisanas\/pirmsskola-2-6\/\" itemprop=\"url\"><span class=\"avia-bullet\"><\/span><span class=\"avia-menu-text\">Pirmsskola (2-6)<\/span><span class=\"avia-menu-fx\"><span class=\"avia-arrow-wrap\"><span class=\"avia-arrow\"><\/span><\/span><\/span><\/a><\/li>\n<li id=\"menu-item-31159\" class=\"menu-item menu-item-type-post_type menu-item-object-page menu-item-top-level menu-item-top-level-2\"><a href=\"https:\/\/isriga.lv\/lv\/macisanas\/sakumskola-6-11\/\" itemprop=\"url\"><span class=\"avia-bullet\"><\/span><span class=\"avia-menu-text\">S\u0101kumskola (6-11)<\/span><span class=\"avia-menu-fx\"><span class=\"avia-arrow-wrap\"><span class=\"avia-arrow\"><\/span><\/span><\/span><\/a><\/li>\n<li id=\"menu-item-31160\" class=\"menu-item menu-item-type-post_type menu-item-object-page menu-item-top-level menu-item-top-level-3\"><a href=\"https:\/\/isriga.lv\/lv\/macisanas\/pamatskola-11-15\/\" itemprop=\"url\"><span class=\"avia-bullet\"><\/span><span class=\"avia-menu-text\">Pamatskola (11-15)<\/span><span class=\"avia-menu-fx\"><span class=\"avia-arrow-wrap\"><span class=\"avia-arrow\"><\/span><\/span><\/span><\/a><\/li>\n<li id=\"menu-item-31161\" class=\"menu-item menu-item-type-post_type menu-item-object-page menu-item-top-level menu-item-top-level-4\"><a href=\"https:\/\/isriga.lv\/lv\/macisanas\/vidusskola-15-18\/\" itemprop=\"url\"><span class=\"avia-bullet\"><\/span><span class=\"avia-menu-text\">Vidusskola (15-18)<\/span><span class=\"avia-menu-fx\"><span class=\"avia-arrow-wrap\"><span class=\"avia-arrow\"><\/span><\/span><\/span><\/a><\/li>\n<li id=\"menu-item-31168\" class=\"menu-item menu-item-type-post_type menu-item-object-page menu-item-top-level menu-item-top-level-5\"><a href=\"https:\/\/isriga.lv\/lv\/macisanas\/macibu-atbalsts\/\" itemprop=\"url\"><span class=\"avia-bullet\"><\/span><span class=\"avia-menu-text\">M\u0101c\u012bbu atbalsts<\/span><span class=\"avia-menu-fx\"><span class=\"avia-arrow-wrap\"><span class=\"avia-arrow\"><\/span><\/span><\/span><\/a><\/li>\n<li id=\"menu-item-31169\" class=\"menu-item menu-item-type-post_type menu-item-object-page menu-item-top-level menu-item-top-level-6\"><a href=\"https:\/\/isriga.lv\/lv\/macisanas\/pakalpojumu-maciba\/\" itemprop=\"url\"><span class=\"avia-bullet\"><\/span><span class=\"avia-menu-text\">Pakalpojumu m\u0101c\u012bba<\/span><span class=\"avia-menu-fx\"><span class=\"avia-arrow-wrap\"><span class=\"avia-arrow\"><\/span><\/span><\/span><\/a><\/li>\n<\/ul><\/div><\/div>\n<div id='av_section_2'  class='avia-section main_color avia-section-default avia-no-border-styling  avia-bg-style-scroll  avia-builder-el-3  el_after_av_submenu  avia-builder-el-last   container_wrap fullsize' style=' '  ><div class='container' ><div class='template-page content  av-content-full alpha units'><div class='post-entry post-entry-type-page post-entry-30152'><div class='entry-content-wrapper clearfix'>\n<div class='flex_column_table av-equal-height-column-flextable -flextable' ><div class=\"flex_column av_one_full  flex_column_table_cell av-equal-height-column av-align-middle av-zero-column-padding first  avia-builder-el-4  avia-builder-el-no-sibling  \" style='border-radius:0px; '><section class=\"av_textblock_section \"  itemscope=\"itemscope\" itemtype=\"https:\/\/schema.org\/CreativeWork\" ><div class='avia_textblock  '  style='font-size:17px; '  itemprop=\"text\" ><h2>M\u0101c\u012bbu atbalsts skol\u0101<\/h2>\n<p>R\u012bgas Starptautisk\u0101 skola (ISR) uzskata, ka katrs b\u0113rns var m\u0101c\u012bties, t\u0101p\u0113c m\u0113s cen\u0161amies sniegt visu iesp\u0113jamo atbalstu visiem ISR uz\u0146emtajiem skol\u0113niem, tostarp ang\u013cu valod\u0101 nerun\u0101jo\u0161ajiem, skol\u0113niem ar viegl\u0101m vai vid\u0113ji smag\u0101m m\u0101c\u012b\u0161an\u0101s probl\u0113m\u0101m un skol\u0113niem ar augstu snieguma l\u012bmeni. Jaunuz\u0146emtajiem skol\u0113niem, kuriem uz\u0146em\u0161anas laik\u0101 nepiecie\u0161ams m\u0101c\u012bbu atbalsts, j\u0101iesniedz atbilsto\u0161a speci\u0101listu un iepriek\u0161\u0113jo skolu dokument\u0101cija (zi\u0146ojumu kart\u012btes, psihologu izgl\u012bt\u012bbas nov\u0113rt\u0113jumi, iepriek\u0161\u0113jie individu\u0101lie izgl\u012bt\u012bbas pl\u0101ni).<\/p>\n<p>Jebkuram ISR skol\u0113nam, par kuru fakult\u0101tei ir aizdomas, ka b\u016bs nepiecie\u0161ams m\u0101c\u012bbu atbalsts, un kuram var\u0113tu b\u016bt nepiecie\u0161ama turpm\u0101ka iejauk\u0161an\u0101s, j\u0101iziet m\u016bsu sagatavo\u0161anas process:<\/p>\n<p><span style=\"font-weight: 400;\">1. Identific\u0113\u0161ana,\u00a0<\/span><\/p>\n<p><span style=\"font-weight: 400;\">2. Pazi\u0146o\u0161ana vec\u0101kiem,<\/span><\/p>\n<p><span style=\"font-weight: 400;\">3. Laiks uzlabojumiem, datu apkopo\u0161anai un nov\u0113ro\u0161anai,<\/span><\/p>\n<p><span style=\"font-weight: 400;\">4. Potenci\u0101la nos\u016bt\u012b\u0161ana pie speci\u0101listiem. ISR var ieteikt \u0101rpusskolas speci\u0101listu kontaktus (izgl\u012bt\u012bbas psihologi, logop\u0113ds, ergoterapeits).<\/span><\/p>\n<p><span style=\"font-weight: 400;\">5. Nos\u016bt\u012bjumi pie speci\u0101listiem. Turpm\u0101kai nov\u0113ro\u0161anai ISR <\/span>var ieteikt \u0101rpusskolas speci\u0101listu kontaktus (izgl\u012bt\u012bbas psihologi, ergoterapeiti, logop\u0113di vai uzved\u012bbas speci\u0101listi). Vec\u0101ki ir atbild\u012bgi par sazin\u0101\u0161anos ar speci\u0101listiem, par apmekl\u0113jumu un izgl\u012bt\u012bbas nov\u0113rt\u0113jumu apmaksu. Vec\u0101ki, skolot\u0101ji un m\u0101c\u012bbu atbalsta speci\u0101lists str\u0101d\u0101 kop\u0101, lai izveidotu b\u0113rna pan\u0101kumu pl\u0101nu, tom\u0113r vec\u0101kiem ir ties\u012bbas ar\u012b to neturpin\u0101t.<\/p>\n<p>Kad ISR ir sa\u0146\u0113mis izgl\u012bt\u012bbas nov\u0113rt\u0113jumu, sadarb\u012bb\u0101 ar skolot\u0101jiem un m\u0101c\u012bbu atbalsta koordinatoru tiek izveidots individu\u0101ls m\u0101c\u012bbu pl\u0101ns un izvirz\u012bti m\u0101c\u012bbu m\u0113r\u0137i. \u0160is dokuments tiek kop\u012bgots ar vec\u0101kiem m\u0101c\u012bbu atbalsta san\u0101ksm\u0113s. Abi dokumenti tiek aug\u0161upiel\u0101d\u0113ti programm\u0101 <i>Engage <\/i>un tiek glab\u0101ti dro\u0161i un konfidenci\u0101li. Skol\u0113ni s\u0101k str\u0101d\u0101t pie m\u0113r\u0137iem, kurus kop\u0101 ar skolot\u0101jiem un vec\u0101kiem nov\u0113rt\u0113 vienu reizi (j\u016bnij\u0101) vai divas reizes gad\u0101 (febru\u0101r\u012b un j\u016bnij\u0101).<\/p>\n<p>Atbalsta l\u012bmenis un bie\u017eums ir atkar\u012bgs no b\u0113rna un identific\u0113taj\u0101m m\u0101c\u012bbu vajadz\u012bb\u0101m. ISR pal\u012bdz uzlabot skol\u0113nu individu\u0101l\u0101s vajadz\u012bbas, klas\u0113 ievie\u0161ot pareiz\u0101s strat\u0113\u0123ijas un diferenci\u0101ciju, atbalstu, nelielas atdal\u012bt\u0101s grupas un individu\u0101lu pal\u012bdz\u012bbu. Skola ir ar mieru algot ar\u012b individu\u0101lu pal\u012bgu skol\u0113nam, tom\u0113r vec\u0101kiem j\u0101b\u016bt gataviem segt izmaksas.<\/p>\n<h2>Ang\u013cu valoda k\u0101 papildu valodas programma vidusskol\u0101<\/h2>\n<p>S\u0101kotn\u0113j\u0101 l\u012bmen\u012b visi skol\u0113ni piln\u012bb\u0101 non\u0101k angliski run\u0101jo\u0161\u0101 m\u0101c\u012bbu vid\u0113. Ang\u013cu valodas m\u0101c\u012bba ir integr\u0113ta vis\u0101s IB PYP vien\u012bb\u0101s un tiek m\u0101c\u012bta, izmantojot ieinteres\u0113jo\u0161u m\u0101c\u012bbu pieeju. Skol\u0113ni, kuriem ang\u013cu valoda ir maz\u0101k zin\u0101ma vai kuru prasmes ir zem\u0101kas par klases l\u012bmeni, katru dienu sa\u0146em mazas grupas atbalstu EAL nodarb\u012bb\u0101s un m\u016bsu atbalsta skolot\u0101ju pal\u012bdz\u012bbu klas\u0113. Ang\u013cu valodas lietot\u0101jiem, kuriem t\u0101 nav dzimt\u0101 valoda, p\u0113c skolas aktivit\u0101t\u0113m ir iesp\u0113ja piedal\u012bties EAL, kas uzlabo vi\u0146u las\u012btprasmes un run\u0101tprasmes. Vec\u0101kiem tiks pazi\u0146ots, kad EAL atbalsts vairs neb\u016bs nepiecie\u0161ams, bet skol\u0113ns var piek\u013c\u016bt m\u0101c\u012bbu programmai bez turpm\u0101kas pal\u012bdz\u012bbas valodas att\u012bst\u012bb\u0101 un ir sasniedzis noteiktu valodas pak\u0101pi.<\/p>\n<h2>Ang\u013cu valoda k\u0101 papildus valodas programma vidusskol\u0101<\/h2>\n<p>T\u0101 k\u0101 ang\u013cu valoda ir ISR m\u0101c\u012bbu valoda, m\u016bsu priorit\u0101te ir sniegt atbalstu m\u016bsu ang\u013cu valodas apguv\u0113jiem, kuriem t\u0101 nav dzimt\u0101 valoda, lai vi\u0146i p\u0113c iesp\u0113jas \u0101tr\u0101k g\u016btu pan\u0101kumus sav\u0101s klas\u0113s.<span class=\"Apple-converted-space\">\u00a0<\/span><\/p>\n<p>Vidusskolas EAL programma, kuru m\u0101ca m\u016bsu EAL speci\u0101listi, ir piln\u012bb\u0101 piel\u0101gota individu\u0101lu skol\u0113nu vajadz\u012bb\u0101m un sagatavo vi\u0146us Starptautisko pamatskolas gadu m\u0101c\u012bbu programmai, Kembrid\u017eas IGCSE un A l\u012bme\u0146a izaicin\u0101jumiem un pras\u012bb\u0101m. Jaunie skol\u0113ni ar ierobe\u017eot\u0101m ang\u013cu valodas zin\u0101\u0161an\u0101m, s\u0101kot savas m\u0101c\u012bbu gaitas ISR, sa\u0146em atbalstu, kur vi\u0146iem pal\u012bdz apg\u016bt akad\u0113misko ang\u013cu valodu un palielin\u0101t galveno v\u0101rdu kr\u0101jumu, kas \u013caus vi\u0146iem g\u016bt pan\u0101kumus vis\u0101s m\u0101c\u012bbu jom\u0101s. Skol\u0113ni pamatskol\u0101, kuriem ang\u013cu valoda nav dzimt\u0101 valoda, katru ned\u0113\u013cu sa\u0146em EAL atbalstu no trim l\u012bdz se\u0161iem valodas apm\u0101c\u012bbas periodiem. Vidusskol\u0101 EAL nodarb\u012bbas notiek tr\u012bs valodu periodos, lai uzlabotu vi\u0146u m\u0101c\u012b\u0161anos klas\u0113s.<\/p>\n<h2>MAP izaugsmes testi (akad\u0113misk\u0101 progresa pas\u0101kums)<\/h2>\n<p>ISR <a href=\"https:\/\/www.nwea.org\/map-growth\/\">MAP izaugsmes testi<\/a> tiek izmantoti, lai nov\u0113rt\u0113tu skol\u0113nu s\u0101kotn\u0113jo l\u012bmeni un akad\u0113misko izaugsmi matem\u0101tik\u0101 un ang\u013cu valod\u0101 (las\u012b\u0161ana un valodas lieto\u0161ana). Skol\u0113ni tiek p\u0101rbaud\u012bti divas reizes gad\u0101 ruden\u012b un pavasar\u012b, k\u0101 ar\u012b p\u0113c uz\u0146em\u0161anas. MAP r\u0101d\u012bt\u0101ji sniedz mums inform\u0101ciju par skol\u0113nu sniegumu, pal\u012bdz noteikt katra b\u0113rna individu\u0101l\u0101s vajadz\u012bbas, noteikt m\u0101c\u012bbu m\u0113r\u0137us un atbalst\u012bt diferenci\u0101ciju klas\u0113. MAP var atkl\u0101t ar\u012b turpm\u0101kas vajadz\u012bbas p\u0113c EAL vai m\u0101c\u012bbu atbalsta iejauk\u0161an\u0101s.<\/p>\n<\/div><\/section><\/div><\/div><!--close column table wrapper. Autoclose: 1 -->\n","protected":false},"excerpt":{"rendered":"","protected":false},"author":16,"featured_media":14757,"parent":29935,"menu_order":5,"comment_status":"closed","ping_status":"closed","template":"","meta":{"_acf_changed":false,"footnotes":""},"class_list":["post-30152","page","type-page","status-publish","has-post-thumbnail","hentry"],"acf":[],"yoast_head":"<!-- This site is optimized with the Yoast SEO plugin v27.1.1 - https:\/\/yoast.com\/product\/yoast-seo-wordpress\/ -->\n<title>M\u0101c\u012bbu atbalsts | M\u0101c\u012b\u0161an\u0101s | International School of Riga: Private IB School in Latvia<\/title>\n<meta name=\"robots\" content=\"index, follow, max-snippet:-1, max-image-preview:large, max-video-preview:-1\" \/>\n<link rel=\"canonical\" href=\"https:\/\/isriga.lv\/lv\/macisanas\/macibu-atbalsts\/\" \/>\n<meta property=\"og:locale\" content=\"lv_LV\" \/>\n<meta property=\"og:type\" content=\"article\" \/>\n<meta property=\"og:title\" content=\"M\u0101c\u012bbu atbalsts | M\u0101c\u012b\u0161an\u0101s | International School of Riga: Private IB School in Latvia\" \/>\n<meta property=\"og:url\" content=\"https:\/\/isriga.lv\/lv\/macisanas\/macibu-atbalsts\/\" \/>\n<meta property=\"og:site_name\" content=\"International School of Riga: Private IB School in Latvia\" \/>\n<meta property=\"article:publisher\" content=\"https:\/\/www.facebook.com\/isriga\" \/>\n<meta property=\"article:modified_time\" content=\"2024-03-04T08:02:30+00:00\" \/>\n<meta property=\"og:image\" content=\"https:\/\/isriga.lv\/wp-content\/uploads\/2019\/09\/ISR-featured-a1-1.png\" \/>\n\t<meta property=\"og:image:width\" content=\"1030\" \/>\n\t<meta property=\"og:image:height\" content=\"629\" \/>\n\t<meta property=\"og:image:type\" content=\"image\/png\" \/>\n<meta name=\"twitter:card\" content=\"summary_large_image\" \/>\n<meta name=\"twitter:label1\" content=\"Est. reading time\" \/>\n\t<meta name=\"twitter:data1\" content=\"7 minutes\" \/>\n<script type=\"application\/ld+json\" class=\"yoast-schema-graph\">{\"@context\":\"https:\/\/schema.org\",\"@graph\":[{\"@type\":\"WebPage\",\"@id\":\"https:\/\/isriga.lv\/lv\/macisanas\/macibu-atbalsts\/\",\"url\":\"https:\/\/isriga.lv\/lv\/macisanas\/macibu-atbalsts\/\",\"name\":\"M\u0101c\u012bbu atbalsts | M\u0101c\u012b\u0161an\u0101s | International School of Riga: Private IB School in Latvia\",\"isPartOf\":{\"@id\":\"https:\/\/isriga.lv\/#website\"},\"primaryImageOfPage\":{\"@id\":\"https:\/\/isriga.lv\/lv\/macisanas\/macibu-atbalsts\/#primaryimage\"},\"image\":{\"@id\":\"https:\/\/isriga.lv\/lv\/macisanas\/macibu-atbalsts\/#primaryimage\"},\"thumbnailUrl\":\"https:\/\/isriga.lv\/wp-content\/uploads\/2019\/09\/ISR-featured-a1-1.png\",\"datePublished\":\"2021-08-26T17:31:06+00:00\",\"dateModified\":\"2024-03-04T08:02:30+00:00\",\"breadcrumb\":{\"@id\":\"https:\/\/isriga.lv\/lv\/macisanas\/macibu-atbalsts\/#breadcrumb\"},\"inLanguage\":\"lv-LV\",\"potentialAction\":[{\"@type\":\"ReadAction\",\"target\":[\"https:\/\/isriga.lv\/lv\/macisanas\/macibu-atbalsts\/\"]}]},{\"@type\":\"ImageObject\",\"inLanguage\":\"lv-LV\",\"@id\":\"https:\/\/isriga.lv\/lv\/macisanas\/macibu-atbalsts\/#primaryimage\",\"url\":\"https:\/\/isriga.lv\/wp-content\/uploads\/2019\/09\/ISR-featured-a1-1.png\",\"contentUrl\":\"https:\/\/isriga.lv\/wp-content\/uploads\/2019\/09\/ISR-featured-a1-1.png\",\"width\":1030,\"height\":629},{\"@type\":\"BreadcrumbList\",\"@id\":\"https:\/\/isriga.lv\/lv\/macisanas\/macibu-atbalsts\/#breadcrumb\",\"itemListElement\":[{\"@type\":\"ListItem\",\"position\":1,\"name\":\"Home\",\"item\":\"https:\/\/isriga.lv\/lv\/sakums\/\"},{\"@type\":\"ListItem\",\"position\":2,\"name\":\"M\u0101c\u012b\u0161an\u0101s\",\"item\":\"https:\/\/isriga.lv\/lv\/macisanas\/\"},{\"@type\":\"ListItem\",\"position\":3,\"name\":\"M\u0101c\u012bbu atbalsts\"}]},{\"@type\":\"WebSite\",\"@id\":\"https:\/\/isriga.lv\/#website\",\"url\":\"https:\/\/isriga.lv\/\",\"name\":\"International School of Riga: Private IB School in Latvia\",\"description\":\"International School of Riga. Latvia.\",\"publisher\":{\"@id\":\"https:\/\/isriga.lv\/#organization\"},\"potentialAction\":[{\"@type\":\"SearchAction\",\"target\":{\"@type\":\"EntryPoint\",\"urlTemplate\":\"https:\/\/isriga.lv\/?s={search_term_string}\"},\"query-input\":{\"@type\":\"PropertyValueSpecification\",\"valueRequired\":true,\"valueName\":\"search_term_string\"}}],\"inLanguage\":\"lv-LV\"},{\"@type\":\"Organization\",\"@id\":\"https:\/\/isriga.lv\/#organization\",\"name\":\"International School of Riga: Private IB School in Riga\",\"url\":\"https:\/\/isriga.lv\/\",\"logo\":{\"@type\":\"ImageObject\",\"inLanguage\":\"lv-LV\",\"@id\":\"https:\/\/isriga.lv\/#\/schema\/logo\/image\/\",\"url\":\"https:\/\/isriga.lv\/wp-content\/uploads\/2017\/08\/isr-logo.png\",\"contentUrl\":\"https:\/\/isriga.lv\/wp-content\/uploads\/2017\/08\/isr-logo.png\",\"width\":628,\"height\":136,\"caption\":\"International School of Riga: Private IB School in Riga\"},\"image\":{\"@id\":\"https:\/\/isriga.lv\/#\/schema\/logo\/image\/\"},\"sameAs\":[\"https:\/\/www.facebook.com\/isriga\",\"https:\/\/www.instagram.com\/loveisriga\/\",\"https:\/\/www.youtube.com\/user\/isriga\"]}]}<\/script>\n<!-- \/ Yoast SEO plugin. -->","yoast_head_json":{"title":"M\u0101c\u012bbu atbalsts | M\u0101c\u012b\u0161an\u0101s | International School of Riga: Private IB School in Latvia","robots":{"index":"index","follow":"follow","max-snippet":"max-snippet:-1","max-image-preview":"max-image-preview:large","max-video-preview":"max-video-preview:-1"},"canonical":"https:\/\/isriga.lv\/lv\/macisanas\/macibu-atbalsts\/","og_locale":"lv_LV","og_type":"article","og_title":"M\u0101c\u012bbu atbalsts | M\u0101c\u012b\u0161an\u0101s | International School of Riga: Private IB School in Latvia","og_url":"https:\/\/isriga.lv\/lv\/macisanas\/macibu-atbalsts\/","og_site_name":"International School of Riga: Private IB School in Latvia","article_publisher":"https:\/\/www.facebook.com\/isriga","article_modified_time":"2024-03-04T08:02:30+00:00","og_image":[{"width":1030,"height":629,"url":"https:\/\/isriga.lv\/wp-content\/uploads\/2019\/09\/ISR-featured-a1-1.png","type":"image\/png"}],"twitter_card":"summary_large_image","twitter_misc":{"Est. reading time":"7 minutes"},"schema":{"@context":"https:\/\/schema.org","@graph":[{"@type":"WebPage","@id":"https:\/\/isriga.lv\/lv\/macisanas\/macibu-atbalsts\/","url":"https:\/\/isriga.lv\/lv\/macisanas\/macibu-atbalsts\/","name":"M\u0101c\u012bbu atbalsts | M\u0101c\u012b\u0161an\u0101s | International School of Riga: Private IB School in Latvia","isPartOf":{"@id":"https:\/\/isriga.lv\/#website"},"primaryImageOfPage":{"@id":"https:\/\/isriga.lv\/lv\/macisanas\/macibu-atbalsts\/#primaryimage"},"image":{"@id":"https:\/\/isriga.lv\/lv\/macisanas\/macibu-atbalsts\/#primaryimage"},"thumbnailUrl":"https:\/\/isriga.lv\/wp-content\/uploads\/2019\/09\/ISR-featured-a1-1.png","datePublished":"2021-08-26T17:31:06+00:00","dateModified":"2024-03-04T08:02:30+00:00","breadcrumb":{"@id":"https:\/\/isriga.lv\/lv\/macisanas\/macibu-atbalsts\/#breadcrumb"},"inLanguage":"lv-LV","potentialAction":[{"@type":"ReadAction","target":["https:\/\/isriga.lv\/lv\/macisanas\/macibu-atbalsts\/"]}]},{"@type":"ImageObject","inLanguage":"lv-LV","@id":"https:\/\/isriga.lv\/lv\/macisanas\/macibu-atbalsts\/#primaryimage","url":"https:\/\/isriga.lv\/wp-content\/uploads\/2019\/09\/ISR-featured-a1-1.png","contentUrl":"https:\/\/isriga.lv\/wp-content\/uploads\/2019\/09\/ISR-featured-a1-1.png","width":1030,"height":629},{"@type":"BreadcrumbList","@id":"https:\/\/isriga.lv\/lv\/macisanas\/macibu-atbalsts\/#breadcrumb","itemListElement":[{"@type":"ListItem","position":1,"name":"Home","item":"https:\/\/isriga.lv\/lv\/sakums\/"},{"@type":"ListItem","position":2,"name":"M\u0101c\u012b\u0161an\u0101s","item":"https:\/\/isriga.lv\/lv\/macisanas\/"},{"@type":"ListItem","position":3,"name":"M\u0101c\u012bbu atbalsts"}]},{"@type":"WebSite","@id":"https:\/\/isriga.lv\/#website","url":"https:\/\/isriga.lv\/","name":"International School of Riga: Private IB School in Latvia","description":"International School of Riga. Latvia.","publisher":{"@id":"https:\/\/isriga.lv\/#organization"},"potentialAction":[{"@type":"SearchAction","target":{"@type":"EntryPoint","urlTemplate":"https:\/\/isriga.lv\/?s={search_term_string}"},"query-input":{"@type":"PropertyValueSpecification","valueRequired":true,"valueName":"search_term_string"}}],"inLanguage":"lv-LV"},{"@type":"Organization","@id":"https:\/\/isriga.lv\/#organization","name":"International School of Riga: Private IB School in Riga","url":"https:\/\/isriga.lv\/","logo":{"@type":"ImageObject","inLanguage":"lv-LV","@id":"https:\/\/isriga.lv\/#\/schema\/logo\/image\/","url":"https:\/\/isriga.lv\/wp-content\/uploads\/2017\/08\/isr-logo.png","contentUrl":"https:\/\/isriga.lv\/wp-content\/uploads\/2017\/08\/isr-logo.png","width":628,"height":136,"caption":"International School of Riga: Private IB School in Riga"},"image":{"@id":"https:\/\/isriga.lv\/#\/schema\/logo\/image\/"},"sameAs":["https:\/\/www.facebook.com\/isriga","https:\/\/www.instagram.com\/loveisriga\/","https:\/\/www.youtube.com\/user\/isriga"]}]}},"_links":{"self":[{"href":"https:\/\/isriga.lv\/lv\/wp-json\/wp\/v2\/pages\/30152","targetHints":{"allow":["GET"]}}],"collection":[{"href":"https:\/\/isriga.lv\/lv\/wp-json\/wp\/v2\/pages"}],"about":[{"href":"https:\/\/isriga.lv\/lv\/wp-json\/wp\/v2\/types\/page"}],"author":[{"embeddable":true,"href":"https:\/\/isriga.lv\/lv\/wp-json\/wp\/v2\/users\/16"}],"replies":[{"embeddable":true,"href":"https:\/\/isriga.lv\/lv\/wp-json\/wp\/v2\/comments?post=30152"}],"version-history":[{"count":5,"href":"https:\/\/isriga.lv\/lv\/wp-json\/wp\/v2\/pages\/30152\/revisions"}],"predecessor-version":[{"id":40903,"href":"https:\/\/isriga.lv\/lv\/wp-json\/wp\/v2\/pages\/30152\/revisions\/40903"}],"up":[{"embeddable":true,"href":"https:\/\/isriga.lv\/lv\/wp-json\/wp\/v2\/pages\/29935"}],"wp:featuredmedia":[{"embeddable":true,"href":"https:\/\/isriga.lv\/lv\/wp-json\/wp\/v2\/media\/14757"}],"wp:attachment":[{"href":"https:\/\/isriga.lv\/lv\/wp-json\/wp\/v2\/media?parent=30152"}],"curies":[{"name":"wp","href":"https:\/\/api.w.org\/{rel}","templated":true}]}}