	
{"id":30146,"date":"2021-08-26T20:30:08","date_gmt":"2021-08-26T17:30:08","guid":{"rendered":"https:\/\/isriga.lv\/?page_id=30146"},"modified":"2024-08-13T01:16:07","modified_gmt":"2024-08-12T22:16:07","slug":"rokasgramata","status":"publish","type":"page","link":"https:\/\/isriga.lv\/lv\/macisanas\/vidusskola-15-18\/rokasgramata\/","title":{"rendered":"Rokasgr\u0101mata"},"content":{"rendered":"<div id='av_section_1'  class='avia-section main_color avia-section-default avia-no-border-styling  av-parallax-section avia-bg-style-parallax  avia-builder-el-0  el_before_av_submenu  avia-builder-el-first  title-color-section  av-minimum-height av-minimum-height-50  container_wrap fullsize' style=' '  data-section-bg-repeat='no-repeat' data-av_minimum_height_pc='50'><div class='av-parallax' data-avia-parallax-ratio='0.3' ><div class='av-parallax-inner main_color  avia-full-stretch' style = 'background-repeat: no-repeat; background-image: url(https:\/\/isriga.lv\/wp-content\/uploads\/2019\/10\/Screen-Shot-2019-10-04-at-14.56.10.png);background-attachment: scroll; background-position: top left; ' ><\/div><\/div><div class='container' ><main  role=\"main\" itemprop=\"mainContentOfPage\"  class='template-page content  av-content-full alpha units'><div class='post-entry post-entry-type-page post-entry-30146'><div class='entry-content-wrapper clearfix'>\n<div  style='padding-bottom:0px; color:#ffffff;font-size:60px;' class='av-special-heading av-special-heading-h6 custom-color-heading blockquote modern-quote  avia-builder-el-1  avia-builder-el-no-sibling  av-inherit-size '><h6 class='av-special-heading-tag  av-mini-font-size-overwrite av-mini-font-size-38'  itemprop=\"headline\"  >ROKASGR\u0100MATA<\/h6><div class='special-heading-border'><div class='special-heading-inner-border' style='border-color:#ffffff'><\/div><\/div><\/div>\n\n<\/div><\/div><\/main><!-- close content main element --><\/div><\/div><div id='sub_menu1'  class='av-submenu-container alternate_color  avia-builder-el-2  el_after_av_section  el_before_av_section  menu-below-headliner  submenu-not-first container_wrap fullsize' style='  z-index:301' ><div class='container av-menu-mobile-disabled '><ul id=\"menu-high-school-menu-en-lv\" class=\"av-subnav-menu av-submenu-pos-center\"><li id=\"menu-item-31214\" class=\"menu-item menu-item-type-post_type menu-item-object-page menu-item-top-level menu-item-top-level-1\"><a href=\"https:\/\/isriga.lv\/lv\/?page_id=30096\" itemprop=\"url\"><span class=\"avia-bullet\"><\/span><span class=\"avia-menu-text\">Laipni L\u016bdzam<\/span><span class=\"avia-menu-fx\"><span class=\"avia-arrow-wrap\"><span class=\"avia-arrow\"><\/span><\/span><\/span><\/a><\/li>\n<li id=\"menu-item-31215\" class=\"menu-item menu-item-type-post_type menu-item-object-page menu-item-top-level menu-item-top-level-2\"><a href=\"https:\/\/isriga.lv\/lv\/macisanas\/vidusskola-15-18\/macibu-programma-igcse\/\" itemprop=\"url\"><span class=\"avia-bullet\"><\/span><span class=\"avia-menu-text\">Mac\u012bbu Programma &#8211; IGCSE<\/span><span class=\"avia-menu-fx\"><span class=\"avia-arrow-wrap\"><span class=\"avia-arrow\"><\/span><\/span><\/span><\/a><\/li>\n<li id=\"menu-item-31216\" class=\"menu-item menu-item-type-post_type menu-item-object-page menu-item-top-level menu-item-top-level-3\"><a href=\"https:\/\/isriga.lv\/lv\/macisanas\/vidusskola-15-18\/macibu-programma-ib-dp\/\" itemprop=\"url\"><span class=\"avia-bullet\"><\/span><span class=\"avia-menu-text\">M\u0101c\u012bbu Programma &#8211; IB DP<\/span><span class=\"avia-menu-fx\"><span class=\"avia-arrow-wrap\"><span class=\"avia-arrow\"><\/span><\/span><\/span><\/a><\/li>\n<li id=\"menu-item-31217\" class=\"menu-item menu-item-type-post_type menu-item-object-page menu-item-top-level menu-item-top-level-4\"><a href=\"https:\/\/isriga.lv\/lv\/macisanas\/vidusskola-15-18\/universitates-konsultacija\/\" itemprop=\"url\"><span class=\"avia-bullet\"><\/span><span class=\"avia-menu-text\">Universit\u0101tes Konsult\u0101cija<\/span><span class=\"avia-menu-fx\"><span class=\"avia-arrow-wrap\"><span class=\"avia-arrow\"><\/span><\/span><\/span><\/a><\/li>\n<\/ul><\/div><\/div>\n<div id='av_section_2'  class='avia-section main_color avia-section-default avia-no-border-styling  avia-bg-style-scroll  avia-builder-el-3  el_after_av_submenu  avia-builder-el-last   container_wrap fullsize' style=' '  ><div class='container' ><div class='template-page content  av-content-full alpha units'><div class='post-entry post-entry-type-page post-entry-30146'><div class='entry-content-wrapper clearfix'>\n<div class='flex_column_table av-equal-height-column-flextable -flextable' ><div class=\"flex_column av_one_full  flex_column_table_cell av-equal-height-column av-align-middle av-zero-column-padding first  avia-builder-el-4  avia-builder-el-no-sibling  \" style='border-radius:0px; '><p><section class=\"av_textblock_section \"  itemscope=\"itemscope\" itemtype=\"https:\/\/schema.org\/CreativeWork\" ><div class='avia_textblock  '  style='font-size:17px; '  itemprop=\"text\" ><p><span style=\"font-weight: 400;\">Cien\u012bjamie vec\u0101ki\/aizbild\u0146i un skol\u0113ni,<\/span><\/p>\n<p><span style=\"font-weight: 400;\">Laipni l\u016bdzam R\u012bgas Starptautiskaj\u0101 skol\u0101! \u0160\u012b rokasgr\u0101mata pal\u012bdz\u0113s jums uzzin\u0101t, k\u0101 darbojas skola. L\u016bdzu, p\u0101rskatiet inform\u0101ciju un saglab\u0101jiet to, lai var\u0113tu izmantot ar\u012b turpm\u0101k.<\/span><\/p>\n<p><span style=\"font-weight: 400;\">Kvalitat\u012bvas izgl\u012bt\u012bbas nodro\u0161in\u0101\u0161ana skol\u0113niem, kuri apmekl\u0113 ISR, ir skolas person\u0101la galvenais m\u0113r\u0137is. Laba sazi\u0146a un sadarb\u012bbas centieni starp m\u0101j\u0101m un skolu pal\u012bdz\u0113s mums sasniegt \u0161o m\u0113r\u0137i.<\/span><\/p>\n<p><span style=\"font-weight: 400;\">M\u0113s ceram uz sadarb\u012bbu!<\/span><\/p>\n<p><span style=\"font-weight: 400;\">Ar cie\u0146u,<\/span><\/p>\n<p><span style=\"font-weight: 400;\">Dr. Amanda Romey, <\/span><span style=\"font-weight: 400;\">Direktore<\/span><\/p>\n<p><a href=\"https:\/\/isriga.lv\/wp-content\/uploads\/2024\/08\/Final-Secondary-Handbook-2024-25.pdf\"><span  class=\"av_font_icon avia_animate_when_visible avia-icon-animate  av-icon-style-  av-no-color avia-icon-pos-left \" style=\"\"><span class='av-icon-char' style='font-size:22px;line-height:22px;' aria-hidden='true' data-av_icon='\ue800' data-av_iconfont='isr-iconset' ><\/span><\/span>DOWNLOAD HANDBOOK (.PDF)<\/a><\/p>\n<\/div><\/section><br \/>\n<\/p><\/div><\/div><!--close column table wrapper. Autoclose: 1 -->\n","protected":false},"excerpt":{"rendered":"","protected":false},"author":16,"featured_media":0,"parent":30090,"menu_order":5,"comment_status":"closed","ping_status":"closed","template":"","meta":{"_acf_changed":false,"footnotes":""},"class_list":["post-30146","page","type-page","status-publish","hentry"],"acf":[],"yoast_head":"<!-- This site is optimized with the Yoast SEO plugin v27.1.1 - https:\/\/yoast.com\/product\/yoast-seo-wordpress\/ -->\n<title>Rokasgr\u0101mata | Vidusskola (15-18) | International School of Riga: Private IB School in Latvia<\/title>\n<meta name=\"robots\" content=\"index, follow, max-snippet:-1, max-image-preview:large, max-video-preview:-1\" \/>\n<link rel=\"canonical\" href=\"https:\/\/isriga.lv\/lv\/macisanas\/vidusskola-15-18\/rokasgramata\/\" \/>\n<meta property=\"og:locale\" content=\"lv_LV\" \/>\n<meta property=\"og:type\" content=\"article\" \/>\n<meta property=\"og:title\" content=\"Rokasgr\u0101mata | Vidusskola (15-18) | International School of Riga: Private IB School in Latvia\" \/>\n<meta property=\"og:url\" content=\"https:\/\/isriga.lv\/lv\/macisanas\/vidusskola-15-18\/rokasgramata\/\" \/>\n<meta property=\"og:site_name\" content=\"International School of Riga: Private IB School in Latvia\" \/>\n<meta property=\"article:publisher\" content=\"https:\/\/www.facebook.com\/isriga\" \/>\n<meta property=\"article:modified_time\" content=\"2024-08-12T22:16:07+00:00\" \/>\n<meta property=\"og:image\" content=\"https:\/\/isriga.lv\/wp-content\/uploads\/2019\/09\/ISR-featured-a1-1.png\" \/>\n\t<meta property=\"og:image:width\" content=\"1030\" \/>\n\t<meta property=\"og:image:height\" content=\"629\" \/>\n\t<meta property=\"og:image:type\" content=\"image\/png\" \/>\n<meta name=\"twitter:card\" content=\"summary_large_image\" \/>\n<meta name=\"twitter:label1\" content=\"Est. reading time\" \/>\n\t<meta name=\"twitter:data1\" content=\"2 minutes\" \/>\n<script type=\"application\/ld+json\" class=\"yoast-schema-graph\">{\"@context\":\"https:\/\/schema.org\",\"@graph\":[{\"@type\":\"WebPage\",\"@id\":\"https:\/\/isriga.lv\/lv\/macisanas\/vidusskola-15-18\/rokasgramata\/\",\"url\":\"https:\/\/isriga.lv\/lv\/macisanas\/vidusskola-15-18\/rokasgramata\/\",\"name\":\"Rokasgr\u0101mata | Vidusskola (15-18) | International School of Riga: Private IB School in Latvia\",\"isPartOf\":{\"@id\":\"https:\/\/isriga.lv\/#website\"},\"datePublished\":\"2021-08-26T17:30:08+00:00\",\"dateModified\":\"2024-08-12T22:16:07+00:00\",\"breadcrumb\":{\"@id\":\"https:\/\/isriga.lv\/lv\/macisanas\/vidusskola-15-18\/rokasgramata\/#breadcrumb\"},\"inLanguage\":\"lv-LV\",\"potentialAction\":[{\"@type\":\"ReadAction\",\"target\":[\"https:\/\/isriga.lv\/lv\/macisanas\/vidusskola-15-18\/rokasgramata\/\"]}]},{\"@type\":\"BreadcrumbList\",\"@id\":\"https:\/\/isriga.lv\/lv\/macisanas\/vidusskola-15-18\/rokasgramata\/#breadcrumb\",\"itemListElement\":[{\"@type\":\"ListItem\",\"position\":1,\"name\":\"Home\",\"item\":\"https:\/\/isriga.lv\/lv\/sakums\/\"},{\"@type\":\"ListItem\",\"position\":2,\"name\":\"M\u0101c\u012b\u0161an\u0101s\",\"item\":\"https:\/\/isriga.lv\/lv\/macisanas\/\"},{\"@type\":\"ListItem\",\"position\":3,\"name\":\"Vidusskola (15-18)\",\"item\":\"https:\/\/isriga.lv\/lv\/macisanas\/vidusskola-15-18\/\"},{\"@type\":\"ListItem\",\"position\":4,\"name\":\"Rokasgr\u0101mata\"}]},{\"@type\":\"WebSite\",\"@id\":\"https:\/\/isriga.lv\/#website\",\"url\":\"https:\/\/isriga.lv\/\",\"name\":\"International School of Riga: Private IB School in Latvia\",\"description\":\"International School of Riga. Latvia.\",\"publisher\":{\"@id\":\"https:\/\/isriga.lv\/#organization\"},\"potentialAction\":[{\"@type\":\"SearchAction\",\"target\":{\"@type\":\"EntryPoint\",\"urlTemplate\":\"https:\/\/isriga.lv\/?s={search_term_string}\"},\"query-input\":{\"@type\":\"PropertyValueSpecification\",\"valueRequired\":true,\"valueName\":\"search_term_string\"}}],\"inLanguage\":\"lv-LV\"},{\"@type\":\"Organization\",\"@id\":\"https:\/\/isriga.lv\/#organization\",\"name\":\"International School of Riga: Private IB School in Riga\",\"url\":\"https:\/\/isriga.lv\/\",\"logo\":{\"@type\":\"ImageObject\",\"inLanguage\":\"lv-LV\",\"@id\":\"https:\/\/isriga.lv\/#\/schema\/logo\/image\/\",\"url\":\"https:\/\/isriga.lv\/wp-content\/uploads\/2017\/08\/isr-logo.png\",\"contentUrl\":\"https:\/\/isriga.lv\/wp-content\/uploads\/2017\/08\/isr-logo.png\",\"width\":628,\"height\":136,\"caption\":\"International School of Riga: Private IB School in Riga\"},\"image\":{\"@id\":\"https:\/\/isriga.lv\/#\/schema\/logo\/image\/\"},\"sameAs\":[\"https:\/\/www.facebook.com\/isriga\",\"https:\/\/www.instagram.com\/loveisriga\/\",\"https:\/\/www.youtube.com\/user\/isriga\"]}]}<\/script>\n<!-- \/ Yoast SEO plugin. -->","yoast_head_json":{"title":"Rokasgr\u0101mata | Vidusskola (15-18) | International School of Riga: Private IB School in Latvia","robots":{"index":"index","follow":"follow","max-snippet":"max-snippet:-1","max-image-preview":"max-image-preview:large","max-video-preview":"max-video-preview:-1"},"canonical":"https:\/\/isriga.lv\/lv\/macisanas\/vidusskola-15-18\/rokasgramata\/","og_locale":"lv_LV","og_type":"article","og_title":"Rokasgr\u0101mata | Vidusskola (15-18) | International School of Riga: Private IB School in Latvia","og_url":"https:\/\/isriga.lv\/lv\/macisanas\/vidusskola-15-18\/rokasgramata\/","og_site_name":"International School of Riga: Private IB School in Latvia","article_publisher":"https:\/\/www.facebook.com\/isriga","article_modified_time":"2024-08-12T22:16:07+00:00","og_image":[{"width":1030,"height":629,"url":"https:\/\/isriga.lv\/wp-content\/uploads\/2019\/09\/ISR-featured-a1-1.png","type":"image\/png"}],"twitter_card":"summary_large_image","twitter_misc":{"Est. reading time":"2 minutes"},"schema":{"@context":"https:\/\/schema.org","@graph":[{"@type":"WebPage","@id":"https:\/\/isriga.lv\/lv\/macisanas\/vidusskola-15-18\/rokasgramata\/","url":"https:\/\/isriga.lv\/lv\/macisanas\/vidusskola-15-18\/rokasgramata\/","name":"Rokasgr\u0101mata | Vidusskola (15-18) | International School of Riga: Private IB School in Latvia","isPartOf":{"@id":"https:\/\/isriga.lv\/#website"},"datePublished":"2021-08-26T17:30:08+00:00","dateModified":"2024-08-12T22:16:07+00:00","breadcrumb":{"@id":"https:\/\/isriga.lv\/lv\/macisanas\/vidusskola-15-18\/rokasgramata\/#breadcrumb"},"inLanguage":"lv-LV","potentialAction":[{"@type":"ReadAction","target":["https:\/\/isriga.lv\/lv\/macisanas\/vidusskola-15-18\/rokasgramata\/"]}]},{"@type":"BreadcrumbList","@id":"https:\/\/isriga.lv\/lv\/macisanas\/vidusskola-15-18\/rokasgramata\/#breadcrumb","itemListElement":[{"@type":"ListItem","position":1,"name":"Home","item":"https:\/\/isriga.lv\/lv\/sakums\/"},{"@type":"ListItem","position":2,"name":"M\u0101c\u012b\u0161an\u0101s","item":"https:\/\/isriga.lv\/lv\/macisanas\/"},{"@type":"ListItem","position":3,"name":"Vidusskola (15-18)","item":"https:\/\/isriga.lv\/lv\/macisanas\/vidusskola-15-18\/"},{"@type":"ListItem","position":4,"name":"Rokasgr\u0101mata"}]},{"@type":"WebSite","@id":"https:\/\/isriga.lv\/#website","url":"https:\/\/isriga.lv\/","name":"International School of Riga: Private IB School in Latvia","description":"International School of Riga. Latvia.","publisher":{"@id":"https:\/\/isriga.lv\/#organization"},"potentialAction":[{"@type":"SearchAction","target":{"@type":"EntryPoint","urlTemplate":"https:\/\/isriga.lv\/?s={search_term_string}"},"query-input":{"@type":"PropertyValueSpecification","valueRequired":true,"valueName":"search_term_string"}}],"inLanguage":"lv-LV"},{"@type":"Organization","@id":"https:\/\/isriga.lv\/#organization","name":"International School of Riga: Private IB School in Riga","url":"https:\/\/isriga.lv\/","logo":{"@type":"ImageObject","inLanguage":"lv-LV","@id":"https:\/\/isriga.lv\/#\/schema\/logo\/image\/","url":"https:\/\/isriga.lv\/wp-content\/uploads\/2017\/08\/isr-logo.png","contentUrl":"https:\/\/isriga.lv\/wp-content\/uploads\/2017\/08\/isr-logo.png","width":628,"height":136,"caption":"International School of Riga: Private IB School in Riga"},"image":{"@id":"https:\/\/isriga.lv\/#\/schema\/logo\/image\/"},"sameAs":["https:\/\/www.facebook.com\/isriga","https:\/\/www.instagram.com\/loveisriga\/","https:\/\/www.youtube.com\/user\/isriga"]}]}},"_links":{"self":[{"href":"https:\/\/isriga.lv\/lv\/wp-json\/wp\/v2\/pages\/30146","targetHints":{"allow":["GET"]}}],"collection":[{"href":"https:\/\/isriga.lv\/lv\/wp-json\/wp\/v2\/pages"}],"about":[{"href":"https:\/\/isriga.lv\/lv\/wp-json\/wp\/v2\/types\/page"}],"author":[{"embeddable":true,"href":"https:\/\/isriga.lv\/lv\/wp-json\/wp\/v2\/users\/16"}],"replies":[{"embeddable":true,"href":"https:\/\/isriga.lv\/lv\/wp-json\/wp\/v2\/comments?post=30146"}],"version-history":[{"count":6,"href":"https:\/\/isriga.lv\/lv\/wp-json\/wp\/v2\/pages\/30146\/revisions"}],"predecessor-version":[{"id":44562,"href":"https:\/\/isriga.lv\/lv\/wp-json\/wp\/v2\/pages\/30146\/revisions\/44562"}],"up":[{"embeddable":true,"href":"https:\/\/isriga.lv\/lv\/wp-json\/wp\/v2\/pages\/30090"}],"wp:attachment":[{"href":"https:\/\/isriga.lv\/lv\/wp-json\/wp\/v2\/media?parent=30146"}],"curies":[{"name":"wp","href":"https:\/\/api.w.org\/{rel}","templated":true}]}}