	
{"id":30118,"date":"2021-08-26T20:27:35","date_gmt":"2021-08-26T17:27:35","guid":{"rendered":"https:\/\/isriga.lv\/?page_id=30118"},"modified":"2026-02-24T12:58:22","modified_gmt":"2026-02-24T10:58:22","slug":"macibu-programma-igcse","status":"publish","type":"page","link":"https:\/\/isriga.lv\/lv\/macisanas\/vidusskola-15-18\/macibu-programma-igcse\/","title":{"rendered":"Mac\u012bbu Programma &#8211; IGCSE"},"content":{"rendered":"<div id='av_section_1'  class='avia-section main_color avia-section-default avia-no-border-styling  av-parallax-section avia-bg-style-parallax  avia-builder-el-0  el_before_av_submenu  avia-builder-el-first  title-color-section  av-minimum-height av-minimum-height-50  container_wrap fullsize' style=' '  data-section-bg-repeat='no-repeat' data-av_minimum_height_pc='50'><div class='av-parallax' data-avia-parallax-ratio='0.3' ><div class='av-parallax-inner main_color  avia-full-stretch' style = 'background-repeat: no-repeat; background-image: url(https:\/\/isriga.lv\/wp-content\/uploads\/2019\/10\/Screen-Shot-2019-10-04-at-14.24.30.png);background-attachment: scroll; background-position: top left; ' ><\/div><\/div><div class='container' ><main  role=\"main\" itemprop=\"mainContentOfPage\"  class='template-page content  av-content-full alpha units'><div class='post-entry post-entry-type-page post-entry-30118'><div class='entry-content-wrapper clearfix'>\n<div  style='padding-bottom:0px; color:#ffffff;font-size:60px;' class='av-special-heading av-special-heading-h6 custom-color-heading blockquote modern-quote  avia-builder-el-1  avia-builder-el-no-sibling  av-inherit-size '><h6 class='av-special-heading-tag  av-mini-font-size-overwrite av-mini-font-size-38'  itemprop=\"headline\"  >M\u0100C\u012aBU<br \/>\nPROGRAMMA<\/h6><div class='special-heading-border'><div class='special-heading-inner-border' style='border-color:#ffffff'><\/div><\/div><\/div>\n\n<\/div><\/div><\/main><!-- close content main element --><\/div><\/div><div id='sub_menu1'  class='av-submenu-container alternate_color  avia-builder-el-2  el_after_av_section  el_before_av_section  menu-below-headliner  submenu-not-first container_wrap fullsize' style='  z-index:301' ><div class='container av-menu-mobile-disabled '><ul id=\"menu-high-school-menu-en-lv\" class=\"av-subnav-menu av-submenu-pos-center\"><li id=\"menu-item-31214\" class=\"menu-item menu-item-type-post_type menu-item-object-page menu-item-top-level menu-item-top-level-1\"><a href=\"https:\/\/isriga.lv\/lv\/?page_id=30096\" itemprop=\"url\"><span class=\"avia-bullet\"><\/span><span class=\"avia-menu-text\">Laipni L\u016bdzam<\/span><span class=\"avia-menu-fx\"><span class=\"avia-arrow-wrap\"><span class=\"avia-arrow\"><\/span><\/span><\/span><\/a><\/li>\n<li id=\"menu-item-31215\" class=\"menu-item menu-item-type-post_type menu-item-object-page menu-item-top-level menu-item-top-level-2\"><a href=\"https:\/\/isriga.lv\/lv\/macisanas\/vidusskola-15-18\/macibu-programma-igcse\/\" itemprop=\"url\"><span class=\"avia-bullet\"><\/span><span class=\"avia-menu-text\">Mac\u012bbu Programma &#8211; IGCSE<\/span><span class=\"avia-menu-fx\"><span class=\"avia-arrow-wrap\"><span class=\"avia-arrow\"><\/span><\/span><\/span><\/a><\/li>\n<li id=\"menu-item-31216\" class=\"menu-item menu-item-type-post_type menu-item-object-page menu-item-top-level menu-item-top-level-3\"><a href=\"https:\/\/isriga.lv\/lv\/macisanas\/vidusskola-15-18\/macibu-programma-ib-dp\/\" itemprop=\"url\"><span class=\"avia-bullet\"><\/span><span class=\"avia-menu-text\">M\u0101c\u012bbu Programma &#8211; IB DP<\/span><span class=\"avia-menu-fx\"><span class=\"avia-arrow-wrap\"><span class=\"avia-arrow\"><\/span><\/span><\/span><\/a><\/li>\n<li id=\"menu-item-31217\" class=\"menu-item menu-item-type-post_type menu-item-object-page menu-item-top-level menu-item-top-level-4\"><a href=\"https:\/\/isriga.lv\/lv\/macisanas\/vidusskola-15-18\/universitates-konsultacija\/\" itemprop=\"url\"><span class=\"avia-bullet\"><\/span><span class=\"avia-menu-text\">Universit\u0101tes Konsult\u0101cija<\/span><span class=\"avia-menu-fx\"><span class=\"avia-arrow-wrap\"><span class=\"avia-arrow\"><\/span><\/span><\/span><\/a><\/li>\n<\/ul><\/div><\/div>\n<div id='av_section_2'  class='avia-section main_color avia-section-default avia-no-border-styling  avia-bg-style-scroll  avia-builder-el-3  el_after_av_submenu  el_before_av_section   container_wrap fullsize' style=' '  ><div class='container' ><div class='template-page content  av-content-full alpha units'><div class='post-entry post-entry-type-page post-entry-30118'><div class='entry-content-wrapper clearfix'>\n<\/div><\/div><\/div><!-- close content main div --><\/div><\/div><div id='column-push-pull-mobile'  class='avia-section main_color avia-section-default avia-no-border-styling  avia-bg-style-scroll  avia-builder-el-4  el_after_av_section  avia-builder-el-last   container_wrap fullsize' style=' '  ><div class='container' ><div class='template-page content  av-content-full alpha units'><div class='post-entry post-entry-type-page post-entry-30118'><div class='entry-content-wrapper clearfix'>\n<div class='flex_column_table av-equal-height-column-flextable -flextable' ><div class=\"flex_column av_one_half  flex_column_table_cell av-equal-height-column av-align-middle av-zero-column-padding first  avia-builder-el-5  el_before_av_one_half  avia-builder-el-first  \" style='border-radius:0px; '><section class=\"av_textblock_section \"  itemscope=\"itemscope\" itemtype=\"https:\/\/schema.org\/CreativeWork\" ><div class='avia_textblock  '  style='font-size:17px; '  itemprop=\"text\" ><h2>KEMBRID\u017dAS PROGRAMMAS<\/h2>\n<h2>IGCSE programma<\/h2>\n<p>Vis\u0101s 9.\u201310. klas\u0113s skol\u0113ni m\u0101c\u0101s p\u0113c IGCSE programmas, parasti apg\u016bstot 7\u20138 priek\u0161metus, tostarp ang\u013cu valodu, matem\u0101tiku, dabaszin\u0101tnes, citu valodu (latvie\u0161u, fran\u010du vai sp\u0101\u0146u valodu), fizisko audzin\u0101\u0161anu un virkni citu izv\u0113l\u0113tu priek\u0161metu. 11.\u201312. klas\u0113 skol\u0113ni apg\u016bst AS\/A l\u012bme\u0146a priek\u0161metus, izv\u0113loties 3\u20134 priek\u0161metus p\u0113c savas izv\u0113les. Abas \u0161\u012bs programmas ir izstr\u0101d\u0101jusi un p\u0101rbaud\u012bjusi Kembrid\u017eas Universit\u0101tes organiz\u0101cija <i>Cambridge International Examinations\u00a0<\/i>(http:\/\/www.cambridgeinternational.org\/), un t\u0101s ir atz\u012btas par vado\u0161aj\u0101m starptautiskaj\u0101m m\u0101c\u012bbu programm\u0101m attiec\u012bgaj\u0101s vecuma grup\u0101s.<\/p>\n<p>Apskatiet IGCSE absolv\u0113\u0161anas sertifik\u0101tu:<\/p>\n<ul>\n<li><a href=\"https:\/\/isriga.lv\/wp-content\/uploads\/2021\/05\/3_IGCSE-Sample-Certificate_ICE.pdf\" target=\"_blank\" rel=\"noopener\">Dokuments 1<\/a><\/li>\n<li><a href=\"https:\/\/isriga.lv\/wp-content\/uploads\/2021\/05\/3_IGCSE-Sample-Certificate.pdf\" target=\"_blank\" rel=\"noopener\">Dokuments 2<\/a><\/li>\n<li><a href=\"https:\/\/isriga.lv\/wp-content\/uploads\/2021\/05\/3_IGCSE-Sample_Statement-of-Results.pdf\" target=\"_blank\" rel=\"noopener\">Rezult\u0101tu pazi\u0146ojums<\/a><\/li>\n<\/ul>\n<\/div><\/section><\/div><div class='av-flex-placeholder'><\/div><div class=\"flex_column av_one_half  flex_column_table_cell av-equal-height-column av-align-middle av-zero-column-padding   avia-builder-el-7  el_after_av_one_half  avia-builder-el-last  \" style='border-radius:0px; '><div  class='avia-image-container  av-styling-    avia-builder-el-8  avia-builder-el-no-sibling  avia-align-center '  itemprop=\"image\" itemscope=\"itemscope\" itemtype=\"https:\/\/schema.org\/ImageObject\"  ><div class='avia-image-container-inner'><div class='avia-image-overlay-wrap'><img decoding=\"async\" class='wp-image-2406 avia-img-lazy-loading-not-2406 avia_image' src=\"https:\/\/isriga.lv\/wp-content\/uploads\/2018\/06\/IGCSE-cover.jpg\" alt='' title='IGCSE-cover' height=\"630\" width=\"1000\"  itemprop=\"thumbnailUrl\" srcset=\"https:\/\/isriga.lv\/wp-content\/uploads\/2018\/06\/IGCSE-cover.jpg 1000w, https:\/\/isriga.lv\/wp-content\/uploads\/2018\/06\/IGCSE-cover-300x189.jpg 300w, https:\/\/isriga.lv\/wp-content\/uploads\/2018\/06\/IGCSE-cover-768x484.jpg 768w, https:\/\/isriga.lv\/wp-content\/uploads\/2018\/06\/IGCSE-cover-705x444.jpg 705w, https:\/\/isriga.lv\/wp-content\/uploads\/2018\/06\/IGCSE-cover-450x284.jpg 450w\" sizes=\"(max-width: 1000px) 100vw, 1000px\" \/><\/div><\/div><\/div><\/div><\/div><!--close column table wrapper. Autoclose: 1 -->\n","protected":false},"excerpt":{"rendered":"","protected":false},"author":16,"featured_media":14757,"parent":30090,"menu_order":2,"comment_status":"closed","ping_status":"closed","template":"","meta":{"_acf_changed":false,"footnotes":""},"class_list":["post-30118","page","type-page","status-publish","has-post-thumbnail","hentry"],"acf":[],"yoast_head":"<!-- This site is optimized with the Yoast SEO plugin v27.1.1 - https:\/\/yoast.com\/product\/yoast-seo-wordpress\/ -->\n<title>Mac\u012bbu Programma - IGCSE | Vidusskola (15-18) | International School of Riga: Private IB School in Latvia<\/title>\n<meta name=\"robots\" content=\"index, follow, max-snippet:-1, max-image-preview:large, max-video-preview:-1\" \/>\n<link rel=\"canonical\" href=\"https:\/\/isriga.lv\/lv\/macisanas\/vidusskola-15-18\/macibu-programma-igcse\/\" \/>\n<meta property=\"og:locale\" content=\"lv_LV\" \/>\n<meta property=\"og:type\" content=\"article\" \/>\n<meta property=\"og:title\" content=\"Mac\u012bbu Programma - IGCSE | Vidusskola (15-18) | International School of Riga: Private IB School in Latvia\" \/>\n<meta property=\"og:url\" content=\"https:\/\/isriga.lv\/lv\/macisanas\/vidusskola-15-18\/macibu-programma-igcse\/\" \/>\n<meta property=\"og:site_name\" content=\"International School of Riga: Private IB School in Latvia\" \/>\n<meta property=\"article:publisher\" content=\"https:\/\/www.facebook.com\/isriga\" \/>\n<meta property=\"article:modified_time\" content=\"2026-02-24T10:58:22+00:00\" \/>\n<meta property=\"og:image\" content=\"https:\/\/isriga.lv\/wp-content\/uploads\/2019\/09\/ISR-featured-a1-1.png\" \/>\n\t<meta property=\"og:image:width\" content=\"1030\" \/>\n\t<meta property=\"og:image:height\" content=\"629\" \/>\n\t<meta property=\"og:image:type\" content=\"image\/png\" \/>\n<meta name=\"twitter:card\" content=\"summary_large_image\" \/>\n<meta name=\"twitter:label1\" content=\"Est. reading time\" \/>\n\t<meta name=\"twitter:data1\" content=\"2 minutes\" \/>\n<script type=\"application\/ld+json\" class=\"yoast-schema-graph\">{\"@context\":\"https:\/\/schema.org\",\"@graph\":[{\"@type\":\"WebPage\",\"@id\":\"https:\/\/isriga.lv\/lv\/macisanas\/vidusskola-15-18\/macibu-programma-igcse\/\",\"url\":\"https:\/\/isriga.lv\/lv\/macisanas\/vidusskola-15-18\/macibu-programma-igcse\/\",\"name\":\"Mac\u012bbu Programma - IGCSE | Vidusskola (15-18) | International School of Riga: Private IB School in Latvia\",\"isPartOf\":{\"@id\":\"https:\/\/isriga.lv\/#website\"},\"primaryImageOfPage\":{\"@id\":\"https:\/\/isriga.lv\/lv\/macisanas\/vidusskola-15-18\/macibu-programma-igcse\/#primaryimage\"},\"image\":{\"@id\":\"https:\/\/isriga.lv\/lv\/macisanas\/vidusskola-15-18\/macibu-programma-igcse\/#primaryimage\"},\"thumbnailUrl\":\"https:\/\/isriga.lv\/wp-content\/uploads\/2019\/09\/ISR-featured-a1-1.png\",\"datePublished\":\"2021-08-26T17:27:35+00:00\",\"dateModified\":\"2026-02-24T10:58:22+00:00\",\"breadcrumb\":{\"@id\":\"https:\/\/isriga.lv\/lv\/macisanas\/vidusskola-15-18\/macibu-programma-igcse\/#breadcrumb\"},\"inLanguage\":\"lv-LV\",\"potentialAction\":[{\"@type\":\"ReadAction\",\"target\":[\"https:\/\/isriga.lv\/lv\/macisanas\/vidusskola-15-18\/macibu-programma-igcse\/\"]}]},{\"@type\":\"ImageObject\",\"inLanguage\":\"lv-LV\",\"@id\":\"https:\/\/isriga.lv\/lv\/macisanas\/vidusskola-15-18\/macibu-programma-igcse\/#primaryimage\",\"url\":\"https:\/\/isriga.lv\/wp-content\/uploads\/2019\/09\/ISR-featured-a1-1.png\",\"contentUrl\":\"https:\/\/isriga.lv\/wp-content\/uploads\/2019\/09\/ISR-featured-a1-1.png\",\"width\":1030,\"height\":629},{\"@type\":\"BreadcrumbList\",\"@id\":\"https:\/\/isriga.lv\/lv\/macisanas\/vidusskola-15-18\/macibu-programma-igcse\/#breadcrumb\",\"itemListElement\":[{\"@type\":\"ListItem\",\"position\":1,\"name\":\"Home\",\"item\":\"https:\/\/isriga.lv\/lv\/sakums\/\"},{\"@type\":\"ListItem\",\"position\":2,\"name\":\"M\u0101c\u012b\u0161an\u0101s\",\"item\":\"https:\/\/isriga.lv\/lv\/macisanas\/\"},{\"@type\":\"ListItem\",\"position\":3,\"name\":\"Vidusskola (15-18)\",\"item\":\"https:\/\/isriga.lv\/lv\/macisanas\/vidusskola-15-18\/\"},{\"@type\":\"ListItem\",\"position\":4,\"name\":\"Mac\u012bbu Programma &#8211; IGCSE\"}]},{\"@type\":\"WebSite\",\"@id\":\"https:\/\/isriga.lv\/#website\",\"url\":\"https:\/\/isriga.lv\/\",\"name\":\"International School of Riga: Private IB School in Latvia\",\"description\":\"International School of Riga. Latvia.\",\"publisher\":{\"@id\":\"https:\/\/isriga.lv\/#organization\"},\"potentialAction\":[{\"@type\":\"SearchAction\",\"target\":{\"@type\":\"EntryPoint\",\"urlTemplate\":\"https:\/\/isriga.lv\/?s={search_term_string}\"},\"query-input\":{\"@type\":\"PropertyValueSpecification\",\"valueRequired\":true,\"valueName\":\"search_term_string\"}}],\"inLanguage\":\"lv-LV\"},{\"@type\":\"Organization\",\"@id\":\"https:\/\/isriga.lv\/#organization\",\"name\":\"International School of Riga: Private IB School in Riga\",\"url\":\"https:\/\/isriga.lv\/\",\"logo\":{\"@type\":\"ImageObject\",\"inLanguage\":\"lv-LV\",\"@id\":\"https:\/\/isriga.lv\/#\/schema\/logo\/image\/\",\"url\":\"https:\/\/isriga.lv\/wp-content\/uploads\/2017\/08\/isr-logo.png\",\"contentUrl\":\"https:\/\/isriga.lv\/wp-content\/uploads\/2017\/08\/isr-logo.png\",\"width\":628,\"height\":136,\"caption\":\"International School of Riga: Private IB School in Riga\"},\"image\":{\"@id\":\"https:\/\/isriga.lv\/#\/schema\/logo\/image\/\"},\"sameAs\":[\"https:\/\/www.facebook.com\/isriga\",\"https:\/\/www.instagram.com\/loveisriga\/\",\"https:\/\/www.youtube.com\/user\/isriga\"]}]}<\/script>\n<!-- \/ Yoast SEO plugin. -->","yoast_head_json":{"title":"Mac\u012bbu Programma - IGCSE | Vidusskola (15-18) | International School of Riga: Private IB School in Latvia","robots":{"index":"index","follow":"follow","max-snippet":"max-snippet:-1","max-image-preview":"max-image-preview:large","max-video-preview":"max-video-preview:-1"},"canonical":"https:\/\/isriga.lv\/lv\/macisanas\/vidusskola-15-18\/macibu-programma-igcse\/","og_locale":"lv_LV","og_type":"article","og_title":"Mac\u012bbu Programma - IGCSE | Vidusskola (15-18) | International School of Riga: Private IB School in Latvia","og_url":"https:\/\/isriga.lv\/lv\/macisanas\/vidusskola-15-18\/macibu-programma-igcse\/","og_site_name":"International School of Riga: Private IB School in Latvia","article_publisher":"https:\/\/www.facebook.com\/isriga","article_modified_time":"2026-02-24T10:58:22+00:00","og_image":[{"width":1030,"height":629,"url":"https:\/\/isriga.lv\/wp-content\/uploads\/2019\/09\/ISR-featured-a1-1.png","type":"image\/png"}],"twitter_card":"summary_large_image","twitter_misc":{"Est. reading time":"2 minutes"},"schema":{"@context":"https:\/\/schema.org","@graph":[{"@type":"WebPage","@id":"https:\/\/isriga.lv\/lv\/macisanas\/vidusskola-15-18\/macibu-programma-igcse\/","url":"https:\/\/isriga.lv\/lv\/macisanas\/vidusskola-15-18\/macibu-programma-igcse\/","name":"Mac\u012bbu Programma - IGCSE | Vidusskola (15-18) | International School of Riga: Private IB School in Latvia","isPartOf":{"@id":"https:\/\/isriga.lv\/#website"},"primaryImageOfPage":{"@id":"https:\/\/isriga.lv\/lv\/macisanas\/vidusskola-15-18\/macibu-programma-igcse\/#primaryimage"},"image":{"@id":"https:\/\/isriga.lv\/lv\/macisanas\/vidusskola-15-18\/macibu-programma-igcse\/#primaryimage"},"thumbnailUrl":"https:\/\/isriga.lv\/wp-content\/uploads\/2019\/09\/ISR-featured-a1-1.png","datePublished":"2021-08-26T17:27:35+00:00","dateModified":"2026-02-24T10:58:22+00:00","breadcrumb":{"@id":"https:\/\/isriga.lv\/lv\/macisanas\/vidusskola-15-18\/macibu-programma-igcse\/#breadcrumb"},"inLanguage":"lv-LV","potentialAction":[{"@type":"ReadAction","target":["https:\/\/isriga.lv\/lv\/macisanas\/vidusskola-15-18\/macibu-programma-igcse\/"]}]},{"@type":"ImageObject","inLanguage":"lv-LV","@id":"https:\/\/isriga.lv\/lv\/macisanas\/vidusskola-15-18\/macibu-programma-igcse\/#primaryimage","url":"https:\/\/isriga.lv\/wp-content\/uploads\/2019\/09\/ISR-featured-a1-1.png","contentUrl":"https:\/\/isriga.lv\/wp-content\/uploads\/2019\/09\/ISR-featured-a1-1.png","width":1030,"height":629},{"@type":"BreadcrumbList","@id":"https:\/\/isriga.lv\/lv\/macisanas\/vidusskola-15-18\/macibu-programma-igcse\/#breadcrumb","itemListElement":[{"@type":"ListItem","position":1,"name":"Home","item":"https:\/\/isriga.lv\/lv\/sakums\/"},{"@type":"ListItem","position":2,"name":"M\u0101c\u012b\u0161an\u0101s","item":"https:\/\/isriga.lv\/lv\/macisanas\/"},{"@type":"ListItem","position":3,"name":"Vidusskola (15-18)","item":"https:\/\/isriga.lv\/lv\/macisanas\/vidusskola-15-18\/"},{"@type":"ListItem","position":4,"name":"Mac\u012bbu Programma &#8211; IGCSE"}]},{"@type":"WebSite","@id":"https:\/\/isriga.lv\/#website","url":"https:\/\/isriga.lv\/","name":"International School of Riga: Private IB School in Latvia","description":"International School of Riga. Latvia.","publisher":{"@id":"https:\/\/isriga.lv\/#organization"},"potentialAction":[{"@type":"SearchAction","target":{"@type":"EntryPoint","urlTemplate":"https:\/\/isriga.lv\/?s={search_term_string}"},"query-input":{"@type":"PropertyValueSpecification","valueRequired":true,"valueName":"search_term_string"}}],"inLanguage":"lv-LV"},{"@type":"Organization","@id":"https:\/\/isriga.lv\/#organization","name":"International School of Riga: Private IB School in Riga","url":"https:\/\/isriga.lv\/","logo":{"@type":"ImageObject","inLanguage":"lv-LV","@id":"https:\/\/isriga.lv\/#\/schema\/logo\/image\/","url":"https:\/\/isriga.lv\/wp-content\/uploads\/2017\/08\/isr-logo.png","contentUrl":"https:\/\/isriga.lv\/wp-content\/uploads\/2017\/08\/isr-logo.png","width":628,"height":136,"caption":"International School of Riga: Private IB School in Riga"},"image":{"@id":"https:\/\/isriga.lv\/#\/schema\/logo\/image\/"},"sameAs":["https:\/\/www.facebook.com\/isriga","https:\/\/www.instagram.com\/loveisriga\/","https:\/\/www.youtube.com\/user\/isriga"]}]}},"_links":{"self":[{"href":"https:\/\/isriga.lv\/lv\/wp-json\/wp\/v2\/pages\/30118","targetHints":{"allow":["GET"]}}],"collection":[{"href":"https:\/\/isriga.lv\/lv\/wp-json\/wp\/v2\/pages"}],"about":[{"href":"https:\/\/isriga.lv\/lv\/wp-json\/wp\/v2\/types\/page"}],"author":[{"embeddable":true,"href":"https:\/\/isriga.lv\/lv\/wp-json\/wp\/v2\/users\/16"}],"replies":[{"embeddable":true,"href":"https:\/\/isriga.lv\/lv\/wp-json\/wp\/v2\/comments?post=30118"}],"version-history":[{"count":9,"href":"https:\/\/isriga.lv\/lv\/wp-json\/wp\/v2\/pages\/30118\/revisions"}],"predecessor-version":[{"id":45503,"href":"https:\/\/isriga.lv\/lv\/wp-json\/wp\/v2\/pages\/30118\/revisions\/45503"}],"up":[{"embeddable":true,"href":"https:\/\/isriga.lv\/lv\/wp-json\/wp\/v2\/pages\/30090"}],"wp:featuredmedia":[{"embeddable":true,"href":"https:\/\/isriga.lv\/lv\/wp-json\/wp\/v2\/media\/14757"}],"wp:attachment":[{"href":"https:\/\/isriga.lv\/lv\/wp-json\/wp\/v2\/media?parent=30118"}],"curies":[{"name":"wp","href":"https:\/\/api.w.org\/{rel}","templated":true}]}}