	
{"id":29995,"date":"2021-08-26T20:02:41","date_gmt":"2021-08-26T17:02:41","guid":{"rendered":"https:\/\/isriga.lv\/?page_id=29995"},"modified":"2025-08-14T13:10:16","modified_gmt":"2025-08-14T10:10:16","slug":"rokasgramata","status":"publish","type":"page","link":"https:\/\/isriga.lv\/lv\/macisanas\/pirmsskola-2-6\/rokasgramata\/","title":{"rendered":"Rokasgr\u0101mata"},"content":{"rendered":"<div id='av_section_1'  class='avia-section main_color avia-section-default avia-no-border-styling  av-parallax-section avia-bg-style-parallax  avia-builder-el-0  el_before_av_submenu  avia-builder-el-first  title-color-section  av-minimum-height av-minimum-height-50  container_wrap fullsize' style=' '  data-section-bg-repeat='no-repeat' data-av_minimum_height_pc='50'><div class='av-parallax' data-avia-parallax-ratio='0.3' ><div class='av-parallax-inner main_color  avia-full-stretch' style = 'background-repeat: no-repeat; background-image: url(https:\/\/isriga.lv\/wp-content\/uploads\/2019\/10\/EY-handbook.png);background-attachment: scroll; background-position: top center; ' ><\/div><\/div><div class='container' ><main  role=\"main\" itemprop=\"mainContentOfPage\"  class='template-page content  av-content-full alpha units'><div class='post-entry post-entry-type-page post-entry-29995'><div class='entry-content-wrapper clearfix'>\n<div  style='padding-bottom:0px; color:#ffffff;font-size:60px;' class='av-special-heading av-special-heading-h6 custom-color-heading blockquote modern-quote  avia-builder-el-1  avia-builder-el-no-sibling  av-inherit-size '><h6 class='av-special-heading-tag  av-mini-font-size-overwrite av-mini-font-size-38'  itemprop=\"headline\"  >ROKASGR\u0100MATA<\/h6><div class='special-heading-border'><div class='special-heading-inner-border' style='border-color:#ffffff'><\/div><\/div><\/div>\n\n<\/div><\/div><\/main><!-- close content main element --><\/div><\/div><div id='sub_menu1'  class='av-submenu-container alternate_color  avia-builder-el-2  el_after_av_section  el_before_av_section  menu-below-headliner  submenu-not-first container_wrap fullsize' style='  z-index:301' ><div class='container av-menu-mobile-disabled '><ul id=\"menu-early-years-2-5-menu-en-lv\" class=\"av-subnav-menu av-submenu-pos-center\"><li id=\"menu-item-31170\" class=\"menu-item menu-item-type-post_type menu-item-object-page menu-item-top-level menu-item-top-level-1\"><a href=\"https:\/\/isriga.lv\/lv\/macisanas\/pirmsskola-2-6\/laipni-ludzam\/\" itemprop=\"url\"><span class=\"avia-bullet\"><\/span><span class=\"avia-menu-text\">Laipni l\u016bdzam!<\/span><span class=\"avia-menu-fx\"><span class=\"avia-arrow-wrap\"><span class=\"avia-arrow\"><\/span><\/span><\/span><\/a><\/li>\n<li id=\"menu-item-31171\" class=\"menu-item menu-item-type-post_type menu-item-object-page menu-item-top-level menu-item-top-level-2\"><a href=\"https:\/\/isriga.lv\/lv\/macisanas\/pirmsskola-2-6\/macibu-programma-ib-pyp\/\" itemprop=\"url\"><span class=\"avia-bullet\"><\/span><span class=\"avia-menu-text\">M\u0101c\u012bbu Programma &#8211; IB PYP<\/span><span class=\"avia-menu-fx\"><span class=\"avia-arrow-wrap\"><span class=\"avia-arrow\"><\/span><\/span><\/span><\/a><\/li>\n<li id=\"menu-item-31172\" class=\"menu-item menu-item-type-post_type menu-item-object-page menu-item-top-level menu-item-top-level-3\"><a href=\"https:\/\/isriga.lv\/lv\/macisanas\/pirmsskola-2-6\/rokasgramata\/\" itemprop=\"url\"><span class=\"avia-bullet\"><\/span><span class=\"avia-menu-text\">Rokasgr\u0101mata<\/span><span class=\"avia-menu-fx\"><span class=\"avia-arrow-wrap\"><span class=\"avia-arrow\"><\/span><\/span><\/span><\/a><\/li>\n<\/ul><\/div><\/div>\n<div id='av_section_2'  class='avia-section main_color avia-section-default avia-no-border-styling  avia-bg-style-scroll  avia-builder-el-3  el_after_av_submenu  avia-builder-el-last   container_wrap fullsize' style=' '  ><div class='container' ><div class='template-page content  av-content-full alpha units'><div class='post-entry post-entry-type-page post-entry-29995'><div class='entry-content-wrapper clearfix'>\n<div class='flex_column_table av-equal-height-column-flextable -flextable' ><div class=\"flex_column av_one_full  flex_column_table_cell av-equal-height-column av-align-middle av-zero-column-padding first  avia-builder-el-4  avia-builder-el-no-sibling  \" style='border-radius:0px; '><p><section class=\"av_textblock_section \"  itemscope=\"itemscope\" itemtype=\"https:\/\/schema.org\/CreativeWork\" ><div class='avia_textblock  '  style='font-size:17px; '  itemprop=\"text\" ><p>Cien\u012bjamie vec\u0101ki\/aizbild\u0146i un skol\u0113ni,<\/p>\n<p>Laipni l\u016bdzam ISR pirmsskol\u0101!<\/p>\n<p>Pirmsskolas programma m\u016bsu skolai ir glu\u017ei k\u0101 \u0113kas pamats. Daudziem b\u0113rniem \u0161\u012b ir pirm\u0101 pieredze, iepaz\u012bstoties ar skolu un izejot no m\u0101j\u0101m &#8211; kad vi\u0146i atst\u0101j savu dro\u0161o vidi un \u0123imeni, lai pievienotos citiem b\u0113rniem no visas pasaules, lai kop\u0101 iepaz\u012btu pasauli sev apk\u0101rt.\u00a0 M\u016bsu pirmsskolas klas\u0113s ir m\u0101j\u012bga atmosf\u0113ra, kur\u0101 b\u0113rns var veidot jaunas draudz\u012bbas, demonstr\u0113t rado\u0161umu un baud\u012bt m\u0101c\u012b\u0161anos.<\/p>\n<p>\u0160\u012b rokasgr\u0101mata ir izveidota k\u0101 ievads m\u016bsu skolas dz\u012bv\u0113. L\u016bdzu, veltiet laiku, lai iepaz\u012btos ar t\u0101s saturu pirms m\u0101c\u012bbu uzs\u0101k\u0161anas ISR. Ja jums rodas jaut\u0101jumi, l\u016bdzu, sazinieties ar mani vai k\u0101du citu skolas p\u0101rst\u0101vi!<\/p>\n<p>Laipni l\u016bdzam m\u016bsu kopien\u0101!<\/p>\n<p>Ar cie\u0146u,<br \/>\nGinta Karklina<br \/>\n<em>IBPYP<\/em>\u00a0koordinatore<\/p>\n<p><a href=\"https:\/\/isriga.lv\/wp-content\/uploads\/2025\/08\/Primary-Handbook-2025-26-Original.pdf\"><span  class=\"av_font_icon avia_animate_when_visible avia-icon-animate  av-icon-style-  av-no-color avia-icon-pos-left \" style=\"\"><span class='av-icon-char' style='font-size:22px;line-height:22px;' aria-hidden='true' data-av_icon='\ue800' data-av_iconfont='isr-iconset' ><\/span><\/span>DOWNLOAD HANDBOOK (.PDF)<\/a><\/p>\n<\/div><\/section><br \/>\n<\/p><\/div><\/div><!--close column table wrapper. Autoclose: 1 -->\n","protected":false},"excerpt":{"rendered":"","protected":false},"author":16,"featured_media":14757,"parent":29957,"menu_order":3,"comment_status":"closed","ping_status":"closed","template":"","meta":{"_acf_changed":false,"footnotes":""},"class_list":["post-29995","page","type-page","status-publish","has-post-thumbnail","hentry"],"acf":[],"yoast_head":"<!-- This site is optimized with the Yoast SEO plugin v27.1.1 - https:\/\/yoast.com\/product\/yoast-seo-wordpress\/ -->\n<title>Rokasgr\u0101mata | Pirmsskola (2-6) | International School of Riga: Private IB School in Latvia<\/title>\n<meta name=\"robots\" content=\"index, follow, max-snippet:-1, max-image-preview:large, max-video-preview:-1\" \/>\n<link rel=\"canonical\" href=\"https:\/\/isriga.lv\/lv\/macisanas\/pirmsskola-2-6\/rokasgramata\/\" \/>\n<meta property=\"og:locale\" content=\"lv_LV\" \/>\n<meta property=\"og:type\" content=\"article\" \/>\n<meta property=\"og:title\" content=\"Rokasgr\u0101mata | Pirmsskola (2-6) | International School of Riga: Private IB School in Latvia\" \/>\n<meta property=\"og:url\" content=\"https:\/\/isriga.lv\/lv\/macisanas\/pirmsskola-2-6\/rokasgramata\/\" \/>\n<meta property=\"og:site_name\" content=\"International School of Riga: Private IB School in Latvia\" \/>\n<meta property=\"article:publisher\" content=\"https:\/\/www.facebook.com\/isriga\" \/>\n<meta property=\"article:modified_time\" content=\"2025-08-14T10:10:16+00:00\" \/>\n<meta property=\"og:image\" content=\"https:\/\/isriga.lv\/wp-content\/uploads\/2019\/09\/ISR-featured-a1-1.png\" \/>\n\t<meta property=\"og:image:width\" content=\"1030\" \/>\n\t<meta property=\"og:image:height\" content=\"629\" \/>\n\t<meta property=\"og:image:type\" content=\"image\/png\" \/>\n<meta name=\"twitter:card\" content=\"summary_large_image\" \/>\n<meta name=\"twitter:label1\" content=\"Est. reading time\" \/>\n\t<meta name=\"twitter:data1\" content=\"2 minutes\" \/>\n<script type=\"application\/ld+json\" class=\"yoast-schema-graph\">{\"@context\":\"https:\/\/schema.org\",\"@graph\":[{\"@type\":\"WebPage\",\"@id\":\"https:\/\/isriga.lv\/lv\/macisanas\/pirmsskola-2-6\/rokasgramata\/\",\"url\":\"https:\/\/isriga.lv\/lv\/macisanas\/pirmsskola-2-6\/rokasgramata\/\",\"name\":\"Rokasgr\u0101mata | Pirmsskola (2-6) | International School of Riga: Private IB School in Latvia\",\"isPartOf\":{\"@id\":\"https:\/\/isriga.lv\/#website\"},\"primaryImageOfPage\":{\"@id\":\"https:\/\/isriga.lv\/lv\/macisanas\/pirmsskola-2-6\/rokasgramata\/#primaryimage\"},\"image\":{\"@id\":\"https:\/\/isriga.lv\/lv\/macisanas\/pirmsskola-2-6\/rokasgramata\/#primaryimage\"},\"thumbnailUrl\":\"https:\/\/isriga.lv\/wp-content\/uploads\/2019\/09\/ISR-featured-a1-1.png\",\"datePublished\":\"2021-08-26T17:02:41+00:00\",\"dateModified\":\"2025-08-14T10:10:16+00:00\",\"breadcrumb\":{\"@id\":\"https:\/\/isriga.lv\/lv\/macisanas\/pirmsskola-2-6\/rokasgramata\/#breadcrumb\"},\"inLanguage\":\"lv-LV\",\"potentialAction\":[{\"@type\":\"ReadAction\",\"target\":[\"https:\/\/isriga.lv\/lv\/macisanas\/pirmsskola-2-6\/rokasgramata\/\"]}]},{\"@type\":\"ImageObject\",\"inLanguage\":\"lv-LV\",\"@id\":\"https:\/\/isriga.lv\/lv\/macisanas\/pirmsskola-2-6\/rokasgramata\/#primaryimage\",\"url\":\"https:\/\/isriga.lv\/wp-content\/uploads\/2019\/09\/ISR-featured-a1-1.png\",\"contentUrl\":\"https:\/\/isriga.lv\/wp-content\/uploads\/2019\/09\/ISR-featured-a1-1.png\",\"width\":1030,\"height\":629},{\"@type\":\"BreadcrumbList\",\"@id\":\"https:\/\/isriga.lv\/lv\/macisanas\/pirmsskola-2-6\/rokasgramata\/#breadcrumb\",\"itemListElement\":[{\"@type\":\"ListItem\",\"position\":1,\"name\":\"Home\",\"item\":\"https:\/\/isriga.lv\/lv\/sakums\/\"},{\"@type\":\"ListItem\",\"position\":2,\"name\":\"M\u0101c\u012b\u0161an\u0101s\",\"item\":\"https:\/\/isriga.lv\/lv\/macisanas\/\"},{\"@type\":\"ListItem\",\"position\":3,\"name\":\"Pirmsskola (2-6)\",\"item\":\"https:\/\/isriga.lv\/lv\/macisanas\/pirmsskola-2-6\/\"},{\"@type\":\"ListItem\",\"position\":4,\"name\":\"Rokasgr\u0101mata\"}]},{\"@type\":\"WebSite\",\"@id\":\"https:\/\/isriga.lv\/#website\",\"url\":\"https:\/\/isriga.lv\/\",\"name\":\"International School of Riga: Private IB School in Latvia\",\"description\":\"International School of Riga. Latvia.\",\"publisher\":{\"@id\":\"https:\/\/isriga.lv\/#organization\"},\"potentialAction\":[{\"@type\":\"SearchAction\",\"target\":{\"@type\":\"EntryPoint\",\"urlTemplate\":\"https:\/\/isriga.lv\/?s={search_term_string}\"},\"query-input\":{\"@type\":\"PropertyValueSpecification\",\"valueRequired\":true,\"valueName\":\"search_term_string\"}}],\"inLanguage\":\"lv-LV\"},{\"@type\":\"Organization\",\"@id\":\"https:\/\/isriga.lv\/#organization\",\"name\":\"International School of Riga: Private IB School in Riga\",\"url\":\"https:\/\/isriga.lv\/\",\"logo\":{\"@type\":\"ImageObject\",\"inLanguage\":\"lv-LV\",\"@id\":\"https:\/\/isriga.lv\/#\/schema\/logo\/image\/\",\"url\":\"https:\/\/isriga.lv\/wp-content\/uploads\/2017\/08\/isr-logo.png\",\"contentUrl\":\"https:\/\/isriga.lv\/wp-content\/uploads\/2017\/08\/isr-logo.png\",\"width\":628,\"height\":136,\"caption\":\"International School of Riga: Private IB School in Riga\"},\"image\":{\"@id\":\"https:\/\/isriga.lv\/#\/schema\/logo\/image\/\"},\"sameAs\":[\"https:\/\/www.facebook.com\/isriga\",\"https:\/\/www.instagram.com\/loveisriga\/\",\"https:\/\/www.youtube.com\/user\/isriga\"]}]}<\/script>\n<!-- \/ Yoast SEO plugin. -->","yoast_head_json":{"title":"Rokasgr\u0101mata | Pirmsskola (2-6) | International School of Riga: Private IB School in Latvia","robots":{"index":"index","follow":"follow","max-snippet":"max-snippet:-1","max-image-preview":"max-image-preview:large","max-video-preview":"max-video-preview:-1"},"canonical":"https:\/\/isriga.lv\/lv\/macisanas\/pirmsskola-2-6\/rokasgramata\/","og_locale":"lv_LV","og_type":"article","og_title":"Rokasgr\u0101mata | Pirmsskola (2-6) | International School of Riga: Private IB School in Latvia","og_url":"https:\/\/isriga.lv\/lv\/macisanas\/pirmsskola-2-6\/rokasgramata\/","og_site_name":"International School of Riga: Private IB School in Latvia","article_publisher":"https:\/\/www.facebook.com\/isriga","article_modified_time":"2025-08-14T10:10:16+00:00","og_image":[{"width":1030,"height":629,"url":"https:\/\/isriga.lv\/wp-content\/uploads\/2019\/09\/ISR-featured-a1-1.png","type":"image\/png"}],"twitter_card":"summary_large_image","twitter_misc":{"Est. reading time":"2 minutes"},"schema":{"@context":"https:\/\/schema.org","@graph":[{"@type":"WebPage","@id":"https:\/\/isriga.lv\/lv\/macisanas\/pirmsskola-2-6\/rokasgramata\/","url":"https:\/\/isriga.lv\/lv\/macisanas\/pirmsskola-2-6\/rokasgramata\/","name":"Rokasgr\u0101mata | Pirmsskola (2-6) | International School of Riga: Private IB School in Latvia","isPartOf":{"@id":"https:\/\/isriga.lv\/#website"},"primaryImageOfPage":{"@id":"https:\/\/isriga.lv\/lv\/macisanas\/pirmsskola-2-6\/rokasgramata\/#primaryimage"},"image":{"@id":"https:\/\/isriga.lv\/lv\/macisanas\/pirmsskola-2-6\/rokasgramata\/#primaryimage"},"thumbnailUrl":"https:\/\/isriga.lv\/wp-content\/uploads\/2019\/09\/ISR-featured-a1-1.png","datePublished":"2021-08-26T17:02:41+00:00","dateModified":"2025-08-14T10:10:16+00:00","breadcrumb":{"@id":"https:\/\/isriga.lv\/lv\/macisanas\/pirmsskola-2-6\/rokasgramata\/#breadcrumb"},"inLanguage":"lv-LV","potentialAction":[{"@type":"ReadAction","target":["https:\/\/isriga.lv\/lv\/macisanas\/pirmsskola-2-6\/rokasgramata\/"]}]},{"@type":"ImageObject","inLanguage":"lv-LV","@id":"https:\/\/isriga.lv\/lv\/macisanas\/pirmsskola-2-6\/rokasgramata\/#primaryimage","url":"https:\/\/isriga.lv\/wp-content\/uploads\/2019\/09\/ISR-featured-a1-1.png","contentUrl":"https:\/\/isriga.lv\/wp-content\/uploads\/2019\/09\/ISR-featured-a1-1.png","width":1030,"height":629},{"@type":"BreadcrumbList","@id":"https:\/\/isriga.lv\/lv\/macisanas\/pirmsskola-2-6\/rokasgramata\/#breadcrumb","itemListElement":[{"@type":"ListItem","position":1,"name":"Home","item":"https:\/\/isriga.lv\/lv\/sakums\/"},{"@type":"ListItem","position":2,"name":"M\u0101c\u012b\u0161an\u0101s","item":"https:\/\/isriga.lv\/lv\/macisanas\/"},{"@type":"ListItem","position":3,"name":"Pirmsskola (2-6)","item":"https:\/\/isriga.lv\/lv\/macisanas\/pirmsskola-2-6\/"},{"@type":"ListItem","position":4,"name":"Rokasgr\u0101mata"}]},{"@type":"WebSite","@id":"https:\/\/isriga.lv\/#website","url":"https:\/\/isriga.lv\/","name":"International School of Riga: Private IB School in Latvia","description":"International School of Riga. Latvia.","publisher":{"@id":"https:\/\/isriga.lv\/#organization"},"potentialAction":[{"@type":"SearchAction","target":{"@type":"EntryPoint","urlTemplate":"https:\/\/isriga.lv\/?s={search_term_string}"},"query-input":{"@type":"PropertyValueSpecification","valueRequired":true,"valueName":"search_term_string"}}],"inLanguage":"lv-LV"},{"@type":"Organization","@id":"https:\/\/isriga.lv\/#organization","name":"International School of Riga: Private IB School in Riga","url":"https:\/\/isriga.lv\/","logo":{"@type":"ImageObject","inLanguage":"lv-LV","@id":"https:\/\/isriga.lv\/#\/schema\/logo\/image\/","url":"https:\/\/isriga.lv\/wp-content\/uploads\/2017\/08\/isr-logo.png","contentUrl":"https:\/\/isriga.lv\/wp-content\/uploads\/2017\/08\/isr-logo.png","width":628,"height":136,"caption":"International School of Riga: Private IB School in Riga"},"image":{"@id":"https:\/\/isriga.lv\/#\/schema\/logo\/image\/"},"sameAs":["https:\/\/www.facebook.com\/isriga","https:\/\/www.instagram.com\/loveisriga\/","https:\/\/www.youtube.com\/user\/isriga"]}]}},"_links":{"self":[{"href":"https:\/\/isriga.lv\/lv\/wp-json\/wp\/v2\/pages\/29995","targetHints":{"allow":["GET"]}}],"collection":[{"href":"https:\/\/isriga.lv\/lv\/wp-json\/wp\/v2\/pages"}],"about":[{"href":"https:\/\/isriga.lv\/lv\/wp-json\/wp\/v2\/types\/page"}],"author":[{"embeddable":true,"href":"https:\/\/isriga.lv\/lv\/wp-json\/wp\/v2\/users\/16"}],"replies":[{"embeddable":true,"href":"https:\/\/isriga.lv\/lv\/wp-json\/wp\/v2\/comments?post=29995"}],"version-history":[{"count":9,"href":"https:\/\/isriga.lv\/lv\/wp-json\/wp\/v2\/pages\/29995\/revisions"}],"predecessor-version":[{"id":44629,"href":"https:\/\/isriga.lv\/lv\/wp-json\/wp\/v2\/pages\/29995\/revisions\/44629"}],"up":[{"embeddable":true,"href":"https:\/\/isriga.lv\/lv\/wp-json\/wp\/v2\/pages\/29957"}],"wp:featuredmedia":[{"embeddable":true,"href":"https:\/\/isriga.lv\/lv\/wp-json\/wp\/v2\/media\/14757"}],"wp:attachment":[{"href":"https:\/\/isriga.lv\/lv\/wp-json\/wp\/v2\/media?parent=29995"}],"curies":[{"name":"wp","href":"https:\/\/api.w.org\/{rel}","templated":true}]}}