	
{"id":29978,"date":"2021-08-26T20:01:22","date_gmt":"2021-08-26T17:01:22","guid":{"rendered":"https:\/\/isriga.lv\/?page_id=29978"},"modified":"2024-03-01T13:03:23","modified_gmt":"2024-03-01T11:03:23","slug":"macibu-programma-ib-pyp","status":"publish","type":"page","link":"https:\/\/isriga.lv\/lv\/macisanas\/pirmsskola-2-6\/macibu-programma-ib-pyp\/","title":{"rendered":"M\u0101c\u012bbu Programma &#8211; IB PYP"},"content":{"rendered":"<div id='av_section_1'  class='avia-section main_color avia-section-default avia-no-border-styling  av-parallax-section avia-bg-style-parallax  avia-builder-el-0  el_before_av_submenu  avia-builder-el-first  title-color-section  av-minimum-height av-minimum-height-50  container_wrap fullsize' style=' '  data-section-bg-repeat='no-repeat' data-av_minimum_height_pc='50'><div class='av-parallax' data-avia-parallax-ratio='0.3' ><div class='av-parallax-inner main_color  avia-full-stretch' style = 'background-repeat: no-repeat; background-image: url(https:\/\/isriga.lv\/wp-content\/uploads\/2019\/10\/EY-curriculum.png);background-attachment: scroll; background-position: top center; ' ><\/div><\/div><div class='container' ><main  role=\"main\" itemprop=\"mainContentOfPage\"  class='template-page content  av-content-full alpha units'><div class='post-entry post-entry-type-page post-entry-29978'><div class='entry-content-wrapper clearfix'>\n<div  style='padding-bottom:0px; color:#ffffff;font-size:60px;' class='av-special-heading av-special-heading-h6 custom-color-heading blockquote modern-quote  avia-builder-el-1  avia-builder-el-no-sibling  av-inherit-size '><h6 class='av-special-heading-tag  av-mini-font-size-overwrite av-mini-font-size-38'  itemprop=\"headline\"  >M\u0100C\u012aBU<br \/>\nPROGRAMMA<\/h6><div class='special-heading-border'><div class='special-heading-inner-border' style='border-color:#ffffff'><\/div><\/div><\/div>\n\n<\/div><\/div><\/main><!-- close content main element --><\/div><\/div><div id='sub_menu1'  class='av-submenu-container alternate_color  avia-builder-el-2  el_after_av_section  el_before_av_section  menu-below-headliner  submenu-not-first container_wrap fullsize' style='  z-index:301' ><div class='container av-menu-mobile-disabled '><ul id=\"menu-early-years-2-5-menu-en-lv\" class=\"av-subnav-menu av-submenu-pos-center\"><li id=\"menu-item-31170\" class=\"menu-item menu-item-type-post_type menu-item-object-page menu-item-top-level menu-item-top-level-1\"><a href=\"https:\/\/isriga.lv\/lv\/macisanas\/pirmsskola-2-6\/laipni-ludzam\/\" itemprop=\"url\"><span class=\"avia-bullet\"><\/span><span class=\"avia-menu-text\">Laipni l\u016bdzam!<\/span><span class=\"avia-menu-fx\"><span class=\"avia-arrow-wrap\"><span class=\"avia-arrow\"><\/span><\/span><\/span><\/a><\/li>\n<li id=\"menu-item-31171\" class=\"menu-item menu-item-type-post_type menu-item-object-page menu-item-top-level menu-item-top-level-2\"><a href=\"https:\/\/isriga.lv\/lv\/macisanas\/pirmsskola-2-6\/macibu-programma-ib-pyp\/\" itemprop=\"url\"><span class=\"avia-bullet\"><\/span><span class=\"avia-menu-text\">M\u0101c\u012bbu Programma &#8211; IB PYP<\/span><span class=\"avia-menu-fx\"><span class=\"avia-arrow-wrap\"><span class=\"avia-arrow\"><\/span><\/span><\/span><\/a><\/li>\n<li id=\"menu-item-31172\" class=\"menu-item menu-item-type-post_type menu-item-object-page menu-item-top-level menu-item-top-level-3\"><a href=\"https:\/\/isriga.lv\/lv\/macisanas\/pirmsskola-2-6\/rokasgramata\/\" itemprop=\"url\"><span class=\"avia-bullet\"><\/span><span class=\"avia-menu-text\">Rokasgr\u0101mata<\/span><span class=\"avia-menu-fx\"><span class=\"avia-arrow-wrap\"><span class=\"avia-arrow\"><\/span><\/span><\/span><\/a><\/li>\n<\/ul><\/div><\/div>\n<div id='column-push-pull-mobile'  class='avia-section main_color avia-section-default avia-no-border-styling  avia-bg-style-scroll  avia-builder-el-3  el_after_av_submenu  el_before_av_section   container_wrap fullsize' style=' '  ><div class='container' ><div class='template-page content  av-content-full alpha units'><div class='post-entry post-entry-type-page post-entry-29978'><div class='entry-content-wrapper clearfix'>\n<div class='flex_column_table av-equal-height-column-flextable -flextable' ><div class=\"flex_column av_one_half  flex_column_table_cell av-equal-height-column av-align-middle av-zero-column-padding first  avia-builder-el-4  el_before_av_one_half  avia-builder-el-first  \" style='border-radius:0px; '><section class=\"av_textblock_section \"  itemscope=\"itemscope\" itemtype=\"https:\/\/schema.org\/CreativeWork\" ><div class='avia_textblock  '  style='font-size:17px; '  itemprop=\"text\" ><h2>Starptautisk\u0101 Bakalaur\u0101ta S\u0101kumskolas programma<\/h2>\n<p>ISR s\u0101kumskol\u0101 tiek \u012bstenota Starptautisk\u0101 Bakalaur\u0101ta S\u0101kumskolas programma (<em>International Baccalaureate Primary Years Programme (IBPYP)<\/em>). <strong>M\u0101c\u012bbas PYP pamatojas uz se\u0161\u0101m starpdisciplin\u0101r\u0101m t\u0113m\u0101m, no kur\u0101m katra ir izv\u0113l\u0113ta atkar\u012bb\u0101 no t\u0101s atbilst\u012bbas re\u0101lajai pasaulei<\/strong>. \u0160\u012bs t\u0113mas kop\u0101 veido izzino\u0161u m\u0101c\u012bbu programmu<i> (programme of inquiry)<\/i>.<\/p>\n<\/div><\/section><\/div><div class='av-flex-placeholder'><\/div><div class=\"flex_column av_one_half  flex_column_table_cell av-equal-height-column av-align-middle av-zero-column-padding   avia-builder-el-6  el_after_av_one_half  avia-builder-el-last  \" style='border-radius:0px; '><div  class='avia-image-container  av-styling-    avia-builder-el-7  avia-builder-el-no-sibling  avia-align-center '  itemprop=\"image\" itemscope=\"itemscope\" itemtype=\"https:\/\/schema.org\/ImageObject\"  ><div class='avia-image-container-inner'><div class='avia-image-overlay-wrap'><img decoding=\"async\" class='wp-image-2461 avia-img-lazy-loading-not-2461 avia_image' src=\"https:\/\/isriga.lv\/wp-content\/uploads\/2018\/06\/learning-early-years-primary-300x300.png\" alt='' title='learning-early years &amp; primary' height=\"300\" width=\"300\"  itemprop=\"thumbnailUrl\" srcset=\"https:\/\/isriga.lv\/wp-content\/uploads\/2018\/06\/learning-early-years-primary-300x300.png 300w, https:\/\/isriga.lv\/wp-content\/uploads\/2018\/06\/learning-early-years-primary-80x80.png 80w, https:\/\/isriga.lv\/wp-content\/uploads\/2018\/06\/learning-early-years-primary-768x768.png 768w, https:\/\/isriga.lv\/wp-content\/uploads\/2018\/06\/learning-early-years-primary-1030x1030.png 1030w, https:\/\/isriga.lv\/wp-content\/uploads\/2018\/06\/learning-early-years-primary-36x36.png 36w, https:\/\/isriga.lv\/wp-content\/uploads\/2018\/06\/learning-early-years-primary-180x180.png 180w, https:\/\/isriga.lv\/wp-content\/uploads\/2018\/06\/learning-early-years-primary-1500x1500.png 1500w, https:\/\/isriga.lv\/wp-content\/uploads\/2018\/06\/learning-early-years-primary-705x705.png 705w, https:\/\/isriga.lv\/wp-content\/uploads\/2018\/06\/learning-early-years-primary-120x120.png 120w, https:\/\/isriga.lv\/wp-content\/uploads\/2018\/06\/learning-early-years-primary-450x450.png 450w\" sizes=\"(max-width: 300px) 100vw, 300px\" \/><\/div><\/div><\/div><\/div><\/div><!--close column table wrapper. Autoclose: 1 --><\/div><\/div><\/div><!-- close content main div --><\/div><\/div><div id='av_section_3'  class='avia-section main_color avia-section-default avia-no-border-styling  avia-bg-style-scroll  avia-builder-el-8  el_after_av_section  el_before_av_section   container_wrap fullsize' style=' '  ><div class='container' ><div class='template-page content  av-content-full alpha units'><div class='post-entry post-entry-type-page post-entry-29978'><div class='entry-content-wrapper clearfix'>\n<div class='flex_column_table av-equal-height-column-flextable -flextable' ><div class=\"flex_column av_one_half  flex_column_table_cell av-equal-height-column av-align-middle av-zero-column-padding first  avia-builder-el-9  el_before_av_one_half  avia-builder-el-first  \" style='border-radius:0px; '><div  class='avia-image-container  av-styling-    avia-builder-el-10  avia-builder-el-no-sibling  avia-align-center '  itemprop=\"image\" itemscope=\"itemscope\" itemtype=\"https:\/\/schema.org\/ImageObject\"  ><div class='avia-image-container-inner'><div class='avia-image-overlay-wrap'><img decoding=\"async\" class='wp-image-14960 avia-img-lazy-loading-not-14960 avia_image' src=\"https:\/\/isriga.lv\/wp-content\/uploads\/2019\/11\/ROFO-309-1.jpg\" alt='' title='ROFO 309 (1)' height=\"1333\" width=\"2000\"  itemprop=\"thumbnailUrl\" srcset=\"https:\/\/isriga.lv\/wp-content\/uploads\/2019\/11\/ROFO-309-1.jpg 2000w, https:\/\/isriga.lv\/wp-content\/uploads\/2019\/11\/ROFO-309-1-300x200.jpg 300w, https:\/\/isriga.lv\/wp-content\/uploads\/2019\/11\/ROFO-309-1-768x512.jpg 768w, https:\/\/isriga.lv\/wp-content\/uploads\/2019\/11\/ROFO-309-1-1030x686.jpg 1030w, https:\/\/isriga.lv\/wp-content\/uploads\/2019\/11\/ROFO-309-1-1500x1000.jpg 1500w, https:\/\/isriga.lv\/wp-content\/uploads\/2019\/11\/ROFO-309-1-705x470.jpg 705w, https:\/\/isriga.lv\/wp-content\/uploads\/2019\/11\/ROFO-309-1-450x300.jpg 450w\" sizes=\"(max-width: 2000px) 100vw, 2000px\" \/><\/div><\/div><\/div><\/div><div class='av-flex-placeholder'><\/div><div class=\"flex_column av_one_half  flex_column_table_cell av-equal-height-column av-align-middle av-zero-column-padding   avia-builder-el-11  el_after_av_one_half  avia-builder-el-last  \" style='border-radius:0px; '><section class=\"av_textblock_section \"  itemscope=\"itemscope\" itemtype=\"https:\/\/schema.org\/CreativeWork\" ><div class='avia_textblock  '  style='font-size:17px; '  itemprop=\"text\" ><p><em>PYP<\/em> programma skol\u0101 tiek \u012bstenota jau kop\u0161 skolas past\u0101v\u0113\u0161anas pirms\u0101kumiem. \u0160\u012bs programmas pieeja tika izv\u0113l\u0113ta, jo t\u0101 vispus\u012bgi att\u012bsta b\u0113rnu katr\u0101 vecuma posm\u0101, un <strong>m\u0101c\u012bbu proces\u0101 iek\u013cauj dz\u012bves prasmes, kas ir tikpat svar\u012bgas k\u0101 akad\u0113misk\u0101s zin\u0101\u0161anas.<\/strong><\/p>\n<\/div><\/section><\/div><\/div><!--close column table wrapper. Autoclose: 1 --><\/div><\/div><\/div><!-- close content main div --><\/div><\/div><div id='column-push-pull-mobile'  class='avia-section main_color avia-section-default avia-no-border-styling  avia-bg-style-scroll  avia-builder-el-13  el_after_av_section  el_before_av_section   container_wrap fullsize' style=' '  ><div class='container' ><div class='template-page content  av-content-full alpha units'><div class='post-entry post-entry-type-page post-entry-29978'><div class='entry-content-wrapper clearfix'>\n<div class='flex_column_table av-equal-height-column-flextable -flextable' ><div class=\"flex_column av_one_half  flex_column_table_cell av-equal-height-column av-align-middle av-zero-column-padding first  avia-builder-el-14  el_before_av_one_half  avia-builder-el-first  \" style='border-radius:0px; '><section class=\"av_textblock_section \"  itemscope=\"itemscope\" itemtype=\"https:\/\/schema.org\/CreativeWork\" ><div class='avia_textblock  '  style='font-size:17px; '  itemprop=\"text\" ><h2>M\u0101c\u012bbu pl\u0101ns<\/h2>\n<p>Gadu gait\u0101 ISR ir izstr\u0101d\u0101jusi savu m\u0101c\u012bbu pl\u0101nu, standarta dokumentus vis\u0101m m\u0101c\u012bbu jom\u0101m. Izzino\u0161a m\u0101c\u012b\u0161anas pieeja pal\u012bdz skol\u0113niem saprast, k\u0101 m\u0101c\u012bties un turpm\u0101k ar\u012b r\u012bkoties, izmantojot iepriek\u0161 ieg\u016bt\u0101s zin\u0101\u0161anas. M\u0101c\u012bbu pl\u0101nu 2022 &#8211; 2023. m\u0101c\u012bbu gadam varat apskat\u012bt <a href=\"https:\/\/isriga.lv\/wp-content\/uploads\/2019\/11\/2019-2020-PYP-POI-1.pdf\">\u0161eit<\/a><\/p>\n<\/div><\/section><\/div><div class='av-flex-placeholder'><\/div><div class=\"flex_column av_one_half  flex_column_table_cell av-equal-height-column av-align-middle av-zero-column-padding   avia-builder-el-16  el_after_av_one_half  avia-builder-el-last  \" style='border-radius:0px; '><div  class='avia-image-container  av-styling-    avia-builder-el-17  avia-builder-el-no-sibling  avia-align-center '  itemprop=\"image\" itemscope=\"itemscope\" itemtype=\"https:\/\/schema.org\/ImageObject\"  ><div class='avia-image-container-inner'><div class='avia-image-overlay-wrap'><img decoding=\"async\" class='wp-image-14961 avia-img-lazy-loading-not-14961 avia_image' src=\"https:\/\/isriga.lv\/wp-content\/uploads\/2019\/11\/ROFO-371.jpg\" alt='' title='ROFO 371' height=\"1333\" width=\"2000\"  itemprop=\"thumbnailUrl\" srcset=\"https:\/\/isriga.lv\/wp-content\/uploads\/2019\/11\/ROFO-371.jpg 2000w, https:\/\/isriga.lv\/wp-content\/uploads\/2019\/11\/ROFO-371-300x200.jpg 300w, https:\/\/isriga.lv\/wp-content\/uploads\/2019\/11\/ROFO-371-768x512.jpg 768w, https:\/\/isriga.lv\/wp-content\/uploads\/2019\/11\/ROFO-371-1030x686.jpg 1030w, https:\/\/isriga.lv\/wp-content\/uploads\/2019\/11\/ROFO-371-1500x1000.jpg 1500w, https:\/\/isriga.lv\/wp-content\/uploads\/2019\/11\/ROFO-371-705x470.jpg 705w, https:\/\/isriga.lv\/wp-content\/uploads\/2019\/11\/ROFO-371-450x300.jpg 450w\" sizes=\"(max-width: 2000px) 100vw, 2000px\" \/><\/div><\/div><\/div><\/div><\/div><!--close column table wrapper. Autoclose: 1 -->\n<\/p>\n<\/div><\/div><\/div><!-- close content main div --><\/div><\/div><div id='av_section_5'  class='avia-section main_color avia-section-default avia-no-border-styling  avia-bg-style-scroll  avia-builder-el-18  el_after_av_section  avia-builder-el-last   container_wrap fullsize' style=' '  ><div class='container' ><div class='template-page content  av-content-full alpha units'><div class='post-entry post-entry-type-page post-entry-29978'><div class='entry-content-wrapper clearfix'>\n<div class='flex_column_table av-equal-height-column-flextable -flextable' ><div class=\"flex_column av_one_full  flex_column_table_cell av-equal-height-column av-align-middle av-zero-column-padding first  avia-builder-el-19  avia-builder-el-no-sibling  \" style='border-radius:0px; '><section class=\"av_textblock_section \"  itemscope=\"itemscope\" itemtype=\"https:\/\/schema.org\/CreativeWork\" ><div class='avia_textblock  '  style='font-size:17px; '  itemprop=\"text\" ><p>Pla\u0161\u0101ka inform\u0101cija par programmu atrodama Starptautisk\u0101 Bakaulaur\u0101ta (<em>IB<\/em>) m\u0101jas lap\u0101: <a href=\"https:\/\/www.ibo.org\/information-for-parents\/pyp-for-parents\/\">https:\/\/www.ibo.org\/information-for-parents\/pyp-for-parents\/<\/a><\/p>\n<\/div><\/section><\/div><\/div><!--close column table wrapper. Autoclose: 1 -->\n\n","protected":false},"excerpt":{"rendered":"","protected":false},"author":16,"featured_media":14757,"parent":29957,"menu_order":2,"comment_status":"closed","ping_status":"closed","template":"","meta":{"_acf_changed":false,"footnotes":""},"class_list":["post-29978","page","type-page","status-publish","has-post-thumbnail","hentry"],"acf":[],"yoast_head":"<!-- This site is optimized with the Yoast SEO plugin v27.1.1 - https:\/\/yoast.com\/product\/yoast-seo-wordpress\/ -->\n<title>M\u0101c\u012bbu Programma - IB PYP | Pirmsskola (2-6) | International School of Riga: Private IB School in Latvia<\/title>\n<meta name=\"robots\" content=\"index, follow, max-snippet:-1, max-image-preview:large, max-video-preview:-1\" \/>\n<link rel=\"canonical\" href=\"https:\/\/isriga.lv\/lv\/macisanas\/pirmsskola-2-6\/macibu-programma-ib-pyp\/\" \/>\n<meta property=\"og:locale\" content=\"lv_LV\" \/>\n<meta property=\"og:type\" content=\"article\" \/>\n<meta property=\"og:title\" content=\"M\u0101c\u012bbu Programma - IB PYP | Pirmsskola (2-6) | International School of Riga: Private IB School in Latvia\" \/>\n<meta property=\"og:url\" content=\"https:\/\/isriga.lv\/lv\/macisanas\/pirmsskola-2-6\/macibu-programma-ib-pyp\/\" \/>\n<meta property=\"og:site_name\" content=\"International School of Riga: Private IB School in Latvia\" \/>\n<meta property=\"article:publisher\" content=\"https:\/\/www.facebook.com\/isriga\" \/>\n<meta property=\"article:modified_time\" content=\"2024-03-01T11:03:23+00:00\" \/>\n<meta property=\"og:image\" content=\"https:\/\/isriga.lv\/wp-content\/uploads\/2019\/09\/ISR-featured-a1-1.png\" \/>\n\t<meta property=\"og:image:width\" content=\"1030\" \/>\n\t<meta property=\"og:image:height\" content=\"629\" \/>\n\t<meta property=\"og:image:type\" content=\"image\/png\" \/>\n<meta name=\"twitter:card\" content=\"summary_large_image\" \/>\n<meta name=\"twitter:label1\" content=\"Est. reading time\" \/>\n\t<meta name=\"twitter:data1\" content=\"8 minutes\" \/>\n<script type=\"application\/ld+json\" class=\"yoast-schema-graph\">{\"@context\":\"https:\/\/schema.org\",\"@graph\":[{\"@type\":\"WebPage\",\"@id\":\"https:\/\/isriga.lv\/lv\/macisanas\/pirmsskola-2-6\/macibu-programma-ib-pyp\/\",\"url\":\"https:\/\/isriga.lv\/lv\/macisanas\/pirmsskola-2-6\/macibu-programma-ib-pyp\/\",\"name\":\"M\u0101c\u012bbu Programma - IB PYP | Pirmsskola (2-6) | International School of Riga: Private IB School in Latvia\",\"isPartOf\":{\"@id\":\"https:\/\/isriga.lv\/#website\"},\"primaryImageOfPage\":{\"@id\":\"https:\/\/isriga.lv\/lv\/macisanas\/pirmsskola-2-6\/macibu-programma-ib-pyp\/#primaryimage\"},\"image\":{\"@id\":\"https:\/\/isriga.lv\/lv\/macisanas\/pirmsskola-2-6\/macibu-programma-ib-pyp\/#primaryimage\"},\"thumbnailUrl\":\"https:\/\/isriga.lv\/wp-content\/uploads\/2019\/09\/ISR-featured-a1-1.png\",\"datePublished\":\"2021-08-26T17:01:22+00:00\",\"dateModified\":\"2024-03-01T11:03:23+00:00\",\"breadcrumb\":{\"@id\":\"https:\/\/isriga.lv\/lv\/macisanas\/pirmsskola-2-6\/macibu-programma-ib-pyp\/#breadcrumb\"},\"inLanguage\":\"lv-LV\",\"potentialAction\":[{\"@type\":\"ReadAction\",\"target\":[\"https:\/\/isriga.lv\/lv\/macisanas\/pirmsskola-2-6\/macibu-programma-ib-pyp\/\"]}]},{\"@type\":\"ImageObject\",\"inLanguage\":\"lv-LV\",\"@id\":\"https:\/\/isriga.lv\/lv\/macisanas\/pirmsskola-2-6\/macibu-programma-ib-pyp\/#primaryimage\",\"url\":\"https:\/\/isriga.lv\/wp-content\/uploads\/2019\/09\/ISR-featured-a1-1.png\",\"contentUrl\":\"https:\/\/isriga.lv\/wp-content\/uploads\/2019\/09\/ISR-featured-a1-1.png\",\"width\":1030,\"height\":629},{\"@type\":\"BreadcrumbList\",\"@id\":\"https:\/\/isriga.lv\/lv\/macisanas\/pirmsskola-2-6\/macibu-programma-ib-pyp\/#breadcrumb\",\"itemListElement\":[{\"@type\":\"ListItem\",\"position\":1,\"name\":\"Home\",\"item\":\"https:\/\/isriga.lv\/lv\/sakums\/\"},{\"@type\":\"ListItem\",\"position\":2,\"name\":\"M\u0101c\u012b\u0161an\u0101s\",\"item\":\"https:\/\/isriga.lv\/lv\/macisanas\/\"},{\"@type\":\"ListItem\",\"position\":3,\"name\":\"Pirmsskola (2-6)\",\"item\":\"https:\/\/isriga.lv\/lv\/macisanas\/pirmsskola-2-6\/\"},{\"@type\":\"ListItem\",\"position\":4,\"name\":\"M\u0101c\u012bbu Programma &#8211; IB PYP\"}]},{\"@type\":\"WebSite\",\"@id\":\"https:\/\/isriga.lv\/#website\",\"url\":\"https:\/\/isriga.lv\/\",\"name\":\"International School of Riga: Private IB School in Latvia\",\"description\":\"International School of Riga. Latvia.\",\"publisher\":{\"@id\":\"https:\/\/isriga.lv\/#organization\"},\"potentialAction\":[{\"@type\":\"SearchAction\",\"target\":{\"@type\":\"EntryPoint\",\"urlTemplate\":\"https:\/\/isriga.lv\/?s={search_term_string}\"},\"query-input\":{\"@type\":\"PropertyValueSpecification\",\"valueRequired\":true,\"valueName\":\"search_term_string\"}}],\"inLanguage\":\"lv-LV\"},{\"@type\":\"Organization\",\"@id\":\"https:\/\/isriga.lv\/#organization\",\"name\":\"International School of Riga: Private IB School in Riga\",\"url\":\"https:\/\/isriga.lv\/\",\"logo\":{\"@type\":\"ImageObject\",\"inLanguage\":\"lv-LV\",\"@id\":\"https:\/\/isriga.lv\/#\/schema\/logo\/image\/\",\"url\":\"https:\/\/isriga.lv\/wp-content\/uploads\/2017\/08\/isr-logo.png\",\"contentUrl\":\"https:\/\/isriga.lv\/wp-content\/uploads\/2017\/08\/isr-logo.png\",\"width\":628,\"height\":136,\"caption\":\"International School of Riga: Private IB School in Riga\"},\"image\":{\"@id\":\"https:\/\/isriga.lv\/#\/schema\/logo\/image\/\"},\"sameAs\":[\"https:\/\/www.facebook.com\/isriga\",\"https:\/\/www.instagram.com\/loveisriga\/\",\"https:\/\/www.youtube.com\/user\/isriga\"]}]}<\/script>\n<!-- \/ Yoast SEO plugin. -->","yoast_head_json":{"title":"M\u0101c\u012bbu Programma - IB PYP | Pirmsskola (2-6) | International School of Riga: Private IB School in Latvia","robots":{"index":"index","follow":"follow","max-snippet":"max-snippet:-1","max-image-preview":"max-image-preview:large","max-video-preview":"max-video-preview:-1"},"canonical":"https:\/\/isriga.lv\/lv\/macisanas\/pirmsskola-2-6\/macibu-programma-ib-pyp\/","og_locale":"lv_LV","og_type":"article","og_title":"M\u0101c\u012bbu Programma - IB PYP | Pirmsskola (2-6) | International School of Riga: Private IB School in Latvia","og_url":"https:\/\/isriga.lv\/lv\/macisanas\/pirmsskola-2-6\/macibu-programma-ib-pyp\/","og_site_name":"International School of Riga: Private IB School in Latvia","article_publisher":"https:\/\/www.facebook.com\/isriga","article_modified_time":"2024-03-01T11:03:23+00:00","og_image":[{"width":1030,"height":629,"url":"https:\/\/isriga.lv\/wp-content\/uploads\/2019\/09\/ISR-featured-a1-1.png","type":"image\/png"}],"twitter_card":"summary_large_image","twitter_misc":{"Est. reading time":"8 minutes"},"schema":{"@context":"https:\/\/schema.org","@graph":[{"@type":"WebPage","@id":"https:\/\/isriga.lv\/lv\/macisanas\/pirmsskola-2-6\/macibu-programma-ib-pyp\/","url":"https:\/\/isriga.lv\/lv\/macisanas\/pirmsskola-2-6\/macibu-programma-ib-pyp\/","name":"M\u0101c\u012bbu Programma - IB PYP | Pirmsskola (2-6) | International School of Riga: Private IB School in Latvia","isPartOf":{"@id":"https:\/\/isriga.lv\/#website"},"primaryImageOfPage":{"@id":"https:\/\/isriga.lv\/lv\/macisanas\/pirmsskola-2-6\/macibu-programma-ib-pyp\/#primaryimage"},"image":{"@id":"https:\/\/isriga.lv\/lv\/macisanas\/pirmsskola-2-6\/macibu-programma-ib-pyp\/#primaryimage"},"thumbnailUrl":"https:\/\/isriga.lv\/wp-content\/uploads\/2019\/09\/ISR-featured-a1-1.png","datePublished":"2021-08-26T17:01:22+00:00","dateModified":"2024-03-01T11:03:23+00:00","breadcrumb":{"@id":"https:\/\/isriga.lv\/lv\/macisanas\/pirmsskola-2-6\/macibu-programma-ib-pyp\/#breadcrumb"},"inLanguage":"lv-LV","potentialAction":[{"@type":"ReadAction","target":["https:\/\/isriga.lv\/lv\/macisanas\/pirmsskola-2-6\/macibu-programma-ib-pyp\/"]}]},{"@type":"ImageObject","inLanguage":"lv-LV","@id":"https:\/\/isriga.lv\/lv\/macisanas\/pirmsskola-2-6\/macibu-programma-ib-pyp\/#primaryimage","url":"https:\/\/isriga.lv\/wp-content\/uploads\/2019\/09\/ISR-featured-a1-1.png","contentUrl":"https:\/\/isriga.lv\/wp-content\/uploads\/2019\/09\/ISR-featured-a1-1.png","width":1030,"height":629},{"@type":"BreadcrumbList","@id":"https:\/\/isriga.lv\/lv\/macisanas\/pirmsskola-2-6\/macibu-programma-ib-pyp\/#breadcrumb","itemListElement":[{"@type":"ListItem","position":1,"name":"Home","item":"https:\/\/isriga.lv\/lv\/sakums\/"},{"@type":"ListItem","position":2,"name":"M\u0101c\u012b\u0161an\u0101s","item":"https:\/\/isriga.lv\/lv\/macisanas\/"},{"@type":"ListItem","position":3,"name":"Pirmsskola (2-6)","item":"https:\/\/isriga.lv\/lv\/macisanas\/pirmsskola-2-6\/"},{"@type":"ListItem","position":4,"name":"M\u0101c\u012bbu Programma &#8211; IB PYP"}]},{"@type":"WebSite","@id":"https:\/\/isriga.lv\/#website","url":"https:\/\/isriga.lv\/","name":"International School of Riga: Private IB School in Latvia","description":"International School of Riga. Latvia.","publisher":{"@id":"https:\/\/isriga.lv\/#organization"},"potentialAction":[{"@type":"SearchAction","target":{"@type":"EntryPoint","urlTemplate":"https:\/\/isriga.lv\/?s={search_term_string}"},"query-input":{"@type":"PropertyValueSpecification","valueRequired":true,"valueName":"search_term_string"}}],"inLanguage":"lv-LV"},{"@type":"Organization","@id":"https:\/\/isriga.lv\/#organization","name":"International School of Riga: Private IB School in Riga","url":"https:\/\/isriga.lv\/","logo":{"@type":"ImageObject","inLanguage":"lv-LV","@id":"https:\/\/isriga.lv\/#\/schema\/logo\/image\/","url":"https:\/\/isriga.lv\/wp-content\/uploads\/2017\/08\/isr-logo.png","contentUrl":"https:\/\/isriga.lv\/wp-content\/uploads\/2017\/08\/isr-logo.png","width":628,"height":136,"caption":"International School of Riga: Private IB School in Riga"},"image":{"@id":"https:\/\/isriga.lv\/#\/schema\/logo\/image\/"},"sameAs":["https:\/\/www.facebook.com\/isriga","https:\/\/www.instagram.com\/loveisriga\/","https:\/\/www.youtube.com\/user\/isriga"]}]}},"_links":{"self":[{"href":"https:\/\/isriga.lv\/lv\/wp-json\/wp\/v2\/pages\/29978","targetHints":{"allow":["GET"]}}],"collection":[{"href":"https:\/\/isriga.lv\/lv\/wp-json\/wp\/v2\/pages"}],"about":[{"href":"https:\/\/isriga.lv\/lv\/wp-json\/wp\/v2\/types\/page"}],"author":[{"embeddable":true,"href":"https:\/\/isriga.lv\/lv\/wp-json\/wp\/v2\/users\/16"}],"replies":[{"embeddable":true,"href":"https:\/\/isriga.lv\/lv\/wp-json\/wp\/v2\/comments?post=29978"}],"version-history":[{"count":5,"href":"https:\/\/isriga.lv\/lv\/wp-json\/wp\/v2\/pages\/29978\/revisions"}],"predecessor-version":[{"id":40883,"href":"https:\/\/isriga.lv\/lv\/wp-json\/wp\/v2\/pages\/29978\/revisions\/40883"}],"up":[{"embeddable":true,"href":"https:\/\/isriga.lv\/lv\/wp-json\/wp\/v2\/pages\/29957"}],"wp:featuredmedia":[{"embeddable":true,"href":"https:\/\/isriga.lv\/lv\/wp-json\/wp\/v2\/media\/14757"}],"wp:attachment":[{"href":"https:\/\/isriga.lv\/lv\/wp-json\/wp\/v2\/media?parent=29978"}],"curies":[{"name":"wp","href":"https:\/\/api.w.org\/{rel}","templated":true}]}}