	
{"id":29540,"date":"2021-08-26T19:51:10","date_gmt":"2021-08-26T16:51:10","guid":{"rendered":"https:\/\/isriga.lv\/?page_id=29540"},"modified":"2026-02-24T15:14:24","modified_gmt":"2026-02-24T13:14:24","slug":"vecaka-vadiba","status":"publish","type":"page","link":"https:\/\/isriga.lv\/lv\/kopiena\/vecaka-vadiba\/","title":{"rendered":"Skolas vad\u012bba"},"content":{"rendered":"<div id='av_section_1'  class='avia-section main_color avia-section-default avia-no-border-styling  av-parallax-section avia-bg-style-parallax  avia-builder-el-0  el_before_av_submenu  avia-builder-el-first  title-color-section  av-minimum-height av-minimum-height-50  container_wrap fullsize' style=' '  data-section-bg-repeat='no-repeat' data-av_minimum_height_pc='50'><div class='av-parallax' data-avia-parallax-ratio='0.3' ><div class='av-parallax-inner main_color  avia-full-stretch' style = 'background-repeat: no-repeat; background-image: url(https:\/\/isriga.lv\/wp-content\/uploads\/2019\/10\/senior-leadership.png);background-attachment: scroll; background-position: top left; ' ><\/div><\/div><div class='container' ><main  role=\"main\" itemprop=\"mainContentOfPage\"  class='template-page content  av-content-full alpha units'><div class='post-entry post-entry-type-page post-entry-29540'><div class='entry-content-wrapper clearfix'>\n<div  style='padding-bottom:0px; color:#ffffff;font-size:60px;' class='av-special-heading av-special-heading-h6 custom-color-heading blockquote modern-quote  avia-builder-el-1  avia-builder-el-no-sibling  av-inherit-size '><h6 class='av-special-heading-tag  av-mini-font-size-overwrite av-mini-font-size-38'  itemprop=\"headline\"  >SKOLAS<br \/>\nVAD\u012aBA<\/h6><div class='special-heading-border'><div class='special-heading-inner-border' style='border-color:#ffffff'><\/div><\/div><\/div>\n\n<\/div><\/div><\/main><!-- close content main element --><\/div><\/div><div id='sub_menu1'  class='av-submenu-container alternate_color  avia-builder-el-2  el_after_av_section  el_before_av_textblock  menu-below-headliner  submenu-not-first container_wrap fullsize' style='  z-index:301' ><div class='container av-menu-mobile-disabled '><ul id=\"menu-kopiena-menu-lv\" class=\"av-subnav-menu av-submenu-pos-center\"><li id=\"menu-item-31148\" class=\"menu-item menu-item-type-post_type menu-item-object-page menu-item-top-level menu-item-top-level-1\"><a href=\"https:\/\/isriga.lv\/lv\/kopiena\/vecaka-vadiba\/\" itemprop=\"url\"><span class=\"avia-bullet\"><\/span><span class=\"avia-menu-text\">Skolas vad\u012bba<\/span><span class=\"avia-menu-fx\"><span class=\"avia-arrow-wrap\"><span class=\"avia-arrow\"><\/span><\/span><\/span><\/a><\/li>\n<li id=\"menu-item-31149\" class=\"menu-item menu-item-type-post_type menu-item-object-page menu-item-top-level menu-item-top-level-2\"><a href=\"https:\/\/isriga.lv\/lv\/kopiena\/fakultate\/\" itemprop=\"url\"><span class=\"avia-bullet\"><\/span><span class=\"avia-menu-text\">Pedago\u0123iskais sast\u0101vs<\/span><span class=\"avia-menu-fx\"><span class=\"avia-arrow-wrap\"><span class=\"avia-arrow\"><\/span><\/span><\/span><\/a><\/li>\n<li id=\"menu-item-31150\" class=\"menu-item menu-item-type-post_type menu-item-object-page menu-item-top-level menu-item-top-level-3\"><a href=\"https:\/\/isriga.lv\/lv\/kopiena\/personals\/\" itemprop=\"url\"><span class=\"avia-bullet\"><\/span><span class=\"avia-menu-text\">Person\u0101ls<\/span><span class=\"avia-menu-fx\"><span class=\"avia-arrow-wrap\"><span class=\"avia-arrow\"><\/span><\/span><\/span><\/a><\/li>\n<li id=\"menu-item-31151\" class=\"menu-item menu-item-type-post_type menu-item-object-page menu-item-top-level menu-item-top-level-4\"><a href=\"https:\/\/isriga.lv\/lv\/kopiena\/parvaldiba\/\" itemprop=\"url\"><span class=\"avia-bullet\"><\/span><span class=\"avia-menu-text\">Padome<\/span><span class=\"avia-menu-fx\"><span class=\"avia-arrow-wrap\"><span class=\"avia-arrow\"><\/span><\/span><\/span><\/a><\/li>\n<li id=\"menu-item-31152\" class=\"menu-item menu-item-type-post_type menu-item-object-page menu-item-top-level menu-item-top-level-5\"><a href=\"https:\/\/isriga.lv\/lv\/kopiena\/vecaku-skolotaju-organizacija\/\" itemprop=\"url\"><span class=\"avia-bullet\"><\/span><span class=\"avia-menu-text\">Vec\u0101ku-Skolot\u0101ju Organiz\u0101cija<\/span><span class=\"avia-menu-fx\"><span class=\"avia-arrow-wrap\"><span class=\"avia-arrow\"><\/span><\/span><\/span><\/a><\/li>\n<li id=\"menu-item-36465\" class=\"menu-item menu-item-type-post_type menu-item-object-page menu-item-top-level menu-item-top-level-6\"><a href=\"https:\/\/isriga.lv\/lv\/kopiena\/testimonials\/\" itemprop=\"url\"><span class=\"avia-bullet\"><\/span><span class=\"avia-menu-text\">Atsauksmes<\/span><span class=\"avia-menu-fx\"><span class=\"avia-arrow-wrap\"><span class=\"avia-arrow\"><\/span><\/span><\/span><\/a><\/li>\n<\/ul><\/div><\/div><div id='after_submenu'  class='main_color av_default_container_wrap container_wrap fullsize' style=' '  ><div class='container' ><div class='template-page content  av-content-full alpha units'><div class='post-entry post-entry-type-page post-entry-29540'><div class='entry-content-wrapper clearfix'>\n<section class=\"av_textblock_section \"  itemscope=\"itemscope\" itemtype=\"https:\/\/schema.org\/CreativeWork\" ><div class='avia_textblock staff-content-name-box '   itemprop=\"text\" ><h2>SKOLAS VAD\u012aBA<\/h2>\n<\/div><\/section>\n<\/div><\/div><\/div><!-- close content main div --><\/div><\/div><div id='staff-page-column-grid'  class='avia-section main_color avia-section-default avia-no-border-styling  avia-bg-style-scroll  avia-builder-el-4  el_after_av_textblock  avia-builder-el-last   container_wrap fullsize' style=' '  ><div class='container' ><div class='template-page content  av-content-full alpha units'><div class='post-entry post-entry-type-page post-entry-29540'><div class='entry-content-wrapper clearfix'>\n<div class='flex_column_table av-equal-height-column-flextable -flextable' ><div class=\"flex_column av_one_fourth  flex_column_table_cell av-equal-height-column av-align-top av-zero-column-padding first  avia-builder-el-5  el_before_av_one_fourth  avia-builder-el-first  \" style='border-radius:0px; '><section  class='avia-team-member   avia-builder-el-6  avia-builder-el-no-sibling '  itemscope=\"itemscope\" itemtype=\"https:\/\/schema.org\/Person\" ><div class='flip-box'><div class='flip-box-front'><div class='team-img-container'><img decoding=\"async\" width=\"640\" height=\"640\" class='wp-image-42672 avia-img-lazy-loading-not-42672 avia_image avia_image_team' src=\"https:\/\/isriga.lv\/wp-content\/uploads\/2024\/10\/Untitled-design.png\" alt='Dr. Amanda Romey'  itemprop=\"image\" srcset=\"https:\/\/isriga.lv\/wp-content\/uploads\/2024\/10\/Untitled-design.png 640w, https:\/\/isriga.lv\/wp-content\/uploads\/2024\/10\/Untitled-design-300x300.png 300w, https:\/\/isriga.lv\/wp-content\/uploads\/2024\/10\/Untitled-design-80x80.png 80w, https:\/\/isriga.lv\/wp-content\/uploads\/2024\/10\/Untitled-design-36x36.png 36w, https:\/\/isriga.lv\/wp-content\/uploads\/2024\/10\/Untitled-design-180x180.png 180w\" sizes=\"(max-width: 640px) 100vw, 640px\" \/><\/div><h3 class='team-member-name'    itemprop=\"name\" >Dr. Amanda Romey<\/h3><div class='team-member-job-title '   itemprop=\"jobTitle\" >Direktore<\/div><\/div><div class='flip-box-back'><div class='team-member-description '  itemprop=\"description\"   style='max-height: 350px; overflow: hidden;'><p>I\u2018m a Southern California native with a passion for running, football, and volleyball. I got my bachelor\u2019s in history at Cal Poly, followed by a teaching master\u2019s at Whitworth in Spokane, WA. Later, I earned my Administrative Credentials at Washington State University and completed my Doctorate at the University of New England.<br \/>\nFor 16 years, I taught and worked as an administrator in Spokane, WA. Then, my family and I moved to Cairo, Egypt, for six years before settling in Latvia.<\/p>\n<\/div><div class='description-fade' style='position: absolute; bottom: 0; width: 100%; height: 20px; background-image: linear-gradient(to top, rgba(255,255,255,1), rgba(255,255,255,0));'><\/div><\/div><\/div><span class='hidden team-member-affiliation'  itemprop=\"affiliation\" >International School of Riga: Private IB School in Latvia<\/span><\/section><\/div><div class='av-flex-placeholder'><\/div><div class=\"flex_column av_one_fourth  flex_column_table_cell av-equal-height-column av-align-top av-zero-column-padding   avia-builder-el-7  el_after_av_one_fourth  el_before_av_one_fourth  \" style='border-radius:0px; '><section  class='avia-team-member   avia-builder-el-8  avia-builder-el-no-sibling '  itemscope=\"itemscope\" itemtype=\"https:\/\/schema.org\/Person\" ><div class='flip-box'><div class='flip-box-front'><div class='team-img-container'><img decoding=\"async\" width=\"1030\" height=\"1030\" class='wp-image-39620 avia-img-lazy-loading-not-39620 avia_image avia_image_team' src=\"https:\/\/isriga.lv\/wp-content\/uploads\/2023\/10\/Kristine-Daktere-1-1-1030x1030.jpg\" alt='Krist\u012bne Daktere'  itemprop=\"image\" srcset=\"https:\/\/isriga.lv\/wp-content\/uploads\/2023\/10\/Kristine-Daktere-1-1-1030x1030.jpg 1030w, https:\/\/isriga.lv\/wp-content\/uploads\/2023\/10\/Kristine-Daktere-1-1-300x300.jpg 300w, https:\/\/isriga.lv\/wp-content\/uploads\/2023\/10\/Kristine-Daktere-1-1-80x80.jpg 80w, https:\/\/isriga.lv\/wp-content\/uploads\/2023\/10\/Kristine-Daktere-1-1-768x768.jpg 768w, https:\/\/isriga.lv\/wp-content\/uploads\/2023\/10\/Kristine-Daktere-1-1-1536x1536.jpg 1536w, https:\/\/isriga.lv\/wp-content\/uploads\/2023\/10\/Kristine-Daktere-1-1-36x36.jpg 36w, https:\/\/isriga.lv\/wp-content\/uploads\/2023\/10\/Kristine-Daktere-1-1-180x180.jpg 180w, https:\/\/isriga.lv\/wp-content\/uploads\/2023\/10\/Kristine-Daktere-1-1-1500x1500.jpg 1500w, https:\/\/isriga.lv\/wp-content\/uploads\/2023\/10\/Kristine-Daktere-1-1-705x705.jpg 705w, https:\/\/isriga.lv\/wp-content\/uploads\/2023\/10\/Kristine-Daktere-1-1-1024x1024.jpg 1024w, https:\/\/isriga.lv\/wp-content\/uploads\/2023\/10\/Kristine-Daktere-1-1.jpg 1667w\" sizes=\"(max-width: 1030px) 100vw, 1030px\" \/><\/div><h3 class='team-member-name'    itemprop=\"name\" >Krist\u012bne Daktere<\/h3><div class='team-member-job-title '   itemprop=\"jobTitle\" >Izpilddirektore <\/div><\/div><div class='flip-box-back'><div class='team-member-description '  itemprop=\"description\"   style='max-height: 350px; overflow: hidden;'><p>Born in Riga and studied in BA School of Business and finance. My professional experience has led me through such industries as financing, real estate, agriculture, waste management and recycling.<br \/>\nI am a passionate professional in strategic change leadership and possess a proven history in leading several investment projects to a multiple times growth in a short period of time through the necessary operational, financial planning and administrative changes.<br \/>\nEven though this is my first experience with a School the daily work of the ISR organisation requires the same operational management as any other business entity. I am excited about the new journey together with the awesome ISR community.<\/p>\n<\/div><div class='description-fade' style='position: absolute; bottom: 0; width: 100%; height: 20px; background-image: linear-gradient(to top, rgba(255,255,255,1), rgba(255,255,255,0));'><\/div><\/div><\/div><span class='hidden team-member-affiliation'  itemprop=\"affiliation\" >International School of Riga: Private IB School in Latvia<\/span><\/section><\/div><div class='av-flex-placeholder'><\/div><div class=\"flex_column av_one_fourth  flex_column_table_cell av-equal-height-column av-align-top av-zero-column-padding   avia-builder-el-9  el_after_av_one_fourth  el_before_av_one_fourth  \" style='border-radius:0px; '><section  class='avia-team-member   avia-builder-el-10  avia-builder-el-no-sibling '  itemscope=\"itemscope\" itemtype=\"https:\/\/schema.org\/Person\" ><div class='flip-box'><div class='flip-box-front'><div class='team-img-container'><img decoding=\"async\" width=\"511\" height=\"494\" class='wp-image-44851 avia-img-lazy-loading-not-44851 avia_image avia_image_team' src=\"https:\/\/isriga.lv\/wp-content\/uploads\/2025\/09\/Screenshot-2025-09-22-145759.png\" alt='Ieva Balode'  itemprop=\"image\" srcset=\"https:\/\/isriga.lv\/wp-content\/uploads\/2025\/09\/Screenshot-2025-09-22-145759.png 511w, https:\/\/isriga.lv\/wp-content\/uploads\/2025\/09\/Screenshot-2025-09-22-145759-300x290.png 300w, https:\/\/isriga.lv\/wp-content\/uploads\/2025\/09\/Screenshot-2025-09-22-145759-36x36.png 36w\" sizes=\"(max-width: 511px) 100vw, 511px\" \/><\/div><h3 class='team-member-name'    itemprop=\"name\" >Ieva Balode<\/h3><div class='team-member-job-title '   itemprop=\"jobTitle\" >Direktora vietnieks pirmskolas un s\u0101kumskolas posmos<\/div><\/div><div class='flip-box-back'><div class='team-member-description '  itemprop=\"description\"   style='max-height: 350px; overflow: hidden;'><p>It\u2018s a pleasure to introduce myself as your new Primary Dean of Students. With over a decade of experience as a Primary Years Programme (PYP) educator, I have had the privilege of teaching across both early years and primary. A recent Master of Education from the University of the People further strengthened my commitment to the PYP framework. It was a wonderful opportunity to collaborate and learn alongside fellow educators from around the globe, and their diverse perspectives enriched my understanding of student agency and well-being. I\u2019m eager to apply my experience in this new role and learn alongside the vibrant community of ISR. I am committed to helping create an inclusive environment where every child feels a sense of belonging. <\/p>\n<\/div><div class='description-fade' style='position: absolute; bottom: 0; width: 100%; height: 20px; background-image: linear-gradient(to top, rgba(255,255,255,1), rgba(255,255,255,0));'><\/div><\/div><\/div><span class='hidden team-member-affiliation'  itemprop=\"affiliation\" >International School of Riga: Private IB School in Latvia<\/span><\/section><\/div><div class='av-flex-placeholder'><\/div><div class=\"flex_column av_one_fourth  flex_column_table_cell av-equal-height-column av-align-top av-zero-column-padding   avia-builder-el-11  el_after_av_one_fourth  el_before_av_one_fourth  \" style='border-radius:0px; '><section  class='avia-team-member   avia-builder-el-12  avia-builder-el-no-sibling '  itemscope=\"itemscope\" itemtype=\"https:\/\/schema.org\/Person\" ><div class='flip-box'><div class='flip-box-front'><div class='team-img-container'><img decoding=\"async\" width=\"416\" height=\"388\" class='wp-image-44683 avia-img-lazy-loading-not-44683 avia_image avia_image_team' src=\"https:\/\/isriga.lv\/wp-content\/uploads\/2025\/08\/Ekranuznemums-2025-08-15-130125.png\" alt='Todd Reichlmayr'  itemprop=\"image\" srcset=\"https:\/\/isriga.lv\/wp-content\/uploads\/2025\/08\/Ekranuznemums-2025-08-15-130125.png 416w, https:\/\/isriga.lv\/wp-content\/uploads\/2025\/08\/Ekranuznemums-2025-08-15-130125-300x280.png 300w\" sizes=\"(max-width: 416px) 100vw, 416px\" \/><\/div><h3 class='team-member-name'    itemprop=\"name\" >Todd Reichlmayr<\/h3><div class='team-member-job-title '   itemprop=\"jobTitle\" >Direktora vietnieks pamatskolas un vidusskolas posmos<\/div><\/div><div class='flip-box-back'><div class='team-member-description '  itemprop=\"description\"   style='max-height: 350px; overflow: hidden;'><p>I am the Interim Secondary Principal at the International School of Riga, where I also teach IB Global Politics and Individuals &amp; Societies. Originally from Rochester, New York, I have worked in international education for over 10 years, including most recently at the American School of Milan in Italy. With experience teaching IB Economics and IB Global Politics, I am passionate about helping students think critically and see themselves as active global citizens. Outside of school, I enjoy cooking, traveling with my family, and cheering on my beloved Buffalo Bills. My wife, Alexandra Palmieri, teaches in the Primary School, and our son Leo (3) is beginning his ISR journey this year.<\/p>\n<\/div><div class='description-fade' style='position: absolute; bottom: 0; width: 100%; height: 20px; background-image: linear-gradient(to top, rgba(255,255,255,1), rgba(255,255,255,0));'><\/div><\/div><\/div><span class='hidden team-member-affiliation'  itemprop=\"affiliation\" >International School of Riga: Private IB School in Latvia<\/span><\/section><\/div><\/div><!--close column table wrapper. Autoclose: 1 --><div class='flex_column_table av-equal-height-column-flextable -flextable' ><div class=\"flex_column av_one_fourth  flex_column_table_cell av-equal-height-column av-align-top av-zero-column-padding first  avia-builder-el-13  el_after_av_one_fourth  el_before_av_one_fourth  column-top-margin\" style='border-radius:0px; '><\/div><div class='av-flex-placeholder'><\/div><div class=\"flex_column av_one_fourth  flex_column_table_cell av-equal-height-column av-align-top av-zero-column-padding   avia-builder-el-14  el_after_av_one_fourth  el_before_av_one_fourth  column-top-margin\" style='border-radius:0px; '><\/div><div class='av-flex-placeholder'><\/div><div class=\"flex_column av_one_fourth  flex_column_table_cell av-equal-height-column av-align-top av-zero-column-padding   avia-builder-el-15  el_after_av_one_fourth  avia-builder-el-last  column-top-margin\" style='border-radius:0px; '><\/div><\/div><!--close column table wrapper. Autoclose: 1 -->\n","protected":false},"excerpt":{"rendered":"","protected":false},"author":16,"featured_media":14757,"parent":29527,"menu_order":1,"comment_status":"closed","ping_status":"closed","template":"","meta":{"_acf_changed":false,"footnotes":""},"class_list":["post-29540","page","type-page","status-publish","has-post-thumbnail","hentry"],"acf":[],"yoast_head":"<!-- This site is optimized with the Yoast SEO plugin v27.1.1 - https:\/\/yoast.com\/product\/yoast-seo-wordpress\/ -->\n<title>Skolas vad\u012bba | Kopiena | International School of Riga: Private IB School in Latvia<\/title>\n<meta name=\"robots\" content=\"index, follow, max-snippet:-1, max-image-preview:large, max-video-preview:-1\" \/>\n<link rel=\"canonical\" href=\"https:\/\/isriga.lv\/lv\/kopiena\/vecaka-vadiba\/\" \/>\n<meta property=\"og:locale\" content=\"lv_LV\" \/>\n<meta property=\"og:type\" content=\"article\" \/>\n<meta property=\"og:title\" content=\"Skolas vad\u012bba | Kopiena | International School of Riga: Private IB School in Latvia\" \/>\n<meta property=\"og:url\" content=\"https:\/\/isriga.lv\/lv\/kopiena\/vecaka-vadiba\/\" \/>\n<meta property=\"og:site_name\" content=\"International School of Riga: Private IB School in Latvia\" \/>\n<meta property=\"article:publisher\" content=\"https:\/\/www.facebook.com\/isriga\" \/>\n<meta property=\"article:modified_time\" content=\"2026-02-24T13:14:24+00:00\" \/>\n<meta property=\"og:image\" content=\"https:\/\/isriga.lv\/wp-content\/uploads\/2019\/09\/ISR-featured-a1-1.png\" \/>\n\t<meta property=\"og:image:width\" content=\"1030\" \/>\n\t<meta property=\"og:image:height\" content=\"629\" \/>\n\t<meta property=\"og:image:type\" content=\"image\/png\" \/>\n<meta name=\"twitter:card\" content=\"summary_large_image\" \/>\n<meta name=\"twitter:label1\" content=\"Est. reading time\" \/>\n\t<meta name=\"twitter:data1\" content=\"4 minutes\" \/>\n<script type=\"application\/ld+json\" class=\"yoast-schema-graph\">{\"@context\":\"https:\/\/schema.org\",\"@graph\":[{\"@type\":\"WebPage\",\"@id\":\"https:\/\/isriga.lv\/lv\/kopiena\/vecaka-vadiba\/\",\"url\":\"https:\/\/isriga.lv\/lv\/kopiena\/vecaka-vadiba\/\",\"name\":\"Skolas vad\u012bba | Kopiena | International School of Riga: Private IB School in Latvia\",\"isPartOf\":{\"@id\":\"https:\/\/isriga.lv\/#website\"},\"primaryImageOfPage\":{\"@id\":\"https:\/\/isriga.lv\/lv\/kopiena\/vecaka-vadiba\/#primaryimage\"},\"image\":{\"@id\":\"https:\/\/isriga.lv\/lv\/kopiena\/vecaka-vadiba\/#primaryimage\"},\"thumbnailUrl\":\"https:\/\/isriga.lv\/wp-content\/uploads\/2019\/09\/ISR-featured-a1-1.png\",\"datePublished\":\"2021-08-26T16:51:10+00:00\",\"dateModified\":\"2026-02-24T13:14:24+00:00\",\"breadcrumb\":{\"@id\":\"https:\/\/isriga.lv\/lv\/kopiena\/vecaka-vadiba\/#breadcrumb\"},\"inLanguage\":\"lv-LV\",\"potentialAction\":[{\"@type\":\"ReadAction\",\"target\":[\"https:\/\/isriga.lv\/lv\/kopiena\/vecaka-vadiba\/\"]}]},{\"@type\":\"ImageObject\",\"inLanguage\":\"lv-LV\",\"@id\":\"https:\/\/isriga.lv\/lv\/kopiena\/vecaka-vadiba\/#primaryimage\",\"url\":\"https:\/\/isriga.lv\/wp-content\/uploads\/2019\/09\/ISR-featured-a1-1.png\",\"contentUrl\":\"https:\/\/isriga.lv\/wp-content\/uploads\/2019\/09\/ISR-featured-a1-1.png\",\"width\":1030,\"height\":629},{\"@type\":\"BreadcrumbList\",\"@id\":\"https:\/\/isriga.lv\/lv\/kopiena\/vecaka-vadiba\/#breadcrumb\",\"itemListElement\":[{\"@type\":\"ListItem\",\"position\":1,\"name\":\"Home\",\"item\":\"https:\/\/isriga.lv\/lv\/sakums\/\"},{\"@type\":\"ListItem\",\"position\":2,\"name\":\"Kopiena\",\"item\":\"https:\/\/isriga.lv\/lv\/kopiena\/\"},{\"@type\":\"ListItem\",\"position\":3,\"name\":\"Skolas vad\u012bba\"}]},{\"@type\":\"WebSite\",\"@id\":\"https:\/\/isriga.lv\/#website\",\"url\":\"https:\/\/isriga.lv\/\",\"name\":\"International School of Riga: Private IB School in Latvia\",\"description\":\"International School of Riga. Latvia.\",\"publisher\":{\"@id\":\"https:\/\/isriga.lv\/#organization\"},\"potentialAction\":[{\"@type\":\"SearchAction\",\"target\":{\"@type\":\"EntryPoint\",\"urlTemplate\":\"https:\/\/isriga.lv\/?s={search_term_string}\"},\"query-input\":{\"@type\":\"PropertyValueSpecification\",\"valueRequired\":true,\"valueName\":\"search_term_string\"}}],\"inLanguage\":\"lv-LV\"},{\"@type\":\"Organization\",\"@id\":\"https:\/\/isriga.lv\/#organization\",\"name\":\"International School of Riga: Private IB School in Riga\",\"url\":\"https:\/\/isriga.lv\/\",\"logo\":{\"@type\":\"ImageObject\",\"inLanguage\":\"lv-LV\",\"@id\":\"https:\/\/isriga.lv\/#\/schema\/logo\/image\/\",\"url\":\"https:\/\/isriga.lv\/wp-content\/uploads\/2017\/08\/isr-logo.png\",\"contentUrl\":\"https:\/\/isriga.lv\/wp-content\/uploads\/2017\/08\/isr-logo.png\",\"width\":628,\"height\":136,\"caption\":\"International School of Riga: Private IB School in Riga\"},\"image\":{\"@id\":\"https:\/\/isriga.lv\/#\/schema\/logo\/image\/\"},\"sameAs\":[\"https:\/\/www.facebook.com\/isriga\",\"https:\/\/www.instagram.com\/loveisriga\/\",\"https:\/\/www.youtube.com\/user\/isriga\"]}]}<\/script>\n<!-- \/ Yoast SEO plugin. -->","yoast_head_json":{"title":"Skolas vad\u012bba | Kopiena | International School of Riga: Private IB School in Latvia","robots":{"index":"index","follow":"follow","max-snippet":"max-snippet:-1","max-image-preview":"max-image-preview:large","max-video-preview":"max-video-preview:-1"},"canonical":"https:\/\/isriga.lv\/lv\/kopiena\/vecaka-vadiba\/","og_locale":"lv_LV","og_type":"article","og_title":"Skolas vad\u012bba | Kopiena | International School of Riga: Private IB School in Latvia","og_url":"https:\/\/isriga.lv\/lv\/kopiena\/vecaka-vadiba\/","og_site_name":"International School of Riga: Private IB School in Latvia","article_publisher":"https:\/\/www.facebook.com\/isriga","article_modified_time":"2026-02-24T13:14:24+00:00","og_image":[{"width":1030,"height":629,"url":"https:\/\/isriga.lv\/wp-content\/uploads\/2019\/09\/ISR-featured-a1-1.png","type":"image\/png"}],"twitter_card":"summary_large_image","twitter_misc":{"Est. reading time":"4 minutes"},"schema":{"@context":"https:\/\/schema.org","@graph":[{"@type":"WebPage","@id":"https:\/\/isriga.lv\/lv\/kopiena\/vecaka-vadiba\/","url":"https:\/\/isriga.lv\/lv\/kopiena\/vecaka-vadiba\/","name":"Skolas vad\u012bba | Kopiena | International School of Riga: Private IB School in Latvia","isPartOf":{"@id":"https:\/\/isriga.lv\/#website"},"primaryImageOfPage":{"@id":"https:\/\/isriga.lv\/lv\/kopiena\/vecaka-vadiba\/#primaryimage"},"image":{"@id":"https:\/\/isriga.lv\/lv\/kopiena\/vecaka-vadiba\/#primaryimage"},"thumbnailUrl":"https:\/\/isriga.lv\/wp-content\/uploads\/2019\/09\/ISR-featured-a1-1.png","datePublished":"2021-08-26T16:51:10+00:00","dateModified":"2026-02-24T13:14:24+00:00","breadcrumb":{"@id":"https:\/\/isriga.lv\/lv\/kopiena\/vecaka-vadiba\/#breadcrumb"},"inLanguage":"lv-LV","potentialAction":[{"@type":"ReadAction","target":["https:\/\/isriga.lv\/lv\/kopiena\/vecaka-vadiba\/"]}]},{"@type":"ImageObject","inLanguage":"lv-LV","@id":"https:\/\/isriga.lv\/lv\/kopiena\/vecaka-vadiba\/#primaryimage","url":"https:\/\/isriga.lv\/wp-content\/uploads\/2019\/09\/ISR-featured-a1-1.png","contentUrl":"https:\/\/isriga.lv\/wp-content\/uploads\/2019\/09\/ISR-featured-a1-1.png","width":1030,"height":629},{"@type":"BreadcrumbList","@id":"https:\/\/isriga.lv\/lv\/kopiena\/vecaka-vadiba\/#breadcrumb","itemListElement":[{"@type":"ListItem","position":1,"name":"Home","item":"https:\/\/isriga.lv\/lv\/sakums\/"},{"@type":"ListItem","position":2,"name":"Kopiena","item":"https:\/\/isriga.lv\/lv\/kopiena\/"},{"@type":"ListItem","position":3,"name":"Skolas vad\u012bba"}]},{"@type":"WebSite","@id":"https:\/\/isriga.lv\/#website","url":"https:\/\/isriga.lv\/","name":"International School of Riga: Private IB School in Latvia","description":"International School of Riga. Latvia.","publisher":{"@id":"https:\/\/isriga.lv\/#organization"},"potentialAction":[{"@type":"SearchAction","target":{"@type":"EntryPoint","urlTemplate":"https:\/\/isriga.lv\/?s={search_term_string}"},"query-input":{"@type":"PropertyValueSpecification","valueRequired":true,"valueName":"search_term_string"}}],"inLanguage":"lv-LV"},{"@type":"Organization","@id":"https:\/\/isriga.lv\/#organization","name":"International School of Riga: Private IB School in Riga","url":"https:\/\/isriga.lv\/","logo":{"@type":"ImageObject","inLanguage":"lv-LV","@id":"https:\/\/isriga.lv\/#\/schema\/logo\/image\/","url":"https:\/\/isriga.lv\/wp-content\/uploads\/2017\/08\/isr-logo.png","contentUrl":"https:\/\/isriga.lv\/wp-content\/uploads\/2017\/08\/isr-logo.png","width":628,"height":136,"caption":"International School of Riga: Private IB School in Riga"},"image":{"@id":"https:\/\/isriga.lv\/#\/schema\/logo\/image\/"},"sameAs":["https:\/\/www.facebook.com\/isriga","https:\/\/www.instagram.com\/loveisriga\/","https:\/\/www.youtube.com\/user\/isriga"]}]}},"_links":{"self":[{"href":"https:\/\/isriga.lv\/lv\/wp-json\/wp\/v2\/pages\/29540","targetHints":{"allow":["GET"]}}],"collection":[{"href":"https:\/\/isriga.lv\/lv\/wp-json\/wp\/v2\/pages"}],"about":[{"href":"https:\/\/isriga.lv\/lv\/wp-json\/wp\/v2\/types\/page"}],"author":[{"embeddable":true,"href":"https:\/\/isriga.lv\/lv\/wp-json\/wp\/v2\/users\/16"}],"replies":[{"embeddable":true,"href":"https:\/\/isriga.lv\/lv\/wp-json\/wp\/v2\/comments?post=29540"}],"version-history":[{"count":21,"href":"https:\/\/isriga.lv\/lv\/wp-json\/wp\/v2\/pages\/29540\/revisions"}],"predecessor-version":[{"id":45583,"href":"https:\/\/isriga.lv\/lv\/wp-json\/wp\/v2\/pages\/29540\/revisions\/45583"}],"up":[{"embeddable":true,"href":"https:\/\/isriga.lv\/lv\/wp-json\/wp\/v2\/pages\/29527"}],"wp:featuredmedia":[{"embeddable":true,"href":"https:\/\/isriga.lv\/lv\/wp-json\/wp\/v2\/media\/14757"}],"wp:attachment":[{"href":"https:\/\/isriga.lv\/lv\/wp-json\/wp\/v2\/media?parent=29540"}],"curies":[{"name":"wp","href":"https:\/\/api.w.org\/{rel}","templated":true}]}}