	
{"id":29518,"date":"2021-08-26T19:49:14","date_gmt":"2021-08-26T16:49:14","guid":{"rendered":"https:\/\/isriga.lv\/?page_id=29518"},"modified":"2025-07-31T16:29:34","modified_gmt":"2025-07-31T13:29:34","slug":"sazinieties-ar-mums-kontakti","status":"publish","type":"page","link":"https:\/\/isriga.lv\/lv\/par-rss\/sazinieties-ar-mums-kontakti\/","title":{"rendered":"Sazinieties ar mums"},"content":{"rendered":"<div id='av_section_1'  class='avia-section main_color avia-section-default avia-no-border-styling  av-parallax-section avia-bg-style-parallax  avia-builder-el-0  el_before_av_submenu  avia-builder-el-first  title-color-section  av-minimum-height av-minimum-height-50  container_wrap fullsize' style=' '  data-section-bg-repeat='no-repeat' data-av_minimum_height_pc='50'><div class='av-parallax' data-avia-parallax-ratio='0.3' ><div class='av-parallax-inner main_color  avia-full-stretch' style = 'background-repeat: no-repeat; background-image: url(https:\/\/isriga.lv\/wp-content\/uploads\/2019\/10\/contact-us.png);background-attachment: scroll; background-position: top left; ' ><\/div><\/div><div class='container' ><main  role=\"main\" itemprop=\"mainContentOfPage\"  class='template-page content  av-content-full alpha units'><div class='post-entry post-entry-type-page post-entry-29518'><div class='entry-content-wrapper clearfix'>\n<div  style='padding-bottom:0px; color:#ffffff;font-size:60px;' class='av-special-heading av-special-heading-h6 custom-color-heading blockquote modern-quote  avia-builder-el-1  avia-builder-el-no-sibling  av-inherit-size '><h6 class='av-special-heading-tag  av-mini-font-size-overwrite av-mini-font-size-38'  itemprop=\"headline\"  >SAZINIETIES<br \/>\nAR MUMS<\/h6><div class='special-heading-border'><div class='special-heading-inner-border' style='border-color:#ffffff'><\/div><\/div><\/div>\n\n<\/div><\/div><\/main><!-- close content main element --><\/div><\/div><div id='sub_menu1'  class='av-submenu-container alternate_color  avia-builder-el-2  el_after_av_section  el_before_av_one_third  menu-below-headliner-about-en  submenu-not-first container_wrap fullsize' style='  z-index:301' ><div class='container av-menu-mobile-disabled '><ul id=\"menu-par-mums-menu-lv\" class=\"av-subnav-menu av-submenu-pos-center\"><li id=\"menu-item-31138\" class=\"menu-item menu-item-type-post_type menu-item-object-page menu-item-top-level menu-item-top-level-1\"><a href=\"https:\/\/isriga.lv\/lv\/par-rss\/rss-vesture\/\" itemprop=\"url\"><span class=\"avia-bullet\"><\/span><span class=\"avia-menu-text\">Par skolu<\/span><span class=\"avia-menu-fx\"><span class=\"avia-arrow-wrap\"><span class=\"avia-arrow\"><\/span><\/span><\/span><\/a><\/li>\n<li id=\"menu-item-33409\" class=\"menu-item menu-item-type-post_type menu-item-object-page menu-item-top-level menu-item-top-level-2\"><a href=\"https:\/\/isriga.lv\/lv\/par-rss\/direktora-zinojums\/\" itemprop=\"url\"><span class=\"avia-bullet\"><\/span><span class=\"avia-menu-text\">Direktora uzruna<\/span><span class=\"avia-menu-fx\"><span class=\"avia-arrow-wrap\"><span class=\"avia-arrow\"><\/span><\/span><\/span><\/a><\/li>\n<li id=\"menu-item-31140\" class=\"menu-item menu-item-type-post_type menu-item-object-page menu-item-top-level menu-item-top-level-3\"><a href=\"https:\/\/isriga.lv\/lv\/par-rss\/bernu-aizsardziba\/\" itemprop=\"url\"><span class=\"avia-bullet\"><\/span><span class=\"avia-menu-text\">B\u0113rnu aizsardz\u012bba<\/span><span class=\"avia-menu-fx\"><span class=\"avia-arrow-wrap\"><span class=\"avia-arrow\"><\/span><\/span><\/span><\/a><\/li>\n<li id=\"menu-item-33410\" class=\"menu-item menu-item-type-post_type menu-item-object-page menu-item-top-level menu-item-top-level-4\"><a href=\"https:\/\/isriga.lv\/lv\/par-rss\/pamatnostadnes\/\" itemprop=\"url\"><span class=\"avia-bullet\"><\/span><span class=\"avia-menu-text\">Pamatnost\u0101dnes<\/span><span class=\"avia-menu-fx\"><span class=\"avia-arrow-wrap\"><span class=\"avia-arrow\"><\/span><\/span><\/span><\/a><\/li>\n<li id=\"menu-item-31141\" class=\"menu-item menu-item-type-post_type menu-item-object-page menu-item-top-level menu-item-top-level-5\"><a href=\"https:\/\/isriga.lv\/lv\/par-rss\/karjeras-iespejas-rss\/\" itemprop=\"url\"><span class=\"avia-bullet\"><\/span><span class=\"avia-menu-text\">Karjeras iesp\u0113jas<\/span><span class=\"avia-menu-fx\"><span class=\"avia-arrow-wrap\"><span class=\"avia-arrow\"><\/span><\/span><\/span><\/a><\/li>\n<li id=\"menu-item-15204\" class=\"menu-item menu-item-type-custom menu-item-object-custom menu-item-top-level menu-item-top-level-6\"><a href=\"\/lv\/events\/\" itemprop=\"url\"><span class=\"avia-bullet\"><\/span><span class=\"avia-menu-text\">Kalend\u0101rs<\/span><span class=\"avia-menu-fx\"><span class=\"avia-arrow-wrap\"><span class=\"avia-arrow\"><\/span><\/span><\/span><\/a><\/li>\n<li id=\"menu-item-31142\" class=\"menu-item menu-item-type-post_type menu-item-object-page menu-item-top-level menu-item-top-level-7\"><a href=\"https:\/\/isriga.lv\/lv\/par-rss\/sazinieties-ar-mums-kontakti\/\" itemprop=\"url\"><span class=\"avia-bullet\"><\/span><span class=\"avia-menu-text\">Sazinieties ar mums<\/span><span class=\"avia-menu-fx\"><span class=\"avia-arrow-wrap\"><span class=\"avia-arrow\"><\/span><\/span><\/span><\/a><\/li>\n<\/ul><\/div><\/div><div id='after_submenu'  class='main_color av_default_container_wrap container_wrap fullsize' style=' '  ><div class='container' ><div class='template-page content  av-content-full alpha units'><div class='post-entry post-entry-type-page post-entry-29518'><div class='entry-content-wrapper clearfix'>\n<div class=\"flex_column av_one_third  flex_column_div av-zero-column-padding first  avia-builder-el-3  el_after_av_submenu  el_before_av_two_third  avia-builder-el-first  \" style='border-radius:0px; '><p><section class=\"av_textblock_section \"  itemscope=\"itemscope\" itemtype=\"https:\/\/schema.org\/CreativeWork\" ><div class='avia_textblock  '  style='font-size:17px; '  itemprop=\"text\" ><p><strong>Direktore:<\/strong><br \/>\nDr. Amanda Romey<br \/>\n<a href=\"mailto:&lt;a href=&quot;mailto:ama&#110;&#100;a.&#114;om&#101;y&#064;is&#114;&#105;ga.l&#118;&quot;&gt;am&#097;nd&#097;&#046;&#114;&#111;&#109;ey&#064;&#105;&#115;&#114;&#105;&#103;a&#046;l&#118;&lt;\/a&gt;\"><a href=\"mailto:aman&#100;a&#46;ro&#109;ey&#64;&#105;srig&#97;.l&#118;\">&#97;&#109;an&#100;a&#46;&#114;&#111;m&#101;y&#64;&#105;&#115;r&#105;ga.lv<\/a><\/a><\/p>\n<\/div><\/section><br \/>\n<section class=\"av_textblock_section \"  itemscope=\"itemscope\" itemtype=\"https:\/\/schema.org\/CreativeWork\" ><div class='avia_textblock  '  style='font-size:17px; '  itemprop=\"text\" ><p><strong>Izpilddirektore:<\/strong><br \/>\nKrist\u012bne Daktere<br \/>\n<a href=\"mailto:&lt;a href=&quot;mailto:&#107;&#114;&#105;s&#116;&#105;&#110;&#101;&#046;d&#097;k&#116;&#101;r&#101;&#064;i&#115;&#114;&#105;&#103;a&#046;&#108;v&quot;&gt;&#107;r&#105;s&#116;in&#101;.dak&#116;&#101;r&#101;&#064;&#105;&#115;&#114;i&#103;a.&#108;&#118;&lt;\/a&gt;\"><a href=\"mailto:&#107;ris&#116;i&#110;&#101;.&#100;a&#107;&#116;&#101;r&#101;&#64;i&#115;r&#105;ga.lv\">&#107;&#114;&#105;s&#116;i&#110;&#101;&#46;da&#107;&#116;&#101;r&#101;&#64;i&#115;r&#105;g&#97;&#46;lv<\/a><\/a><\/p>\n<\/div><\/section><br \/>\n<section class=\"av_textblock_section \"  itemscope=\"itemscope\" itemtype=\"https:\/\/schema.org\/CreativeWork\" ><div class='avia_textblock  '  style='font-size:17px; '  itemprop=\"text\" ><p><strong>Visp\u0101r\u012bg\u0101 Inform\u0101cija:<\/strong><br \/>\nJolanta \u0160ulce<br \/>\n<a href=\"mailto:&lt;a href=&quot;mailto:&#105;n&#102;o&#064;&#105;sriga.&#108;&#118;&quot;&gt;in&#102;&#111;&#064;i&#115;ri&#103;&#097;.&#108;&#118;&lt;\/a&gt;\"><a href=\"mailto:&#105;n&#102;&#111;&#64;is&#114;ig&#97;.l&#118;\">in&#102;&#111;&#64;&#105;s&#114;&#105;&#103;a&#46;&#108;v<\/a><\/a><br \/>\n+371 6762 4622<\/p>\n<\/div><\/section><br \/>\n<section class=\"av_textblock_section \"  itemscope=\"itemscope\" itemtype=\"https:\/\/schema.org\/CreativeWork\" ><div class='avia_textblock  '  style='font-size:17px; '  itemprop=\"text\" ><p><strong>Uz\u0146em\u0161ana:<\/strong><br \/>\nIlze Dzirniece<\/p>\n<p><a href=\"&#x61;d&#x6d;&#105;s&#x73;&#105;&#x6f;&#x6e;s&#x40;&#105;s&#x72;&#105;&#x67;&#97;&#46;&#x6c;&#118;&#091;\/email&#093;\"><a href=\"mailto:&#97;&#100;missio&#110;&#115;&#64;&#105;&#115;&#114;i&#103;a&#46;l&#118;\">a&#100;m&#105;s&#115;&#105;&#111;ns&#64;&#105;&#115;&#114;&#105;g&#97;.l&#118;<\/a><\/a><br \/>\n+371 2511 9337<\/p>\n<\/div><\/section><br \/>\n<section class=\"av_textblock_section \"  itemscope=\"itemscope\" itemtype=\"https:\/\/schema.org\/CreativeWork\" ><div class='avia_textblock  '  style='font-size:17px; '  itemprop=\"text\" ><p><strong>Person\u0101lda\u013ca:<\/strong><br \/>\nAsn\u0101te Sili\u0146a<br \/>\n<a href=\"mailto:&lt;a href=&quot;mailto:&#104;&#114;&#064;is&#114;i&#103;&#097;.&#108;&#118;&quot;&gt;h&#114;&#064;&#105;s&#114;ig&#097;&#046;l&#118;&lt;\/a&gt;\"><a href=\"mailto:&#104;r&#64;i&#115;&#114;&#105;g&#97;&#46;lv\">hr&#64;&#105;&#115;&#114;iga&#46;l&#118;<\/a><\/a><\/p>\n<\/div><\/section><\/p><\/div><div class=\"flex_column av_two_third  flex_column_div av-zero-column-padding   avia-builder-el-9  el_after_av_one_third  el_before_av_one_fourth  \" style='border-radius:0px; '><section class=\"av_textblock_section \"  itemscope=\"itemscope\" itemtype=\"https:\/\/schema.org\/CreativeWork\" ><div class='avia_textblock  '   itemprop=\"text\" ><h2>Nos\u016btiet mums zi\u0146ojumu:<\/h2>\n<\/div><\/section><br \/>\n<\/p><\/div><\/p>\n<div class='flex_column_table av-equal-height-column-flextable -flextable' ><div class=\"flex_column av_one_fourth  flex_column_table_cell av-equal-height-column av-align-top av-zero-column-padding first  avia-builder-el-12  el_after_av_two_third  el_before_av_two_third  column-top-margin\" style='border-radius:0px; '><section class=\"av_textblock_section \"  itemscope=\"itemscope\" itemtype=\"https:\/\/schema.org\/CreativeWork\" ><div class='avia_textblock  '  style='font-size:17px; '  itemprop=\"text\" ><h1>Kontakti<\/h1>\n<p><strong>Pirmsskola un s\u0101kumskola<\/strong><\/p>\n<p><a href=\"mailto:&lt;a href=&quot;mailto:in&#102;&#111;&#064;&#105;&#115;riga&#046;lv&quot;&gt;i&#110;f&#111;&#064;&#105;sr&#105;g&#097;&#046;&#108;&#118;&lt;\/a&gt;\"><a href=\"mailto:i&#110;f&#111;&#64;isr&#105;ga.&#108;&#118;\">i&#110;fo&#64;i&#115;r&#105;&#103;&#97;&#46;&#108;v<\/a><\/a><br \/>\n+371 6762 4622<br \/>\nKalnciema iela 118, R\u012bga, LV-1046, LATVIJA<\/p>\n<div  class='avia-button-wrap avia-button-left  avia-builder-el-14  el_before_av_button  avia-builder-el-first ' ><a href='https:\/\/goo.gl\/xunPGF' class='avia-button  avia-color-theme-color   avia-icon_select-yes-right-icon avia-size-small avia-position-left ' target=\"_blank\" rel=\"noopener noreferrer\"><span class='avia_iconbox_title' >Skat\u012bt virzienus<\/span><span class='avia_button_icon avia_button_icon_right' aria-hidden='true' data-av_icon='\ue842' data-av_iconfont='entypo-fontello'><\/span><\/a><\/div>\n<p><strong>Pamatskola un vidusskola<\/strong><\/p>\n<p><a href=\"mailto:&lt;a href=&quot;mailto:&#105;&#110;&#102;&#111;&#064;&#105;&#115;ri&#103;a&#046;lv&quot;&gt;&#105;&#110;f&#111;&#064;&#105;&#115;r&#105;ga.&#108;v&lt;\/a&gt;\"><a href=\"mailto:in&#102;&#111;&#64;&#105;&#115;&#114;ig&#97;.&#108;&#118;\">&#105;n&#102;o&#64;&#105;&#115;ri&#103;&#97;&#46;&#108;v<\/a><\/a><br \/>\n+371 6762 4622<br \/>\nSkanstes iela 27, R\u012bga, LV-1013, LATVIJA<\/p>\n<div  class='avia-button-wrap avia-button-left  avia-builder-el-15  el_after_av_button  el_before_av_button ' ><a href='https:\/\/goo.gl\/maps\/xAAqua1HYrM1j9969' class='avia-button  avia-color-theme-color   avia-icon_select-yes-right-icon avia-size-small avia-position-left ' target=\"_blank\" rel=\"noopener noreferrer\"><span class='avia_iconbox_title' >Skat\u012bt virzienus<\/span><span class='avia_button_icon avia_button_icon_right' aria-hidden='true' data-av_icon='\ue842' data-av_iconfont='entypo-fontello'><\/span><\/a><\/div>\n<p><strong>Administr\u0101cija<\/strong><\/p>\n<p><a href=\"mailto:&lt;a href=&quot;mailto:&#105;n&#102;o&#064;&#105;sriga.&#108;&#118;&quot;&gt;&#105;n&#102;&#111;&#064;&#105;s&#114;i&#103;a.&#108;v&lt;\/a&gt;\"><a href=\"mailto:&#105;&#110;fo&#64;&#105;&#115;r&#105;&#103;&#97;.&#108;v\">in&#102;&#111;&#64;&#105;sriga&#46;lv<\/a><\/a><br \/>\n+371 6762 4622<br \/>\nSkanstes iela 27, R\u012bga, LV-1013, LATVIJA<\/p>\n<div  class='avia-button-wrap avia-button-left  avia-builder-el-16  el_after_av_button  avia-builder-el-last ' ><a href='https:\/\/goo.gl\/maps\/vPQLQpYWS6NEmLxbA' class='avia-button  avia-color-theme-color   avia-icon_select-yes-right-icon avia-size-small avia-position-left ' target=\"_blank\" rel=\"noopener noreferrer\"><span class='avia_iconbox_title' >Skat\u012bt virzienus<\/span><span class='avia_button_icon avia_button_icon_right' aria-hidden='true' data-av_icon='\ue842' data-av_iconfont='entypo-fontello'><\/span><\/a><\/div>\n<\/div><\/section><\/div><div class='av-flex-placeholder'><\/div><div class=\"flex_column av_two_third  flex_column_table_cell av-equal-height-column av-align-top av-zero-column-padding   avia-builder-el-17  el_after_av_one_fourth  el_before_av_hr  column-top-margin\" style='border-radius:0px; '><div  class='av_gmaps_sc_main_wrap av_gmaps_main_wrap '><div id='av_gmap_0' class='avia-google-map-container avia-google-map-sc av_gmaps_show_unconditionally av-no-fallback-img ' data-mapid='av_gmap_0'  style='height: 400px;'><a class=\"av_gmaps_browser_disabled av_text_confirm_link av_text_confirm_link_visible\" href=\"https:\/\/www.google.com\/maps\/search\/?api=1&#038;query=Kalnciema%20iela%20118%20%20Riga%20%20Latvia\" target=\"_blank\" rel=\"noopener\">Maps were disabled by the visitor on this site. Click to open the map in a new window.<\/a><\/div><\/div><\/div><\/div><!--close column table wrapper. Autoclose: 1 --><div  style='height:50px' class='hr hr-invisible   avia-builder-el-19  el_after_av_two_third  avia-builder-el-last '><span class='hr-inner ' ><span class='hr-inner-style'><\/span><\/span><\/div><\/p>\n","protected":false},"excerpt":{"rendered":"","protected":false},"author":16,"featured_media":14757,"parent":29437,"menu_order":10,"comment_status":"closed","ping_status":"closed","template":"","meta":{"_acf_changed":false,"footnotes":""},"class_list":["post-29518","page","type-page","status-publish","has-post-thumbnail","hentry"],"acf":[],"yoast_head":"<!-- This site is optimized with the Yoast SEO plugin v27.1.1 - https:\/\/yoast.com\/product\/yoast-seo-wordpress\/ -->\n<title>Sazinieties ar mums | Par ISR | International School of Riga: Private IB School in Latvia<\/title>\n<meta name=\"robots\" content=\"index, follow, max-snippet:-1, max-image-preview:large, max-video-preview:-1\" \/>\n<link rel=\"canonical\" href=\"https:\/\/isriga.lv\/lv\/par-rss\/sazinieties-ar-mums-kontakti\/\" \/>\n<meta property=\"og:locale\" content=\"lv_LV\" \/>\n<meta property=\"og:type\" content=\"article\" \/>\n<meta property=\"og:title\" content=\"Sazinieties ar mums | Par ISR | International School of Riga: Private IB School in Latvia\" \/>\n<meta property=\"og:url\" content=\"https:\/\/isriga.lv\/lv\/par-rss\/sazinieties-ar-mums-kontakti\/\" \/>\n<meta property=\"og:site_name\" content=\"International School of Riga: Private IB School in Latvia\" \/>\n<meta property=\"article:publisher\" content=\"https:\/\/www.facebook.com\/isriga\" \/>\n<meta property=\"article:modified_time\" content=\"2025-07-31T13:29:34+00:00\" \/>\n<meta property=\"og:image\" content=\"https:\/\/isriga.lv\/wp-content\/uploads\/2019\/09\/ISR-featured-a1-1.png\" \/>\n\t<meta property=\"og:image:width\" content=\"1030\" \/>\n\t<meta property=\"og:image:height\" content=\"629\" \/>\n\t<meta property=\"og:image:type\" content=\"image\/png\" \/>\n<meta name=\"twitter:card\" content=\"summary_large_image\" \/>\n<meta name=\"twitter:label1\" content=\"Est. reading time\" \/>\n\t<meta name=\"twitter:data1\" content=\"3 minutes\" \/>\n<script type=\"application\/ld+json\" class=\"yoast-schema-graph\">{\"@context\":\"https:\/\/schema.org\",\"@graph\":[{\"@type\":\"WebPage\",\"@id\":\"https:\/\/isriga.lv\/lv\/par-rss\/sazinieties-ar-mums-kontakti\/\",\"url\":\"https:\/\/isriga.lv\/lv\/par-rss\/sazinieties-ar-mums-kontakti\/\",\"name\":\"Sazinieties ar mums | Par ISR | International School of Riga: Private IB School in Latvia\",\"isPartOf\":{\"@id\":\"https:\/\/isriga.lv\/#website\"},\"primaryImageOfPage\":{\"@id\":\"https:\/\/isriga.lv\/lv\/par-rss\/sazinieties-ar-mums-kontakti\/#primaryimage\"},\"image\":{\"@id\":\"https:\/\/isriga.lv\/lv\/par-rss\/sazinieties-ar-mums-kontakti\/#primaryimage\"},\"thumbnailUrl\":\"https:\/\/isriga.lv\/wp-content\/uploads\/2019\/09\/ISR-featured-a1-1.png\",\"datePublished\":\"2021-08-26T16:49:14+00:00\",\"dateModified\":\"2025-07-31T13:29:34+00:00\",\"breadcrumb\":{\"@id\":\"https:\/\/isriga.lv\/lv\/par-rss\/sazinieties-ar-mums-kontakti\/#breadcrumb\"},\"inLanguage\":\"lv-LV\",\"potentialAction\":[{\"@type\":\"ReadAction\",\"target\":[\"https:\/\/isriga.lv\/lv\/par-rss\/sazinieties-ar-mums-kontakti\/\"]}]},{\"@type\":\"ImageObject\",\"inLanguage\":\"lv-LV\",\"@id\":\"https:\/\/isriga.lv\/lv\/par-rss\/sazinieties-ar-mums-kontakti\/#primaryimage\",\"url\":\"https:\/\/isriga.lv\/wp-content\/uploads\/2019\/09\/ISR-featured-a1-1.png\",\"contentUrl\":\"https:\/\/isriga.lv\/wp-content\/uploads\/2019\/09\/ISR-featured-a1-1.png\",\"width\":1030,\"height\":629},{\"@type\":\"BreadcrumbList\",\"@id\":\"https:\/\/isriga.lv\/lv\/par-rss\/sazinieties-ar-mums-kontakti\/#breadcrumb\",\"itemListElement\":[{\"@type\":\"ListItem\",\"position\":1,\"name\":\"Home\",\"item\":\"https:\/\/isriga.lv\/lv\/sakums\/\"},{\"@type\":\"ListItem\",\"position\":2,\"name\":\"Par ISR\",\"item\":\"https:\/\/isriga.lv\/lv\/par-rss\/\"},{\"@type\":\"ListItem\",\"position\":3,\"name\":\"Sazinieties ar mums\"}]},{\"@type\":\"WebSite\",\"@id\":\"https:\/\/isriga.lv\/#website\",\"url\":\"https:\/\/isriga.lv\/\",\"name\":\"International School of Riga: Private IB School in Latvia\",\"description\":\"International School of Riga. Latvia.\",\"publisher\":{\"@id\":\"https:\/\/isriga.lv\/#organization\"},\"potentialAction\":[{\"@type\":\"SearchAction\",\"target\":{\"@type\":\"EntryPoint\",\"urlTemplate\":\"https:\/\/isriga.lv\/?s={search_term_string}\"},\"query-input\":{\"@type\":\"PropertyValueSpecification\",\"valueRequired\":true,\"valueName\":\"search_term_string\"}}],\"inLanguage\":\"lv-LV\"},{\"@type\":\"Organization\",\"@id\":\"https:\/\/isriga.lv\/#organization\",\"name\":\"International School of Riga: Private IB School in Riga\",\"url\":\"https:\/\/isriga.lv\/\",\"logo\":{\"@type\":\"ImageObject\",\"inLanguage\":\"lv-LV\",\"@id\":\"https:\/\/isriga.lv\/#\/schema\/logo\/image\/\",\"url\":\"https:\/\/isriga.lv\/wp-content\/uploads\/2017\/08\/isr-logo.png\",\"contentUrl\":\"https:\/\/isriga.lv\/wp-content\/uploads\/2017\/08\/isr-logo.png\",\"width\":628,\"height\":136,\"caption\":\"International School of Riga: Private IB School in Riga\"},\"image\":{\"@id\":\"https:\/\/isriga.lv\/#\/schema\/logo\/image\/\"},\"sameAs\":[\"https:\/\/www.facebook.com\/isriga\",\"https:\/\/www.instagram.com\/loveisriga\/\",\"https:\/\/www.youtube.com\/user\/isriga\"]}]}<\/script>\n<!-- \/ Yoast SEO plugin. -->","yoast_head_json":{"title":"Sazinieties ar mums | Par ISR | International School of Riga: Private IB School in Latvia","robots":{"index":"index","follow":"follow","max-snippet":"max-snippet:-1","max-image-preview":"max-image-preview:large","max-video-preview":"max-video-preview:-1"},"canonical":"https:\/\/isriga.lv\/lv\/par-rss\/sazinieties-ar-mums-kontakti\/","og_locale":"lv_LV","og_type":"article","og_title":"Sazinieties ar mums | Par ISR | International School of Riga: Private IB School in Latvia","og_url":"https:\/\/isriga.lv\/lv\/par-rss\/sazinieties-ar-mums-kontakti\/","og_site_name":"International School of Riga: Private IB School in Latvia","article_publisher":"https:\/\/www.facebook.com\/isriga","article_modified_time":"2025-07-31T13:29:34+00:00","og_image":[{"width":1030,"height":629,"url":"https:\/\/isriga.lv\/wp-content\/uploads\/2019\/09\/ISR-featured-a1-1.png","type":"image\/png"}],"twitter_card":"summary_large_image","twitter_misc":{"Est. reading time":"3 minutes"},"schema":{"@context":"https:\/\/schema.org","@graph":[{"@type":"WebPage","@id":"https:\/\/isriga.lv\/lv\/par-rss\/sazinieties-ar-mums-kontakti\/","url":"https:\/\/isriga.lv\/lv\/par-rss\/sazinieties-ar-mums-kontakti\/","name":"Sazinieties ar mums | Par ISR | International School of Riga: Private IB School in Latvia","isPartOf":{"@id":"https:\/\/isriga.lv\/#website"},"primaryImageOfPage":{"@id":"https:\/\/isriga.lv\/lv\/par-rss\/sazinieties-ar-mums-kontakti\/#primaryimage"},"image":{"@id":"https:\/\/isriga.lv\/lv\/par-rss\/sazinieties-ar-mums-kontakti\/#primaryimage"},"thumbnailUrl":"https:\/\/isriga.lv\/wp-content\/uploads\/2019\/09\/ISR-featured-a1-1.png","datePublished":"2021-08-26T16:49:14+00:00","dateModified":"2025-07-31T13:29:34+00:00","breadcrumb":{"@id":"https:\/\/isriga.lv\/lv\/par-rss\/sazinieties-ar-mums-kontakti\/#breadcrumb"},"inLanguage":"lv-LV","potentialAction":[{"@type":"ReadAction","target":["https:\/\/isriga.lv\/lv\/par-rss\/sazinieties-ar-mums-kontakti\/"]}]},{"@type":"ImageObject","inLanguage":"lv-LV","@id":"https:\/\/isriga.lv\/lv\/par-rss\/sazinieties-ar-mums-kontakti\/#primaryimage","url":"https:\/\/isriga.lv\/wp-content\/uploads\/2019\/09\/ISR-featured-a1-1.png","contentUrl":"https:\/\/isriga.lv\/wp-content\/uploads\/2019\/09\/ISR-featured-a1-1.png","width":1030,"height":629},{"@type":"BreadcrumbList","@id":"https:\/\/isriga.lv\/lv\/par-rss\/sazinieties-ar-mums-kontakti\/#breadcrumb","itemListElement":[{"@type":"ListItem","position":1,"name":"Home","item":"https:\/\/isriga.lv\/lv\/sakums\/"},{"@type":"ListItem","position":2,"name":"Par ISR","item":"https:\/\/isriga.lv\/lv\/par-rss\/"},{"@type":"ListItem","position":3,"name":"Sazinieties ar mums"}]},{"@type":"WebSite","@id":"https:\/\/isriga.lv\/#website","url":"https:\/\/isriga.lv\/","name":"International School of Riga: Private IB School in Latvia","description":"International School of Riga. Latvia.","publisher":{"@id":"https:\/\/isriga.lv\/#organization"},"potentialAction":[{"@type":"SearchAction","target":{"@type":"EntryPoint","urlTemplate":"https:\/\/isriga.lv\/?s={search_term_string}"},"query-input":{"@type":"PropertyValueSpecification","valueRequired":true,"valueName":"search_term_string"}}],"inLanguage":"lv-LV"},{"@type":"Organization","@id":"https:\/\/isriga.lv\/#organization","name":"International School of Riga: Private IB School in Riga","url":"https:\/\/isriga.lv\/","logo":{"@type":"ImageObject","inLanguage":"lv-LV","@id":"https:\/\/isriga.lv\/#\/schema\/logo\/image\/","url":"https:\/\/isriga.lv\/wp-content\/uploads\/2017\/08\/isr-logo.png","contentUrl":"https:\/\/isriga.lv\/wp-content\/uploads\/2017\/08\/isr-logo.png","width":628,"height":136,"caption":"International School of Riga: Private IB School in Riga"},"image":{"@id":"https:\/\/isriga.lv\/#\/schema\/logo\/image\/"},"sameAs":["https:\/\/www.facebook.com\/isriga","https:\/\/www.instagram.com\/loveisriga\/","https:\/\/www.youtube.com\/user\/isriga"]}]}},"_links":{"self":[{"href":"https:\/\/isriga.lv\/lv\/wp-json\/wp\/v2\/pages\/29518","targetHints":{"allow":["GET"]}}],"collection":[{"href":"https:\/\/isriga.lv\/lv\/wp-json\/wp\/v2\/pages"}],"about":[{"href":"https:\/\/isriga.lv\/lv\/wp-json\/wp\/v2\/types\/page"}],"author":[{"embeddable":true,"href":"https:\/\/isriga.lv\/lv\/wp-json\/wp\/v2\/users\/16"}],"replies":[{"embeddable":true,"href":"https:\/\/isriga.lv\/lv\/wp-json\/wp\/v2\/comments?post=29518"}],"version-history":[{"count":7,"href":"https:\/\/isriga.lv\/lv\/wp-json\/wp\/v2\/pages\/29518\/revisions"}],"predecessor-version":[{"id":44474,"href":"https:\/\/isriga.lv\/lv\/wp-json\/wp\/v2\/pages\/29518\/revisions\/44474"}],"up":[{"embeddable":true,"href":"https:\/\/isriga.lv\/lv\/wp-json\/wp\/v2\/pages\/29437"}],"wp:featuredmedia":[{"embeddable":true,"href":"https:\/\/isriga.lv\/lv\/wp-json\/wp\/v2\/media\/14757"}],"wp:attachment":[{"href":"https:\/\/isriga.lv\/lv\/wp-json\/wp\/v2\/media?parent=29518"}],"curies":[{"name":"wp","href":"https:\/\/api.w.org\/{rel}","templated":true}]}}