	
{"id":29511,"date":"2021-08-26T19:47:51","date_gmt":"2021-08-26T16:47:51","guid":{"rendered":"https:\/\/isriga.lv\/?page_id=29511"},"modified":"2026-01-07T10:56:32","modified_gmt":"2026-01-07T08:56:32","slug":"karjeras-iespejas-rss","status":"publish","type":"page","link":"https:\/\/isriga.lv\/lv\/par-rss\/karjeras-iespejas-rss\/","title":{"rendered":"Karjeras iesp\u0113jas"},"content":{"rendered":"<div id='av_section_1'  class='avia-section main_color avia-section-default avia-no-border-styling  av-parallax-section avia-bg-style-parallax  avia-builder-el-0  el_before_av_submenu  avia-builder-el-first  title-color-section  av-minimum-height av-minimum-height-50  container_wrap fullsize' style=' '  data-section-bg-repeat='no-repeat' data-av_minimum_height_pc='50'><div class='av-parallax' data-avia-parallax-ratio='0.3' ><div class='av-parallax-inner main_color  avia-full-stretch' style = 'background-repeat: no-repeat; background-image: url(https:\/\/isriga.lv\/wp-content\/uploads\/2019\/10\/careers.png);background-attachment: scroll; background-position: top left; ' ><\/div><\/div><div class='container' ><main  role=\"main\" itemprop=\"mainContentOfPage\"  class='template-page content  av-content-full alpha units'><div class='post-entry post-entry-type-page post-entry-29511'><div class='entry-content-wrapper clearfix'>\n<div  style='padding-bottom:0px; color:#ffffff;font-size:60px;' class='av-special-heading av-special-heading-h6 custom-color-heading blockquote modern-quote  avia-builder-el-1  avia-builder-el-no-sibling  av-inherit-size '><h6 class='av-special-heading-tag  av-mini-font-size-overwrite av-mini-font-size-38'  itemprop=\"headline\"  >KARJERAS<br \/>\nIESP\u0112JAS<\/h6><div class='special-heading-border'><div class='special-heading-inner-border' style='border-color:#ffffff'><\/div><\/div><\/div>\n\n<\/div><\/div><\/main><!-- close content main element --><\/div><\/div><div id='sub_menu1'  class='av-submenu-container alternate_color  avia-builder-el-2  el_after_av_section  el_before_av_section  menu-below-headliner  submenu-not-first container_wrap fullsize' style='  z-index:301' ><div class='container av-menu-mobile-disabled '><ul id=\"menu-par-mums-menu-lv\" class=\"av-subnav-menu av-submenu-pos-center\"><li id=\"menu-item-31138\" class=\"menu-item menu-item-type-post_type menu-item-object-page menu-item-top-level menu-item-top-level-1\"><a href=\"https:\/\/isriga.lv\/lv\/par-rss\/rss-vesture\/\" itemprop=\"url\"><span class=\"avia-bullet\"><\/span><span class=\"avia-menu-text\">Par skolu<\/span><span class=\"avia-menu-fx\"><span class=\"avia-arrow-wrap\"><span class=\"avia-arrow\"><\/span><\/span><\/span><\/a><\/li>\n<li id=\"menu-item-33409\" class=\"menu-item menu-item-type-post_type menu-item-object-page menu-item-top-level menu-item-top-level-2\"><a href=\"https:\/\/isriga.lv\/lv\/par-rss\/direktora-zinojums\/\" itemprop=\"url\"><span class=\"avia-bullet\"><\/span><span class=\"avia-menu-text\">Direktora uzruna<\/span><span class=\"avia-menu-fx\"><span class=\"avia-arrow-wrap\"><span class=\"avia-arrow\"><\/span><\/span><\/span><\/a><\/li>\n<li id=\"menu-item-31140\" class=\"menu-item menu-item-type-post_type menu-item-object-page menu-item-top-level menu-item-top-level-3\"><a href=\"https:\/\/isriga.lv\/lv\/par-rss\/bernu-aizsardziba\/\" itemprop=\"url\"><span class=\"avia-bullet\"><\/span><span class=\"avia-menu-text\">B\u0113rnu aizsardz\u012bba<\/span><span class=\"avia-menu-fx\"><span class=\"avia-arrow-wrap\"><span class=\"avia-arrow\"><\/span><\/span><\/span><\/a><\/li>\n<li id=\"menu-item-33410\" class=\"menu-item menu-item-type-post_type menu-item-object-page menu-item-top-level menu-item-top-level-4\"><a href=\"https:\/\/isriga.lv\/lv\/par-rss\/pamatnostadnes\/\" itemprop=\"url\"><span class=\"avia-bullet\"><\/span><span class=\"avia-menu-text\">Pamatnost\u0101dnes<\/span><span class=\"avia-menu-fx\"><span class=\"avia-arrow-wrap\"><span class=\"avia-arrow\"><\/span><\/span><\/span><\/a><\/li>\n<li id=\"menu-item-31141\" class=\"menu-item menu-item-type-post_type menu-item-object-page menu-item-top-level menu-item-top-level-5\"><a href=\"https:\/\/isriga.lv\/lv\/par-rss\/karjeras-iespejas-rss\/\" itemprop=\"url\"><span class=\"avia-bullet\"><\/span><span class=\"avia-menu-text\">Karjeras iesp\u0113jas<\/span><span class=\"avia-menu-fx\"><span class=\"avia-arrow-wrap\"><span class=\"avia-arrow\"><\/span><\/span><\/span><\/a><\/li>\n<li id=\"menu-item-15204\" class=\"menu-item menu-item-type-custom menu-item-object-custom menu-item-top-level menu-item-top-level-6\"><a href=\"\/lv\/events\/\" itemprop=\"url\"><span class=\"avia-bullet\"><\/span><span class=\"avia-menu-text\">Kalend\u0101rs<\/span><span class=\"avia-menu-fx\"><span class=\"avia-arrow-wrap\"><span class=\"avia-arrow\"><\/span><\/span><\/span><\/a><\/li>\n<li id=\"menu-item-31142\" class=\"menu-item menu-item-type-post_type menu-item-object-page menu-item-top-level menu-item-top-level-7\"><a href=\"https:\/\/isriga.lv\/lv\/par-rss\/sazinieties-ar-mums-kontakti\/\" itemprop=\"url\"><span class=\"avia-bullet\"><\/span><span class=\"avia-menu-text\">Sazinieties ar mums<\/span><span class=\"avia-menu-fx\"><span class=\"avia-arrow-wrap\"><span class=\"avia-arrow\"><\/span><\/span><\/span><\/a><\/li>\n<\/ul><\/div><\/div>\n<div id='column-push-pull-mobile'  class='avia-section main_color avia-section-default avia-no-border-styling  avia-bg-style-scroll  avia-builder-el-3  el_after_av_submenu  avia-builder-el-last   container_wrap fullsize' style=' '  ><div class='container' ><div class='template-page content  av-content-full alpha units'><div class='post-entry post-entry-type-page post-entry-29511'><div class='entry-content-wrapper clearfix'>\n<div class='flex_column_table av-equal-height-column-flextable -flextable' ><div class=\"flex_column av_one_full  flex_column_table_cell av-equal-height-column av-align-middle av-zero-column-padding first  avia-builder-el-4  avia-builder-el-no-sibling  \" style='border-radius:0px; '><section class=\"av_textblock_section \"  itemscope=\"itemscope\" itemtype=\"https:\/\/schema.org\/CreativeWork\" ><div class='avia_textblock  '  style='font-size:17px; '  itemprop=\"text\" ><p>R\u012bgas Starptautisk\u0101 skola, kas dibin\u0101ta 1997. gad\u0101<strong>\u00a0<\/strong>R\u012bg\u0101, ir neatkar\u012bga bezpe\u013c\u0146as organiz\u0101cija, kas pied\u0101v\u0101 starptautisku izgl\u012bt\u012bbu aptuveni 323 skol\u0113niem vecum\u0101 no 2 l\u012bdz 18 gadiem, kuri p\u0101rst\u0101v vair\u0101k nek\u0101 40 taut\u012bbas. Skola atrodas div\u0101s atsevi\u0161\u0137\u0101s \u0113k\u0101s R\u012bg\u0101.<\/p>\n<p>ISR politika ir pie\u0146emt darb\u0101 katrai vakancei vispiem\u0113rot\u0101ko personu, pamatojoties uz kandid\u0101ta prasm\u0113m, pieredzi, kvalifik\u0101ciju un sp\u0113j\u0101m neatkar\u012bgi no dzimuma, vecuma, taut\u012bbas, seksu\u0101l\u0101s orient\u0101cijas, \u0123imenes st\u0101vok\u013ca, etnisk\u0101s pieder\u012bbas, reli\u0123ijas vai p\u0101rliec\u012bbas.<\/p>\n<p>ISR izmanto\u00a0<em>Search Associates<\/em>\u00a0pakalpojumus, lai piemekl\u0113tu sev atbilsto\u0161\u0101kos kandid\u0101tus. M\u0113s aicin\u0101m visus interesentus re\u0123istr\u0113ties\u00a0<a href=\"https:\/\/www.searchassociates.com\/\">organiz\u0101cij\u0101<\/a>.<\/p>\n<p>L\u016bdzu pieteikumus s\u016bt\u012bt:<em> &#x68;r&#x40;&#105;&#x73;&#114;i&#x67;a&#x2e;&#108;&#x76;<\/em>!<\/p>\n<h2>PIEEJAM\u0100S VAKANCES<\/h2>\n<p>Skat\u012bt \u0161o sada\u013cu: <a href=\"https:\/\/isriga.lv\/about-isr\/careers-at-isr\/\">https:\/\/isriga.lv\/about-isr\/careers-at-isr\/<\/a><\/p>\n<h2><span style=\"font-size: 16px;\">Ja v\u0113laties pievienoties m\u016bsu skolai, l\u016bgums s\u016bt\u012bt savu pieteikumu un CV uz &#104;&#x72;&#64;&#x69;s&#x72;i&#103;&#x61;&#46;&#x6c;v<\/span><\/h2>\n<\/div><\/section><\/div><\/div><!--close column table wrapper. Autoclose: 1 -->\n","protected":false},"excerpt":{"rendered":"","protected":false},"author":16,"featured_media":14757,"parent":29437,"menu_order":5,"comment_status":"closed","ping_status":"closed","template":"","meta":{"_acf_changed":false,"footnotes":""},"class_list":["post-29511","page","type-page","status-publish","has-post-thumbnail","hentry"],"acf":[],"yoast_head":"<!-- This site is optimized with the Yoast SEO plugin v27.1.1 - https:\/\/yoast.com\/product\/yoast-seo-wordpress\/ -->\n<title>Karjeras iesp\u0113jas R\u012bgas Starptautiskaj\u0101 skol\u0101<\/title>\n<meta name=\"description\" content=\"Uzzini vair\u0101k par aktu\u0101l\u0101m vakanc\u0113m R\u012bgas Starptautiskaj\u0101 skol\u0101. Pievienojies m\u016bsu daudzveid\u012bgajai un inovat\u012bvajai izgl\u012bt\u012bbas kopienai.\" \/>\n<meta name=\"robots\" content=\"index, follow, max-snippet:-1, max-image-preview:large, max-video-preview:-1\" \/>\n<link rel=\"canonical\" href=\"https:\/\/isriga.lv\/lv\/par-rss\/karjeras-iespejas-rss\/\" \/>\n<meta property=\"og:locale\" content=\"lv_LV\" \/>\n<meta property=\"og:type\" content=\"article\" \/>\n<meta property=\"og:title\" content=\"Karjeras iesp\u0113jas R\u012bgas Starptautiskaj\u0101 skol\u0101\" \/>\n<meta property=\"og:description\" content=\"Uzzini vair\u0101k par aktu\u0101l\u0101m vakanc\u0113m R\u012bgas Starptautiskaj\u0101 skol\u0101. Pievienojies m\u016bsu daudzveid\u012bgajai un inovat\u012bvajai izgl\u012bt\u012bbas kopienai.\" \/>\n<meta property=\"og:url\" content=\"https:\/\/isriga.lv\/lv\/par-rss\/karjeras-iespejas-rss\/\" \/>\n<meta property=\"og:site_name\" content=\"International School of Riga: Private IB School in Latvia\" \/>\n<meta property=\"article:publisher\" content=\"https:\/\/www.facebook.com\/isriga\" \/>\n<meta property=\"article:modified_time\" content=\"2026-01-07T08:56:32+00:00\" \/>\n<meta property=\"og:image\" content=\"https:\/\/isriga.lv\/wp-content\/uploads\/2019\/09\/ISR-featured-a1-1.png\" \/>\n\t<meta property=\"og:image:width\" content=\"1030\" \/>\n\t<meta property=\"og:image:height\" content=\"629\" \/>\n\t<meta property=\"og:image:type\" content=\"image\/png\" \/>\n<meta name=\"twitter:card\" content=\"summary_large_image\" \/>\n<meta name=\"twitter:label1\" content=\"Est. reading time\" \/>\n\t<meta name=\"twitter:data1\" content=\"2 minutes\" \/>\n<script type=\"application\/ld+json\" class=\"yoast-schema-graph\">{\"@context\":\"https:\/\/schema.org\",\"@graph\":[{\"@type\":\"WebPage\",\"@id\":\"https:\/\/isriga.lv\/lv\/par-rss\/karjeras-iespejas-rss\/\",\"url\":\"https:\/\/isriga.lv\/lv\/par-rss\/karjeras-iespejas-rss\/\",\"name\":\"Karjeras iesp\u0113jas R\u012bgas Starptautiskaj\u0101 skol\u0101\",\"isPartOf\":{\"@id\":\"https:\/\/isriga.lv\/#website\"},\"primaryImageOfPage\":{\"@id\":\"https:\/\/isriga.lv\/lv\/par-rss\/karjeras-iespejas-rss\/#primaryimage\"},\"image\":{\"@id\":\"https:\/\/isriga.lv\/lv\/par-rss\/karjeras-iespejas-rss\/#primaryimage\"},\"thumbnailUrl\":\"https:\/\/isriga.lv\/wp-content\/uploads\/2019\/09\/ISR-featured-a1-1.png\",\"datePublished\":\"2021-08-26T16:47:51+00:00\",\"dateModified\":\"2026-01-07T08:56:32+00:00\",\"description\":\"Uzzini vair\u0101k par aktu\u0101l\u0101m vakanc\u0113m R\u012bgas Starptautiskaj\u0101 skol\u0101. Pievienojies m\u016bsu daudzveid\u012bgajai un inovat\u012bvajai izgl\u012bt\u012bbas kopienai.\",\"breadcrumb\":{\"@id\":\"https:\/\/isriga.lv\/lv\/par-rss\/karjeras-iespejas-rss\/#breadcrumb\"},\"inLanguage\":\"lv-LV\",\"potentialAction\":[{\"@type\":\"ReadAction\",\"target\":[\"https:\/\/isriga.lv\/lv\/par-rss\/karjeras-iespejas-rss\/\"]}]},{\"@type\":\"ImageObject\",\"inLanguage\":\"lv-LV\",\"@id\":\"https:\/\/isriga.lv\/lv\/par-rss\/karjeras-iespejas-rss\/#primaryimage\",\"url\":\"https:\/\/isriga.lv\/wp-content\/uploads\/2019\/09\/ISR-featured-a1-1.png\",\"contentUrl\":\"https:\/\/isriga.lv\/wp-content\/uploads\/2019\/09\/ISR-featured-a1-1.png\",\"width\":1030,\"height\":629},{\"@type\":\"BreadcrumbList\",\"@id\":\"https:\/\/isriga.lv\/lv\/par-rss\/karjeras-iespejas-rss\/#breadcrumb\",\"itemListElement\":[{\"@type\":\"ListItem\",\"position\":1,\"name\":\"Home\",\"item\":\"https:\/\/isriga.lv\/lv\/sakums\/\"},{\"@type\":\"ListItem\",\"position\":2,\"name\":\"Par ISR\",\"item\":\"https:\/\/isriga.lv\/lv\/par-rss\/\"},{\"@type\":\"ListItem\",\"position\":3,\"name\":\"Karjeras iesp\u0113jas\"}]},{\"@type\":\"WebSite\",\"@id\":\"https:\/\/isriga.lv\/#website\",\"url\":\"https:\/\/isriga.lv\/\",\"name\":\"International School of Riga: Private IB School in Latvia\",\"description\":\"International School of Riga. Latvia.\",\"publisher\":{\"@id\":\"https:\/\/isriga.lv\/#organization\"},\"potentialAction\":[{\"@type\":\"SearchAction\",\"target\":{\"@type\":\"EntryPoint\",\"urlTemplate\":\"https:\/\/isriga.lv\/?s={search_term_string}\"},\"query-input\":{\"@type\":\"PropertyValueSpecification\",\"valueRequired\":true,\"valueName\":\"search_term_string\"}}],\"inLanguage\":\"lv-LV\"},{\"@type\":\"Organization\",\"@id\":\"https:\/\/isriga.lv\/#organization\",\"name\":\"International School of Riga: Private IB School in Riga\",\"url\":\"https:\/\/isriga.lv\/\",\"logo\":{\"@type\":\"ImageObject\",\"inLanguage\":\"lv-LV\",\"@id\":\"https:\/\/isriga.lv\/#\/schema\/logo\/image\/\",\"url\":\"https:\/\/isriga.lv\/wp-content\/uploads\/2017\/08\/isr-logo.png\",\"contentUrl\":\"https:\/\/isriga.lv\/wp-content\/uploads\/2017\/08\/isr-logo.png\",\"width\":628,\"height\":136,\"caption\":\"International School of Riga: Private IB School in Riga\"},\"image\":{\"@id\":\"https:\/\/isriga.lv\/#\/schema\/logo\/image\/\"},\"sameAs\":[\"https:\/\/www.facebook.com\/isriga\",\"https:\/\/www.instagram.com\/loveisriga\/\",\"https:\/\/www.youtube.com\/user\/isriga\"]}]}<\/script>\n<!-- \/ Yoast SEO plugin. -->","yoast_head_json":{"title":"Karjeras iesp\u0113jas R\u012bgas Starptautiskaj\u0101 skol\u0101","description":"Uzzini vair\u0101k par aktu\u0101l\u0101m vakanc\u0113m R\u012bgas Starptautiskaj\u0101 skol\u0101. Pievienojies m\u016bsu daudzveid\u012bgajai un inovat\u012bvajai izgl\u012bt\u012bbas kopienai.","robots":{"index":"index","follow":"follow","max-snippet":"max-snippet:-1","max-image-preview":"max-image-preview:large","max-video-preview":"max-video-preview:-1"},"canonical":"https:\/\/isriga.lv\/lv\/par-rss\/karjeras-iespejas-rss\/","og_locale":"lv_LV","og_type":"article","og_title":"Karjeras iesp\u0113jas R\u012bgas Starptautiskaj\u0101 skol\u0101","og_description":"Uzzini vair\u0101k par aktu\u0101l\u0101m vakanc\u0113m R\u012bgas Starptautiskaj\u0101 skol\u0101. Pievienojies m\u016bsu daudzveid\u012bgajai un inovat\u012bvajai izgl\u012bt\u012bbas kopienai.","og_url":"https:\/\/isriga.lv\/lv\/par-rss\/karjeras-iespejas-rss\/","og_site_name":"International School of Riga: Private IB School in Latvia","article_publisher":"https:\/\/www.facebook.com\/isriga","article_modified_time":"2026-01-07T08:56:32+00:00","og_image":[{"width":1030,"height":629,"url":"https:\/\/isriga.lv\/wp-content\/uploads\/2019\/09\/ISR-featured-a1-1.png","type":"image\/png"}],"twitter_card":"summary_large_image","twitter_misc":{"Est. reading time":"2 minutes"},"schema":{"@context":"https:\/\/schema.org","@graph":[{"@type":"WebPage","@id":"https:\/\/isriga.lv\/lv\/par-rss\/karjeras-iespejas-rss\/","url":"https:\/\/isriga.lv\/lv\/par-rss\/karjeras-iespejas-rss\/","name":"Karjeras iesp\u0113jas R\u012bgas Starptautiskaj\u0101 skol\u0101","isPartOf":{"@id":"https:\/\/isriga.lv\/#website"},"primaryImageOfPage":{"@id":"https:\/\/isriga.lv\/lv\/par-rss\/karjeras-iespejas-rss\/#primaryimage"},"image":{"@id":"https:\/\/isriga.lv\/lv\/par-rss\/karjeras-iespejas-rss\/#primaryimage"},"thumbnailUrl":"https:\/\/isriga.lv\/wp-content\/uploads\/2019\/09\/ISR-featured-a1-1.png","datePublished":"2021-08-26T16:47:51+00:00","dateModified":"2026-01-07T08:56:32+00:00","description":"Uzzini vair\u0101k par aktu\u0101l\u0101m vakanc\u0113m R\u012bgas Starptautiskaj\u0101 skol\u0101. Pievienojies m\u016bsu daudzveid\u012bgajai un inovat\u012bvajai izgl\u012bt\u012bbas kopienai.","breadcrumb":{"@id":"https:\/\/isriga.lv\/lv\/par-rss\/karjeras-iespejas-rss\/#breadcrumb"},"inLanguage":"lv-LV","potentialAction":[{"@type":"ReadAction","target":["https:\/\/isriga.lv\/lv\/par-rss\/karjeras-iespejas-rss\/"]}]},{"@type":"ImageObject","inLanguage":"lv-LV","@id":"https:\/\/isriga.lv\/lv\/par-rss\/karjeras-iespejas-rss\/#primaryimage","url":"https:\/\/isriga.lv\/wp-content\/uploads\/2019\/09\/ISR-featured-a1-1.png","contentUrl":"https:\/\/isriga.lv\/wp-content\/uploads\/2019\/09\/ISR-featured-a1-1.png","width":1030,"height":629},{"@type":"BreadcrumbList","@id":"https:\/\/isriga.lv\/lv\/par-rss\/karjeras-iespejas-rss\/#breadcrumb","itemListElement":[{"@type":"ListItem","position":1,"name":"Home","item":"https:\/\/isriga.lv\/lv\/sakums\/"},{"@type":"ListItem","position":2,"name":"Par ISR","item":"https:\/\/isriga.lv\/lv\/par-rss\/"},{"@type":"ListItem","position":3,"name":"Karjeras iesp\u0113jas"}]},{"@type":"WebSite","@id":"https:\/\/isriga.lv\/#website","url":"https:\/\/isriga.lv\/","name":"International School of Riga: Private IB School in Latvia","description":"International School of Riga. Latvia.","publisher":{"@id":"https:\/\/isriga.lv\/#organization"},"potentialAction":[{"@type":"SearchAction","target":{"@type":"EntryPoint","urlTemplate":"https:\/\/isriga.lv\/?s={search_term_string}"},"query-input":{"@type":"PropertyValueSpecification","valueRequired":true,"valueName":"search_term_string"}}],"inLanguage":"lv-LV"},{"@type":"Organization","@id":"https:\/\/isriga.lv\/#organization","name":"International School of Riga: Private IB School in Riga","url":"https:\/\/isriga.lv\/","logo":{"@type":"ImageObject","inLanguage":"lv-LV","@id":"https:\/\/isriga.lv\/#\/schema\/logo\/image\/","url":"https:\/\/isriga.lv\/wp-content\/uploads\/2017\/08\/isr-logo.png","contentUrl":"https:\/\/isriga.lv\/wp-content\/uploads\/2017\/08\/isr-logo.png","width":628,"height":136,"caption":"International School of Riga: Private IB School in Riga"},"image":{"@id":"https:\/\/isriga.lv\/#\/schema\/logo\/image\/"},"sameAs":["https:\/\/www.facebook.com\/isriga","https:\/\/www.instagram.com\/loveisriga\/","https:\/\/www.youtube.com\/user\/isriga"]}]}},"_links":{"self":[{"href":"https:\/\/isriga.lv\/lv\/wp-json\/wp\/v2\/pages\/29511","targetHints":{"allow":["GET"]}}],"collection":[{"href":"https:\/\/isriga.lv\/lv\/wp-json\/wp\/v2\/pages"}],"about":[{"href":"https:\/\/isriga.lv\/lv\/wp-json\/wp\/v2\/types\/page"}],"author":[{"embeddable":true,"href":"https:\/\/isriga.lv\/lv\/wp-json\/wp\/v2\/users\/16"}],"replies":[{"embeddable":true,"href":"https:\/\/isriga.lv\/lv\/wp-json\/wp\/v2\/comments?post=29511"}],"version-history":[{"count":22,"href":"https:\/\/isriga.lv\/lv\/wp-json\/wp\/v2\/pages\/29511\/revisions"}],"predecessor-version":[{"id":45160,"href":"https:\/\/isriga.lv\/lv\/wp-json\/wp\/v2\/pages\/29511\/revisions\/45160"}],"up":[{"embeddable":true,"href":"https:\/\/isriga.lv\/lv\/wp-json\/wp\/v2\/pages\/29437"}],"wp:featuredmedia":[{"embeddable":true,"href":"https:\/\/isriga.lv\/lv\/wp-json\/wp\/v2\/media\/14757"}],"wp:attachment":[{"href":"https:\/\/isriga.lv\/lv\/wp-json\/wp\/v2\/media?parent=29511"}],"curies":[{"name":"wp","href":"https:\/\/api.w.org\/{rel}","templated":true}]}}