	
{"id":29504,"date":"2021-08-26T19:46:59","date_gmt":"2021-08-26T16:46:59","guid":{"rendered":"https:\/\/isriga.lv\/?page_id=29504"},"modified":"2024-09-23T18:40:31","modified_gmt":"2024-09-23T15:40:31","slug":"pamatnostadnes","status":"publish","type":"page","link":"https:\/\/isriga.lv\/lv\/par-rss\/pamatnostadnes\/","title":{"rendered":"Pamatnost\u0101dnes"},"content":{"rendered":"<div id='av_section_1'  class='avia-section main_color avia-section-default avia-no-border-styling  av-parallax-section av-section-color-overlay-active avia-bg-style-parallax  avia-builder-el-0  el_before_av_submenu  avia-builder-el-first  title-color-section  av-minimum-height av-minimum-height-50  container_wrap fullsize' style=' '  data-section-bg-repeat='no-repeat' data-av_minimum_height_pc='50'><div class='av-parallax' data-avia-parallax-ratio='0.3' ><div class='av-parallax-inner main_color  avia-full-stretch' style = 'background-repeat: no-repeat; background-image: url(https:\/\/isriga.lv\/wp-content\/uploads\/2021\/09\/guiding-statements.png);background-attachment: scroll; background-position: center center; ' ><\/div><\/div><div class='av-section-color-overlay-wrap'><div class='av-section-color-overlay' style='opacity: 0.1; background-color: #0a0a0a; '><\/div><div class='container' ><main  role=\"main\" itemprop=\"mainContentOfPage\"  class='template-page content  av-content-full alpha units'><div class='post-entry post-entry-type-page post-entry-29504'><div class='entry-content-wrapper clearfix'>\n<div  style='padding-bottom:0px; color:#ffffff;font-size:60px;' class='av-special-heading av-special-heading-h6 custom-color-heading blockquote modern-quote  avia-builder-el-1  avia-builder-el-no-sibling  av-inherit-size '><h6 class='av-special-heading-tag  av-mini-font-size-overwrite av-mini-font-size-38'  itemprop=\"headline\"  >PAMATNOST\u0100DNES<\/h6><div class='special-heading-border'><div class='special-heading-inner-border' style='border-color:#ffffff'><\/div><\/div><\/div>\n\n<\/div><\/div><\/main><!-- close content main element --><\/div><\/div><\/div><div id='sub_menu1'  class='av-submenu-container alternate_color  avia-builder-el-2  el_after_av_section  el_before_av_section  menu-below-headliner  submenu-not-first container_wrap fullsize' style='  z-index:301' ><div class='container av-menu-mobile-disabled '><ul id=\"menu-par-mums-menu-lv\" class=\"av-subnav-menu av-submenu-pos-center\"><li id=\"menu-item-31138\" class=\"menu-item menu-item-type-post_type menu-item-object-page menu-item-top-level menu-item-top-level-1\"><a href=\"https:\/\/isriga.lv\/lv\/par-rss\/rss-vesture\/\" itemprop=\"url\"><span class=\"avia-bullet\"><\/span><span class=\"avia-menu-text\">Par skolu<\/span><span class=\"avia-menu-fx\"><span class=\"avia-arrow-wrap\"><span class=\"avia-arrow\"><\/span><\/span><\/span><\/a><\/li>\n<li id=\"menu-item-33409\" class=\"menu-item menu-item-type-post_type menu-item-object-page menu-item-top-level menu-item-top-level-2\"><a href=\"https:\/\/isriga.lv\/lv\/par-rss\/direktora-zinojums\/\" itemprop=\"url\"><span class=\"avia-bullet\"><\/span><span class=\"avia-menu-text\">Direktora uzruna<\/span><span class=\"avia-menu-fx\"><span class=\"avia-arrow-wrap\"><span class=\"avia-arrow\"><\/span><\/span><\/span><\/a><\/li>\n<li id=\"menu-item-31140\" class=\"menu-item menu-item-type-post_type menu-item-object-page menu-item-top-level menu-item-top-level-3\"><a href=\"https:\/\/isriga.lv\/lv\/par-rss\/bernu-aizsardziba\/\" itemprop=\"url\"><span class=\"avia-bullet\"><\/span><span class=\"avia-menu-text\">B\u0113rnu aizsardz\u012bba<\/span><span class=\"avia-menu-fx\"><span class=\"avia-arrow-wrap\"><span class=\"avia-arrow\"><\/span><\/span><\/span><\/a><\/li>\n<li id=\"menu-item-33410\" class=\"menu-item menu-item-type-post_type menu-item-object-page menu-item-top-level menu-item-top-level-4\"><a href=\"https:\/\/isriga.lv\/lv\/par-rss\/pamatnostadnes\/\" itemprop=\"url\"><span class=\"avia-bullet\"><\/span><span class=\"avia-menu-text\">Pamatnost\u0101dnes<\/span><span class=\"avia-menu-fx\"><span class=\"avia-arrow-wrap\"><span class=\"avia-arrow\"><\/span><\/span><\/span><\/a><\/li>\n<li id=\"menu-item-31141\" class=\"menu-item menu-item-type-post_type menu-item-object-page menu-item-top-level menu-item-top-level-5\"><a href=\"https:\/\/isriga.lv\/lv\/par-rss\/karjeras-iespejas-rss\/\" itemprop=\"url\"><span class=\"avia-bullet\"><\/span><span class=\"avia-menu-text\">Karjeras iesp\u0113jas<\/span><span class=\"avia-menu-fx\"><span class=\"avia-arrow-wrap\"><span class=\"avia-arrow\"><\/span><\/span><\/span><\/a><\/li>\n<li id=\"menu-item-15204\" class=\"menu-item menu-item-type-custom menu-item-object-custom menu-item-top-level menu-item-top-level-6\"><a href=\"\/lv\/events\/\" itemprop=\"url\"><span class=\"avia-bullet\"><\/span><span class=\"avia-menu-text\">Kalend\u0101rs<\/span><span class=\"avia-menu-fx\"><span class=\"avia-arrow-wrap\"><span class=\"avia-arrow\"><\/span><\/span><\/span><\/a><\/li>\n<li id=\"menu-item-31142\" class=\"menu-item menu-item-type-post_type menu-item-object-page menu-item-top-level menu-item-top-level-7\"><a href=\"https:\/\/isriga.lv\/lv\/par-rss\/sazinieties-ar-mums-kontakti\/\" itemprop=\"url\"><span class=\"avia-bullet\"><\/span><span class=\"avia-menu-text\">Sazinieties ar mums<\/span><span class=\"avia-menu-fx\"><span class=\"avia-arrow-wrap\"><span class=\"avia-arrow\"><\/span><\/span><\/span><\/a><\/li>\n<\/ul><\/div><\/div>\n<div id='column-push-pull-mobile'  class='avia-section main_color avia-section-default avia-no-border-styling  avia-bg-style-scroll  avia-builder-el-3  el_after_av_submenu  avia-builder-el-last   container_wrap fullsize' style=' '  ><div class='container' ><div class='template-page content  av-content-full alpha units'><div class='post-entry post-entry-type-page post-entry-29504'><div class='entry-content-wrapper clearfix'>\n<div class='flex_column_table av-equal-height-column-flextable -flextable' ><div class=\"flex_column av_one_full  flex_column_table_cell av-equal-height-column av-align-middle av-zero-column-padding first  avia-builder-el-4  avia-builder-el-no-sibling  \" style='border-radius:0px; '><section class=\"av_textblock_section \"  itemscope=\"itemscope\" itemtype=\"https:\/\/schema.org\/CreativeWork\" ><div class='avia_textblock  '  style='font-size:17px; '  itemprop=\"text\" ><h2><span style=\"font-family: arial, sans-serif;\">SKOLAS MISIJA<\/span><\/h2>\n<p>M\u0113s esam cie\u0146pilna, uz izgl\u012bt\u012bbu v\u0113rsta kopiena, kur\u0101 katrs skol\u0113ns tiek iedvesmots izmantot savu potenci\u0101lu un k\u013c\u016bt par \u0113tisku, p\u0101rliecin\u0101tu un starptautiski dom\u0101jo\u0161u r\u012btdienas pilsoni.<\/p>\n<h2><span style=\"font-family: arial, sans-serif;\">V\u012aZIJA<\/span><\/h2>\n<p>R\u012bgas Starptautisk\u0101 skola b\u016bs ide\u0101la izv\u0113le starptautiski dom\u0101jo\u0161\u0101m \u0123imen\u0113m Latvij\u0101, kuras v\u0113las izgl\u012bt\u012bbu, kas koncentr\u0113jas uz visas person\u012bbas att\u012bst\u012b\u0161anu, izmantojot inform\u0101ciju un pieredzes m\u0101c\u012bbas.<\/p>\n<h2><span style=\"font-family: arial, sans-serif;\">ISR FILOZOFIJA<\/span><\/h2>\n<ul>\n<li>Izgl\u012bt\u012bbas misija, v\u012bzija un defin\u012bcijas vada visus skolas aspektus.<\/li>\n<li>Mor\u0101l\u0101 rakstura att\u012bst\u012bba, labsaj\u016bta, l\u012bder\u012bba, komandas darbs un m\u0101c\u012b\u0161an\u0101s m\u0101c\u012bties ir tikpat svar\u012bga k\u0101 akad\u0113misk\u0101 izgl\u012bt\u012bba.<\/li>\n<li>Gan\u00a0<em>Latvija sird\u012b<\/em>, gan ISR daudzveid\u012bbas iek\u013cau\u0161ana apvieno kopienu.<\/li>\n<li>Sadarb\u012bbas stimul\u0113jo\u0161\u0101 vide atvieglo skol\u0113nu atbild\u012bbu par vi\u0146u m\u0101c\u012bb\u0101m, iedvesmo skol\u0113nu piln\u012bb\u0101 izmantot vi\u0146a potenci\u0101lu.<\/li>\n<li>Katr\u0101 m\u0101c\u012bbu ce\u013cojuma posm\u0101 tiek cien\u012btas, atbalst\u012btas un atz\u012btas individu\u0101l\u0101s vajadz\u012bbas un sp\u0113jas.<\/li>\n<li>ISR locek\u013ci ciena un pozit\u012bvi ietekm\u0113 gan viet\u0113j\u0101s, gan glob\u0101l\u0101s kopienas.<\/li>\n<li>ISR locek\u013ci iev\u0113ro videi ilgtsp\u0113j\u012bgu praksi.<\/li>\n<li>ISR veicina pat\u012bkamu un pieredzes bag\u0101tu m\u0101c\u012b\u0161anos.<\/li>\n<li>Skolas person\u0101ls, skol\u0113ni un vec\u0101ki darbojas kop\u0101, lai sasniegtu ISR misiju.<\/li>\n<\/ul>\n<h2><span style=\"font-family: arial, sans-serif; font-size: 28px;\">KVALITAT\u012aVA IZGL\u012aT\u012aBA<\/span><\/h2>\n<p>Augstas kvalit\u0101tes izgl\u012bt\u012bba ISR notiek tad, kad skol\u0113ni tiek motiv\u0113ti uzzin\u0101t, iesaist\u012bties un p\u0101rdom\u0101t m\u0101c\u012bbu priek\u0161metu t\u0101d\u0101 veid\u0101, kas att\u012bsta rado\u0161\u0101s un kritisk\u0101s dom\u0101\u0161anas prasmes. Skol\u0113ni tiek vad\u012bti, atbalst\u012bti un motiv\u0113ti sasniegt savu individu\u0101lo potenci\u0101lu.<\/p>\n<h2><span style=\"font-family: arial, sans-serif;\">STARPKULT\u016aRU IZGL\u012aT\u012aBA<\/span><\/h2>\n<p>Starpkult\u016bru m\u0101c\u012bbas ISR mudina skol\u0113nus att\u012bst\u012bt glob\u0101lu izpratni un sniegt pozit\u012bvu ieguld\u012bjumu viet\u0113j\u0101s un glob\u0101l\u0101s kopien\u0101s.<\/p>\n<p>I<a href=\"https:\/\/isriga.lv\/wp-content\/uploads\/2024\/03\/ISR-2024-2027-Strategic-Final-Google-Docs.pdf\">SR 2024-2027 gada strat\u0113\u0123ija<\/a><\/p>\n<p><a href=\"https:\/\/isriga.lv\/wp-content\/uploads\/2024\/05\/Articles-of-Association-November-2023-7th-revision_2023-11-02.pdf\">ISR Stat\u016bti<\/a><\/p>\n<\/div><\/section><\/div><\/div><!--close column table wrapper. Autoclose: 1 -->\n","protected":false},"excerpt":{"rendered":"","protected":false},"author":16,"featured_media":0,"parent":29437,"menu_order":12,"comment_status":"closed","ping_status":"closed","template":"","meta":{"_acf_changed":false,"footnotes":""},"class_list":["post-29504","page","type-page","status-publish","hentry"],"acf":[],"yoast_head":"<!-- This site is optimized with the Yoast SEO plugin v27.1.1 - https:\/\/yoast.com\/product\/yoast-seo-wordpress\/ -->\n<title>Pamatnost\u0101dnes | Par ISR | International School of Riga: Private IB School in Latvia<\/title>\n<meta name=\"robots\" content=\"index, follow, max-snippet:-1, max-image-preview:large, max-video-preview:-1\" \/>\n<link rel=\"canonical\" href=\"https:\/\/isriga.lv\/lv\/par-rss\/pamatnostadnes\/\" \/>\n<meta property=\"og:locale\" content=\"lv_LV\" \/>\n<meta property=\"og:type\" content=\"article\" \/>\n<meta property=\"og:title\" content=\"Pamatnost\u0101dnes | Par ISR | International School of Riga: Private IB School in Latvia\" \/>\n<meta property=\"og:url\" content=\"https:\/\/isriga.lv\/lv\/par-rss\/pamatnostadnes\/\" \/>\n<meta property=\"og:site_name\" content=\"International School of Riga: Private IB School in Latvia\" \/>\n<meta property=\"article:publisher\" content=\"https:\/\/www.facebook.com\/isriga\" \/>\n<meta property=\"article:modified_time\" content=\"2024-09-23T15:40:31+00:00\" \/>\n<meta name=\"twitter:card\" content=\"summary_large_image\" \/>\n<meta name=\"twitter:label1\" content=\"Est. reading time\" \/>\n\t<meta name=\"twitter:data1\" content=\"2 minutes\" \/>\n<script type=\"application\/ld+json\" class=\"yoast-schema-graph\">{\"@context\":\"https:\/\/schema.org\",\"@graph\":[{\"@type\":\"WebPage\",\"@id\":\"https:\/\/isriga.lv\/lv\/par-rss\/pamatnostadnes\/\",\"url\":\"https:\/\/isriga.lv\/lv\/par-rss\/pamatnostadnes\/\",\"name\":\"Pamatnost\u0101dnes | Par ISR | International School of Riga: Private IB School in Latvia\",\"isPartOf\":{\"@id\":\"https:\/\/isriga.lv\/#website\"},\"datePublished\":\"2021-08-26T16:46:59+00:00\",\"dateModified\":\"2024-09-23T15:40:31+00:00\",\"breadcrumb\":{\"@id\":\"https:\/\/isriga.lv\/lv\/par-rss\/pamatnostadnes\/#breadcrumb\"},\"inLanguage\":\"lv-LV\",\"potentialAction\":[{\"@type\":\"ReadAction\",\"target\":[\"https:\/\/isriga.lv\/lv\/par-rss\/pamatnostadnes\/\"]}]},{\"@type\":\"BreadcrumbList\",\"@id\":\"https:\/\/isriga.lv\/lv\/par-rss\/pamatnostadnes\/#breadcrumb\",\"itemListElement\":[{\"@type\":\"ListItem\",\"position\":1,\"name\":\"Home\",\"item\":\"https:\/\/isriga.lv\/lv\/sakums\/\"},{\"@type\":\"ListItem\",\"position\":2,\"name\":\"Par ISR\",\"item\":\"https:\/\/isriga.lv\/lv\/par-rss\/\"},{\"@type\":\"ListItem\",\"position\":3,\"name\":\"Pamatnost\u0101dnes\"}]},{\"@type\":\"WebSite\",\"@id\":\"https:\/\/isriga.lv\/#website\",\"url\":\"https:\/\/isriga.lv\/\",\"name\":\"International School of Riga: Private IB School in Latvia\",\"description\":\"International School of Riga. Latvia.\",\"publisher\":{\"@id\":\"https:\/\/isriga.lv\/#organization\"},\"potentialAction\":[{\"@type\":\"SearchAction\",\"target\":{\"@type\":\"EntryPoint\",\"urlTemplate\":\"https:\/\/isriga.lv\/?s={search_term_string}\"},\"query-input\":{\"@type\":\"PropertyValueSpecification\",\"valueRequired\":true,\"valueName\":\"search_term_string\"}}],\"inLanguage\":\"lv-LV\"},{\"@type\":\"Organization\",\"@id\":\"https:\/\/isriga.lv\/#organization\",\"name\":\"International School of Riga: Private IB School in Riga\",\"url\":\"https:\/\/isriga.lv\/\",\"logo\":{\"@type\":\"ImageObject\",\"inLanguage\":\"lv-LV\",\"@id\":\"https:\/\/isriga.lv\/#\/schema\/logo\/image\/\",\"url\":\"https:\/\/isriga.lv\/wp-content\/uploads\/2017\/08\/isr-logo.png\",\"contentUrl\":\"https:\/\/isriga.lv\/wp-content\/uploads\/2017\/08\/isr-logo.png\",\"width\":628,\"height\":136,\"caption\":\"International School of Riga: Private IB School in Riga\"},\"image\":{\"@id\":\"https:\/\/isriga.lv\/#\/schema\/logo\/image\/\"},\"sameAs\":[\"https:\/\/www.facebook.com\/isriga\",\"https:\/\/www.instagram.com\/loveisriga\/\",\"https:\/\/www.youtube.com\/user\/isriga\"]}]}<\/script>\n<!-- \/ Yoast SEO plugin. -->","yoast_head_json":{"title":"Pamatnost\u0101dnes | Par ISR | International School of Riga: Private IB School in Latvia","robots":{"index":"index","follow":"follow","max-snippet":"max-snippet:-1","max-image-preview":"max-image-preview:large","max-video-preview":"max-video-preview:-1"},"canonical":"https:\/\/isriga.lv\/lv\/par-rss\/pamatnostadnes\/","og_locale":"lv_LV","og_type":"article","og_title":"Pamatnost\u0101dnes | Par ISR | International School of Riga: Private IB School in Latvia","og_url":"https:\/\/isriga.lv\/lv\/par-rss\/pamatnostadnes\/","og_site_name":"International School of Riga: Private IB School in Latvia","article_publisher":"https:\/\/www.facebook.com\/isriga","article_modified_time":"2024-09-23T15:40:31+00:00","twitter_card":"summary_large_image","twitter_misc":{"Est. reading time":"2 minutes"},"schema":{"@context":"https:\/\/schema.org","@graph":[{"@type":"WebPage","@id":"https:\/\/isriga.lv\/lv\/par-rss\/pamatnostadnes\/","url":"https:\/\/isriga.lv\/lv\/par-rss\/pamatnostadnes\/","name":"Pamatnost\u0101dnes | Par ISR | International School of Riga: Private IB School in Latvia","isPartOf":{"@id":"https:\/\/isriga.lv\/#website"},"datePublished":"2021-08-26T16:46:59+00:00","dateModified":"2024-09-23T15:40:31+00:00","breadcrumb":{"@id":"https:\/\/isriga.lv\/lv\/par-rss\/pamatnostadnes\/#breadcrumb"},"inLanguage":"lv-LV","potentialAction":[{"@type":"ReadAction","target":["https:\/\/isriga.lv\/lv\/par-rss\/pamatnostadnes\/"]}]},{"@type":"BreadcrumbList","@id":"https:\/\/isriga.lv\/lv\/par-rss\/pamatnostadnes\/#breadcrumb","itemListElement":[{"@type":"ListItem","position":1,"name":"Home","item":"https:\/\/isriga.lv\/lv\/sakums\/"},{"@type":"ListItem","position":2,"name":"Par ISR","item":"https:\/\/isriga.lv\/lv\/par-rss\/"},{"@type":"ListItem","position":3,"name":"Pamatnost\u0101dnes"}]},{"@type":"WebSite","@id":"https:\/\/isriga.lv\/#website","url":"https:\/\/isriga.lv\/","name":"International School of Riga: Private IB School in Latvia","description":"International School of Riga. Latvia.","publisher":{"@id":"https:\/\/isriga.lv\/#organization"},"potentialAction":[{"@type":"SearchAction","target":{"@type":"EntryPoint","urlTemplate":"https:\/\/isriga.lv\/?s={search_term_string}"},"query-input":{"@type":"PropertyValueSpecification","valueRequired":true,"valueName":"search_term_string"}}],"inLanguage":"lv-LV"},{"@type":"Organization","@id":"https:\/\/isriga.lv\/#organization","name":"International School of Riga: Private IB School in Riga","url":"https:\/\/isriga.lv\/","logo":{"@type":"ImageObject","inLanguage":"lv-LV","@id":"https:\/\/isriga.lv\/#\/schema\/logo\/image\/","url":"https:\/\/isriga.lv\/wp-content\/uploads\/2017\/08\/isr-logo.png","contentUrl":"https:\/\/isriga.lv\/wp-content\/uploads\/2017\/08\/isr-logo.png","width":628,"height":136,"caption":"International School of Riga: Private IB School in Riga"},"image":{"@id":"https:\/\/isriga.lv\/#\/schema\/logo\/image\/"},"sameAs":["https:\/\/www.facebook.com\/isriga","https:\/\/www.instagram.com\/loveisriga\/","https:\/\/www.youtube.com\/user\/isriga"]}]}},"_links":{"self":[{"href":"https:\/\/isriga.lv\/lv\/wp-json\/wp\/v2\/pages\/29504","targetHints":{"allow":["GET"]}}],"collection":[{"href":"https:\/\/isriga.lv\/lv\/wp-json\/wp\/v2\/pages"}],"about":[{"href":"https:\/\/isriga.lv\/lv\/wp-json\/wp\/v2\/types\/page"}],"author":[{"embeddable":true,"href":"https:\/\/isriga.lv\/lv\/wp-json\/wp\/v2\/users\/16"}],"replies":[{"embeddable":true,"href":"https:\/\/isriga.lv\/lv\/wp-json\/wp\/v2\/comments?post=29504"}],"version-history":[{"count":9,"href":"https:\/\/isriga.lv\/lv\/wp-json\/wp\/v2\/pages\/29504\/revisions"}],"predecessor-version":[{"id":42522,"href":"https:\/\/isriga.lv\/lv\/wp-json\/wp\/v2\/pages\/29504\/revisions\/42522"}],"up":[{"embeddable":true,"href":"https:\/\/isriga.lv\/lv\/wp-json\/wp\/v2\/pages\/29437"}],"wp:attachment":[{"href":"https:\/\/isriga.lv\/lv\/wp-json\/wp\/v2\/media?parent=29504"}],"curies":[{"name":"wp","href":"https:\/\/api.w.org\/{rel}","templated":true}]}}