	
{"id":29481,"date":"2021-08-26T19:45:01","date_gmt":"2021-08-26T16:45:01","guid":{"rendered":"https:\/\/isriga.lv\/?page_id=29481"},"modified":"2024-10-31T17:20:09","modified_gmt":"2024-10-31T15:20:09","slug":"direktora-zinojums","status":"publish","type":"page","link":"https:\/\/isriga.lv\/lv\/par-rss\/direktora-zinojums\/","title":{"rendered":"Direktora uzruna"},"content":{"rendered":"<div id='av_section_1'  class='avia-section main_color avia-section-default avia-no-border-styling  avia-bg-style-fixed  avia-builder-el-0  el_before_av_submenu  avia-builder-el-first  title-color-section  av-minimum-height av-minimum-height-50  container_wrap fullsize' style='background-repeat: no-repeat; background-image: url(https:\/\/isriga.lv\/wp-content\/uploads\/2021\/09\/Screen-Shot-2019-10-04-at-13.29.46-2.png);background-attachment: fixed; background-position: top center;  '  data-section-bg-repeat='no-repeat' data-av_minimum_height_pc='50'><div class='container' ><main  role=\"main\" itemprop=\"mainContentOfPage\"  class='template-page content  av-content-full alpha units'><div class='post-entry post-entry-type-page post-entry-29481'><div class='entry-content-wrapper clearfix'>\n<div  style='padding-bottom:0px; color:#ffffff;font-size:60px;' class='av-special-heading av-special-heading-h6 custom-color-heading blockquote modern-quote  avia-builder-el-1  avia-builder-el-no-sibling  av-inherit-size '><h6 class='av-special-heading-tag  av-mini-font-size-overwrite av-mini-font-size-38'  itemprop=\"headline\"  >DIREKTORA<br \/>\nUZRUNA<\/h6><div class='special-heading-border'><div class='special-heading-inner-border' style='border-color:#ffffff'><\/div><\/div><\/div>\n\n<\/div><\/div><\/main><!-- close content main element --><\/div><\/div><div id='sub_menu1'  class='av-submenu-container alternate_color  avia-builder-el-2  el_after_av_section  el_before_av_section  menu-below-headliner  submenu-not-first container_wrap fullsize' style='  z-index:301' ><div class='container av-menu-mobile-disabled '><ul id=\"menu-par-mums-menu-lv\" class=\"av-subnav-menu av-submenu-pos-center\"><li id=\"menu-item-31138\" class=\"menu-item menu-item-type-post_type menu-item-object-page menu-item-top-level menu-item-top-level-1\"><a href=\"https:\/\/isriga.lv\/lv\/par-rss\/rss-vesture\/\" itemprop=\"url\"><span class=\"avia-bullet\"><\/span><span class=\"avia-menu-text\">Par skolu<\/span><span class=\"avia-menu-fx\"><span class=\"avia-arrow-wrap\"><span class=\"avia-arrow\"><\/span><\/span><\/span><\/a><\/li>\n<li id=\"menu-item-33409\" class=\"menu-item menu-item-type-post_type menu-item-object-page menu-item-top-level menu-item-top-level-2\"><a href=\"https:\/\/isriga.lv\/lv\/par-rss\/direktora-zinojums\/\" itemprop=\"url\"><span class=\"avia-bullet\"><\/span><span class=\"avia-menu-text\">Direktora uzruna<\/span><span class=\"avia-menu-fx\"><span class=\"avia-arrow-wrap\"><span class=\"avia-arrow\"><\/span><\/span><\/span><\/a><\/li>\n<li id=\"menu-item-31140\" class=\"menu-item menu-item-type-post_type menu-item-object-page menu-item-top-level menu-item-top-level-3\"><a href=\"https:\/\/isriga.lv\/lv\/par-rss\/bernu-aizsardziba\/\" itemprop=\"url\"><span class=\"avia-bullet\"><\/span><span class=\"avia-menu-text\">B\u0113rnu aizsardz\u012bba<\/span><span class=\"avia-menu-fx\"><span class=\"avia-arrow-wrap\"><span class=\"avia-arrow\"><\/span><\/span><\/span><\/a><\/li>\n<li id=\"menu-item-33410\" class=\"menu-item menu-item-type-post_type menu-item-object-page menu-item-top-level menu-item-top-level-4\"><a href=\"https:\/\/isriga.lv\/lv\/par-rss\/pamatnostadnes\/\" itemprop=\"url\"><span class=\"avia-bullet\"><\/span><span class=\"avia-menu-text\">Pamatnost\u0101dnes<\/span><span class=\"avia-menu-fx\"><span class=\"avia-arrow-wrap\"><span class=\"avia-arrow\"><\/span><\/span><\/span><\/a><\/li>\n<li id=\"menu-item-31141\" class=\"menu-item menu-item-type-post_type menu-item-object-page menu-item-top-level menu-item-top-level-5\"><a href=\"https:\/\/isriga.lv\/lv\/par-rss\/karjeras-iespejas-rss\/\" itemprop=\"url\"><span class=\"avia-bullet\"><\/span><span class=\"avia-menu-text\">Karjeras iesp\u0113jas<\/span><span class=\"avia-menu-fx\"><span class=\"avia-arrow-wrap\"><span class=\"avia-arrow\"><\/span><\/span><\/span><\/a><\/li>\n<li id=\"menu-item-15204\" class=\"menu-item menu-item-type-custom menu-item-object-custom menu-item-top-level menu-item-top-level-6\"><a href=\"\/lv\/events\/\" itemprop=\"url\"><span class=\"avia-bullet\"><\/span><span class=\"avia-menu-text\">Kalend\u0101rs<\/span><span class=\"avia-menu-fx\"><span class=\"avia-arrow-wrap\"><span class=\"avia-arrow\"><\/span><\/span><\/span><\/a><\/li>\n<li id=\"menu-item-31142\" class=\"menu-item menu-item-type-post_type menu-item-object-page menu-item-top-level menu-item-top-level-7\"><a href=\"https:\/\/isriga.lv\/lv\/par-rss\/sazinieties-ar-mums-kontakti\/\" itemprop=\"url\"><span class=\"avia-bullet\"><\/span><span class=\"avia-menu-text\">Sazinieties ar mums<\/span><span class=\"avia-menu-fx\"><span class=\"avia-arrow-wrap\"><span class=\"avia-arrow\"><\/span><\/span><\/span><\/a><\/li>\n<\/ul><\/div><\/div>\n<div id='av_section_2'  class='avia-section main_color avia-section-default avia-no-border-styling  avia-bg-style-scroll  avia-builder-el-3  el_after_av_submenu  avia-builder-el-last   container_wrap fullsize' style=' '  ><div class='container' ><div class='template-page content  av-content-full alpha units'><div class='post-entry post-entry-type-page post-entry-29481'><div class='entry-content-wrapper clearfix'>\n<div class='flex_column_table av-equal-height-column-flextable -flextable' ><div class=\"flex_column av_one_third  flex_column_table_cell av-equal-height-column av-align-top av-zero-column-padding first  avia-builder-el-4  el_before_av_two_third  avia-builder-el-first  \" style='border-radius:0px; '><section class=\"av_textblock_section \"  itemscope=\"itemscope\" itemtype=\"https:\/\/schema.org\/CreativeWork\" ><div class='avia_textblock  '  style='font-size:17px; '  itemprop=\"text\" ><p><img loading=\"lazy\" decoding=\"async\" class=\"alignnone size-large wp-image-42538\" src=\"https:\/\/isriga.lv\/wp-content\/uploads\/2024\/09\/ROF_2495-687x1030.jpg\" alt=\"\" width=\"687\" height=\"1030\" srcset=\"https:\/\/isriga.lv\/wp-content\/uploads\/2024\/09\/ROF_2495-687x1030.jpg 687w, https:\/\/isriga.lv\/wp-content\/uploads\/2024\/09\/ROF_2495-200x300.jpg 200w, https:\/\/isriga.lv\/wp-content\/uploads\/2024\/09\/ROF_2495-768x1152.jpg 768w, https:\/\/isriga.lv\/wp-content\/uploads\/2024\/09\/ROF_2495-1024x1536.jpg 1024w, https:\/\/isriga.lv\/wp-content\/uploads\/2024\/09\/ROF_2495-1000x1500.jpg 1000w, https:\/\/isriga.lv\/wp-content\/uploads\/2024\/09\/ROF_2495-470x705.jpg 470w\" sizes=\"auto, (max-width: 687px) 100vw, 687px\" \/><\/p>\n<p>Direktore <span data-sheets-value=\"{\" data-sheets-userformat=\"{\">Dr. Amanda Romey<\/span><\/p>\n<\/div><\/section><\/div><div class='av-flex-placeholder'><\/div><div class=\"flex_column av_two_third  flex_column_table_cell av-equal-height-column av-align-top av-zero-column-padding   avia-builder-el-6  el_after_av_one_third  avia-builder-el-last  \" style='border-radius:0px; '><section class=\"av_textblock_section \"  itemscope=\"itemscope\" itemtype=\"https:\/\/schema.org\/CreativeWork\" ><div class='avia_textblock  '  style='font-size:17px; '  itemprop=\"text\" ><p>Esat sveicin\u0101ti R\u012bgas Starptautiskaj\u0101 skol\u0101 (ISR), dinamisk\u0101 un iek\u013caujo\u0161\u0101 zin\u012bbu vid\u0113, kur\u0101 m\u0113s iedvesmojamies jauniem sasniegumiem un zin\u0101\u0161an\u0101m caur izaicin\u0101jumiem, t\u0101d\u0113j\u0101di atkl\u0101jot ikviena sl\u0113pt\u0101kos talantus un augst\u0101ko potenci\u0101lu.<\/p>\n<p>Kop\u0161 m\u016bsu dibin\u0101\u0161anas 1995. gad\u0101 m\u0113s esam papla\u0161in\u0101ju\u0161i m\u016bsu programmu pied\u0101v\u0101jumu. M\u016bsu pan\u0101kumu r\u0101d\u012bt\u0101js ir past\u0101v\u012bgs studentu skaita pieaugums. Ik dienas m\u0113s skat\u0101mies uz n\u0101kotni ar lielu entuziasmu. ISR m\u0113s ticam, ka varam ietekm\u0113t glob\u0101lus procesus, veicinot sabiedr\u012bbas izpratni par tiem un motiv\u0113jot skol\u0113nus veikt ieguld\u012bjumu viet\u0113jos un pasaules m\u0113roga sabiedriskajos procesos.<\/p>\n<p>M\u016bsu <em>IB PYP<\/em>, <em>IB MYP<\/em>\u00a0un <em>IB DP<\/em> programmas neman\u0101mi apvieno m\u0101c\u012b\u0161anos ar dzi\u013ci iesak\u0146oju\u0161os cie\u0146u pret viet\u0113jo kult\u016bru un trad\u012bcij\u0101m. M\u0113s pied\u0101v\u0101jam sabalans\u0113tu akad\u0113misko m\u0101c\u012bbu programmu, kas izaicina skol\u0113nus. Vi\u0146i izzina pasauli un apg\u016bst zin\u0101\u0161anas caur m\u0101kslu, \u0101rpusskolas un sporta aktivit\u0101t\u0113m. M\u0113s lepojamies ar to, ka veicin\u0101m \u0123imeniskas kopienas atmosf\u0113ru, kas caurvijas ar Latvijas bag\u0101t\u012bgo garu.<\/p>\n<p>M\u0113s esam par l\u012bdzsvarotu akad\u0113misko programmu. T\u0101p\u0113c cen\u0161amies nodro\u0161in\u0101t m\u016bsu darbiniekiem un skol\u0113niem dro\u0161u un iedvesmojo\u0161u m\u0101c\u012b\u0161anas un m\u0101c\u012b\u0161an\u0101s\u00a0 vidi.<\/p>\n<p>Apmekl\u0113jot ISR, j\u016bs neap\u0161aub\u0101mi izjut\u012bsiet m\u016bsu izcil\u0101 person\u0101la siltumu un profesionalit\u0101ti.<\/p>\n<\/div><\/section><\/div><\/div><!--close column table wrapper. Autoclose: 1 -->\n","protected":false},"excerpt":{"rendered":"","protected":false},"author":16,"featured_media":0,"parent":29437,"menu_order":0,"comment_status":"closed","ping_status":"closed","template":"","meta":{"_acf_changed":false,"footnotes":""},"class_list":["post-29481","page","type-page","status-publish","hentry"],"acf":[],"yoast_head":"<!-- This site is optimized with the Yoast SEO plugin v27.1.1 - https:\/\/yoast.com\/product\/yoast-seo-wordpress\/ -->\n<title>Direktora uzruna | Par ISR | International School of Riga: Private IB School in Latvia<\/title>\n<meta name=\"robots\" content=\"index, follow, max-snippet:-1, max-image-preview:large, max-video-preview:-1\" \/>\n<link rel=\"canonical\" href=\"https:\/\/isriga.lv\/lv\/par-rss\/direktora-zinojums\/\" \/>\n<meta property=\"og:locale\" content=\"lv_LV\" \/>\n<meta property=\"og:type\" content=\"article\" \/>\n<meta property=\"og:title\" content=\"Direktora uzruna | Par ISR | International School of Riga: Private IB School in Latvia\" \/>\n<meta property=\"og:url\" content=\"https:\/\/isriga.lv\/lv\/par-rss\/direktora-zinojums\/\" \/>\n<meta property=\"og:site_name\" content=\"International School of Riga: Private IB School in Latvia\" \/>\n<meta property=\"article:publisher\" content=\"https:\/\/www.facebook.com\/isriga\" \/>\n<meta property=\"article:modified_time\" content=\"2024-10-31T15:20:09+00:00\" \/>\n<meta property=\"og:image\" content=\"https:\/\/isriga.lv\/wp-content\/uploads\/2024\/09\/ROF_2495-687x1030.jpg\" \/>\n\t<meta property=\"og:image:width\" content=\"687\" \/>\n\t<meta property=\"og:image:height\" content=\"1030\" \/>\n\t<meta property=\"og:image:type\" content=\"image\/jpeg\" \/>\n<meta name=\"twitter:card\" content=\"summary_large_image\" \/>\n<meta name=\"twitter:label1\" content=\"Est. reading time\" \/>\n\t<meta name=\"twitter:data1\" content=\"2 minutes\" \/>\n<script type=\"application\/ld+json\" class=\"yoast-schema-graph\">{\"@context\":\"https:\/\/schema.org\",\"@graph\":[{\"@type\":\"WebPage\",\"@id\":\"https:\/\/isriga.lv\/lv\/par-rss\/direktora-zinojums\/\",\"url\":\"https:\/\/isriga.lv\/lv\/par-rss\/direktora-zinojums\/\",\"name\":\"Direktora uzruna | Par ISR | International School of Riga: Private IB School in Latvia\",\"isPartOf\":{\"@id\":\"https:\/\/isriga.lv\/#website\"},\"primaryImageOfPage\":{\"@id\":\"https:\/\/isriga.lv\/lv\/par-rss\/direktora-zinojums\/#primaryimage\"},\"image\":{\"@id\":\"https:\/\/isriga.lv\/lv\/par-rss\/direktora-zinojums\/#primaryimage\"},\"thumbnailUrl\":\"https:\/\/isriga.lv\/wp-content\/uploads\/2024\/09\/ROF_2495-687x1030.jpg\",\"datePublished\":\"2021-08-26T16:45:01+00:00\",\"dateModified\":\"2024-10-31T15:20:09+00:00\",\"breadcrumb\":{\"@id\":\"https:\/\/isriga.lv\/lv\/par-rss\/direktora-zinojums\/#breadcrumb\"},\"inLanguage\":\"lv-LV\",\"potentialAction\":[{\"@type\":\"ReadAction\",\"target\":[\"https:\/\/isriga.lv\/lv\/par-rss\/direktora-zinojums\/\"]}]},{\"@type\":\"ImageObject\",\"inLanguage\":\"lv-LV\",\"@id\":\"https:\/\/isriga.lv\/lv\/par-rss\/direktora-zinojums\/#primaryimage\",\"url\":\"https:\/\/isriga.lv\/wp-content\/uploads\/2024\/09\/ROF_2495-687x1030.jpg\",\"contentUrl\":\"https:\/\/isriga.lv\/wp-content\/uploads\/2024\/09\/ROF_2495-687x1030.jpg\"},{\"@type\":\"BreadcrumbList\",\"@id\":\"https:\/\/isriga.lv\/lv\/par-rss\/direktora-zinojums\/#breadcrumb\",\"itemListElement\":[{\"@type\":\"ListItem\",\"position\":1,\"name\":\"Home\",\"item\":\"https:\/\/isriga.lv\/lv\/sakums\/\"},{\"@type\":\"ListItem\",\"position\":2,\"name\":\"Par ISR\",\"item\":\"https:\/\/isriga.lv\/lv\/par-rss\/\"},{\"@type\":\"ListItem\",\"position\":3,\"name\":\"Direktora uzruna\"}]},{\"@type\":\"WebSite\",\"@id\":\"https:\/\/isriga.lv\/#website\",\"url\":\"https:\/\/isriga.lv\/\",\"name\":\"International School of Riga: Private IB School in Latvia\",\"description\":\"International School of Riga. Latvia.\",\"publisher\":{\"@id\":\"https:\/\/isriga.lv\/#organization\"},\"potentialAction\":[{\"@type\":\"SearchAction\",\"target\":{\"@type\":\"EntryPoint\",\"urlTemplate\":\"https:\/\/isriga.lv\/?s={search_term_string}\"},\"query-input\":{\"@type\":\"PropertyValueSpecification\",\"valueRequired\":true,\"valueName\":\"search_term_string\"}}],\"inLanguage\":\"lv-LV\"},{\"@type\":\"Organization\",\"@id\":\"https:\/\/isriga.lv\/#organization\",\"name\":\"International School of Riga: Private IB School in Riga\",\"url\":\"https:\/\/isriga.lv\/\",\"logo\":{\"@type\":\"ImageObject\",\"inLanguage\":\"lv-LV\",\"@id\":\"https:\/\/isriga.lv\/#\/schema\/logo\/image\/\",\"url\":\"https:\/\/isriga.lv\/wp-content\/uploads\/2017\/08\/isr-logo.png\",\"contentUrl\":\"https:\/\/isriga.lv\/wp-content\/uploads\/2017\/08\/isr-logo.png\",\"width\":628,\"height\":136,\"caption\":\"International School of Riga: Private IB School in Riga\"},\"image\":{\"@id\":\"https:\/\/isriga.lv\/#\/schema\/logo\/image\/\"},\"sameAs\":[\"https:\/\/www.facebook.com\/isriga\",\"https:\/\/www.instagram.com\/loveisriga\/\",\"https:\/\/www.youtube.com\/user\/isriga\"]}]}<\/script>\n<!-- \/ Yoast SEO plugin. -->","yoast_head_json":{"title":"Direktora uzruna | Par ISR | International School of Riga: Private IB School in Latvia","robots":{"index":"index","follow":"follow","max-snippet":"max-snippet:-1","max-image-preview":"max-image-preview:large","max-video-preview":"max-video-preview:-1"},"canonical":"https:\/\/isriga.lv\/lv\/par-rss\/direktora-zinojums\/","og_locale":"lv_LV","og_type":"article","og_title":"Direktora uzruna | Par ISR | International School of Riga: Private IB School in Latvia","og_url":"https:\/\/isriga.lv\/lv\/par-rss\/direktora-zinojums\/","og_site_name":"International School of Riga: Private IB School in Latvia","article_publisher":"https:\/\/www.facebook.com\/isriga","article_modified_time":"2024-10-31T15:20:09+00:00","og_image":[{"width":687,"height":1030,"url":"https:\/\/isriga.lv\/wp-content\/uploads\/2024\/09\/ROF_2495-687x1030.jpg","type":"image\/jpeg"}],"twitter_card":"summary_large_image","twitter_misc":{"Est. reading time":"2 minutes"},"schema":{"@context":"https:\/\/schema.org","@graph":[{"@type":"WebPage","@id":"https:\/\/isriga.lv\/lv\/par-rss\/direktora-zinojums\/","url":"https:\/\/isriga.lv\/lv\/par-rss\/direktora-zinojums\/","name":"Direktora uzruna | Par ISR | International School of Riga: Private IB School in Latvia","isPartOf":{"@id":"https:\/\/isriga.lv\/#website"},"primaryImageOfPage":{"@id":"https:\/\/isriga.lv\/lv\/par-rss\/direktora-zinojums\/#primaryimage"},"image":{"@id":"https:\/\/isriga.lv\/lv\/par-rss\/direktora-zinojums\/#primaryimage"},"thumbnailUrl":"https:\/\/isriga.lv\/wp-content\/uploads\/2024\/09\/ROF_2495-687x1030.jpg","datePublished":"2021-08-26T16:45:01+00:00","dateModified":"2024-10-31T15:20:09+00:00","breadcrumb":{"@id":"https:\/\/isriga.lv\/lv\/par-rss\/direktora-zinojums\/#breadcrumb"},"inLanguage":"lv-LV","potentialAction":[{"@type":"ReadAction","target":["https:\/\/isriga.lv\/lv\/par-rss\/direktora-zinojums\/"]}]},{"@type":"ImageObject","inLanguage":"lv-LV","@id":"https:\/\/isriga.lv\/lv\/par-rss\/direktora-zinojums\/#primaryimage","url":"https:\/\/isriga.lv\/wp-content\/uploads\/2024\/09\/ROF_2495-687x1030.jpg","contentUrl":"https:\/\/isriga.lv\/wp-content\/uploads\/2024\/09\/ROF_2495-687x1030.jpg"},{"@type":"BreadcrumbList","@id":"https:\/\/isriga.lv\/lv\/par-rss\/direktora-zinojums\/#breadcrumb","itemListElement":[{"@type":"ListItem","position":1,"name":"Home","item":"https:\/\/isriga.lv\/lv\/sakums\/"},{"@type":"ListItem","position":2,"name":"Par ISR","item":"https:\/\/isriga.lv\/lv\/par-rss\/"},{"@type":"ListItem","position":3,"name":"Direktora uzruna"}]},{"@type":"WebSite","@id":"https:\/\/isriga.lv\/#website","url":"https:\/\/isriga.lv\/","name":"International School of Riga: Private IB School in Latvia","description":"International School of Riga. Latvia.","publisher":{"@id":"https:\/\/isriga.lv\/#organization"},"potentialAction":[{"@type":"SearchAction","target":{"@type":"EntryPoint","urlTemplate":"https:\/\/isriga.lv\/?s={search_term_string}"},"query-input":{"@type":"PropertyValueSpecification","valueRequired":true,"valueName":"search_term_string"}}],"inLanguage":"lv-LV"},{"@type":"Organization","@id":"https:\/\/isriga.lv\/#organization","name":"International School of Riga: Private IB School in Riga","url":"https:\/\/isriga.lv\/","logo":{"@type":"ImageObject","inLanguage":"lv-LV","@id":"https:\/\/isriga.lv\/#\/schema\/logo\/image\/","url":"https:\/\/isriga.lv\/wp-content\/uploads\/2017\/08\/isr-logo.png","contentUrl":"https:\/\/isriga.lv\/wp-content\/uploads\/2017\/08\/isr-logo.png","width":628,"height":136,"caption":"International School of Riga: Private IB School in Riga"},"image":{"@id":"https:\/\/isriga.lv\/#\/schema\/logo\/image\/"},"sameAs":["https:\/\/www.facebook.com\/isriga","https:\/\/www.instagram.com\/loveisriga\/","https:\/\/www.youtube.com\/user\/isriga"]}]}},"_links":{"self":[{"href":"https:\/\/isriga.lv\/lv\/wp-json\/wp\/v2\/pages\/29481","targetHints":{"allow":["GET"]}}],"collection":[{"href":"https:\/\/isriga.lv\/lv\/wp-json\/wp\/v2\/pages"}],"about":[{"href":"https:\/\/isriga.lv\/lv\/wp-json\/wp\/v2\/types\/page"}],"author":[{"embeddable":true,"href":"https:\/\/isriga.lv\/lv\/wp-json\/wp\/v2\/users\/16"}],"replies":[{"embeddable":true,"href":"https:\/\/isriga.lv\/lv\/wp-json\/wp\/v2\/comments?post=29481"}],"version-history":[{"count":9,"href":"https:\/\/isriga.lv\/lv\/wp-json\/wp\/v2\/pages\/29481\/revisions"}],"predecessor-version":[{"id":44234,"href":"https:\/\/isriga.lv\/lv\/wp-json\/wp\/v2\/pages\/29481\/revisions\/44234"}],"up":[{"embeddable":true,"href":"https:\/\/isriga.lv\/lv\/wp-json\/wp\/v2\/pages\/29437"}],"wp:attachment":[{"href":"https:\/\/isriga.lv\/lv\/wp-json\/wp\/v2\/media?parent=29481"}],"curies":[{"name":"wp","href":"https:\/\/api.w.org\/{rel}","templated":true}]}}